{"id":1004,"date":"2016-10-12T19:16:00","date_gmt":"2016-10-12T17:16:00","guid":{"rendered":"http:\/\/www.asurb.com\/asurb3\/?page_id=1004"},"modified":"2016-10-22T13:48:24","modified_gmt":"2016-10-22T11:48:24","slug":"london-river","status":"publish","type":"page","link":"https:\/\/asurb.com\/asurb3\/?page_id=1004","title":{"rendered":"London river"},"content":{"rendered":"<p style=\"text-align: justify;\"><strong>De Rachid BOUCHAREB &#8211;\u00a0Alg\u00e9rie \u2013 2009<br \/>\n<\/strong><a href=\"https:\/\/i0.wp.com\/asurb.com\/asurb3\/wp-content\/uploads\/2016\/10\/london-river.jpg?ssl=1\"><br \/>\n<img data-recalc-dims=\"1\" loading=\"lazy\" decoding=\"async\" data-attachment-id=\"1016\" data-permalink=\"https:\/\/asurb.com\/asurb3\/?attachment_id=1016\" data-orig-file=\"https:\/\/i0.wp.com\/asurb.com\/asurb3\/wp-content\/uploads\/2016\/10\/london-river.jpg?fit=1200%2C500&amp;ssl=1\" data-orig-size=\"1200,500\" data-comments-opened=\"1\" data-image-meta=\"{&quot;aperture&quot;:&quot;0&quot;,&quot;credit&quot;:&quot;&quot;,&quot;camera&quot;:&quot;&quot;,&quot;caption&quot;:&quot;&quot;,&quot;created_timestamp&quot;:&quot;0&quot;,&quot;copyright&quot;:&quot;&quot;,&quot;focal_length&quot;:&quot;0&quot;,&quot;iso&quot;:&quot;0&quot;,&quot;shutter_speed&quot;:&quot;0&quot;,&quot;title&quot;:&quot;&quot;,&quot;orientation&quot;:&quot;0&quot;}\" data-image-title=\"london-river\" data-image-description=\"\" data-image-caption=\"\" data-large-file=\"https:\/\/i0.wp.com\/asurb.com\/asurb3\/wp-content\/uploads\/2016\/10\/london-river.jpg?fit=900%2C375&amp;ssl=1\" class=\"size-medium wp-image-1016 alignnone\" src=\"https:\/\/i0.wp.com\/asurb.com\/asurb3\/wp-content\/uploads\/2016\/10\/london-river.jpg?resize=300%2C125&#038;ssl=1\" alt=\"london-river\" width=\"300\" height=\"125\" srcset=\"https:\/\/i0.wp.com\/asurb.com\/asurb3\/wp-content\/uploads\/2016\/10\/london-river.jpg?resize=300%2C125&amp;ssl=1 300w, https:\/\/i0.wp.com\/asurb.com\/asurb3\/wp-content\/uploads\/2016\/10\/london-river.jpg?resize=100%2C42&amp;ssl=1 100w, https:\/\/i0.wp.com\/asurb.com\/asurb3\/wp-content\/uploads\/2016\/10\/london-river.jpg?resize=1024%2C427&amp;ssl=1 1024w, https:\/\/i0.wp.com\/asurb.com\/asurb3\/wp-content\/uploads\/2016\/10\/london-river.jpg?w=1200&amp;ssl=1 1200w\" sizes=\"auto, (max-width: 300px) 100vw, 300px\" \/><br \/>\n<\/a><br \/>\nDe Rachid BOUCHAREB &#8211;\u00a0Alg\u00e9rie \u2013 2009 \u2013 86 min \u2013 fiction \u2013 couleur \u2013 35 mm \u2013 VO anglais \/fran\u00e7ais \/arabe STF fr.<br \/>\nSc\u00e9nario\u00a0: Rachid Bouchareb, Zo\u00e9 Galeron, Olivier Lorelle\u00a0&#8211; Image\u00a0: J\u00e9r\u00f4me Alm\u00e9ras\u00a0&#8211; Montage\u00a0: Yannick Kergoat\u00a0&#8211; Musique\u00a0: Armand Amar\u00a0&#8211; Son\u00a0: Philippe Lecoeur, Frank Rubio,<br \/>\nOlivier Walczak\u00a0&#8211; D\u00e9cors\u00a0: Jean-Marc Tran Tan Ba\u00a0&#8211; Costumes\u00a0: Karine Serrano.<br \/>\nInterpr\u00e9tation\u00a0: Brenda Blethyn, Sotigui Kouyat\u00e9, Roschdy Zem, Sami Bouajila, Bernard Blancan.<br \/>\nProduction\u00a0: 3B Productions, Arte France, Tassili Films.<br \/>\nDistribution\u00a0: Tadrart Films<br \/>\nOurs d&rsquo;argent du meilleur acteur au Festival international de Berlin 2009\u00a0pour\u00a0Sotigui Kouyat\u00e9\u00a0dans son r\u00f4le de Mr Ousmane.<\/p>\n<h4 style=\"text-align: justify;\"><span style=\"color: #ff0000;\">Synopsis\u00a0<\/span><\/h4>\n<p style=\"text-align: justify;\">Juillet 2005, attentats terroristes \u00e0 Londres. Ousmane, noir, musulman \u00e0 l&rsquo;allure d&rsquo;ermite barbu, vit et travaille \u00e0 la campagne en France, Elisabeth, blanche, anglicane, est cultivatrice \u00e0 Guernesey. Ils se rencontrent \u00e0 Londres, sur les traces de leurs enfants respectifs, \u00e9tudiants, dont ils sont sans nouvelles et dont ils comprennent qu&rsquo;ils vivent en couple. Tout les oppose, l&rsquo;aversion initiale d&rsquo;Elisabeth s&rsquo;oppose \u00e0 la force tranquille d&rsquo;Ousmane, mais leurs recherches communes les am\u00e8nent \u00e0 coop\u00e9rer et peu \u00e0 peu \u00e0 surmonter leurs diff\u00e9rences de culture.<\/p>\n<p style=\"text-align: justify;\">Outre le choc \u00e9motionnel des Londoniens et surtout des proches apr\u00e8s les attentats, le film montre comment une situation exceptionnelle peut amener un bouleversement des pr\u00e9jug\u00e9s et la compr\u00e9hension de modes de vie jusqu&rsquo;alors inconcevables.<\/p>\n<h4 style=\"text-align: justify;\"><span style=\"color: #ff0000;\">Le r\u00e9alisateur<\/span><\/h4>\n<p style=\"text-align: justify;\">Rachid Bouchareb, r\u00e9alisateur, sc\u00e9nariste et producteur, est n\u00e9 en 1953. Apr\u00e8s des d\u00e9buts \u00e0 la t\u00e9l\u00e9vision et quelques courts m\u00e9trages, son premier film, B\u00e2ton rouge, date de 1984. Parmi ses autres films les plus connus, outre London River, on peut citer Cheb, 1991, Little S\u00e9n\u00e9gal, 2001, Indig\u00e8nes, 2006. En 2014 il a r\u00e9alis\u00e9, avec l\u2019historien Pascal Blanchard, la s\u00e9rie t\u00e9l\u00e9 Fr\u00e8res d\u2019armes. Producteur depuis 1989 (3B et Tessalit productions) il a notamment produit tous les films de Bruno Dumont.<\/p>\n","protected":false},"excerpt":{"rendered":"<p>De Rachid BOUCHAREB &#8211;\u00a0Alg\u00e9rie \u2013 2009 De Rachid BOUCHAREB &#8211;\u00a0Alg\u00e9rie \u2013 2009 \u2013 86 min \u2013 fiction \u2013 couleur \u2013 35 mm \u2013 VO anglais \/fran\u00e7ais \/arabe STF fr. Sc\u00e9nario\u00a0: [&hellip;]<\/p>\n","protected":false},"author":1,"featured_media":0,"parent":26,"menu_order":0,"comment_status":"closed","ping_status":"closed","template":"","meta":{"footnotes":""},"class_list":["post-1004","page","type-page","status-publish","hentry"],"jetpack_sharing_enabled":true,"jetpack_shortlink":"https:\/\/wp.me\/P7C6tF-gc","jetpack-related-posts":[{"id":929,"url":"https:\/\/asurb.com\/asurb3\/?page_id=929","url_meta":{"origin":1004,"position":0},"title":"Programme 2016","author":"webmaster","date":"5 octobre 2016","format":false,"excerpt":"Sommaire \u2022 S\u00e9ances ouvertes au public \u2022 S\u00e9ances scolaires \u2022 Partenaires \u2022 Membres du comit\u00e9 de parrainage \u2022 Remerciements \u2022 Pour se rendre sur les lieux MJC Louise Michel \u2013 Fresnes \u00a0vendredi 18 novembre 19h00 : restauration possible ambiance \u00e9thiopienne 20h30 : DIFRET de Zeresenay Berhane Mehari \u2013 Ethiopie \u2013\u2026","rel":"","context":"Article similaire","block_context":{"text":"Article similaire","link":""},"img":{"alt_text":"","src":"http:\/\/i1.wp.com\/www.asurb.com\/AsurB\/D_Images\/D_Gif_bl\/Blanc120.gif?resize=350%2C200","width":350,"height":200},"classes":[]},{"id":721,"url":"https:\/\/asurb.com\/asurb3\/?page_id=721","url_meta":{"origin":1004,"position":1},"title":"Le repenti   (El Taaib)","author":"webmaster","date":"15 juin 2016","format":false,"excerpt":"De Merzak ALLOUACHE - 87 min - Alg\u00e9rie\/ France - 2012 - fiction - couleur - HD - VO arabe STF \u00a0 Sc\u00e9nario : Merzak Allouache ; Image : Mohamed Tayeb Laggoune ; Montage : Sylvie Gadmer ; Son : Ali Mahfiche, Xavier Thibault, Carole Vermer, Julien Perez ; Interpr\u00e9tation\u2026","rel":"","context":"Article similaire","block_context":{"text":"Article similaire","link":""},"img":{"alt_text":"","src":"","width":0,"height":0},"classes":[]},{"id":1010,"url":"https:\/\/asurb.com\/asurb3\/?page_id=1010","url_meta":{"origin":1004,"position":2},"title":"Sia, le r\u00eave du python","author":"webmaster","date":"12 octobre 2016","format":false,"excerpt":"De Dani KOUYATE - Burkina Faso \u2013 2000 - 96min De Dani KOUYATE - Burkina Faso \u2013 2000 - 96min \u2013 drame \u00e9pique - couleur VO bambara STF \u2013 DVD. Sc\u00e9nario\u00a0: adaptation et dialogues de Dani Kouyat\u00e9 d\u2019apr\u00e8s une pi\u00e8ce de th\u00e9\u00e2tre de Moussa Diagana\u00a0 La l\u00e9gende du Wagadu (mythe\u2026","rel":"","context":"Article similaire","block_context":{"text":"Article similaire","link":""},"img":{"alt_text":"sia-le-reve-du-python","src":"https:\/\/i0.wp.com\/asurb.com\/asurb3\/wp-content\/uploads\/2016\/10\/sia-le-reve-du-python-300x196.jpg?resize=350%2C200&ssl=1","width":350,"height":200},"classes":[]},{"id":251,"url":"https:\/\/asurb.com\/asurb3\/?page_id=251","url_meta":{"origin":1004,"position":3},"title":"Ke\u00efta, l&rsquo;h\u00e9ritage du griot","author":"webmaster","date":"4 juin 2016","format":false,"excerpt":"De Dani KOUYAT\u00c9 - 94 min - Burkina Faso - 1995 Fiction - couleur - 35mm - version originale en bambara (sous-titr\u00e9e en fran\u00e7ais) et fran\u00e7ais Sc\u00e9nario : Dani Kouyat\u00e9; Images : Robert Milli\u00e9 ; Montage : Zo\u00e9 Durouchoux ; Musique : Sotigui Kouyat\u00e9 ; Son : Pierre Mertens ;\u2026","rel":"","context":"Article similaire","block_context":{"text":"Article similaire","link":""},"img":{"alt_text":"Keita_Fiche","src":"https:\/\/i0.wp.com\/asurb.com\/asurb3\/wp-content\/uploads\/2016\/06\/Keita_Fiche.jpg?resize=350%2C200&ssl=1","width":350,"height":200},"classes":[]},{"id":254,"url":"https:\/\/asurb.com\/asurb3\/?page_id=254","url_meta":{"origin":1004,"position":4},"title":"Khouya ( Mon fr\u00e8re )","author":"webmaster","date":"4 juin 2016","format":false,"excerpt":"Alg\u00e9rie - 2010 - fiction - 16 min - couleur - VO arabe STFR Prix du Jury Cin\u00e9ma et Jeunesse au Festival de Locarno 2010, Prix des lyc\u00e9ens au Festival Cin\u00e9Sud de Saint Georges de Didonne 2012 ; s\u00e9lectionn\u00e9 en 2011 au festival de courts-m\u00e9trages de Clermont-Ferrand et au FESPACO\u2026","rel":"","context":"Article similaire","block_context":{"text":"Article similaire","link":""},"img":{"alt_text":"KHOUYA_1_Fiche","src":"https:\/\/i0.wp.com\/asurb.com\/asurb3\/wp-content\/uploads\/2016\/06\/KHOUYA_1_Fiche.jpg?resize=350%2C200&ssl=1","width":350,"height":200},"classes":[]},{"id":226,"url":"https:\/\/asurb.com\/asurb3\/?page_id=226","url_meta":{"origin":1004,"position":5},"title":"Faro la reine des eaux","author":"webmaster","date":"4 juin 2016","format":false,"excerpt":"De Salif TRAOR\u00c9 \u2013 96 min \u2013 Mali \u2013 2007 \u2013 VOSTF Fiction \u2013 couleur \u2013 35 mm \u2013 Version originale en bambara, sous titr\u00e9e en fran\u00e7ais Ce film a fait l\u2019ouverture du FESPACO*, a \u00e9t\u00e9 s\u00e9lectionn\u00e9 au festival de Berlin (section forum) et au festival de Toronto en 2007.\u2026","rel":"","context":"Article similaire","block_context":{"text":"Article similaire","link":""},"img":{"alt_text":"Faro_Fiche","src":"https:\/\/i0.wp.com\/asurb.com\/asurb3\/wp-content\/uploads\/2016\/06\/Faro_Fiche.jpg?resize=350%2C200&ssl=1","width":350,"height":200},"classes":[]}],"_links":{"self":[{"href":"https:\/\/asurb.com\/asurb3\/index.php?rest_route=\/wp\/v2\/pages\/1004","targetHints":{"allow":["GET"]}}],"collection":[{"href":"https:\/\/asurb.com\/asurb3\/index.php?rest_route=\/wp\/v2\/pages"}],"about":[{"href":"https:\/\/asurb.com\/asurb3\/index.php?rest_route=\/wp\/v2\/types\/page"}],"author":[{"embeddable":true,"href":"https:\/\/asurb.com\/asurb3\/index.php?rest_route=\/wp\/v2\/users\/1"}],"replies":[{"embeddable":true,"href":"https:\/\/asurb.com\/asurb3\/index.php?rest_route=%2Fwp%2Fv2%2Fcomments&post=1004"}],"version-history":[{"count":5,"href":"https:\/\/asurb.com\/asurb3\/index.php?rest_route=\/wp\/v2\/pages\/1004\/revisions"}],"predecessor-version":[{"id":1088,"href":"https:\/\/asurb.com\/asurb3\/index.php?rest_route=\/wp\/v2\/pages\/1004\/revisions\/1088"}],"up":[{"embeddable":true,"href":"https:\/\/asurb.com\/asurb3\/index.php?rest_route=\/wp\/v2\/pages\/26"}],"wp:attachment":[{"href":"https:\/\/asurb.com\/asurb3\/index.php?rest_route=%2Fwp%2Fv2%2Fmedia&parent=1004"}],"curies":[{"name":"wp","href":"https:\/\/api.w.org\/{rel}","templated":true}]}}