{"id":1047,"date":"2016-10-18T22:08:55","date_gmt":"2016-10-18T20:08:55","guid":{"rendered":"http:\/\/www.asurb.com\/asurb3\/?page_id=1047"},"modified":"2016-10-22T13:51:43","modified_gmt":"2016-10-22T11:51:43","slug":"un-homme-qui-crie","status":"publish","type":"page","link":"https:\/\/asurb.com\/asurb3\/?page_id=1047","title":{"rendered":"Un homme qui crie"},"content":{"rendered":"<p style=\"text-align: justify;\"><strong>De Mahamat-Saleh HAROUN\u00a0Tchad \u2013 2010<\/strong><\/p>\n<p style=\"text-align: justify;\"><a href=\"https:\/\/i0.wp.com\/asurb.com\/asurb3\/wp-content\/uploads\/2016\/10\/un-homme-qui-crie-95.jpg?ssl=1\"><img data-recalc-dims=\"1\" loading=\"lazy\" decoding=\"async\" data-attachment-id=\"1058\" data-permalink=\"https:\/\/asurb.com\/asurb3\/?attachment_id=1058\" data-orig-file=\"https:\/\/i0.wp.com\/asurb.com\/asurb3\/wp-content\/uploads\/2016\/10\/un-homme-qui-crie-95.jpg?fit=1122%2C747&amp;ssl=1\" data-orig-size=\"1122,747\" data-comments-opened=\"1\" data-image-meta=\"{&quot;aperture&quot;:&quot;0&quot;,&quot;credit&quot;:&quot;&quot;,&quot;camera&quot;:&quot;&quot;,&quot;caption&quot;:&quot;&quot;,&quot;created_timestamp&quot;:&quot;0&quot;,&quot;copyright&quot;:&quot;&quot;,&quot;focal_length&quot;:&quot;0&quot;,&quot;iso&quot;:&quot;0&quot;,&quot;shutter_speed&quot;:&quot;0&quot;,&quot;title&quot;:&quot;&quot;,&quot;orientation&quot;:&quot;1&quot;}\" data-image-title=\"un-homme-qui-crie-95\" data-image-description=\"\" data-image-caption=\"\" data-large-file=\"https:\/\/i0.wp.com\/asurb.com\/asurb3\/wp-content\/uploads\/2016\/10\/un-homme-qui-crie-95.jpg?fit=900%2C599&amp;ssl=1\" class=\"alignnone size-medium wp-image-1058\" src=\"https:\/\/i0.wp.com\/asurb.com\/asurb3\/wp-content\/uploads\/2016\/10\/un-homme-qui-crie-95.jpg?resize=300%2C200&#038;ssl=1\" alt=\"un-homme-qui-crie-95\" width=\"300\" height=\"200\" srcset=\"https:\/\/i0.wp.com\/asurb.com\/asurb3\/wp-content\/uploads\/2016\/10\/un-homme-qui-crie-95.jpg?resize=300%2C200&amp;ssl=1 300w, https:\/\/i0.wp.com\/asurb.com\/asurb3\/wp-content\/uploads\/2016\/10\/un-homme-qui-crie-95.jpg?resize=100%2C67&amp;ssl=1 100w, https:\/\/i0.wp.com\/asurb.com\/asurb3\/wp-content\/uploads\/2016\/10\/un-homme-qui-crie-95.jpg?resize=1024%2C682&amp;ssl=1 1024w, https:\/\/i0.wp.com\/asurb.com\/asurb3\/wp-content\/uploads\/2016\/10\/un-homme-qui-crie-95.jpg?w=1122&amp;ssl=1 1122w\" sizes=\"auto, (max-width: 300px) 100vw, 300px\" \/><\/a><\/p>\n<p style=\"text-align: justify;\">De Mahamat-Saleh HAROUN\u00a0Tchad \u2013 2010 \u2013 92 min \u2013 fiction \u2013 couleur \u2013 35 mm \u2013 vo fran\u00e7ais, arabe ST fran\u00e7ais<br \/>\nSc\u00e9nario\u00a0: Mahamat-Saleh HAROUN\u00a0&#8211; Image\u00a0: Laurent BRUNET\u00a0&#8211; Montage\u00a0: Marie-H\u00e9l\u00e8ne DOZO\u00a0&#8211; Musique\u00a0: Wasis DIOP\u00a0&#8211; Son\u00a0: Dana FARZANEHPOUR\u00a0&#8211; D\u00e9cors\u00a0: Madeona LEDOUX\u00a0&#8211; Costumes\u00a0: C\u00e9line DELAIRE\u00a0Interpr\u00e9tation\u00a0: Youssouf DJAORO, Diouc KOMA, Emil ABOSSOLO M&rsquo;BO, Dj\u00e9n\u00e9ba KONE, Hadje Fatime N&rsquo;GOUA, Marius YELOLO, Heling LI.<br \/>\nProduction\u00a0: Entre chien et loup, Goi Goi productions, Pili Films<br \/>\nDistribution\u00a0: Cin\u00e9art, Pyramide<br \/>\nPrix du jury au Festival de Cannes 2010<\/p>\n<h4 style=\"text-align: justify;\"><span style=\"color: #ff0000;\">Synopsis\u00a0<\/span><\/h4>\n<p style=\"text-align: justify;\">Le Tchad de nos jours. Adam, la soixantaine, ancien champion de natation est ma\u00eetre nageur de la piscine d&rsquo;un h\u00f4tel de luxe \u00e0 N&rsquo;Djamena. Lors du rachat de l&rsquo;h\u00f4tel par des repreneurs chinois, il est licenci\u00e9 et doit laisser sa place \u00e0 son fils Abdel. Il vit tr\u00e8s mal cette situation qu&rsquo;il consid\u00e8re comme une d\u00e9ch\u00e9ance. Le pays est en proie \u00e0 la guerre civile et les rebelles arm\u00e9s menacent le pouvoir. Le gouvernement, en r\u00e9action, fait appel \u00e0 la population pour soutenir un \u00ab\u00a0effort de guerre\u00a0\u00bb exigeant d&rsquo;eux argent ou enfant en \u00e2ge de combattre les assaillants. Adam est ainsi harcel\u00e9 par son chef de quartier pour sa contribution. Mais Adam n&rsquo;a pas d&rsquo;argent, il n&rsquo;a que son fils&#8230;<br \/>\nLe film traite \u00e0 la fois de la d\u00e9ch\u00e9ance sociale d&rsquo;un homme et de sa douleur de p\u00e8re dans un pays min\u00e9 par la guerre et transform\u00e9 par la mondialisation. Il raconte une Afrique au c\u0153ur des bouleversements mondiaux avec l&rsquo;arriv\u00e9e de nouvelles puissances \u00e9conomiques et financi\u00e8res comme la Chine, une Afrique qui attire les investisseurs, porteuse de potentiel de d\u00e9veloppement, mais aussi une Afrique en proie \u00e0 toutes les souffrances et toutes les hostilit\u00e9s fratricides, d\u00e9chir\u00e9e par les contradictions meurtri\u00e8res qui la minent.<\/p>\n<h4 style=\"text-align: justify;\"><span style=\"color: #ff0000;\">Le r\u00e9alisateur<\/span><\/h4>\n<p style=\"text-align: justify;\">Mahamat-Saleh HAROUN , n\u00e9 \u00e0 Ab\u00e9ch\u00e9 (Tchad) en 1961 est un des grands cin\u00e9astes africains contemporains. Apr\u00e8s avoir suivi les cours du Conservatoire Libre du Cin\u00e9ma Fran\u00e7ais, et \u00e9tudi\u00e9 le journalisme \u00e0 Bordeaux, il a travaill\u00e9 pendant cinq ans dans la presse r\u00e9gionale et sur une radio libre locale. En 1994, il revient au cin\u00e9ma et tourne son premier court m\u00e9trage. En 1996, il r\u00e9alise un documentaire-portrait : Sotigui Kouyat\u00e9 et en 1999, Bye Bye Africa , son premier long-m\u00e9trage. En 2002, Abouna est s\u00e9lectionn\u00e9 au Festival de Cannes, dans la Quinzaine des r\u00e9alisateurs. En 2006, Daratt obtient le prix du jury \u00e0 la Mostra de Venise 2006 et l\u2019Etalon de bronze de Yennenga au Fespaco 2007. Suit en 2008 un t\u00e9l\u00e9film : Sexe, gombo et beurre sal\u00e9<br \/>\nEn 2010, \u00a0Un homme qui crie\u00a0 est s\u00e9lectionn\u00e9 en comp\u00e9tition officielle lors du Festival de Cannes et remporte le Prix du Jury.<br \/>\nAu Festival de Cannes 2011, Mahamat-Saleh Haroun est membre du jury des longs m\u00e9trages pr\u00e9sid\u00e9 par Robert De Niro, puis toujours \u00e0 Cannes, en 2013, son film Grigris est pr\u00e9sent\u00e9 en s\u00e9lection officielle.<br \/>\nEn 2016, il est \u00e0 nouveau \u00e0 Cannes pour pr\u00e9senter son film de t\u00e9moignages Hissein Habr\u00e9, une trag\u00e9die tchadienne qui donne la parole aux victimes du r\u00e9gime d&rsquo;Hiss\u00e8ne Habr\u00e9, pr\u00e9sident de la r\u00e9publique du Tchad de 1982 \u00e0 1990<\/p>\n","protected":false},"excerpt":{"rendered":"<p>De Mahamat-Saleh HAROUN\u00a0Tchad \u2013 2010 De Mahamat-Saleh HAROUN\u00a0Tchad \u2013 2010 \u2013 92 min \u2013 fiction \u2013 couleur \u2013 35 mm \u2013 vo fran\u00e7ais, arabe ST fran\u00e7ais Sc\u00e9nario\u00a0: Mahamat-Saleh HAROUN\u00a0&#8211; Image\u00a0: [&hellip;]<\/p>\n","protected":false},"author":1,"featured_media":0,"parent":26,"menu_order":0,"comment_status":"closed","ping_status":"closed","template":"","meta":{"footnotes":""},"class_list":["post-1047","page","type-page","status-publish","hentry"],"jetpack_sharing_enabled":true,"jetpack_shortlink":"https:\/\/wp.me\/P7C6tF-gT","jetpack-related-posts":[{"id":198,"url":"https:\/\/asurb.com\/asurb3\/?page_id=198","url_meta":{"origin":1047,"position":0},"title":"Daratt ( saison s\u00e8che )","author":"webmaster","date":"4 juin 2016","format":false,"excerpt":"De Mahamat-Saleh HAROUN - 95 min -Tchad - 2006 - VF et arabe tchadien STF Fiction - couleur - 35mm - version fran\u00e7aise et arabe tchadien sous titr\u00e9e en fran\u00e7ais Sc\u00e9nario : Mahamat-Saleh Haroun ; Images : Abraham Hail\u00e9 Biru ; Montage : Marie-H\u00e9l\u00e8ne Dozo; Musique : Wasis Diop; Son:\u2026","rel":"","context":"Article similaire","block_context":{"text":"Article similaire","link":""},"img":{"alt_text":"Daratt_Fiche","src":"https:\/\/i0.wp.com\/asurb.com\/asurb3\/wp-content\/uploads\/2016\/06\/Daratt_Fiche.jpg?resize=350%2C200&ssl=1","width":350,"height":200},"classes":[]},{"id":2459,"url":"https:\/\/asurb.com\/asurb3\/?page_id=2459","url_meta":{"origin":1047,"position":1},"title":"Une saison en France","author":"webmaster","date":"5 juin 2019","format":false,"excerpt":"De Mahamat -Saleh HAROUN \u2013 France \u2013 2017 \u2013 97 min \u2013 fiction \u2013 couleur -VO fran\u00e7ais \u00a0- DCP Sc\u00e9nario : Mahamat-Saleh HAROUN - Image : Mathieu GIOMBINI - Montage : Marie-H\u00e9l\u00e8ne DOZO - Musique : Wasis DIOP - Son : Dana FARZANEHPOUR - D\u00e9cors : Eric BARBOZA - Costumes\u2026","rel":"","context":"Article similaire","block_context":{"text":"Article similaire","link":""},"img":{"alt_text":"","src":"https:\/\/i0.wp.com\/asurb.com\/asurb3\/wp-content\/uploads\/2018\/10\/une-saison-en-France.jpg?resize=350%2C200&ssl=1","width":350,"height":200},"classes":[]},{"id":3380,"url":"https:\/\/asurb.com\/asurb3\/?page_id=3380","url_meta":{"origin":1047,"position":2},"title":"Lingui, les liens sacr\u00e9s","author":"webmaster","date":"7 septembre 2022","format":false,"excerpt":"De Mahamat \u2013 SALEH HAROUN \u2013 Tchad \u2013 2021 -88 min \u2013 fiction \u2013 couleur \u2013 VO fran\u00e7ais et arabe tchadien STF En comp\u00e9tition officielle \u00e0 Cannes (2021) pour la Palme d\u2019or Sc\u00e9nario\u00a0: Mahamat Saleh HAROUN \u2013 Image\u00a0: Mathieu Giombini \u2013 Montage\u00a0: Marie-H\u00e9l\u00e8ne Dozo \u2013 Son\u00a0: Thomas Bouric \u2013 Musique\u00a0:\u2026","rel":"","context":"Article similaire","block_context":{"text":"Article similaire","link":""},"img":{"alt_text":"","src":"","width":0,"height":0},"classes":[]},{"id":2850,"url":"https:\/\/asurb.com\/asurb3\/?page_id=2850","url_meta":{"origin":1047,"position":3},"title":"Talking about trees","author":"webmaster","date":"12 ao\u00fbt 2020","format":false,"excerpt":"Talking about trees - De Suhaib Gasmelbari \u2013 Soudan,France,Allemagne,Tchad,Qatar \u2013 2018 \u2013 94 min \u2013 documentaire \u2013 couleur \u2013 VO arabe STF- DCP -Visa\u00a0:143001 Le titre du film, \u00ab\u00a0parler avec les arbres\u00a0\u00bb est emprunt\u00e9 \u00e0 un po\u00e8me de Bertolt Brecht,\u00a0\u00ab A ceux qui viendront apr\u00e8s nous\u00a0\u00bb. Avec Ibrahim Shaddad, Suliman\u2026","rel":"","context":"Article similaire","block_context":{"text":"Article similaire","link":""},"img":{"alt_text":"","src":"","width":0,"height":0},"classes":[]},{"id":4601,"url":"https:\/\/asurb.com\/asurb3\/?page_id=4601","url_meta":{"origin":1047,"position":4},"title":"Takalayokos, les gardiennes du fleuve","author":"webmaster","date":"7 septembre 2025","format":false,"excerpt":"De Hassani\u00e9 Mahamat Ibrahim - Niger, Burkina Faso - 2024 - 13 min \u2013 Documentaire \u2013 VO STF \u00a0\u00c9criture et r\u00e9alisation :\u00a0 Hassani\u00e9 Mahamat IbrahimImage : Harouna Garba Zakari - Son : Amidou Ibrahim, Hassani\u00e9 Mahamat IbrahimMontage : Zady Befor - Musique originale : Aichatou Ali SoumailaProduction (structure) : HF\u2026","rel":"","context":"Article similaire","block_context":{"text":"Article similaire","link":""},"img":{"alt_text":"","src":"https:\/\/i0.wp.com\/asurb.com\/asurb3\/wp-content\/uploads\/2025\/10\/6C32A7FE0FB342C391AD387518316512-196x300.jpg?resize=350%2C200&ssl=1","width":350,"height":200},"classes":[]},{"id":577,"url":"https:\/\/asurb.com\/asurb3\/?page_id=577","url_meta":{"origin":1047,"position":5},"title":"Programme 2014","author":"webmaster","date":"7 juin 2016","format":false,"excerpt":"Sommaire \u2022 S\u00e9ances ouvertes au public \u2022 S\u00e9ances scolaires \u2022 Partenaires \u2022 Membres du comit\u00e9 de parrainage \u2022 Remerciements \u2022 Pour se rendre sur les lieux \u2022 Les s\u00e9ances ouvertes au public Vendredi 21 novembre MJC Louise Michel - 94260 Fresnes 19h00 : accueil avec la chorale \u00ab La voix\u2026","rel":"","context":"Article similaire","block_context":{"text":"Article similaire","link":""},"img":{"alt_text":"","src":"https:\/\/i0.wp.com\/asurb.com\/AsurB\/D_Images\/D_Gif_bl\/Blanc120.gif?resize=350%2C200&ssl=1","width":350,"height":200},"classes":[]}],"_links":{"self":[{"href":"https:\/\/asurb.com\/asurb3\/index.php?rest_route=\/wp\/v2\/pages\/1047","targetHints":{"allow":["GET"]}}],"collection":[{"href":"https:\/\/asurb.com\/asurb3\/index.php?rest_route=\/wp\/v2\/pages"}],"about":[{"href":"https:\/\/asurb.com\/asurb3\/index.php?rest_route=\/wp\/v2\/types\/page"}],"author":[{"embeddable":true,"href":"https:\/\/asurb.com\/asurb3\/index.php?rest_route=\/wp\/v2\/users\/1"}],"replies":[{"embeddable":true,"href":"https:\/\/asurb.com\/asurb3\/index.php?rest_route=%2Fwp%2Fv2%2Fcomments&post=1047"}],"version-history":[{"count":3,"href":"https:\/\/asurb.com\/asurb3\/index.php?rest_route=\/wp\/v2\/pages\/1047\/revisions"}],"predecessor-version":[{"id":1092,"href":"https:\/\/asurb.com\/asurb3\/index.php?rest_route=\/wp\/v2\/pages\/1047\/revisions\/1092"}],"up":[{"embeddable":true,"href":"https:\/\/asurb.com\/asurb3\/index.php?rest_route=\/wp\/v2\/pages\/26"}],"wp:attachment":[{"href":"https:\/\/asurb.com\/asurb3\/index.php?rest_route=%2Fwp%2Fv2%2Fmedia&parent=1047"}],"curies":[{"name":"wp","href":"https:\/\/api.w.org\/{rel}","templated":true}]}}