{"id":110,"date":"2016-06-03T10:19:19","date_gmt":"2016-06-03T09:19:19","guid":{"rendered":"http:\/\/www.test.asurb.com\/?page_id=110"},"modified":"2016-07-03T22:06:44","modified_gmt":"2016-07-03T20:06:44","slug":"festival-2009","status":"publish","type":"page","link":"https:\/\/asurb.com\/asurb3\/?page_id=110","title":{"rendered":"Festival 2009"},"content":{"rendered":"<p><span style=\"color: #595959; font-family: verdana, Arial, Helvetica, Swiss, SunSan-regular;\">Du 15 au 28 novembre 2009, l&rsquo;association Afrique sur Bi\u00e8vre a organis\u00e9 la 3\u00e8me \u00e9dition du <b>CINE REGARDS AFRICAINS<\/b> \u2013 Films en Festival<br \/>\n<\/span><span style=\"color: #595959; font-family: verdana, Arial, Helvetica, Swiss, SunSan-regular;\"><br \/>\n<b>Dans quatre salles<\/b><br \/>\nCin\u00e9ma la Pl\u00e9iade &#8211; 94230 CACHAN<br \/>\nEspace municipal Jean Vilar &#8211; 94110 ARCUEIL<br \/>\nMJC de Fresnes &#8211; 94260 FRESNES<br \/>\nCin\u00e9ma la Tournelle &#8211; 94240 L&rsquo;Ha\u00ff-les-Roses<\/span><\/p>\n<p><b>Des s\u00e9ances ouvertes \u00e0 tous<\/b><br \/>\n<b>Et des s\u00e9ances sp\u00e9ciales r\u00e9serv\u00e9es aux \u00e9coles et coll\u00e8ges<br \/>\n<\/b><br \/>\n<b>Des longs-m\u00e9trages :<\/b><br \/>\n\u00a0\u00bb <b>Le cri du c\u0153ur<\/b> \u00a0\u00bb de Idrissa OUEDRAOGO (Burkina Faso)<br \/>\n\u00a0\u00bb <b>La maison jaune<\/b> \u00a0\u00bb de Amor HAKKAR (Alg\u00e9rie)<br \/>\n\u00a0\u00bb <b>La nuit de la v\u00e9rit\u00e9<\/b> \u00a0\u00bb de R\u00e9gina Fanta NACRO (Burkina Faso)<br \/>\net bien d\u2019autres encore\u2026<\/p>\n<p><b>Des courts-m\u00e9trages venus du Cameroun, des Comores, de Tunisie, du S\u00e9n\u00e9gal\u2026<\/b><\/p>\n<p><b>Une s\u00e9ance sp\u00e9ciale en hommage aux r\u00e9alisateurs pionniers du cin\u00e9ma du Niger.<\/b><\/p>\n<p><b>A consulter <\/b>:<\/p>\n<p><b>\u2022 <a href=\"https:\/\/asurb.com\/asurb3\/?page_id=513\">Programme du Festival 2009<\/a><br \/>\n\u2022 <a href=\"https:\/\/asurb.com\/asurb3\/?page_id=531\">Journal de bord du Festival 2009<\/a><br \/>\n<a href=\"https:\/\/asurb.com\/asurb3\/?page_id=604\">\u2022 Diaporama &#8211; Extrait du Festival 2009<\/a><\/b><\/p>\n","protected":false},"excerpt":{"rendered":"<p>Du 15 au 28 novembre 2009, l&rsquo;association Afrique sur Bi\u00e8vre a organis\u00e9 la 3\u00e8me \u00e9dition du CINE REGARDS AFRICAINS \u2013 Films en Festival Dans quatre salles Cin\u00e9ma la Pl\u00e9iade &#8211; [&hellip;]<\/p>\n","protected":false},"author":1,"featured_media":0,"parent":23,"menu_order":0,"comment_status":"closed","ping_status":"closed","template":"","meta":{"footnotes":""},"class_list":["post-110","page","type-page","status-publish","hentry"],"jetpack_sharing_enabled":true,"jetpack_shortlink":"https:\/\/wp.me\/P7C6tF-1M","jetpack-related-posts":[{"id":115,"url":"https:\/\/asurb.com\/asurb3\/?page_id=115","url_meta":{"origin":110,"position":0},"title":"Festival 2011","author":"webmaster","date":"3 juin 2016","format":false,"excerpt":"Du 12 au 26 novembre 2011, l'association Afrique sur Bi\u00e8vre organise la 5\u00e8me \u00e9dition du CINE REGARDS AFRICAINS \u2013 Films en Festival Dans six salles \u2022 Cin\u00e9ma la Pl\u00e9iade - 94230 Cachan \u2022 Espace Culturel Andr\u00e9 Malraux - 94270 Le Kremlin-Bic\u00eatre \u2022 Cin\u00e9ma la Tournelle - 94240 L'Hay Les Roses\u2026","rel":"","context":"Article similaire","block_context":{"text":"Article similaire","link":""},"img":{"alt_text":"","src":"","width":0,"height":0},"classes":[]},{"id":113,"url":"https:\/\/asurb.com\/asurb3\/?page_id=113","url_meta":{"origin":110,"position":1},"title":"Festival 2010","author":"webmaster","date":"3 juin 2016","format":false,"excerpt":"Du 13 au 27 novembre 2010, l'association Afrique sur Bi\u00e8vre organise la 4\u00e8me \u00e9dition du CINE REGARDS AFRICAINS \u2013 Films en Festival Dans quatre salles Cin\u00e9ma la Pl\u00e9iade - 94230 CACHAN Maison Pour Tous G\u00e9rard Philippe - 94800 VILLEJUIF MJC de Fresnes - 94260 FRESNES Espace municipal Jean Vilar -\u2026","rel":"","context":"Article similaire","block_context":{"text":"Article similaire","link":""},"img":{"alt_text":"","src":"","width":0,"height":0},"classes":[]},{"id":546,"url":"https:\/\/asurb.com\/asurb3\/?page_id=546","url_meta":{"origin":110,"position":2},"title":"Programme 2011","author":"webmaster","date":"6 juin 2016","format":false,"excerpt":"Sommaire \u2022 S\u00e9ances ouvertes au public \u2022 S\u00e9ances scolaires \u2022 Partenaires \u2022 Membres du comit\u00e9 de parrainage \u2022 Remerciements \u2022 Pour se rendre sur les lieux \u2022 Les s\u00e9ances ouvertes au public Samedi 12 novembre Cin\u00e9ma La Pl\u00e9iade - 94230 Cachan 18h00 - KE\u00cfTA, L\u2019HERITAGE DU GRIOT Long-m\u00e9trage de Dani\u2026","rel":"","context":"Article similaire","block_context":{"text":"Article similaire","link":""},"img":{"alt_text":"","src":"https:\/\/i0.wp.com\/asurb.com\/AsurB\/D_Images\/D_Gif_bl\/Blanc120.gif?resize=350%2C200&ssl=1","width":350,"height":200},"classes":[]},{"id":535,"url":"https:\/\/asurb.com\/asurb3\/?page_id=535","url_meta":{"origin":110,"position":3},"title":"Programme 2010","author":"webmaster","date":"6 juin 2016","format":false,"excerpt":"Sommaire \u2022 S\u00e9ances ouvertes au public \u2022 S\u00e9ances scolaires \u2022 Partenaires \u2022 Membres du comit\u00e9 de parrainage \u2022 Remerciements \u2022 Pour se rendre sur les lieux \u2022 Les s\u00e9ances ouvertes au public Samedi 13 novembre Cin\u00e9ma La Pl\u00e9iade - 94230 Cachan 18h00 - L\u2019ABSENCE Long-m\u00e9trage de Mama KE\u00cfTA - 81\u2026","rel":"","context":"Article similaire","block_context":{"text":"Article similaire","link":""},"img":{"alt_text":"","src":"https:\/\/i0.wp.com\/asurb.com\/AsurB\/D_Images\/D_Gif_bl\/Blanc120.gif?resize=350%2C200&ssl=1","width":350,"height":200},"classes":[]},{"id":513,"url":"https:\/\/asurb.com\/asurb3\/?page_id=513","url_meta":{"origin":110,"position":4},"title":"Programme 2009","author":"webmaster","date":"6 juin 2016","format":false,"excerpt":"Sommaire \u2022 S\u00e9ances ouvertes au public \u2022 S\u00e9ances r\u00e9serv\u00e9es aux scolaires \u2022 Membres du comit\u00e9 de parrainage \u2022 Remerciements \u2022 Pour se rendre sur les lieux \u2022 Les s\u00e9ances ouvertes au public Dimanche 15 novembre Soir\u00e9e Les pionniers du cin\u00e9ma nig\u00e9rien MJC Louise Michel - 94260 Fresnes 18h30 - BON\u2026","rel":"","context":"Article similaire","block_context":{"text":"Article similaire","link":""},"img":{"alt_text":"","src":"https:\/\/i0.wp.com\/asurb.com\/AsurB\/D_Images\/D_Gif_bl\/Blanc120.gif?resize=350%2C200&ssl=1","width":350,"height":200},"classes":[]},{"id":1751,"url":"https:\/\/asurb.com\/asurb3\/?page_id=1751","url_meta":{"origin":110,"position":5},"title":"Programme 2017","author":"webmaster","date":"9 octobre 2017","format":false,"excerpt":"Sommaire \u2022 S\u00e9ances ouvertes au public \u2022 S\u00e9ances scolaires \u2022 Partenaires \u2022 Membres du comit\u00e9 de parrainage \u2022 Remerciements \u2022 Pour se rendre sur les lieux MPT\u00a0G\u00e9rard Philipe \u2013\u00a0Villejuif \u00a0vendredi 24 novembre 20h30 : WALLAY de Berni Goldblat\u00a0\u2013\u00a0France\/Burkina Faso\/Qatar \u2013 2017 \u2013\u00a085 min Ady a 13 ans et n\u2019\u00e9coute plus\u2026","rel":"","context":"Article similaire","block_context":{"text":"Article similaire","link":""},"img":{"alt_text":"","src":"https:\/\/i1.wp.com\/www.asurb.com\/AsurB\/D_Images\/D_Gif_bl\/Blanc120.gif?resize=350%2C200","width":350,"height":200},"classes":[]}],"_links":{"self":[{"href":"https:\/\/asurb.com\/asurb3\/index.php?rest_route=\/wp\/v2\/pages\/110","targetHints":{"allow":["GET"]}}],"collection":[{"href":"https:\/\/asurb.com\/asurb3\/index.php?rest_route=\/wp\/v2\/pages"}],"about":[{"href":"https:\/\/asurb.com\/asurb3\/index.php?rest_route=\/wp\/v2\/types\/page"}],"author":[{"embeddable":true,"href":"https:\/\/asurb.com\/asurb3\/index.php?rest_route=\/wp\/v2\/users\/1"}],"replies":[{"embeddable":true,"href":"https:\/\/asurb.com\/asurb3\/index.php?rest_route=%2Fwp%2Fv2%2Fcomments&post=110"}],"version-history":[{"count":7,"href":"https:\/\/asurb.com\/asurb3\/index.php?rest_route=\/wp\/v2\/pages\/110\/revisions"}],"predecessor-version":[{"id":866,"href":"https:\/\/asurb.com\/asurb3\/index.php?rest_route=\/wp\/v2\/pages\/110\/revisions\/866"}],"up":[{"embeddable":true,"href":"https:\/\/asurb.com\/asurb3\/index.php?rest_route=\/wp\/v2\/pages\/23"}],"wp:attachment":[{"href":"https:\/\/asurb.com\/asurb3\/index.php?rest_route=%2Fwp%2Fv2%2Fmedia&parent=110"}],"curies":[{"name":"wp","href":"https:\/\/api.w.org\/{rel}","templated":true}]}}