{"id":160,"date":"2016-06-03T19:13:22","date_gmt":"2016-06-03T18:13:22","guid":{"rendered":"http:\/\/www.test.asurb.com\/?page_id=160"},"modified":"2016-07-03T23:05:15","modified_gmt":"2016-07-03T21:05:15","slug":"bal-poussiere","status":"publish","type":"page","link":"https:\/\/asurb.com\/asurb3\/?page_id=160","title":{"rendered":"Bal poussi\u00e8re"},"content":{"rendered":"<p style=\"text-align: justify;\"><a href=\"https:\/\/i0.wp.com\/asurb.com\/asurb3\/wp-content\/uploads\/2016\/06\/BalPouss_Fiche.jpg?ssl=1\"><img data-recalc-dims=\"1\" loading=\"lazy\" decoding=\"async\" data-attachment-id=\"161\" data-permalink=\"https:\/\/asurb.com\/asurb3\/?attachment_id=161\" data-orig-file=\"https:\/\/i0.wp.com\/asurb.com\/asurb3\/wp-content\/uploads\/2016\/06\/BalPouss_Fiche.jpg?fit=250%2C138&amp;ssl=1\" data-orig-size=\"250,138\" data-comments-opened=\"1\" data-image-meta=\"{&quot;aperture&quot;:&quot;0&quot;,&quot;credit&quot;:&quot;&quot;,&quot;camera&quot;:&quot;&quot;,&quot;caption&quot;:&quot;&quot;,&quot;created_timestamp&quot;:&quot;0&quot;,&quot;copyright&quot;:&quot;&quot;,&quot;focal_length&quot;:&quot;0&quot;,&quot;iso&quot;:&quot;0&quot;,&quot;shutter_speed&quot;:&quot;0&quot;,&quot;title&quot;:&quot;&quot;,&quot;orientation&quot;:&quot;0&quot;}\" data-image-title=\"BalPouss_Fiche\" data-image-description=\"\" data-image-caption=\"\" data-large-file=\"https:\/\/i0.wp.com\/asurb.com\/asurb3\/wp-content\/uploads\/2016\/06\/BalPouss_Fiche.jpg?fit=250%2C138&amp;ssl=1\" class=\"alignnone wp-image-161 size-full\" src=\"https:\/\/i0.wp.com\/asurb.com\/asurb3\/wp-content\/uploads\/2016\/06\/BalPouss_Fiche.jpg?resize=250%2C138&#038;ssl=1\" alt=\"BalPouss_Fiche\" width=\"250\" height=\"138\" \/><\/a><\/p>\n<p style=\"text-align: justify;\"><strong>De Henri DUPARC \u2013 88 min \u2013 C\u00f4te d\u2019Ivoire \u2013 1988 \u2013 VF<\/strong><\/p>\n<p style=\"text-align: justify;\">Fiction \u2013 couleur \u2013 16 mm \u2013 version fran\u00e7aise<br \/>\nSc\u00e9nario : Henri Duparc ; Images : Bernard Dechet ; Montage : Christine Aya ; Musique : Ma\u00efga Boncana ; Son : Pierre-Andr\u00e9 Gauthier ; Interpr\u00e9tation : Bakary Bamba , Jeanne Bana, Akissi Delta, Naky Sy Savan\u00e9, Th\u00e9r\u00e8se Taba, Tchelley Hanny ; Production : Focale 13 (08 BP 1063 Abidjan) ;<br \/>\nDistribution : Cin\u00e9math\u00e8que Afrique (Jeanick Le Naour, CulturesFrance, 6 rue Ferrus, 75683 Paris cedex 14, t\u00e9l : 01 43 13 11 15).<br \/>\nGrand Prix et Prix de la critique, festival du film d&rsquo;humour de Chamrousse 1989 ; Prix de la critique, festival du film francophone de Namur 1989<\/p>\n<h4 style=\"text-align: justify;\"><span style=\"color: #ff0000;\">Synopsis<\/span><\/h4>\n<p style=\"text-align: justify;\">Binta est une jeune fille d\u00e9lur\u00e9e venue \u00e0 Abidjan poursuivre ses \u00e9tudes. L\u00e0, elle s&rsquo;est amourach\u00e9e d&rsquo;un musicien qui est loin d&#8217;emporter l&rsquo;adh\u00e9sion de son oncle et de sa tante, lesquels, de crainte qu&rsquo;elle ne soit \u00a0\u00bb enceint\u00e9e \u00ab\u00a0, d\u00e9cident de la r\u00e9exp\u00e9dier dare-dare au village. L\u00e0, \u00ab Demi-Dieu \u00bb, patriarche polygame (il a d\u00e9j\u00e0 cinq \u00e9pouses), s\u00e9duit par la fra\u00eecheur insolente de la jeune femme, demande imm\u00e9diatement sa main \u00e0 ses parents\u2026 On assiste alors \u00e0 une sc\u00e8ne hilarante pendant laquelle le futur mari annonce \u00e0 ses cinq co-\u00e9pouses son intention d&rsquo;en ajouter une sixi\u00e8me et d&rsquo;accorder ainsi \u00e0 la meilleure de la semaine le privil\u00e8ge de passer la nuit du dimanche en sa compagnie. Mais Binta va perturber l&rsquo;ordre de la maisonn\u00e9e avec sa conception citadine et \u00e9mancip\u00e9e des rapports hommes-femmes.<br \/>\n\u00ab Je crois qu\u2019un polygame n\u2019aurait pas pu faire ce film. J\u2019ai la distance et l\u2019humour qui permettent d\u2019en parler en toute libert\u00e9. Je ne juge pas, je constate. L\u2019humour est le seul moyen de faire passer des sujets jug\u00e9s barbares ou r\u00e9trogrades. \u00bb (Henri Duparc).<\/p>\n<h4 style=\"text-align: justify;\"><span style=\"color: #ff0000;\">Le r\u00e9alisateur<\/span><\/h4>\n<p style=\"text-align: justify;\">N\u00e9 en1940 en Guin\u00e9e, Henri Duparc, apr\u00e8s des \u00e9tudes \u00e0 l&rsquo;Ecole de Cin\u00e9matographie de Belgrade et \u00e0 l&rsquo;Institut des Hautes Etudes cin\u00e9matographiques de Paris (l&rsquo;IDHEC), s&rsquo;installe en C\u00f4te d&rsquo;Ivoire et fonde sa maison de production \u00ab\u00a0Focale 13\u00a0\u00bb. R\u00e9alisateur de documentaires et de films didactiques (droits et devoirs des citoyens, pr\u00e9vention du sida), Henri Duparc rencontrera le succ\u00e8s avec des longs-m\u00e9trages de fiction : \u00ab\u00a0Bal poussi\u00e8re\u00a0\u00bb, \u00ab\u00a0Le sixi\u00e8me doigt\u00a0\u00bb, \u00ab\u00a0Rue princesse\u00a0\u00bb, \u00ab\u00a0Une couleur caf\u00e9\u00a0\u00bb, \u00ab Caramel \u00bb. La plupart ont \u00e9t\u00e9 souvent prim\u00e9s dans les Festivals internationaux.<br \/>\nHenri Duparc est d\u00e9c\u00e9d\u00e9 le 18 avril 2006.<\/p>\n","protected":false},"excerpt":{"rendered":"<p>De Henri DUPARC \u2013 88 min \u2013 C\u00f4te d\u2019Ivoire \u2013 1988 \u2013 VF Fiction \u2013 couleur \u2013 16 mm \u2013 version fran\u00e7aise Sc\u00e9nario : Henri Duparc ; Images : Bernard [&hellip;]<\/p>\n","protected":false},"author":1,"featured_media":0,"parent":26,"menu_order":0,"comment_status":"closed","ping_status":"closed","template":"","meta":{"footnotes":""},"class_list":["post-160","page","type-page","status-publish","hentry"],"jetpack_sharing_enabled":true,"jetpack_shortlink":"https:\/\/wp.me\/P7C6tF-2A","jetpack-related-posts":[{"id":137,"url":"https:\/\/asurb.com\/asurb3\/?page_id=137","url_meta":{"origin":160,"position":0},"title":"Programme 2008","author":"webmaster","date":"3 juin 2016","format":false,"excerpt":"Sommaire \u2022 Les soir\u00e9es grand public \u2022 S\u00e9ances r\u00e9serv\u00e9es aux scolaires \u2022 Autour du festival \u2022 Membres du comit\u00e9 de parrainage \u2022 Remerciements \u2022 Pour se rendre sur les lieux \u2022 Les soir\u00e9es grand public Samedi 15 novembre Soir\u00e9e d\u2019ouverture Cin\u00e9ma la Pl\u00e9iade - 94230 - Cachan 20h30 - TABATABA\u2026","rel":"","context":"Article similaire","block_context":{"text":"Article similaire","link":""},"img":{"alt_text":"","src":"https:\/\/i0.wp.com\/asurb.com\/AsurB\/D_Images\/D_Gif_bl\/Blanc120.gif?resize=350%2C200&ssl=1","width":350,"height":200},"classes":[]},{"id":391,"url":"https:\/\/asurb.com\/asurb3\/?page_id=391","url_meta":{"origin":160,"position":1},"title":"Notre \u00e9trang\u00e8re","author":"webmaster","date":"5 juin 2016","format":false,"excerpt":"De Sarah BOUYAIN - 82 min \u2013 France, Burkina Faso \u2013 2010 Fiction - couleur - 35 mm - version originale en fran\u00e7ais et en dioula (quelques sc\u00e8nes) Sc\u00e9nario : Sarah BOUYAIN, Ga\u00eblle MAC\u00c9 ; Images : Nicolas GAURIN ; Montage : Pascale Chavance, Val\u00e9rie Loiseleux ; Musique : Sylvain\u2026","rel":"","context":"Article similaire","block_context":{"text":"Article similaire","link":""},"img":{"alt_text":"Etrangere2_Fiche","src":"https:\/\/i0.wp.com\/asurb.com\/asurb3\/wp-content\/uploads\/2016\/06\/Etrangere2_Fiche.jpg?resize=350%2C200&ssl=1","width":350,"height":200},"classes":[]},{"id":322,"url":"https:\/\/asurb.com\/asurb3\/?page_id=322","url_meta":{"origin":160,"position":2},"title":"Le cri du coeur","author":"webmaster","date":"5 juin 2016","format":false,"excerpt":"De Idrissa OU\u00c9DRAOGO - 86 min - Burkina Faso - 1994 Fiction - couleur - 35mm - version originale en fran\u00e7ais - Sc\u00e9nario : Idrissa Ou\u00e9draogo, Robert Gardner, Jacques Akchoti ; Images : Jean Monsigny, Jean-Paul Meurisse ; Montage : Luc Barnier ; Musique : Henri Texier ; Son :\u2026","rel":"","context":"Article similaire","block_context":{"text":"Article similaire","link":""},"img":{"alt_text":"Cri_coeur_Fiche","src":"https:\/\/i0.wp.com\/asurb.com\/asurb3\/wp-content\/uploads\/2016\/06\/Cri_coeur_Fiche.jpg?resize=350%2C200&ssl=1","width":350,"height":200},"classes":[]},{"id":59,"url":"https:\/\/asurb.com\/asurb3\/?page_id=59","url_meta":{"origin":160,"position":3},"title":"Prix \u00ab Tremplin jeunes r\u00e9alisateurs \u00bb","author":"webmaster","date":"31 mai 2016","format":false,"excerpt":"Les laur\u00e9ats du concours Les deux jurys, uniquement constitu\u00e9s de professionnels du cin\u00e9ma, se sont r\u00e9unis aujourd\u2019hui m\u00eame \u00e0 l\u2019Espace Municipal Jean Vilar pour visionner les films pr\u00e9- s\u00e9lectionn\u00e9s par l\u2019\u00e9quipe d\u2019Afrique sur Bi\u00e8vre (6 documentaires et 8 fictions) et choisir le laur\u00e9at de chacune des deux cat\u00e9gories. Le jury\u2026","rel":"","context":"Article similaire","block_context":{"text":"Article similaire","link":""},"img":{"alt_text":"Carte_Tremplin_v4","src":"https:\/\/i0.wp.com\/asurb.com\/asurb3\/wp-content\/uploads\/2016\/05\/Carte_Tremplin_v4-215x300.jpg?resize=350%2C200&ssl=1","width":350,"height":200},"classes":[]},{"id":191,"url":"https:\/\/asurb.com\/asurb3\/?page_id=191","url_meta":{"origin":160,"position":4},"title":"Camp de Thiaroye","author":"webmaster","date":"4 juin 2016","format":false,"excerpt":"De Ousmane SEMB\u00c8NE \u2013 147 min \u2013 S\u00e9n\u00e9gal \u2013 1988 \u2013 VOSTF Fiction \u2013 couleur \u2013 format DVD \u2013 Version originale en diola et Wolof, sous titr\u00e9e en fran\u00e7ais Prix sp\u00e9cial du jury au festival de Venise de 1988; Prix Institut des peuples noirs au FESPACO* 1989 Sc\u00e9nario : Ousmane\u2026","rel":"","context":"Article similaire","block_context":{"text":"Article similaire","link":""},"img":{"alt_text":"CampThiaore_fiche","src":"https:\/\/i0.wp.com\/asurb.com\/asurb3\/wp-content\/uploads\/2016\/06\/CampThiaore_fiche.jpg?resize=350%2C200&ssl=1","width":350,"height":200},"classes":[]},{"id":3420,"url":"https:\/\/asurb.com\/asurb3\/?page_id=3420","url_meta":{"origin":160,"position":5},"title":"Plumes","author":"webmaster","date":"7 septembre 2022","format":false,"excerpt":"D\u2019Omar El Zohairy \u2013 Egypte\/France\/Pays-Bas\/Gr\u00e8ce \u2013 2021 \u2013 101 min - fiction \u2013 couleur \u2013 VO arabe STF Semaine de la critique Cannes 2021 : Grand Prix Nespresso, Prix FIPRESCI - Journ\u00e9es Cin\u00e9matographiques de Carthage :Tanit d\u2019or, Prix du Meilleur Sc\u00e9nario, Prix de la Meilleure Actrice - Festival du film\u2026","rel":"","context":"Article similaire","block_context":{"text":"Article similaire","link":""},"img":{"alt_text":"","src":"","width":0,"height":0},"classes":[]}],"_links":{"self":[{"href":"https:\/\/asurb.com\/asurb3\/index.php?rest_route=\/wp\/v2\/pages\/160","targetHints":{"allow":["GET"]}}],"collection":[{"href":"https:\/\/asurb.com\/asurb3\/index.php?rest_route=\/wp\/v2\/pages"}],"about":[{"href":"https:\/\/asurb.com\/asurb3\/index.php?rest_route=\/wp\/v2\/types\/page"}],"author":[{"embeddable":true,"href":"https:\/\/asurb.com\/asurb3\/index.php?rest_route=\/wp\/v2\/users\/1"}],"replies":[{"embeddable":true,"href":"https:\/\/asurb.com\/asurb3\/index.php?rest_route=%2Fwp%2Fv2%2Fcomments&post=160"}],"version-history":[{"count":2,"href":"https:\/\/asurb.com\/asurb3\/index.php?rest_route=\/wp\/v2\/pages\/160\/revisions"}],"predecessor-version":[{"id":875,"href":"https:\/\/asurb.com\/asurb3\/index.php?rest_route=\/wp\/v2\/pages\/160\/revisions\/875"}],"up":[{"embeddable":true,"href":"https:\/\/asurb.com\/asurb3\/index.php?rest_route=\/wp\/v2\/pages\/26"}],"wp:attachment":[{"href":"https:\/\/asurb.com\/asurb3\/index.php?rest_route=%2Fwp%2Fv2%2Fmedia&parent=160"}],"curies":[{"name":"wp","href":"https:\/\/api.w.org\/{rel}","templated":true}]}}