{"id":1685,"date":"2017-08-31T18:27:01","date_gmt":"2017-08-31T16:27:01","guid":{"rendered":"https:\/\/asurb.com\/asurb3\/?page_id=1685"},"modified":"2017-08-31T18:27:01","modified_gmt":"2017-08-31T16:27:01","slug":"cookies","status":"publish","type":"page","link":"https:\/\/asurb.com\/asurb3\/?page_id=1685","title":{"rendered":"Cookies"},"content":{"rendered":"<h3 style=\"text-align: justify;\">Qu&rsquo;est-ce que les cookies?<\/h3>\n<p style=\"text-align: justify;\">Les cookies sont de petits morceaux de donn\u00e9es, stock\u00e9s dans des fichiers texte, stock\u00e9s sur votre ordinateur ou un autre p\u00e9riph\u00e9rique lorsque les sites Web sont charg\u00e9s dans un navigateur.\u00a0Ils sont largement utilis\u00e9s pour \u00abse souvenir\u00bb de vous et de vos pr\u00e9f\u00e9rences, soit pour une visite unique (via un \u00abcookie de session\u00bb), soit pour plusieurs visites r\u00e9p\u00e9t\u00e9es (en utilisant un \u00abcookie persistant\u00bb).\u00a0Ils garantissent une exp\u00e9rience coh\u00e9rente et efficace pour les visiteurs et ex\u00e9cutent des fonctions essentielles telles que permettre aux utilisateurs de s&rsquo;inscrire et de rester connect\u00e9. Les cookies peuvent \u00eatre d\u00e9finis par le site que vous visitez (connu sous le nom de \u00abcookies de la premi\u00e8re partie\u00bb) ou par d&rsquo;autres sites Qui fournissent du contenu sur ce site (\u00abcookies tiers\u00bb).<\/p>\n","protected":false},"excerpt":{"rendered":"<p>Qu&rsquo;est-ce que les cookies? Les cookies sont de petits morceaux de donn\u00e9es, stock\u00e9s dans des fichiers texte, stock\u00e9s sur votre ordinateur ou un autre p\u00e9riph\u00e9rique lorsque les sites Web sont [&hellip;]<\/p>\n","protected":false},"author":1,"featured_media":0,"parent":0,"menu_order":0,"comment_status":"closed","ping_status":"closed","template":"","meta":{"footnotes":""},"class_list":["post-1685","page","type-page","status-publish","hentry"],"jetpack_sharing_enabled":true,"jetpack_shortlink":"https:\/\/wp.me\/P7C6tF-rb","jetpack-related-posts":[{"id":36,"url":"https:\/\/asurb.com\/asurb3\/?page_id=36","url_meta":{"origin":1685,"position":0},"title":"A propos \u2026","author":"webmaster","date":"31 mai 2016","format":false,"excerpt":"Mentions l\u00e9gales \u2022 Directrice de publication : G\u00e9rard Najman Pr\u00e9sident de l'association Afrique sur Bi\u00e8vre Webmaster : Fran\u00e7oise Boissi\u00e8re \u2022 Editeur du site : Association Afrique sur Bi\u00e8vre 53, rue Claude Cellier 94230 Cachan Email : asurb(arobace)laposte.net \u2022 H\u00e9bergeur du site : OVH SAS au capital de 500 k\u20ac RCS\u2026","rel":"","context":"Article similaire","block_context":{"text":"Article similaire","link":""},"img":{"alt_text":"","src":"","width":0,"height":0},"classes":[]},{"id":531,"url":"https:\/\/asurb.com\/asurb3\/?page_id=531","url_meta":{"origin":1685,"position":1},"title":"Journal de bord 2009","author":"webmaster","date":"6 juin 2016","format":false,"excerpt":"Notre association Afrique sur Bi\u00e8vre porte particuli\u00e8rement bien son nom cette ann\u00e9e puisque la troisi\u00e8me \u00e9dition de Cin\u00e9 Regards africains a \u00e9largi son aire de diffusion en se promenant dans quatre villes sur sept de l\u2019agglom\u00e9ration du Val de Bi\u00e8vre, suivant en somme le trajet de la navette locale, \u00ab\u2026","rel":"","context":"Article similaire","block_context":{"text":"Article similaire","link":""},"img":{"alt_text":"","src":"https:\/\/i0.wp.com\/asurb.com\/AsurB\/D_Medias\/Affiche_Sim.jpg?resize=350%2C200&ssl=1","width":350,"height":200},"classes":[]},{"id":1862,"url":"https:\/\/asurb.com\/asurb3\/?page_id=1862","url_meta":{"origin":1685,"position":2},"title":"Les cowboys sont noirs","author":"webmaster","date":"29 novembre 2017","format":false,"excerpt":"De Serge MOATI Niger \u2013 1966 \u2013 15 min \u2013 documentaire \u2013 Interpr\u00e9tation\u00a0: Souna Boubacar, Djingarey Malga, S.Zalika Synopsis L'un est chauffeur de taxi, les autres m\u00e9caniciens ou ma\u00e7ons. Ils conduisent une mobylette comme Johnny Halliday et portent des pantalons de Zazous. Pendant le week-end, ils jouent dans un v\u00e9ritable\u2026","rel":"","context":"Article similaire","block_context":{"text":"Article similaire","link":""},"img":{"alt_text":"","src":"","width":0,"height":0},"classes":[]},{"id":2012,"url":"https:\/\/asurb.com\/asurb3\/?page_id=2012","url_meta":{"origin":1685,"position":3},"title":"Journal de bord du festival 2017","author":"webmaster","date":"1 mars 2018","format":false,"excerpt":"En guise de prologue, mardi 21 novembre, Cin\u00e9ma La Pl\u00e9iade Cachan. \u00a0En partenariat avec La Pl\u00e9iade dans le cadre du mardi des r\u00e9alisateurs, et \u00e0 l\u2019occasion du centenaire de sa naissance, Afrique sur Bi\u00e8vre tenait \u00e0 rendre hommage \u00e0 Jean Rouch avec la projection de \u00ab\u00a0Moi, un noir\u00a0\u00bb (1958). Cette\u2026","rel":"","context":"Article similaire","block_context":{"text":"Article similaire","link":""},"img":{"alt_text":"","src":"https:\/\/i0.wp.com\/asurb.com\/asurb3\/wp-content\/uploads\/2017\/11\/Wallay_les-ados_2017-11-24_220731-300x169.jpg?resize=350%2C200","width":350,"height":200},"classes":[]},{"id":3029,"url":"https:\/\/asurb.com\/asurb3\/?page_id=3029","url_meta":{"origin":1685,"position":4},"title":"DAALI O &#8211; Le jour o\u00f9 la nature parla","author":"webmaster","date":"17 septembre 2021","format":false,"excerpt":"R\u00e9alisation collective - France\/S\u00e9n\u00e9gal \u2013 2020 \u2013 6 min - film de sensibilisation - Animation et prises de vue \u2013 couleur \u2013 VOSTF S\u00e9lectionn\u00e9 au Festival International du Court M\u00e9trage de Clermont-Ferrand 2021 dans la cat\u00e9gorie \"Regard d'Afrique\". Synopsis\u00a0 Sur le fleuve S\u00e9n\u00e9gal, un p\u00eacheur fait une \u00e9trange rencontre. Un\u2026","rel":"","context":"Article similaire","block_context":{"text":"Article similaire","link":""},"img":{"alt_text":"","src":"","width":0,"height":0},"classes":[]},{"id":3378,"url":"https:\/\/asurb.com\/asurb3\/?page_id=3378","url_meta":{"origin":1685,"position":5},"title":"Le dernier refuge","author":"webmaster","date":"7 septembre 2022","format":false,"excerpt":"De Ousmane Zorom\u00e9 SAMASSEKOU \u2013 Mali\/France\/Afrique duSud- - 2021 \u2013 85 min \u2013 documentaire \u2013 couleur -VOSTF. Image\u00a0: Ousmane Zorom\u00e9 Samass\u00e9kou, Amath Niane - Son : Adama Diarra, Jean-Marc Schick - Montage : C\u00e9line Ducreux \u2013 Musique originale\u00a0: Pierre Daven-Keller - Producteur : Estelle Robin You, Andrey S. Diarra, Tiny\u2026","rel":"","context":"Article similaire","block_context":{"text":"Article similaire","link":""},"img":{"alt_text":"","src":"","width":0,"height":0},"classes":[]}],"_links":{"self":[{"href":"https:\/\/asurb.com\/asurb3\/index.php?rest_route=\/wp\/v2\/pages\/1685","targetHints":{"allow":["GET"]}}],"collection":[{"href":"https:\/\/asurb.com\/asurb3\/index.php?rest_route=\/wp\/v2\/pages"}],"about":[{"href":"https:\/\/asurb.com\/asurb3\/index.php?rest_route=\/wp\/v2\/types\/page"}],"author":[{"embeddable":true,"href":"https:\/\/asurb.com\/asurb3\/index.php?rest_route=\/wp\/v2\/users\/1"}],"replies":[{"embeddable":true,"href":"https:\/\/asurb.com\/asurb3\/index.php?rest_route=%2Fwp%2Fv2%2Fcomments&post=1685"}],"version-history":[{"count":1,"href":"https:\/\/asurb.com\/asurb3\/index.php?rest_route=\/wp\/v2\/pages\/1685\/revisions"}],"predecessor-version":[{"id":1686,"href":"https:\/\/asurb.com\/asurb3\/index.php?rest_route=\/wp\/v2\/pages\/1685\/revisions\/1686"}],"wp:attachment":[{"href":"https:\/\/asurb.com\/asurb3\/index.php?rest_route=%2Fwp%2Fv2%2Fmedia&parent=1685"}],"curies":[{"name":"wp","href":"https:\/\/api.w.org\/{rel}","templated":true}]}}