{"id":1819,"date":"2017-10-12T22:34:54","date_gmt":"2017-10-12T20:34:54","guid":{"rendered":"https:\/\/asurb.com\/asurb3\/?page_id=1819"},"modified":"2017-10-13T22:11:31","modified_gmt":"2017-10-13T20:11:31","slug":"lettre-dinfo","status":"publish","type":"page","link":"https:\/\/asurb.com\/asurb3\/?page_id=1819","title":{"rendered":"La Lettre d&rsquo;info"},"content":{"rendered":"<p><strong>\u2022 Archives<\/p>\n<p><\/strong><\/p>\nAie\u00a0! Il n\u2019y a aucune newsletter \u00e0 afficher.\n<p>[wysija_archive list_id=\u00a0\u00bb3&Prime;]<\/p>\n","protected":false},"excerpt":{"rendered":"<p>\u2022 Archives [wysija_archive list_id=\u00a0\u00bb3&Prime;]<\/p>\n","protected":false},"author":1,"featured_media":0,"parent":0,"menu_order":0,"comment_status":"closed","ping_status":"closed","template":"","meta":{"footnotes":""},"class_list":["post-1819","page","type-page","status-publish","hentry"],"jetpack_sharing_enabled":true,"jetpack_shortlink":"https:\/\/wp.me\/P7C6tF-tl","jetpack-related-posts":[{"id":1928,"url":"https:\/\/asurb.com\/asurb3\/?page_id=1928","url_meta":{"origin":1819,"position":0},"title":"Lettre \u00e0 Paxy","author":"webmaster","date":"29 novembre 2017","format":false,"excerpt":"De Tshoper KABAMBI RDC \u2013 2017 \u2013 13 min \u2013 documentaire \u2013 VO fran\u00e7ais\u00a0\u00a0\u00a0\u00a0\u00a0\u00a0\u00a0\u00a0\u00a0\u00a0\u00a0\u00a0\u00a0\u00a0\u00a0\u00a0\u00a0\u00a0\u00a0\u00a0\u00a0\u00a0\u00a0\u00a0\u00a0\u00a0\u00a0\u00a0\u00a0\u00a0\u00a0\u00a0\u00a0\u00a0\u00a0\u00a0\u00a0\u00a0\u00a0\u00a0\u00a0\u00a0\u00a0\u00a0\u00a0\u00a0\u00a0\u00a0\u00a0\u00a0\u00a0\u00a0\u00a0\u00a0\u00a0\u00a0\u00a0\u00a0\u00a0\u00a0\u00a0\u00a0\u00a0\u00a0\u00a0\u00a0\u00a0\u00a0\u00a0\u00a0\u00a0\u00a0\u00a0\u00a0\u00a0\u00a0\u00a0\u00a0\u00a0\u00a0\u00a0\u00a0\u00a0\u00a0\u00a0\u00a0\u00a0\u00a0\u00a0\u00a0\u00a0\u00a0\u00a0\u00a0\u00a0\u00a0\u00a0\u00a0\u00a0\u00a0\u00a0\u00a0\u00a0\u00a0\u00a0\u00a0\u00a0\u00a0\u00a0\u00a0\u00a0\u00a0\u00a0\u00a0 R\u00e9alisation et Production : Tshoper KABAMBI -Image : Jean Ahonto, Tshoper KABAMBI - Son : Tshoper kabambi -Montage : Tshoper KABAMBI -Musique : bande son libre \u2013 Bimpa production. Synopsis A toi ma petite fille bien\u2026","rel":"","context":"Article similaire","block_context":{"text":"Article similaire","link":""},"img":{"alt_text":"","src":"","width":0,"height":0},"classes":[]},{"id":807,"url":"https:\/\/asurb.com\/asurb3\/?page_id=807","url_meta":{"origin":1819,"position":1},"title":"Zulu love letter (Lettre d&rsquo;amour zoulou)","author":"webmaster","date":"20 juin 2016","format":false,"excerpt":"De Ramadan Suleman - 105 -min- Afrique du Sud- 2004 - fiction - couleur - VO zoulou, anglais STF Scenario : Bhekizizwe Peterson et Ramadan Suleman ; Image : Manuel Teran ; Son : Jean Mallet ; Musique : Zim Ngqawana ; Montage : Jacques Comets ; Interpr\u00e9tation : Pamela\u2026","rel":"","context":"Article similaire","block_context":{"text":"Article similaire","link":""},"img":{"alt_text":"","src":"","width":0,"height":0},"classes":[]},{"id":4445,"url":"https:\/\/asurb.com\/asurb3\/?page_id=4445","url_meta":{"origin":1819,"position":2},"title":"Michel Amarger","author":"webmaster","date":"6 d\u00e9cembre 2024","format":false,"excerpt":"Michel Amarger est journaliste, critique de cin\u00e9ma, sp\u00e9cialiste des cin\u00e9mas d'Afrique, r\u00e9alisateur et enseignant cin\u00e9ma.Il a con\u00e7u depuis plusieurs ann\u00e9es, des reportages, des \u00e9missions de cin\u00e9ma notamment pour RFI.\u00a0 Consultant et programmateur pour des festivals, il coordonne d\u00e9bats et tables rondes tout en enseignant la pratique du cin\u00e9ma \u00e0 l'Universit\u00e9.Il\u2026","rel":"","context":"Article similaire","block_context":{"text":"Article similaire","link":""},"img":{"alt_text":"","src":"https:\/\/i0.wp.com\/asurb.com\/asurb3\/wp-content\/uploads\/2024\/12\/michel_amarger-300x225.jpg?resize=350%2C200&ssl=1","width":350,"height":200},"classes":[]},{"id":188,"url":"https:\/\/asurb.com\/asurb3\/?page_id=188","url_meta":{"origin":1819,"position":3},"title":"C&rsquo;est dimanche","author":"webmaster","date":"4 juin 2016","format":false,"excerpt":"De Samir GUESMI - 30 min - Alg\u00e9rie\/France - 2008 Fiction - couleur - 35mm - version originale en fran\u00e7ais - Sc\u00e9nario : Samir Guesmi ; Images : Pascale Marin ; Montage : Pauline Dairou ; Musique : Shantel ; Son : Julien Sicart, Lo\u00efc Prian, C\u00e9dric Ilonnet I ;\u2026","rel":"","context":"Article similaire","block_context":{"text":"Article similaire","link":""},"img":{"alt_text":"C_Dimanche_Fiche","src":"https:\/\/i0.wp.com\/asurb.com\/asurb3\/wp-content\/uploads\/2016\/06\/C_Dimanche_Fiche.jpg?resize=350%2C200&ssl=1","width":350,"height":200},"classes":[]},{"id":171,"url":"https:\/\/asurb.com\/asurb3\/?page_id=171","url_meta":{"origin":1819,"position":4},"title":"Ben eddar ( Sweet home )","author":"webmaster","date":"3 juin 2016","format":false,"excerpt":"De Fatma CHERIF - 50 min - Tunisie - 2009 Documentaire \u2013 couleur \u2013 DVD \u2013 version originale en arabe sous-titr\u00e9e en fran\u00e7ais. Sc\u00e9nario : Fatma Ch\u00e9rif ; Image : Fatma Ch\u00e9rif ; Montage : Vera Memmi ; Production : Far\u00e8s Ladjimi, Mille et Une Productions, 44 boulevard Magenta, 75010\u2026","rel":"","context":"Article similaire","block_context":{"text":"Article similaire","link":""},"img":{"alt_text":"Bent_Fiche","src":"https:\/\/i0.wp.com\/asurb.com\/asurb3\/wp-content\/uploads\/2016\/06\/Bent_Fiche.jpg?resize=350%2C200&ssl=1","width":350,"height":200},"classes":[]},{"id":148,"url":"https:\/\/asurb.com\/asurb3\/?page_id=148","url_meta":{"origin":1819,"position":5},"title":"Deweneti","author":"webmaster","date":"3 juin 2016","format":false,"excerpt":"Fiction - couleur - 35mm - version originale en wolof sous-titr\u00e9e en Fran\u00e7ais Sc\u00e9nario : R\u00e9mi Mazet ; Images : R\u00e9mi Mazet ; Montage : Gwenaelle Mallauran ; Musique : Baptiste Bouquin ; Son : Alioune Mbow, Romain Le Bras ; Interpr\u00e9tation : Abbasse Ba, El Hadj Dieng, Nianga Diop,\u2026","rel":"","context":"Article similaire","block_context":{"text":"Article similaire","link":""},"img":{"alt_text":"Deweneti_Fiche","src":"https:\/\/i0.wp.com\/asurb.com\/asurb3\/wp-content\/uploads\/2016\/06\/Deweneti_Fiche.jpg?resize=350%2C200","width":350,"height":200},"classes":[]}],"_links":{"self":[{"href":"https:\/\/asurb.com\/asurb3\/index.php?rest_route=\/wp\/v2\/pages\/1819","targetHints":{"allow":["GET"]}}],"collection":[{"href":"https:\/\/asurb.com\/asurb3\/index.php?rest_route=\/wp\/v2\/pages"}],"about":[{"href":"https:\/\/asurb.com\/asurb3\/index.php?rest_route=\/wp\/v2\/types\/page"}],"author":[{"embeddable":true,"href":"https:\/\/asurb.com\/asurb3\/index.php?rest_route=\/wp\/v2\/users\/1"}],"replies":[{"embeddable":true,"href":"https:\/\/asurb.com\/asurb3\/index.php?rest_route=%2Fwp%2Fv2%2Fcomments&post=1819"}],"version-history":[{"count":7,"href":"https:\/\/asurb.com\/asurb3\/index.php?rest_route=\/wp\/v2\/pages\/1819\/revisions"}],"predecessor-version":[{"id":1826,"href":"https:\/\/asurb.com\/asurb3\/index.php?rest_route=\/wp\/v2\/pages\/1819\/revisions\/1826"}],"wp:attachment":[{"href":"https:\/\/asurb.com\/asurb3\/index.php?rest_route=%2Fwp%2Fv2%2Fmedia&parent=1819"}],"curies":[{"name":"wp","href":"https:\/\/api.w.org\/{rel}","templated":true}]}}