{"id":1864,"date":"2017-11-29T00:46:37","date_gmt":"2017-11-28T23:46:37","guid":{"rendered":"https:\/\/asurb.com\/asurb3\/?page_id=1864"},"modified":"2017-11-29T00:46:37","modified_gmt":"2017-11-28T23:46:37","slug":"la-laine-sur-le-dos","status":"publish","type":"page","link":"https:\/\/asurb.com\/asurb3\/?page_id=1864","title":{"rendered":"La laine sur le dos"},"content":{"rendered":"<p style=\"text-align: justify;\"><strong>De Lofti ACHOUR<br \/>\n<\/strong><br \/>\nDe Lofti ACHOUR \u2013 Tunisie\/France \u2013 2016 \u2013 15 min \u2013 fiction- couleur \u2013 VO arabe STF<br \/>\nSc\u00e9nario\u00a0: Natacha de Pontcharra\u00a0 &#8211; Image\u00a0: Fr\u00e9d\u00e9ric de Pontcharra \u2013 Son\u00a0: Moez Cheik \u2013 Musique\u00a0: Jawhar Basti \u2013 Montage\u00a0: Louis Chabaud, Jean-Charles Bastion \u2013Interpr\u00e9tation\u00a0:Moncef Sayem, Jawhar Basti, Monhem El Akkari, Mohamed Beha Karrouchi\u00a0 &#8211; Production\u00a0: La Luna Productions- 12 rue d&rsquo;Enghien France 75010 Paris 01 48 07 56 00 &#8211; F: +331 48 07 11 88 &#8211; diffusion@lunaprod.fr &#8211; http:\/\/www.lunaprod.fr\/ -APA , Artistes Producteurs Associ\u00e9s-Tunisie<br \/>\nPrix du public \u00e0 REGARD sur le court-m\u00e9trage au Saguenay (Canada, 2017) S\u00e9lectionn\u00e9 dans le cadre de la comp\u00e9tition officielle de Cannes 2016 pour les courts m\u00e9trages<\/p>\n<h4 style=\"text-align: justify;\"><span style=\"color: #ff0000;\">Synopsis<\/span><\/h4>\n<p style=\"text-align: justify;\">Sur une route du d\u00e9sert tunisien, un vieil homme et son petit-fils transportent \u00e0 bord d&rsquo;un vieux camion des moutons qu\u2019ils comptent vendre au march\u00e9 pour la f\u00eate de l\u2019A\u00efd. Le v\u00e9hicule est immobilis\u00e9 par deux gendarmes qui leur proposent un curieux march\u00e9 s\u2019ils veulent repartir.<br \/>\nLe film n\u2019est pas seulement une d\u00e9nonciation banale de la corruption qui gangr\u00e8ne la Tunisie. En tournant dans la r\u00e9gion de Tataouine, d\u00e9sert rocailleux magnifique, qui \u00e9voque l\u2019Arizona, le r\u00e9alisateur a voulu revisiter le genre western qui a berc\u00e9 son enfance. Il met aussi en sc\u00e8ne avec humour une pratique insolite &#8211; et cruelle &#8211; de la corruption qui constitue un film dans le film.<\/p>\n<h4 style=\"text-align: justify;\"><span style=\"color: #ff0000;\">Le r\u00e9alisateur\u00a0<\/span><\/h4>\n<p style=\"text-align: justify;\">Lotfi Achour est un auteur, metteur en sc\u00e8ne et producteur de th\u00e9\u00e2tre et de cin\u00e9ma franco-tunisien. Il a fait des \u00e9tudes d\u2019\u00e9conomie \u00e0 Tunis mais, venu en France pour des raisons familiale, il commence, \u00e0 21 ans, une formation au conservatoire de Grenoble puis \u00e0 l&rsquo;Institut d&rsquo;\u00e9tudes th\u00e9\u00e2trales de la Sorbonne.<br \/>\nIl est l\u2019auteur de plus de 25 cr\u00e9ations th\u00e9\u00e2trales sur diff\u00e9rentes sc\u00e8nes internationales. Au cin\u00e9ma, il r\u00e9alise trois courts m\u00e9trages prim\u00e9s dans plusieurs dizaines de festivals, dont P\u00e8re en lice pour les C\u00e9sars 2017 et La laine sur le dos, en comp\u00e9tition officielle au Festival de Cannes 2016 .et en lice pour les Oscars 2017. En 2016, il r\u00e9alise son premier long m\u00e9trage, Demain d\u00e8s l&rsquo;aube avec Anissa Daoud.<\/p>\n","protected":false},"excerpt":{"rendered":"<p>De Lofti ACHOUR De Lofti ACHOUR \u2013 Tunisie\/France \u2013 2016 \u2013 15 min \u2013 fiction- couleur \u2013 VO arabe STF Sc\u00e9nario\u00a0: Natacha de Pontcharra\u00a0 &#8211; Image\u00a0: Fr\u00e9d\u00e9ric de Pontcharra \u2013 [&hellip;]<\/p>\n","protected":false},"author":1,"featured_media":0,"parent":26,"menu_order":0,"comment_status":"closed","ping_status":"closed","template":"","meta":{"footnotes":""},"class_list":["post-1864","page","type-page","status-publish","hentry"],"jetpack_sharing_enabled":true,"jetpack_shortlink":"https:\/\/wp.me\/P7C6tF-u4","jetpack-related-posts":[{"id":4564,"url":"https:\/\/asurb.com\/asurb3\/?page_id=4564","url_meta":{"origin":1864,"position":0},"title":"Les Enfants rouges","author":"webmaster","date":"6 septembre 2025","format":false,"excerpt":"De Lotfi ACHOUR \u2013 Tunisie, France, Belgique, Pologne- 2024 \u2013100 min - fiction \u2013 VO arabe tunisien STF \u00a0Fiche technique Sc\u00e9nario\u00a0: Natacha de Pontcharra, Doria Achour, Sylvain Cattenoy, Lotfi Achour -Image\u00a0: Wojciech Staron \u2013 Musique\u00a0: Jawhar Basti, Venceslas Catz \u2013 Montage\u00a0:\u00a0 Erwin Ryckaert, Malek Chatta \u2013 Son\u00a0: Aymen Laabidi ,\u2026","rel":"","context":"Article similaire","block_context":{"text":"Article similaire","link":""},"img":{"alt_text":"","src":"https:\/\/i0.wp.com\/asurb.com\/asurb3\/wp-content\/uploads\/2025\/10\/LES-ENFANTS-ROUGES_120_UGC1-221x300.jpg?resize=350%2C200&ssl=1","width":350,"height":200},"classes":[]},{"id":766,"url":"https:\/\/asurb.com\/asurb3\/?page_id=766","url_meta":{"origin":1864,"position":1},"title":"P\u00e8re","author":"webmaster","date":"19 juin 2016","format":false,"excerpt":"De\u00a0 Lotfi Achour -\u00a0 17 min -\u00a0 Tunisie -\u00a0 2014\u00a0 fiction -\u00a0 couleur - VO arabe STF - DCP \u00a0 R\u00e9alisation :\u00a0Lotfi Achour - sc\u00e9nario : Lotfi Achour, Natacha de Pontchara -\u00a0\u00a0 Image : Fr\u00e9d\u00e9ric de Pontchara\u00a0 -\u00a0 Montage : Laurent Rochette -\u00a0 Son : Moez Cheikh -\u00a0 Musique originale\u2026","rel":"","context":"Article similaire","block_context":{"text":"Article similaire","link":""},"img":{"alt_text":"","src":"","width":0,"height":0},"classes":[]},{"id":3507,"url":"https:\/\/asurb.com\/asurb3\/?page_id=3507","url_meta":{"origin":1864,"position":2},"title":"Angle mort","author":"webmaster","date":"8 novembre 2022","format":false,"excerpt":"De Lotfi Achour - Tunisie - 2021 - 13 min - fiction \u2013 VO STF Synopsis Sous la dictature de Ben Ali, un homme est enlev\u00e9, tortur\u00e9, tu\u00e9, puis dispara\u00eet sans jamais avoir \u00e9t\u00e9 retrouv\u00e9. Il revient nous parler trente ans plus tard en faisant sienne la question de sa\u2026","rel":"","context":"Article similaire","block_context":{"text":"Article similaire","link":""},"img":{"alt_text":"","src":"","width":0,"height":0},"classes":[]},{"id":460,"url":"https:\/\/asurb.com\/asurb3\/?page_id=460","url_meta":{"origin":1864,"position":3},"title":"Tiraillement","author":"webmaster","date":"5 juin 2016","format":false,"excerpt":"De Najwa SLAMA - 18min - Tunisie - 2010 Fiction - couleur - Beta digital - version originale en arabe sous-titr\u00e9e en fran\u00e7ais Sc\u00e9nario : Najwa Slama ; Image : Mohamed Maghraoui ; Montage : Raouf Zaza ; Musique : Rabii Zammouri ; Son : Selma Thabet ; Interpr\u00e8tes :\u2026","rel":"","context":"Article similaire","block_context":{"text":"Article similaire","link":""},"img":{"alt_text":"Tiraillement_Fiche","src":"https:\/\/i0.wp.com\/asurb.com\/asurb3\/wp-content\/uploads\/2016\/06\/Tiraillement_Fiche.jpg?resize=350%2C200&ssl=1","width":350,"height":200},"classes":[]},{"id":483,"url":"https:\/\/asurb.com\/asurb3\/?page_id=483","url_meta":{"origin":1864,"position":4},"title":"Vivre","author":"webmaster","date":"5 juin 2016","format":false,"excerpt":"De Walid TAYAA - 18 min - Tunisie - 2010 Fiction - couleur - DVD - version originale en arabe sous-titr\u00e9 en fran\u00e7ais Sc\u00e9nario : Walid Tayaa ; Image : Nabil Sa\u00efdi ; Montage : Imen Jiberi ; Son : Salma Thabet ; Interpr\u00e8te : Sondos Belhssan ; Production :\u2026","rel":"","context":"Article similaire","block_context":{"text":"Article similaire","link":""},"img":{"alt_text":"Vivre_Fiche","src":"https:\/\/i0.wp.com\/asurb.com\/asurb3\/wp-content\/uploads\/2016\/06\/Vivre_Fiche.jpg?resize=350%2C200&ssl=1","width":350,"height":200},"classes":[]},{"id":2597,"url":"https:\/\/asurb.com\/asurb3\/?page_id=2597","url_meta":{"origin":1864,"position":5},"title":"Les past\u00e8ques du cheikh","author":"webmaster","date":"9 octobre 2019","format":false,"excerpt":"LES PASTEQUES DU CHEIKH\u00a0 de Kaouther BEN HANIA - Tunisie \/ France \u2013 2018 \u2013 Fiction - 23 min - VOSTF R\u00e9alisatrice : Kaouther Ben Hania - Sc\u00e9nario : Kaouther Ben Hania - Montage : R\u00e9mi Dumas. Production\u00a0: Tanit Films - 61, rue Piat - 75020 Paris - Tel.06 82\u2026","rel":"","context":"Article similaire","block_context":{"text":"Article similaire","link":""},"img":{"alt_text":"","src":"","width":0,"height":0},"classes":[]}],"_links":{"self":[{"href":"https:\/\/asurb.com\/asurb3\/index.php?rest_route=\/wp\/v2\/pages\/1864","targetHints":{"allow":["GET"]}}],"collection":[{"href":"https:\/\/asurb.com\/asurb3\/index.php?rest_route=\/wp\/v2\/pages"}],"about":[{"href":"https:\/\/asurb.com\/asurb3\/index.php?rest_route=\/wp\/v2\/types\/page"}],"author":[{"embeddable":true,"href":"https:\/\/asurb.com\/asurb3\/index.php?rest_route=\/wp\/v2\/users\/1"}],"replies":[{"embeddable":true,"href":"https:\/\/asurb.com\/asurb3\/index.php?rest_route=%2Fwp%2Fv2%2Fcomments&post=1864"}],"version-history":[{"count":3,"href":"https:\/\/asurb.com\/asurb3\/index.php?rest_route=\/wp\/v2\/pages\/1864\/revisions"}],"predecessor-version":[{"id":1970,"href":"https:\/\/asurb.com\/asurb3\/index.php?rest_route=\/wp\/v2\/pages\/1864\/revisions\/1970"}],"up":[{"embeddable":true,"href":"https:\/\/asurb.com\/asurb3\/index.php?rest_route=\/wp\/v2\/pages\/26"}],"wp:attachment":[{"href":"https:\/\/asurb.com\/asurb3\/index.php?rest_route=%2Fwp%2Fv2%2Fmedia&parent=1864"}],"curies":[{"name":"wp","href":"https:\/\/api.w.org\/{rel}","templated":true}]}}