{"id":1896,"date":"2017-11-29T00:41:19","date_gmt":"2017-11-28T23:41:19","guid":{"rendered":"https:\/\/asurb.com\/asurb3\/?page_id=1896"},"modified":"2017-11-29T00:41:19","modified_gmt":"2017-11-28T23:41:19","slug":"le-retour-dun-aventurier","status":"publish","type":"page","link":"https:\/\/asurb.com\/asurb3\/?page_id=1896","title":{"rendered":"Le retour d&rsquo;un aventurier"},"content":{"rendered":"<p style=\"text-align: justify;\"><strong>De Moustapha ALASSANE<\/strong><\/p>\n<p style=\"text-align: justify;\">Niger \u2013 1966 \u2013 34 min \u2013 fiction \u2013 couleur -VOSTF<br \/>\nSc\u00e9nario, Image : Moustapha Alassane &#8211; Son : Moussa Hamidou &#8211; Montage : Philippe Luzuy &#8211; Musique : Nelos Amelonion \u2013 Interpr\u00e9tation\u00a0:\u00a0 YACOUBA Ibrahim, SOULEY Zalika, NANI Abdou, MAIGA Djingarey, HAROUNA Moussa, BOUBACAR SounaIn &#8211; Production : Comit\u00e9 du film ethnographique, Argos Films<\/p>\n<p style=\"text-align: justify;\"><span style=\"color: #ff0000;\">Synopsis<\/span><\/p>\n<p style=\"text-align: justify;\">Jimmy, de retour d&rsquo;un voyage aux \u00c9tats-Unis, revient dans son village au Niger. Il rapporte en cadeau \u00e0 ses amis des panoplies compl\u00e8tes de cow-boys du Far West. Dor\u00e9navant, ainsi habill\u00e9s de mythologie am\u00e9ricaine, ils ne s&rsquo;appellent plus Kali, Ibrahim ou Boubakar, mais Black Cooper, James Kelly, Casse-Tout ou encore Reine Christine. Et, \u00e0 l&rsquo;instar de ce qu&rsquo;ils imaginent \u00eatre une vraie bande de cow-boys, ils vont mettre \u00e0 sac la r\u00e9gion, provoquant la col\u00e8re des villageois. Les chefs du village bafou\u00e9s ripostent par une ruse et les jeunes gens s&rsquo;affrontent entre eux dans une bagarre digne du Far-West.\u00a0\u00a0\u00a0\u00a0\u00a0\u00a0\u00a0\u00a0\u00a0\u00a0\u00a0\u00a0\u00a0\u00a0\u00a0\u00a0\u00a0\u00a0\u00a0\u00a0\u00a0\u00a0\u00a0\u00a0\u00a0\u00a0\u00a0\u00a0\u00a0\u00a0\u00a0\u00a0\u00a0\u00a0\u00a0\u00a0\u00a0\u00a0\u00a0\u00a0\u00a0\u00a0\u00a0\u00a0\u00a0\u00a0\u00a0\u00a0\u00a0\u00a0\u00a0\u00a0\u00a0\u00a0\u00a0\u00a0\u00a0\u00a0\u00a0\u00a0\u00a0\u00a0\u00a0\u00a0\u00a0\u00a0\u00a0\u00a0\u00a0\u00a0\u00a0\u00a0\u00a0\u00a0\u00a0\u00a0\u00a0\u00a0\u00a0\u00a0\u00a0\u00a0\u00a0\u00a0\u00a0\u00a0\u00a0\u00a0\u00a0\u00a0\u00a0\u00a0\u00a0\u00a0\u00a0\u00a0\u00a0\u00a0\u00a0\u00a0\u00a0\u00a0\u00a0\u00a0\u00a0\u00a0\u00a0\u00a0\u00a0\u00a0\u00a0\u00a0\u00a0\u00a0\u00a0\u00a0\u00a0\u00a0\u00a0\u00a0\u00a0\u00a0\u00a0\u00a0\u00a0\u00a0\u00a0\u00a0\u00a0\u00a0\u00a0\u00a0\u00a0\u00a0\u00a0\u00a0\u00a0\u00a0\u00a0 Tourn\u00e9 avec des jeunes amateurs par un cin\u00e9aste d\u00e9butant (Alassane n\u2019a que 24 ans lorsqu\u2019il tourne ce moyen-m\u00e9trage), \u00ab\u00a0Le retour d\u2019un aventurier\u00a0\u00bb surprend par sa fra\u00eecheur. Western africain d\u00e9cal\u00e9 et plein d&rsquo;humour, le film transpose les plaines du Far West dans le d\u00e9sert nig\u00e9rien. Le joyeux iconoclaste qu&rsquo;est Moustapha Alassane porte un regard amus\u00e9 sur la confrontation d&rsquo;une modernit\u00e9 mal assum\u00e9e et d&rsquo;une tradition fig\u00e9e, et am\u00e8ne avec habilet\u00e9 les pr\u00e9mices d&rsquo;une critique de la mondialisation.<\/p>\n<p style=\"text-align: justify;\"><span style=\"color: #ff0000;\">Le r\u00e9alisateur<\/span><\/p>\n<p style=\"text-align: justify;\">Moustapha Alassane est n\u00e9 en 1942 \u00e0 N\u2019Dougou au Niger. Il est d\u2019abord m\u00e9canicien, puis se forme \u00e0 la technique cin\u00e9matographique avec Jean Rouch. Il part ensuite au Canada o\u00f9 il rencontre le c\u00e9l\u00e8bre Norman Mac Laren qui lui enseigne le cin\u00e9ma d\u2019animation.\u00a0 Son premier film, \u201c Aour\u00e9 \u00a0\u00bb (Mariage), court m\u00e9trage sur la tradition nuptiale d&rsquo;un village du Niger, est r\u00e9compens\u00e9 en 1962. En 1965, Moustapha Alassane r\u00e9alise le premier dessin anim\u00e9 africain, intitul\u00e9 \u201c La Mort de Gandji\u00a0\u00bb. En 1966, il lance sur le grand \u00e9cran le moyen m\u00e9trage parodique \u201c Le Retour d&rsquo;un aventurier\u00a0\u00bb, premier western africain. Son premier long m\u00e9trage sorti en 1972 est une satire de m\u0153urs, \u201c FVVA ou encore Femme, Voiture, Villa, Argent\u00a0\u00bb, qui d\u00e9nonce l&rsquo;arrivisme et la soif de pouvoir des nouveaux riches en Afrique. Il est d\u00e9c\u00e9d\u00e9 en mars 2015.<br \/>\nMoustapha Alassane a \u00e0 son actif une trentaine de films d&rsquo;animation, de fiction, ou de documentaires, qui restituent avec force d\u00e9tails, les situations sociales et les moeurs du Niger. Pendant 15 ans directeur de la section cin\u00e9ma de l&rsquo;universit\u00e9 de Niamey, il a, par sa cr\u00e9ativit\u00e9 et la qualit\u00e9 de ses \u0153uvres, contribu\u00e9 dans les ann\u00e9es 1960-1970 \u00e0 faire du Niger un grand pays de cin\u00e9ma.<\/p>\n","protected":false},"excerpt":{"rendered":"<p>De Moustapha ALASSANE Niger \u2013 1966 \u2013 34 min \u2013 fiction \u2013 couleur -VOSTF Sc\u00e9nario, Image : Moustapha Alassane &#8211; Son : Moussa Hamidou &#8211; Montage : Philippe Luzuy &#8211; [&hellip;]<\/p>\n","protected":false},"author":1,"featured_media":0,"parent":26,"menu_order":0,"comment_status":"closed","ping_status":"closed","template":"","meta":{"footnotes":""},"class_list":["post-1896","page","type-page","status-publish","hentry"],"jetpack_sharing_enabled":true,"jetpack_shortlink":"https:\/\/wp.me\/P7C6tF-uA","jetpack-related-posts":[{"id":1862,"url":"https:\/\/asurb.com\/asurb3\/?page_id=1862","url_meta":{"origin":1896,"position":0},"title":"Les cowboys sont noirs","author":"webmaster","date":"29 novembre 2017","format":false,"excerpt":"De Serge MOATI Niger \u2013 1966 \u2013 15 min \u2013 documentaire \u2013 Interpr\u00e9tation\u00a0: Souna Boubacar, Djingarey Malga, S.Zalika Synopsis L'un est chauffeur de taxi, les autres m\u00e9caniciens ou ma\u00e7ons. Ils conduisent une mobylette comme Johnny Halliday et portent des pantalons de Zazous. Pendant le week-end, ils jouent dans un v\u00e9ritable\u2026","rel":"","context":"Article similaire","block_context":{"text":"Article similaire","link":""},"img":{"alt_text":"","src":"","width":0,"height":0},"classes":[]},{"id":178,"url":"https:\/\/asurb.com\/asurb3\/?page_id=178","url_meta":{"origin":1896,"position":1},"title":"Bon voyage, Sim","author":"webmaster","date":"3 juin 2016","format":false,"excerpt":"De Mustapha ALASSANE - 7 min - Niger - 1966 Animation - noir et blanc - 35 mm - version originale en fran\u00e7ais - Sc\u00e9nario : Mustapha Alassane ; Distribution : Pom France (7, rue de la Convention, 93100 Montreuil-sous-Bois, France, tel. +33 (0)1 49 88 18 42, courriel :\u2026","rel":"","context":"Article similaire","block_context":{"text":"Article similaire","link":""},"img":{"alt_text":"Voyage_Sim_Fiche","src":"https:\/\/i0.wp.com\/asurb.com\/asurb3\/wp-content\/uploads\/2016\/06\/Voyage_Sim_Fiche.jpg?resize=350%2C200&ssl=1","width":350,"height":200},"classes":[]},{"id":261,"url":"https:\/\/asurb.com\/asurb3\/?page_id=261","url_meta":{"origin":1896,"position":2},"title":"Kokoa","author":"webmaster","date":"4 juin 2016","format":false,"excerpt":"De Mustapha ALASSANE - 13 min - Niger - 2001 Animation de marionnettes - couleur - 35 mm - version originale en fran\u00e7ais - Sc\u00e9nario : Mustapha Alassane ; Production : Pom France (7, rue de la Convention, 93100 Montreuil-sous-Bois, France, tel. +33 (0)1 49 88 18 42, courriel :\u2026","rel":"","context":"Article similaire","block_context":{"text":"Article similaire","link":""},"img":{"alt_text":"Alassane_Fiche","src":"https:\/\/i0.wp.com\/asurb.com\/asurb3\/wp-content\/uploads\/2016\/06\/Alassane_Fiche.jpg?resize=350%2C200&ssl=1","width":350,"height":200},"classes":[]},{"id":1751,"url":"https:\/\/asurb.com\/asurb3\/?page_id=1751","url_meta":{"origin":1896,"position":3},"title":"Programme 2017","author":"webmaster","date":"9 octobre 2017","format":false,"excerpt":"Sommaire \u2022 S\u00e9ances ouvertes au public \u2022 S\u00e9ances scolaires \u2022 Partenaires \u2022 Membres du comit\u00e9 de parrainage \u2022 Remerciements \u2022 Pour se rendre sur les lieux MPT\u00a0G\u00e9rard Philipe \u2013\u00a0Villejuif \u00a0vendredi 24 novembre 20h30 : WALLAY de Berni Goldblat\u00a0\u2013\u00a0France\/Burkina Faso\/Qatar \u2013 2017 \u2013\u00a085 min Ady a 13 ans et n\u2019\u00e9coute plus\u2026","rel":"","context":"Article similaire","block_context":{"text":"Article similaire","link":""},"img":{"alt_text":"","src":"https:\/\/i1.wp.com\/www.asurb.com\/AsurB\/D_Images\/D_Gif_bl\/Blanc120.gif?resize=350%2C200","width":350,"height":200},"classes":[]},{"id":305,"url":"https:\/\/asurb.com\/asurb3\/?page_id=305","url_meta":{"origin":1896,"position":4},"title":"La vie n&rsquo;est pas immobile","author":"webmaster","date":"4 juin 2016","format":false,"excerpt":"S\u00e9n\u00e9gal - 2011 - 54 min - documentaire - couleur - VOSTF R\u00e9alisation : Alassane Diago ; Image : Alassane Diago, Fabacary Coly ; Montage : Annie Waks ; Son : Alassane Diago, Adama Diarra ; Production : Corto Pacific, Inzo Ya Bizizi, Quizas Productions ; Distribution : Corto Pacific\u2026","rel":"","context":"Article similaire","block_context":{"text":"Article similaire","link":""},"img":{"alt_text":"la-vie-nest-pas_fiche","src":"https:\/\/i0.wp.com\/asurb.com\/asurb3\/wp-content\/uploads\/2016\/06\/la-vie-nest-pas_fiche.jpg?resize=350%2C200&ssl=1","width":350,"height":200},"classes":[]},{"id":370,"url":"https:\/\/asurb.com\/asurb3\/?page_id=370","url_meta":{"origin":1896,"position":5},"title":"Madame Brouette","author":"webmaster","date":"5 juin 2016","format":false,"excerpt":"De Mousssa S\u00c8NE ABSA - 104 min - S\u00e9n\u00e9gal - 2002 Fiction - couleur - DVD - version originale en fran\u00e7ais et wolof sous-titr\u00e9e en fran\u00e7ais Sc\u00e9nario : Moussa S\u00e8ne Absa, Gilles Desjardin, Christophe Pellet ; Image : Jean- Jacques Bouhon ; Montage : Mathieu Roy-Decarie; Musique : Majoli, Serge\u2026","rel":"","context":"Article similaire","block_context":{"text":"Article similaire","link":""},"img":{"alt_text":"Madbrou_Fiche","src":"https:\/\/i0.wp.com\/asurb.com\/asurb3\/wp-content\/uploads\/2016\/06\/Madbrou_Fiche.jpg?resize=350%2C200&ssl=1","width":350,"height":200},"classes":[]}],"_links":{"self":[{"href":"https:\/\/asurb.com\/asurb3\/index.php?rest_route=\/wp\/v2\/pages\/1896","targetHints":{"allow":["GET"]}}],"collection":[{"href":"https:\/\/asurb.com\/asurb3\/index.php?rest_route=\/wp\/v2\/pages"}],"about":[{"href":"https:\/\/asurb.com\/asurb3\/index.php?rest_route=\/wp\/v2\/types\/page"}],"author":[{"embeddable":true,"href":"https:\/\/asurb.com\/asurb3\/index.php?rest_route=\/wp\/v2\/users\/1"}],"replies":[{"embeddable":true,"href":"https:\/\/asurb.com\/asurb3\/index.php?rest_route=%2Fwp%2Fv2%2Fcomments&post=1896"}],"version-history":[{"count":4,"href":"https:\/\/asurb.com\/asurb3\/index.php?rest_route=\/wp\/v2\/pages\/1896\/revisions"}],"predecessor-version":[{"id":1962,"href":"https:\/\/asurb.com\/asurb3\/index.php?rest_route=\/wp\/v2\/pages\/1896\/revisions\/1962"}],"up":[{"embeddable":true,"href":"https:\/\/asurb.com\/asurb3\/index.php?rest_route=\/wp\/v2\/pages\/26"}],"wp:attachment":[{"href":"https:\/\/asurb.com\/asurb3\/index.php?rest_route=%2Fwp%2Fv2%2Fmedia&parent=1896"}],"curies":[{"name":"wp","href":"https:\/\/api.w.org\/{rel}","templated":true}]}}