{"id":1899,"date":"2017-11-29T00:44:13","date_gmt":"2017-11-28T23:44:13","guid":{"rendered":"https:\/\/asurb.com\/asurb3\/?page_id=1899"},"modified":"2017-11-29T00:44:13","modified_gmt":"2017-11-28T23:44:13","slug":"savoir-faire-le-lit","status":"publish","type":"page","link":"https:\/\/asurb.com\/asurb3\/?page_id=1899","title":{"rendered":"Savoir faire le lit"},"content":{"rendered":"<p style=\"text-align: justify;\">De A\u00efcha MACKY \u2013 S\u00e9n\u00e9gal\/Niger \u2013 2013 \u2013 26 min \u2013 documentaire \u2013 VO wolof STF<br \/>\nFilm de fin d\u2019\u00e9tude du master 2 de r\u00e9alisation de documentaire de cr\u00e9ation de l\u2019universit\u00e9 Gaston Berger de St Louis du S\u00e9n\u00e9gal, promotion 2012-2013.<\/p>\n<h4 style=\"text-align: justify;\"><span style=\"color: #ff0000;\">Synopsis<\/span><\/h4>\n<p style=\"text-align: justify;\">Nig\u00e9rienne de Zinder, A\u00efcha Macky compare l&rsquo;image de la femme au S\u00e9n\u00e9gal, o\u00f9 elle a \u00e9tudi\u00e9, et au Niger, son pays d&rsquo;origine : \u00a0\u00bb Je me suis int\u00e9ress\u00e9e \u00e0 la fa\u00e7on dont on pr\u00e9pare la femme \u00e0 acqu\u00e9rir la f\u00e9minit\u00e9 d\u00e8s le berceau au S\u00e9n\u00e9gal, alors que de l\u2019autre c\u00f4t\u00e9, au Niger, la femme ne doit pas \u00eatre comme la lune qui se laisse d\u00e9couvrir mais comme le soleil qui ne se laisse pas contempler\u00a0\u00bb.<br \/>\n\u00ab\u00a0Chez moi, quand une femme rejoint la demeure conjugale, on l\u2019exhorte \u00e0 \u00ab savoir faire le lit \u00bb sans qu\u2019elle sache de quoi il retourne. En suivant la femme nig\u00e9rienne que je suis, dans mon parcours d\u2019apprentissage de l\u2019art de la s\u00e9duction au S\u00e9n\u00e9gal, le film r\u00e9v\u00e8le le secret de la pr\u00e9paration du corps \u00e0 la f\u00e9minit\u00e9.\u00a0\u00bb<br \/>\nRemarque\u00a0: le synopsis est long\u00a0; on peut, au choix, retenir l\u2019une ou l\u2019autre des citations d\u2019A.M.<\/p>\n<h4 style=\"text-align: justify;\"><span style=\"color: #ff0000;\">\u00a0La r\u00e9alisatrice<\/span><\/h4>\n<p style=\"text-align: justify;\">A\u00efcha Macky fait partie de la jeune g\u00e9n\u00e9ration de cin\u00e9astes nig\u00e9riens issus du documentaire. Elle aborde des sujets tabous avec une extr\u00eame d\u00e9licatesse et invite son public \u00e0 une r\u00e9flexion pour changer les choses. On lui avait pr\u00e9vu scandale, r\u00e9pudiation, bannissement au pays : il n\u2019en fut rien. Le film fut bien re\u00e7u, projet\u00e9 dans les \u00e9coles et les universit\u00e9s, ouvrant de nombreux d\u00e9bats, preuve que les soci\u00e9t\u00e9s africaines ne sont pas fig\u00e9es.<\/p>\n","protected":false},"excerpt":{"rendered":"<p>De A\u00efcha MACKY \u2013 S\u00e9n\u00e9gal\/Niger \u2013 2013 \u2013 26 min \u2013 documentaire \u2013 VO wolof STF Film de fin d\u2019\u00e9tude du master 2 de r\u00e9alisation de documentaire de cr\u00e9ation de [&hellip;]<\/p>\n","protected":false},"author":1,"featured_media":0,"parent":0,"menu_order":0,"comment_status":"closed","ping_status":"closed","template":"","meta":{"footnotes":""},"class_list":["post-1899","page","type-page","status-publish","hentry"],"jetpack_sharing_enabled":true,"jetpack_shortlink":"https:\/\/wp.me\/P7C6tF-uD","jetpack-related-posts":[{"id":1902,"url":"https:\/\/asurb.com\/asurb3\/?page_id=1902","url_meta":{"origin":1899,"position":0},"title":"L&rsquo;arbre sans fruit","author":"webmaster","date":"29 novembre 2017","format":false,"excerpt":"De A\u00efcha MACKY Niger \u2013 2016 \u2013 52 min -documentaire \u2013 couleur \u2013 VO STF - DCP Sc\u00e9nario\u00a0: A\u00efcha Macky \u2013 Image\u00a0: Julien BOSS\u00c9 - Son\u00a0: Corneille HOUSSOU \u2013 Montage\u00a0: Aur\u00e9lie Jourdan\u00a0 - Musique\u00a0:Dominique Peter \u2013 Interpr\u00e9tation\u00a0: Sani Elhadj Magori, Kidy A\u00efcha Macky, Clara Vuillermoz \u2013 Production\u00a0: Les films du\u2026","rel":"","context":"Article similaire","block_context":{"text":"Article similaire","link":""},"img":{"alt_text":"","src":"","width":0,"height":0},"classes":[]},{"id":1751,"url":"https:\/\/asurb.com\/asurb3\/?page_id=1751","url_meta":{"origin":1899,"position":1},"title":"Programme 2017","author":"webmaster","date":"9 octobre 2017","format":false,"excerpt":"Sommaire \u2022 S\u00e9ances ouvertes au public \u2022 S\u00e9ances scolaires \u2022 Partenaires \u2022 Membres du comit\u00e9 de parrainage \u2022 Remerciements \u2022 Pour se rendre sur les lieux MPT\u00a0G\u00e9rard Philipe \u2013\u00a0Villejuif \u00a0vendredi 24 novembre 20h30 : WALLAY de Berni Goldblat\u00a0\u2013\u00a0France\/Burkina Faso\/Qatar \u2013 2017 \u2013\u00a085 min Ady a 13 ans et n\u2019\u00e9coute plus\u2026","rel":"","context":"Article similaire","block_context":{"text":"Article similaire","link":""},"img":{"alt_text":"","src":"https:\/\/i1.wp.com\/www.asurb.com\/AsurB\/D_Images\/D_Gif_bl\/Blanc120.gif?resize=350%2C200","width":350,"height":200},"classes":[]},{"id":4601,"url":"https:\/\/asurb.com\/asurb3\/?page_id=4601","url_meta":{"origin":1899,"position":2},"title":"Takalayokos, les gardiennes du fleuve","author":"webmaster","date":"7 septembre 2025","format":false,"excerpt":"De Hassani\u00e9 Mahamat Ibrahim - Niger, Burkina Faso - 2024 - 13 min \u2013 Documentaire \u2013 VO STF \u00a0\u00c9criture et r\u00e9alisation :\u00a0 Hassani\u00e9 Mahamat IbrahimImage : Harouna Garba Zakari - Son : Amidou Ibrahim, Hassani\u00e9 Mahamat IbrahimMontage : Zady Befor - Musique originale : Aichatou Ali SoumailaProduction (structure) : HF\u2026","rel":"","context":"Article similaire","block_context":{"text":"Article similaire","link":""},"img":{"alt_text":"","src":"https:\/\/i0.wp.com\/asurb.com\/asurb3\/wp-content\/uploads\/2025\/10\/6C32A7FE0FB342C391AD387518316512-196x300.jpg?resize=350%2C200&ssl=1","width":350,"height":200},"classes":[]},{"id":319,"url":"https:\/\/asurb.com\/asurb3\/?page_id=319","url_meta":{"origin":1899,"position":3},"title":"Le cri de la mer","author":"webmaster","date":"5 juin 2016","format":false,"excerpt":"De A\u00efcha THIAM - 26 min - S\u00e9n\u00e9gal - 2008 Documentaire - couleur - DVD - version en wolof sous-titr\u00e9e en fran\u00e7ais Sc\u00e9nario : A\u00efcha Thiam ; Image : Momar Ndiaye ; Eclairage : Massata Diop ; Montage : Moussa Seydi, Cyriaque Ndi ; Son : Joseph Bass ; Production\u2026","rel":"","context":"Article similaire","block_context":{"text":"Article similaire","link":""},"img":{"alt_text":"Cri_mer_Fiche2010","src":"https:\/\/i0.wp.com\/asurb.com\/asurb3\/wp-content\/uploads\/2016\/06\/Cri_mer_Fiche2010.jpg?resize=350%2C200&ssl=1","width":350,"height":200},"classes":[]},{"id":3999,"url":"https:\/\/asurb.com\/asurb3\/?page_id=3999","url_meta":{"origin":1899,"position":4},"title":"L&rsquo;envoy\u00e9e de Dieu","author":"webmaster","date":"11 d\u00e9cembre 2023","format":false,"excerpt":"De Amina Abdoulaye Mamani - Niger\/Burkina Faso - 23 min - fiction -VOSTFEn comp\u00e9tition officielle au FESPACO 2023, ce court m\u00e9trage coproduit par Diam Production, Karekezi Film Production\u00a0et Tabou Production \u00a0a remport\u00e9 quatre prix sp\u00e9ciaux et une mention sp\u00e9ciale pour sa sensibilit\u00e9. Synopsis\u00a0 Le film retrace le parcours de Fatima,\u2026","rel":"","context":"Article similaire","block_context":{"text":"Article similaire","link":""},"img":{"alt_text":"","src":"","width":0,"height":0},"classes":[]},{"id":261,"url":"https:\/\/asurb.com\/asurb3\/?page_id=261","url_meta":{"origin":1899,"position":5},"title":"Kokoa","author":"webmaster","date":"4 juin 2016","format":false,"excerpt":"De Mustapha ALASSANE - 13 min - Niger - 2001 Animation de marionnettes - couleur - 35 mm - version originale en fran\u00e7ais - Sc\u00e9nario : Mustapha Alassane ; Production : Pom France (7, rue de la Convention, 93100 Montreuil-sous-Bois, France, tel. +33 (0)1 49 88 18 42, courriel :\u2026","rel":"","context":"Article similaire","block_context":{"text":"Article similaire","link":""},"img":{"alt_text":"Alassane_Fiche","src":"https:\/\/i0.wp.com\/asurb.com\/asurb3\/wp-content\/uploads\/2016\/06\/Alassane_Fiche.jpg?resize=350%2C200&ssl=1","width":350,"height":200},"classes":[]}],"_links":{"self":[{"href":"https:\/\/asurb.com\/asurb3\/index.php?rest_route=\/wp\/v2\/pages\/1899","targetHints":{"allow":["GET"]}}],"collection":[{"href":"https:\/\/asurb.com\/asurb3\/index.php?rest_route=\/wp\/v2\/pages"}],"about":[{"href":"https:\/\/asurb.com\/asurb3\/index.php?rest_route=\/wp\/v2\/types\/page"}],"author":[{"embeddable":true,"href":"https:\/\/asurb.com\/asurb3\/index.php?rest_route=\/wp\/v2\/users\/1"}],"replies":[{"embeddable":true,"href":"https:\/\/asurb.com\/asurb3\/index.php?rest_route=%2Fwp%2Fv2%2Fcomments&post=1899"}],"version-history":[{"count":3,"href":"https:\/\/asurb.com\/asurb3\/index.php?rest_route=\/wp\/v2\/pages\/1899\/revisions"}],"predecessor-version":[{"id":1966,"href":"https:\/\/asurb.com\/asurb3\/index.php?rest_route=\/wp\/v2\/pages\/1899\/revisions\/1966"}],"wp:attachment":[{"href":"https:\/\/asurb.com\/asurb3\/index.php?rest_route=%2Fwp%2Fv2%2Fmedia&parent=1899"}],"curies":[{"name":"wp","href":"https:\/\/api.w.org\/{rel}","templated":true}]}}