{"id":194,"date":"2016-06-04T08:20:59","date_gmt":"2016-06-04T07:20:59","guid":{"rendered":"http:\/\/www.test.asurb.com\/?page_id=194"},"modified":"2016-07-03T23:53:25","modified_gmt":"2016-07-03T21:53:25","slug":"da-monzon-la-conquete-de-samanyana","status":"publish","type":"page","link":"https:\/\/asurb.com\/asurb3\/?page_id=194","title":{"rendered":"Da Monzon, la conqu\u00eate de Samanyana"},"content":{"rendered":"<p style=\"text-align: justify;\"><a href=\"https:\/\/i0.wp.com\/asurb.com\/asurb3\/wp-content\/uploads\/2016\/06\/DaMonzon_Fiche.jpg?ssl=1\"><img data-recalc-dims=\"1\" loading=\"lazy\" decoding=\"async\" data-attachment-id=\"195\" data-permalink=\"https:\/\/asurb.com\/asurb3\/?attachment_id=195\" data-orig-file=\"https:\/\/i0.wp.com\/asurb.com\/asurb3\/wp-content\/uploads\/2016\/06\/DaMonzon_Fiche.jpg?fit=250%2C138&amp;ssl=1\" data-orig-size=\"250,138\" data-comments-opened=\"1\" data-image-meta=\"{&quot;aperture&quot;:&quot;0&quot;,&quot;credit&quot;:&quot;&quot;,&quot;camera&quot;:&quot;&quot;,&quot;caption&quot;:&quot;&quot;,&quot;created_timestamp&quot;:&quot;0&quot;,&quot;copyright&quot;:&quot;&quot;,&quot;focal_length&quot;:&quot;0&quot;,&quot;iso&quot;:&quot;0&quot;,&quot;shutter_speed&quot;:&quot;0&quot;,&quot;title&quot;:&quot;&quot;,&quot;orientation&quot;:&quot;0&quot;}\" data-image-title=\"DaMonzon_Fiche\" data-image-description=\"\" data-image-caption=\"\" data-large-file=\"https:\/\/i0.wp.com\/asurb.com\/asurb3\/wp-content\/uploads\/2016\/06\/DaMonzon_Fiche.jpg?fit=250%2C138&amp;ssl=1\" class=\"alignnone wp-image-195 size-full\" src=\"https:\/\/i0.wp.com\/asurb.com\/asurb3\/wp-content\/uploads\/2016\/06\/DaMonzon_Fiche.jpg?resize=250%2C138&#038;ssl=1\" alt=\"DaMonzon_Fiche\" width=\"250\" height=\"138\" \/><\/a><\/p>\n<p style=\"text-align: justify;\"><strong>De Sidy Fassara DIABATE &#8211; 110 min &#8211; Mali &#8211; 2010<\/strong><\/p>\n<p style=\"text-align: justify;\">Fiction \u00e0 base historique &#8211; couleur &#8211; 35 mm &#8211; version originale en bambara sous-titr\u00e9e en fran\u00e7ais.<br \/>\nSc\u00e9nario : Sidy F. Diabat\u00e9, Ibrahim Tom ; Image : M.L.Tani, Abdoulaye Som\u00e9; Son : Bakary Sangare ; Montage : Seydou Kon\u00e9 ; Musique : Bina Koumar\u00e9 ; Costumes : Kandjoura Coulibaly ; Interpr\u00e9tation: Namory Diabat\u00e9, Magma Gabriel Konat\u00e9, Abdoulaye Diabat\u00e9, Kadidia Coulibaly ; Production: Centre national de la cin\u00e9matographie du Mali (CNCM ; Tel\/Fax : +223 20 21 77 62. Courriel : cncm@sotelma.net.ml, Contact r\u00e9alisateur : fassarasidy@yahoo.fr &#8211; +223 20 21 59 13)<br \/>\nCe film a re\u00e7u le prix du meilleur d\u00e9cor au FESPACO 2011 et le prix UEMOA (Union \u00e9conomique mon\u00e9taire ouest-africaine).<\/p>\n<h4 style=\"text-align: justify;\"><span style=\"color: #ff0000;\">Synopsis<\/span><\/h4>\n<p style=\"text-align: justify;\">S\u00e9gou, ville prosp\u00e8re au bord du Niger, voit au 18\u00e8me si\u00e8cle l&rsquo;\u00e9mergence d&rsquo;un royaume bambara puissant qui ambitionne de regrouper les territoires d&#8217;empires prestigieux des temps anciens. En 1808, Da Monzon acc\u00e8de au tr\u00f4ne \u00e0 la mort de son p\u00e8re et se fixe comme objectif prioritaire de chasser Bassi le Rouquin de Samanyana d&rsquo;o\u00f9 celui-ci contr\u00f4le inflexiblement les riches territoires aurif\u00e8res du sud de S\u00e9gou. Pour venir \u00e0 bout de ce redoutable guerrier, sorcier dot\u00e9 de larges pouvoirs, le jeune souverain utilise tous les stratag\u00e8mes, usant de la ruse comme de la force : \u00abHommes forts, femmes rus\u00e9es\u00bb.Le film plonge le spectateur dans les intrigues sulfureuses de la cour royale, au milieu de d\u00e9cors et de costumes reconstitu\u00e9s avec soin ; l&rsquo;univers bambara est \u00e9galement restitu\u00e9 par la pr\u00e9sence de nombreux proverbes et m\u00e9taphores dans les dialogues.<br \/>\n\u00abJe crois que nos enfants ont besoin de films historiques. J&rsquo;ai voulu monter ce film qui parle de conqu\u00eate sans le sang car trop de sang a d\u00e9j\u00e0 \u00e9t\u00e9 vers\u00e9. J&rsquo;ai voulu aussi montrer qu&rsquo;avant la colonisation, il y avait une organisation politique en Afrique\u00bb d\u00e9clarait Sidy Diabat\u00e9 en juin 2011 \u00e0 St\u00e9phanie Dongmo.<\/p>\n<h4 style=\"text-align: justify;\"><span style=\"color: #ff0000;\">Le r\u00e9alisateur<\/span><\/h4>\n<p style=\"text-align: justify;\">Historien de formation, Sidy F. Diabat\u00e9 est actuellement en service au Centre national de cin\u00e9matographie du Mali (CNCM). Il milite pour l&rsquo;exploitation des synergies et des comp\u00e9tences nationales dans le domaine du cin\u00e9ma. Il travaille actuellement \u00e0 un projet de documentaire sur le premier d\u00e9put\u00e9 du Soudan fran\u00e7ais.<\/p>\n","protected":false},"excerpt":{"rendered":"<p>De Sidy Fassara DIABATE &#8211; 110 min &#8211; Mali &#8211; 2010 Fiction \u00e0 base historique &#8211; couleur &#8211; 35 mm &#8211; version originale en bambara sous-titr\u00e9e en fran\u00e7ais. Sc\u00e9nario : [&hellip;]<\/p>\n","protected":false},"author":1,"featured_media":0,"parent":26,"menu_order":0,"comment_status":"closed","ping_status":"closed","template":"","meta":{"footnotes":""},"class_list":["post-194","page","type-page","status-publish","hentry"],"jetpack_sharing_enabled":true,"jetpack_shortlink":"https:\/\/wp.me\/P7C6tF-38","jetpack-related-posts":[{"id":276,"url":"https:\/\/asurb.com\/asurb3\/?page_id=276","url_meta":{"origin":194,"position":0},"title":"La femme porte l&rsquo;Afrique","author":"webmaster","date":"4 juin 2016","format":false,"excerpt":"De Idrissa DIABAT\u00c9 - 52 min - C\u00f4te d\u2019Ivoire - 2009 Documentaire - couleur - 35 mm - version originale sous-titr\u00e9e en fran\u00e7ais. Sc\u00e9nario : Idrissa Diabat\u00e9 ; Image : Tony Barraud ; Montage : Constance Ryder ; Musique : Toumani Diabat\u00e9 ; Production\/Distribution : DJA-COM (106 rue Ordener, 75018\u2026","rel":"","context":"Article similaire","block_context":{"text":"Article similaire","link":""},"img":{"alt_text":"Femme_Afrique_Fiche2010","src":"https:\/\/i0.wp.com\/asurb.com\/asurb3\/wp-content\/uploads\/2016\/06\/Femme_Afrique_Fiche2010.jpg?resize=350%2C200&ssl=1","width":350,"height":200},"classes":[]},{"id":115,"url":"https:\/\/asurb.com\/asurb3\/?page_id=115","url_meta":{"origin":194,"position":1},"title":"Festival 2011","author":"webmaster","date":"3 juin 2016","format":false,"excerpt":"Du 12 au 26 novembre 2011, l'association Afrique sur Bi\u00e8vre organise la 5\u00e8me \u00e9dition du CINE REGARDS AFRICAINS \u2013 Films en Festival Dans six salles \u2022 Cin\u00e9ma la Pl\u00e9iade - 94230 Cachan \u2022 Espace Culturel Andr\u00e9 Malraux - 94270 Le Kremlin-Bic\u00eatre \u2022 Cin\u00e9ma la Tournelle - 94240 L'Hay Les Roses\u2026","rel":"","context":"Article similaire","block_context":{"text":"Article similaire","link":""},"img":{"alt_text":"","src":"","width":0,"height":0},"classes":[]},{"id":463,"url":"https:\/\/asurb.com\/asurb3\/?page_id=463","url_meta":{"origin":194,"position":2},"title":"Toiles d&rsquo;araign\u00e9es","author":"webmaster","date":"5 juin 2016","format":false,"excerpt":"Mali - 2012 - 92 min - fiction - couleur - VO bambara STF Prix de l\u2019Union Africaine au FESPACO 2013 Adapt\u00e9 du roman \u00ab Toiles d\u2019araign\u00e9es \u00bb de Ibrahima LY R\u00e9alisation : IbrahimaTOURE ; Sc\u00e9nario : IbrahimaTOURE ; Image : Mohamed Lamine TOURE ; Montage : Chantal QUAGLIO ;\u2026","rel":"","context":"Article similaire","block_context":{"text":"Article similaire","link":""},"img":{"alt_text":"Toilesdaraignees_fiche","src":"https:\/\/i0.wp.com\/asurb.com\/asurb3\/wp-content\/uploads\/2016\/06\/Toilesdaraignees_fiche.jpg?resize=350%2C200&ssl=1","width":350,"height":200},"classes":[]},{"id":443,"url":"https:\/\/asurb.com\/asurb3\/?page_id=443","url_meta":{"origin":194,"position":3},"title":"Taaf\u00e9 Fanga ( Pouvoir de pagne )","author":"webmaster","date":"5 juin 2016","format":false,"excerpt":"De Adama DRABO - 103min - Mali - 1997 Fiction\u2013 Couleur \u2013 DVD \u2013 version originale en Bambara sous-titr\u00e9e en Fran\u00e7ais Sc\u00e9nario : Adama Drabo ; Image : Lionel Cousin ; Montage : Rose Evans Decraene ; Musique : Harouna Barry ; Son : Pierre Gauthier, Elvire Lerner ; D\u00e9cors\u2026","rel":"","context":"Article similaire","block_context":{"text":"Article similaire","link":""},"img":{"alt_text":"Taafe_Fanga_Fiche","src":"https:\/\/i0.wp.com\/asurb.com\/asurb3\/wp-content\/uploads\/2016\/06\/Taafe_Fanga_Fiche.jpg?resize=350%2C200&ssl=1","width":350,"height":200},"classes":[]},{"id":1883,"url":"https:\/\/asurb.com\/asurb3\/?page_id=1883","url_meta":{"origin":194,"position":4},"title":"Maman(s)","author":"webmaster","date":"29 novembre 2017","format":false,"excerpt":"De Ma\u00efmouna DOUCOURE France\/S\u00e9n\u00e9gal -2015 \u2013 21 min - fiction \u2013 couleur \u2013 VO fran\u00e7ais Sc\u00e9nario\u00a0: Ma\u00efmouna Doucour\u00e9 \u2013 Image\u00a0: Yann Maritaud \u2013 Son\u00a0: Cl\u00e9ment Mal\u00e9o \u2013 Montage\u00a0: Sonia Franco \u2013 Musique\u00a0: Viviane N\u2019Dour \u2013 Interpr\u00e9tation\u00a0: Sokhna Diallo, Ma\u00efmouna Gueye, Abdoulaye-Azize Diabat\u00e9, Mareme N\u2019Diaye, Eriq Ebouaney Production\/Distribution\u00a0: Zangro \u2013 Bien\u2026","rel":"","context":"Article similaire","block_context":{"text":"Article similaire","link":""},"img":{"alt_text":"","src":"","width":0,"height":0},"classes":[]},{"id":773,"url":"https:\/\/asurb.com\/asurb3\/?page_id=773","url_meta":{"origin":194,"position":5},"title":"Terrem\u00e8re","author":"webmaster","date":"19 juin 2016","format":false,"excerpt":"De Aliou SOW - 32 min - S\u00e9n\u00e9gal - 2014\u00a0 fiction - couleur - VF - DVD Sc\u00e9nario : Aliou SOW - Image : Tristan Tortuyaux - Montage : Flora Volpeli\u00e8re - Son : Ludovic H\u00e9lias - Interpr\u00e9tation : Oumar Diaw, Sofiane Zermani, Hicham Ayacoubi, Mamadou Coulibaly, Almany Kanoute, Sidi\u2026","rel":"","context":"Article similaire","block_context":{"text":"Article similaire","link":""},"img":{"alt_text":"","src":"","width":0,"height":0},"classes":[]}],"_links":{"self":[{"href":"https:\/\/asurb.com\/asurb3\/index.php?rest_route=\/wp\/v2\/pages\/194","targetHints":{"allow":["GET"]}}],"collection":[{"href":"https:\/\/asurb.com\/asurb3\/index.php?rest_route=\/wp\/v2\/pages"}],"about":[{"href":"https:\/\/asurb.com\/asurb3\/index.php?rest_route=\/wp\/v2\/types\/page"}],"author":[{"embeddable":true,"href":"https:\/\/asurb.com\/asurb3\/index.php?rest_route=\/wp\/v2\/users\/1"}],"replies":[{"embeddable":true,"href":"https:\/\/asurb.com\/asurb3\/index.php?rest_route=%2Fwp%2Fv2%2Fcomments&post=194"}],"version-history":[{"count":2,"href":"https:\/\/asurb.com\/asurb3\/index.php?rest_route=\/wp\/v2\/pages\/194\/revisions"}],"predecessor-version":[{"id":883,"href":"https:\/\/asurb.com\/asurb3\/index.php?rest_route=\/wp\/v2\/pages\/194\/revisions\/883"}],"up":[{"embeddable":true,"href":"https:\/\/asurb.com\/asurb3\/index.php?rest_route=\/wp\/v2\/pages\/26"}],"wp:attachment":[{"href":"https:\/\/asurb.com\/asurb3\/index.php?rest_route=%2Fwp%2Fv2%2Fmedia&parent=194"}],"curies":[{"name":"wp","href":"https:\/\/api.w.org\/{rel}","templated":true}]}}