{"id":198,"date":"2016-06-04T08:34:22","date_gmt":"2016-06-04T07:34:22","guid":{"rendered":"http:\/\/www.test.asurb.com\/?page_id=198"},"modified":"2016-07-04T00:11:29","modified_gmt":"2016-07-03T22:11:29","slug":"daratt-saison-seche","status":"publish","type":"page","link":"https:\/\/asurb.com\/asurb3\/?page_id=198","title":{"rendered":"Daratt ( saison s\u00e8che )"},"content":{"rendered":"<p style=\"text-align: justify;\"><a href=\"https:\/\/i0.wp.com\/asurb.com\/asurb3\/wp-content\/uploads\/2016\/06\/Daratt_Fiche.jpg?ssl=1\"><img data-recalc-dims=\"1\" loading=\"lazy\" decoding=\"async\" data-attachment-id=\"199\" data-permalink=\"https:\/\/asurb.com\/asurb3\/?attachment_id=199\" data-orig-file=\"https:\/\/i0.wp.com\/asurb.com\/asurb3\/wp-content\/uploads\/2016\/06\/Daratt_Fiche.jpg?fit=250%2C138&amp;ssl=1\" data-orig-size=\"250,138\" data-comments-opened=\"1\" data-image-meta=\"{&quot;aperture&quot;:&quot;0&quot;,&quot;credit&quot;:&quot;&quot;,&quot;camera&quot;:&quot;&quot;,&quot;caption&quot;:&quot;&quot;,&quot;created_timestamp&quot;:&quot;0&quot;,&quot;copyright&quot;:&quot;&quot;,&quot;focal_length&quot;:&quot;0&quot;,&quot;iso&quot;:&quot;0&quot;,&quot;shutter_speed&quot;:&quot;0&quot;,&quot;title&quot;:&quot;&quot;,&quot;orientation&quot;:&quot;0&quot;}\" data-image-title=\"Daratt_Fiche\" data-image-description=\"\" data-image-caption=\"\" data-large-file=\"https:\/\/i0.wp.com\/asurb.com\/asurb3\/wp-content\/uploads\/2016\/06\/Daratt_Fiche.jpg?fit=250%2C138&amp;ssl=1\" class=\"alignnone wp-image-199 size-full\" src=\"https:\/\/i0.wp.com\/asurb.com\/asurb3\/wp-content\/uploads\/2016\/06\/Daratt_Fiche.jpg?resize=250%2C138&#038;ssl=1\" alt=\"Daratt_Fiche\" width=\"250\" height=\"138\" \/><\/a><\/p>\n<p style=\"text-align: justify;\"><strong>De Mahamat-Saleh HAROUN &#8211; 95 min -Tchad &#8211; 2006 &#8211; VF et arabe tchadien STF<\/strong><\/p>\n<p style=\"text-align: justify;\">Fiction &#8211; couleur &#8211; 35mm &#8211; version fran\u00e7aise et arabe tchadien sous titr\u00e9e en fran\u00e7ais<br \/>\nSc\u00e9nario : Mahamat-Saleh Haroun ; Images : Abraham Hail\u00e9 Biru ; Montage : Marie-H\u00e9l\u00e8ne Dozo; Musique : Wasis Diop; Son: Dana Farzanehpour ; D\u00e9cor : Ledoux Lodinamou Madeona ; Costumes : Fatim\u00e9 Lamana, Val\u00e9rie Wadar ; Interpr\u00e9tation : Ibrahim Ali Bacha Barkai, Khayar Oumar Defallah, Youssouf Djaoro, Fatim\u00e9 Hadje, Aziza Hisseine, Djibril ; Production : Arte France cin\u00e9ma, Chinguitty Films (A. Sissako,154 rue Oberkampf, 75019 Paris, tel\/fax : 33 (0) 1 48 07 59 19, chinguittyfilms@club-internet.fr), Entre Chien et Loup, Goi-Goi Productions (M.S. Haroun, BP 5875, N\u2019Djam\u00e9na, tel\/fax : 00 235 129 92 64), Illuminations Films, Pyramide international ; Distribution : AP Ma\u00f1ana, Lib\u00e9ration Films, Pyramide Distribution (http:\/\/pyramidefilms.com\/&#8230;)<br \/>\nLe film a obtenu l\u2019 Etalon de bronze de Yennenga au Festival Panafricain de Cin\u00e9ma et de T\u00e9l\u00e9vision de Ouagadougou 2007, le Tanit d\u2019argent aux Journ\u00e9es Cin\u00e9matographiques de Carthage 2006, et le Prix sp\u00e9cial du jury au Festival International Du Cin\u00e9ma De Venise 2006.<\/p>\n<h4 style=\"text-align: justify;\"><span style=\"color: #ff0000;\">Synopsis<\/span><\/h4>\n<p style=\"text-align: justify;\">\u00c0 quinze ans, Atim part \u00e0 la recherche de celui qui a tu\u00e9 son p\u00e8re. Il y a bien longtemps, deux mois avant sa naissance\u2026 Il arrive \u00e0 N&rsquo;djam\u00e9na, la capitale du Tchad, et m\u00e8ne son enqu\u00eate pour retrouver Abdallah Nassara, l&rsquo;assassin\u2026<br \/>\nCe dernier, ancien criminel de guerre, est aujourd&rsquo;hui rang\u00e9 : c&rsquo;est un homme d&rsquo;une soixantaine d&rsquo;ann\u00e9es, respectable et respect\u00e9. Il est patron d&rsquo;une petite boulangerie\u2026<br \/>\nAtim arrive \u00e0 se faire embaucher comme apprenti dans la boulangerie\u2026 Nassara, qui ignore tout d&rsquo;Atim, le prend sous son aile et lui apprend l&rsquo;art et la mani\u00e8re de fabriquer du pain\u2026 Une initiation. Une \u00e9trange relation se tisse entre les deux, attir\u00e9s l&rsquo;un par l&rsquo;autre. : Atim trouve chez cet homme la figure paternelle qui lui a toujours manqu\u00e9 ; de son c\u00f4t\u00e9, Nassara d\u00e9couvre chez l&rsquo;adolescent, un fils potentiel. Il propose m\u00eame de l&rsquo;adopter\u2026 Mais peut-on \u00e9chapper \u00e0 son destin ?<br \/>\n\u00ab [Le film] traite de l\u2019apprentissage mais il traite aussi du pardon et de sa n\u00e9cessit\u00e9 imp\u00e9rieuse pour pouvoir grandir \u00bb (Mahamat-Saleh Haroun).<\/p>\n<h4 style=\"text-align: justify;\"><span style=\"color: #ff0000;\">Le r\u00e9alisateur<\/span><\/h4>\n<p style=\"text-align: justify;\">Mahamat-Saleh Haroun est n\u00e9 \u00e0 Ab\u00e9ch\u00e9 (Tchad) en 1961. Apr\u00e8s avoir suivi les cours du Conservatoire Libre du Cin\u00e9ma Fran\u00e7ais, et \u00e9tudi\u00e9 le journalisme \u00e0 Bordeaux, il a travaill\u00e9 pendant cinq ans dans la presse r\u00e9gionale et sur une radio libre locale. En 1994, il revient au cin\u00e9ma et tourne son premier court m\u00e9trage. En 1996, il r\u00e9alise un documentaire-portrait : \u00ab Sotigui Kouyat\u00e9 \u00bb. \u00ab Bye Bye Africa \u00bb (1999) est son premier long-m\u00e9trage. En 2002, \u00ab Abouna \u00bb est s\u00e9lectionn\u00e9 au Festival de Cannes, dans la Quinzaine des r\u00e9alisateurs. Apr\u00e8s \u00ab Daratt \u00bb, Mahamat-Saleh Haroun r\u00e9alise en 2008 un t\u00e9l\u00e9film : \u00ab Sexe, gombo et beurre sal\u00e9 \u00bb.<\/p>\n","protected":false},"excerpt":{"rendered":"<p>De Mahamat-Saleh HAROUN &#8211; 95 min -Tchad &#8211; 2006 &#8211; VF et arabe tchadien STF Fiction &#8211; couleur &#8211; 35mm &#8211; version fran\u00e7aise et arabe tchadien sous titr\u00e9e en fran\u00e7ais [&hellip;]<\/p>\n","protected":false},"author":1,"featured_media":0,"parent":26,"menu_order":0,"comment_status":"closed","ping_status":"closed","template":"","meta":{"footnotes":""},"class_list":["post-198","page","type-page","status-publish","hentry"],"jetpack_sharing_enabled":true,"jetpack_shortlink":"https:\/\/wp.me\/P7C6tF-3c","jetpack-related-posts":[{"id":1047,"url":"https:\/\/asurb.com\/asurb3\/?page_id=1047","url_meta":{"origin":198,"position":0},"title":"Un homme qui crie","author":"webmaster","date":"18 octobre 2016","format":false,"excerpt":"De Mahamat-Saleh HAROUN\u00a0Tchad \u2013 2010 De Mahamat-Saleh HAROUN\u00a0Tchad \u2013 2010 \u2013 92 min \u2013 fiction \u2013 couleur \u2013 35 mm \u2013 vo fran\u00e7ais, arabe ST fran\u00e7ais Sc\u00e9nario\u00a0: Mahamat-Saleh HAROUN\u00a0- Image\u00a0: Laurent BRUNET\u00a0- Montage\u00a0: Marie-H\u00e9l\u00e8ne DOZO\u00a0- Musique\u00a0: Wasis DIOP\u00a0- Son\u00a0: Dana FARZANEHPOUR\u00a0- D\u00e9cors\u00a0: Madeona LEDOUX\u00a0- Costumes\u00a0: C\u00e9line DELAIRE\u00a0Interpr\u00e9tation\u00a0: Youssouf DJAORO, Diouc\u2026","rel":"","context":"Article similaire","block_context":{"text":"Article similaire","link":""},"img":{"alt_text":"un-homme-qui-crie-95","src":"https:\/\/i0.wp.com\/asurb.com\/asurb3\/wp-content\/uploads\/2016\/10\/un-homme-qui-crie-95-300x200.jpg?resize=350%2C200&ssl=1","width":350,"height":200},"classes":[]},{"id":3380,"url":"https:\/\/asurb.com\/asurb3\/?page_id=3380","url_meta":{"origin":198,"position":1},"title":"Lingui, les liens sacr\u00e9s","author":"webmaster","date":"7 septembre 2022","format":false,"excerpt":"De Mahamat \u2013 SALEH HAROUN \u2013 Tchad \u2013 2021 -88 min \u2013 fiction \u2013 couleur \u2013 VO fran\u00e7ais et arabe tchadien STF En comp\u00e9tition officielle \u00e0 Cannes (2021) pour la Palme d\u2019or Sc\u00e9nario\u00a0: Mahamat Saleh HAROUN \u2013 Image\u00a0: Mathieu Giombini \u2013 Montage\u00a0: Marie-H\u00e9l\u00e8ne Dozo \u2013 Son\u00a0: Thomas Bouric \u2013 Musique\u00a0:\u2026","rel":"","context":"Article similaire","block_context":{"text":"Article similaire","link":""},"img":{"alt_text":"","src":"","width":0,"height":0},"classes":[]},{"id":2459,"url":"https:\/\/asurb.com\/asurb3\/?page_id=2459","url_meta":{"origin":198,"position":2},"title":"Une saison en France","author":"webmaster","date":"5 juin 2019","format":false,"excerpt":"De Mahamat -Saleh HAROUN \u2013 France \u2013 2017 \u2013 97 min \u2013 fiction \u2013 couleur -VO fran\u00e7ais \u00a0- DCP Sc\u00e9nario : Mahamat-Saleh HAROUN - Image : Mathieu GIOMBINI - Montage : Marie-H\u00e9l\u00e8ne DOZO - Musique : Wasis DIOP - Son : Dana FARZANEHPOUR - D\u00e9cors : Eric BARBOZA - Costumes\u2026","rel":"","context":"Article similaire","block_context":{"text":"Article similaire","link":""},"img":{"alt_text":"","src":"https:\/\/i0.wp.com\/asurb.com\/asurb3\/wp-content\/uploads\/2018\/10\/une-saison-en-France.jpg?resize=350%2C200&ssl=1","width":350,"height":200},"classes":[]},{"id":2850,"url":"https:\/\/asurb.com\/asurb3\/?page_id=2850","url_meta":{"origin":198,"position":3},"title":"Talking about trees","author":"webmaster","date":"12 ao\u00fbt 2020","format":false,"excerpt":"Talking about trees - De Suhaib Gasmelbari \u2013 Soudan,France,Allemagne,Tchad,Qatar \u2013 2018 \u2013 94 min \u2013 documentaire \u2013 couleur \u2013 VO arabe STF- DCP -Visa\u00a0:143001 Le titre du film, \u00ab\u00a0parler avec les arbres\u00a0\u00bb est emprunt\u00e9 \u00e0 un po\u00e8me de Bertolt Brecht,\u00a0\u00ab A ceux qui viendront apr\u00e8s nous\u00a0\u00bb. Avec Ibrahim Shaddad, Suliman\u2026","rel":"","context":"Article similaire","block_context":{"text":"Article similaire","link":""},"img":{"alt_text":"","src":"","width":0,"height":0},"classes":[]},{"id":3866,"url":"https:\/\/asurb.com\/asurb3\/?page_id=3866","url_meta":{"origin":198,"position":4},"title":"Amchilini (Choisis-moi)","author":"webmaster","date":"25 octobre 2023","format":false,"excerpt":"De Allamine Kader KORA -\u00a0 Tchad, C\u00f4te-d'Ivoire, France - 2023 - 69 minutes- Documentaire -VO arabe tchadien STF Sc\u00e9nario\u00a0: Allamine Kader Kora , Assistance de r\u00e9alisation\u00a0: MadjiyamLouange, M\u00e9lanie Nichakb\u00e9, Image :Aliou Thiam, H\u00e9l\u00e8ne Pot\u00e9 , Son : Christian Laotol Djedouboum, Montage :C\u00e9cile Boutain, Jean-Fran\u00e7ois Hautin, Mixage : Pierre-Emmanuel Guinois, \u00c9talonnage\u2026","rel":"","context":"Article similaire","block_context":{"text":"Article similaire","link":""},"img":{"alt_text":"","src":"","width":0,"height":0},"classes":[]},{"id":4601,"url":"https:\/\/asurb.com\/asurb3\/?page_id=4601","url_meta":{"origin":198,"position":5},"title":"Takalayokos, les gardiennes du fleuve","author":"webmaster","date":"7 septembre 2025","format":false,"excerpt":"De Hassani\u00e9 Mahamat Ibrahim - Niger, Burkina Faso - 2024 - 13 min \u2013 Documentaire \u2013 VO STF \u00a0\u00c9criture et r\u00e9alisation :\u00a0 Hassani\u00e9 Mahamat IbrahimImage : Harouna Garba Zakari - Son : Amidou Ibrahim, Hassani\u00e9 Mahamat IbrahimMontage : Zady Befor - Musique originale : Aichatou Ali SoumailaProduction (structure) : HF\u2026","rel":"","context":"Article similaire","block_context":{"text":"Article similaire","link":""},"img":{"alt_text":"","src":"https:\/\/i0.wp.com\/asurb.com\/asurb3\/wp-content\/uploads\/2025\/10\/6C32A7FE0FB342C391AD387518316512-196x300.jpg?resize=350%2C200&ssl=1","width":350,"height":200},"classes":[]}],"_links":{"self":[{"href":"https:\/\/asurb.com\/asurb3\/index.php?rest_route=\/wp\/v2\/pages\/198","targetHints":{"allow":["GET"]}}],"collection":[{"href":"https:\/\/asurb.com\/asurb3\/index.php?rest_route=\/wp\/v2\/pages"}],"about":[{"href":"https:\/\/asurb.com\/asurb3\/index.php?rest_route=\/wp\/v2\/types\/page"}],"author":[{"embeddable":true,"href":"https:\/\/asurb.com\/asurb3\/index.php?rest_route=\/wp\/v2\/users\/1"}],"replies":[{"embeddable":true,"href":"https:\/\/asurb.com\/asurb3\/index.php?rest_route=%2Fwp%2Fv2%2Fcomments&post=198"}],"version-history":[{"count":6,"href":"https:\/\/asurb.com\/asurb3\/index.php?rest_route=\/wp\/v2\/pages\/198\/revisions"}],"predecessor-version":[{"id":885,"href":"https:\/\/asurb.com\/asurb3\/index.php?rest_route=\/wp\/v2\/pages\/198\/revisions\/885"}],"up":[{"embeddable":true,"href":"https:\/\/asurb.com\/asurb3\/index.php?rest_route=\/wp\/v2\/pages\/26"}],"wp:attachment":[{"href":"https:\/\/asurb.com\/asurb3\/index.php?rest_route=%2Fwp%2Fv2%2Fmedia&parent=198"}],"curies":[{"name":"wp","href":"https:\/\/api.w.org\/{rel}","templated":true}]}}