{"id":214,"date":"2016-06-04T16:31:07","date_gmt":"2016-06-04T15:31:07","guid":{"rendered":"http:\/\/www.test.asurb.com\/?page_id=214"},"modified":"2016-06-04T16:31:07","modified_gmt":"2016-06-04T15:31:07","slug":"en-attendant-le-vote","status":"publish","type":"page","link":"https:\/\/asurb.com\/asurb3\/?page_id=214","title":{"rendered":"En attendant le vote"},"content":{"rendered":"<p style=\"text-align: justify;\"><a href=\"https:\/\/i0.wp.com\/asurb.com\/asurb3\/wp-content\/uploads\/2016\/06\/Vote_Fiche.jpg?ssl=1\"><img data-recalc-dims=\"1\" loading=\"lazy\" decoding=\"async\" data-attachment-id=\"215\" data-permalink=\"https:\/\/asurb.com\/asurb3\/?attachment_id=215\" data-orig-file=\"https:\/\/i0.wp.com\/asurb.com\/asurb3\/wp-content\/uploads\/2016\/06\/Vote_Fiche.jpg?fit=250%2C138&amp;ssl=1\" data-orig-size=\"250,138\" data-comments-opened=\"1\" data-image-meta=\"{&quot;aperture&quot;:&quot;0&quot;,&quot;credit&quot;:&quot;&quot;,&quot;camera&quot;:&quot;&quot;,&quot;caption&quot;:&quot;&quot;,&quot;created_timestamp&quot;:&quot;0&quot;,&quot;copyright&quot;:&quot;&quot;,&quot;focal_length&quot;:&quot;0&quot;,&quot;iso&quot;:&quot;0&quot;,&quot;shutter_speed&quot;:&quot;0&quot;,&quot;title&quot;:&quot;&quot;,&quot;orientation&quot;:&quot;0&quot;}\" data-image-title=\"Vote_Fiche\" data-image-description=\"\" data-image-caption=\"\" data-large-file=\"https:\/\/i0.wp.com\/asurb.com\/asurb3\/wp-content\/uploads\/2016\/06\/Vote_Fiche.jpg?fit=250%2C138&amp;ssl=1\" class=\"size-full wp-image-215 alignnone\" src=\"https:\/\/i0.wp.com\/asurb.com\/asurb3\/wp-content\/uploads\/2016\/06\/Vote_Fiche.jpg?resize=250%2C138&#038;ssl=1\" alt=\"Vote_Fiche\" width=\"250\" height=\"138\" \/><\/a><\/p>\n<p style=\"text-align: justify;\"><strong>De Missa HEBIE &#8211; 100 min \u2013 Burkina Faso \u20132010<\/strong><\/p>\n<p style=\"text-align: justify;\">Fiction &#8211; couleur &#8211; 35 min &#8211; VOSTF.<br \/>\nAdaptation,sc\u00e9nario : Missa H\u00e9bi\u00e9, Marcel Beaulieu ; Image : Fr\u00e9d\u00e9ric Serve ; Son : L\u00e9onard Soubeiga ; Montage : Idit Blochet, Montandi Ouoba ; Musique : Wasis Diop ; D\u00e9cor : Rasman\u00e9 Tiendrebeogo ;<br \/>\nInterpr\u00e9tation : Barou Oumar Ouedraogo, Serge Bayala, Ibrahima M&rsquo;Baye, Habib Demb\u00e9l\u00e9, Maxime Sawadogo, Samira Sawadogo,Kary Coulibaly.<br \/>\nProduction : FASO Films.com.Courriel : fasofilms@yahoo.fr ; producteur d\u00e9l\u00e9gu\u00e9 : Noraogo Sawadogo , Tel : +226 70 25 47 42 ; Fax : +226 50 34 63 63 ;courriel : noraogosawadogo@yahoo.fr ; Distribution : Qualia Films, 40,rue Truffaut, 75017 Paris;Tel : 09 51 26 31 72 ;courriel : contact@qualiafilms.fr<br \/>\nPrix de la meilleure musique (Wasis Diop)et Mention sp\u00e9ciale du jury pour l&rsquo;adaptation d&rsquo;un chef-d&rsquo;oeuvre de la litt\u00e9rature africaine au FESPACO 2011.<\/p>\n<h4 style=\"text-align: justify;\"><span style=\"color: #ff0000;\">Synopsis<\/span><\/h4>\n<p style=\"text-align: justify;\">Koyaga, ancien tirailleur africain d\u00e9mobilis\u00e9 avec les ind\u00e9pendances, s&rsquo;est autoproclam\u00e9 pr\u00e9sident de la R\u00e9publique du Golfe. Dictateur sanguinaire et calculateur, il r\u00e8gne sans partage depuis plus de vingt ans. Victime d&rsquo;un attentat<br \/>\npr\u00e9par\u00e9 par des opposants syndicalistes et journalistes, il trouve refuge dans son village pour r\u00e9cup\u00e9rer la m\u00e9t\u00e9orite de sa maman Nadjouma et le Saint Coran du marabout Bokano, les deux fondements du \u00ab pouvoir \u00bb du Mar\u00e9chal-Pr\u00e9sident. Lors d&rsquo;une veill\u00e9e purificatoire dirig\u00e9e par le griot musicien de la confr\u00e9rie des chasseurs et Ti\u00e9cora, le bouffon \u00ab r\u00e9pondeur \u00bb, il \u00e9coute au cours d&rsquo;une \u00ab donsomana \u00bb(geste expiatoire) le r\u00e9cit cathartique de sa vie. Toute la v\u00e9rit\u00e9 doit \u00eatre dite sur ses origines \u00ab mythiques \u00bb, sa dictature tyrannique, ses mensonges et ses crimes. Pendant cette m\u00eame nuit, Dalm\u00e9da, le chef des opposants, doit s&rsquo;enfuir pour \u00e9chapper \u00e0 la traque des \u00ab lycaons \u00bb,hommes de main de Koyaga<br \/>\nMissa H\u00e9bi\u00e9, qui a travaill\u00e9 au projet de ce film pendant sept ans, a d\u00e9clar\u00e9 :\u00abJ&rsquo;ai essay\u00e9 d&rsquo;allier modernisme et tradition. A.Kourouma est un grand traditionaliste et je crois que je lui ai fait honneur en associant les deux.\u00bb<br \/>\nQuand on lui fait remarquer que les r\u00e9voltes r\u00e9centes qui sont intervenues contre des r\u00e9gimes dictatoriaux conf\u00e8rent au film une actualit\u00e9 br\u00fblante, il se dit content de cet aspect pr\u00e9monitoire auquel il ne pensait pas au moment de la r\u00e9alisation. Aux spectateurs de recevoir ce film et de lui donner le sens qui leur convient.<br \/>\n\u00abEn attendant le vote\u00bb, au del\u00e0 de la mise en sc\u00e8ne d&rsquo;un rituel dramatique puissant, d\u00e9cline plusieurs formes de pouvoirs, leur ancrage, leur exercice, leurs d\u00e9rives et les r\u00e9actions qu&rsquo;ils induisent : respect, soumission, flagornerie, r\u00e9volte, meurtre et trahison dans la soci\u00e9t\u00e9 moderne comme dans la tradition.<\/p>\n<h4 style=\"text-align: justify;\"><span style=\"color: #ff0000;\">Le r\u00e9alisateur<\/span><\/h4>\n<p style=\"text-align: justify;\">Missa H\u00e9bi\u00e9,ancien instituteur, se consacre au cin\u00e9ma apr\u00e8s son passage \u00e0 l&rsquo;Institut africain d&rsquo;\u00e9ducation cin\u00e9matographique (INAFEC) de Ouagadougou. Il compl\u00e8te sa formation par des stages en Europe et au Canada. Il a r\u00e9alis\u00e9 un premier long m\u00e9trage,\u00able Fauteuil\u00bb en 2009, des s\u00e9ries t\u00e9l\u00e9vis\u00e9es \u00e0 succ\u00e8s :\u00abL&rsquo;as du lyc\u00e9e\u00bb (2008),\u00abCommissariat de Tampy \u00bb(2006),\u00abSita\u00bb, et \u00abDjarobi\u00bb, un court m\u00e9trage de fiction en 2003. Il a \u00e9galement occup\u00e9 des postes administratifs, notamment celui d&rsquo;adjoint du secr\u00e9taire permanent du FESPACO en 1987, et de directeur adjoint des programmes de la T\u00e9l\u00e9vision nationale du Burkina Faso.<\/p>\n","protected":false},"excerpt":{"rendered":"<p>De Missa HEBIE &#8211; 100 min \u2013 Burkina Faso \u20132010 Fiction &#8211; couleur &#8211; 35 min &#8211; VOSTF. Adaptation,sc\u00e9nario : Missa H\u00e9bi\u00e9, Marcel Beaulieu ; Image : Fr\u00e9d\u00e9ric Serve ; [&hellip;]<\/p>\n","protected":false},"author":1,"featured_media":0,"parent":26,"menu_order":0,"comment_status":"closed","ping_status":"closed","template":"","meta":{"footnotes":""},"class_list":["post-214","page","type-page","status-publish","hentry"],"jetpack_sharing_enabled":true,"jetpack_shortlink":"https:\/\/wp.me\/P7C6tF-3s","jetpack-related-posts":[{"id":232,"url":"https:\/\/asurb.com\/asurb3\/?page_id=232","url_meta":{"origin":214,"position":0},"title":"Humanitaire","author":"webmaster","date":"4 juin 2016","format":false,"excerpt":"De Adama ROAMBA \u2013 16 min \u2013 Burkina Faso \u2013 2006 \u2013 VF Fiction \u2013 couleur \u2013 35 mm \u2013 Version fran\u00e7aise Prix sp\u00e9cial Sant\u00e9 et S\u00e9curit\u00e9 au travail au FESPACO* 2007. Sc\u00e9nario : Adama Roamba ; Image : Paul Djibila ; Montage : Neomi de Fouchier ; Son :\u2026","rel":"","context":"Article similaire","block_context":{"text":"Article similaire","link":""},"img":{"alt_text":"Humanitaire_Fiche","src":"https:\/\/i0.wp.com\/asurb.com\/asurb3\/wp-content\/uploads\/2016\/06\/Humanitaire_Fiche.jpg?resize=350%2C200&ssl=1","width":350,"height":200},"classes":[]},{"id":457,"url":"https:\/\/asurb.com\/asurb3\/?page_id=457","url_meta":{"origin":214,"position":1},"title":"Timpoko","author":"webmaster","date":"5 juin 2016","format":false,"excerpt":"De Serge Armel SAWADOGO - 14 min - Burkina Faso - 2008 Fiction - couleur - 35mm - version originale sous-titr\u00e9e en fran\u00e7ais Sc\u00e9nario : Serge Armel Sawadogo ; Image : Paul Djibila ; Montage : Marjorie Mirailh ; Musique : Aboubacar Sanfo ; Son : Issa Traor\u00e9 ; D\u00e9cor\u2026","rel":"","context":"Article similaire","block_context":{"text":"Article similaire","link":""},"img":{"alt_text":"Timpoko_Fiche2010","src":"https:\/\/i0.wp.com\/asurb.com\/asurb3\/wp-content\/uploads\/2016\/06\/Timpoko_Fiche2010.jpg?resize=350%2C200&ssl=1","width":350,"height":200},"classes":[]},{"id":267,"url":"https:\/\/asurb.com\/asurb3\/?page_id=267","url_meta":{"origin":214,"position":2},"title":"L&rsquo;arbre aux esprits","author":"webmaster","date":"4 juin 2016","format":false,"excerpt":"De Cilia SAWADOGO - 45 min - Burkina Faso - 2005 Film d\u2019animation - couleur - DVD - version fran\u00e7aise Distribution : Delphis Films (5455 De Gaspe Ave., Suite 803 Montreal, Quebec H2T 3B3 Tel.: 514-843-3355) ; Contact : Marie-Soleil Courcy (courriel : mscourcy@delphisfilms.com). Synopsis Ce conte merveilleux puise dans\u2026","rel":"","context":"Article similaire","block_context":{"text":"Article similaire","link":""},"img":{"alt_text":"Larbre_Fiche","src":"https:\/\/i0.wp.com\/asurb.com\/asurb3\/wp-content\/uploads\/2016\/06\/Larbre_Fiche.jpg?resize=350%2C200&ssl=1","width":350,"height":200},"classes":[]},{"id":435,"url":"https:\/\/asurb.com\/asurb3\/?page_id=435","url_meta":{"origin":214,"position":3},"title":"Sibi, l&rsquo;ame du violon","author":"webmaster","date":"5 juin 2016","format":false,"excerpt":"De Michel K. ZONGO - 38 min - Burkina Faso - 2010 Documentaire - couleur - DVD - version originale en moor\u00e9 sous-titr\u00e9e en fran\u00e7ais Sc\u00e9nario et Image : Michel K. Zongo ; Montage : Berni Goldblat ; Musique : Sibi Zongo, Smockey ; Son : Moumouni Jupiter Sodr\u00e9 ;\u2026","rel":"","context":"Article similaire","block_context":{"text":"Article similaire","link":""},"img":{"alt_text":"Sibi_Fiche","src":"https:\/\/i0.wp.com\/asurb.com\/asurb3\/wp-content\/uploads\/2016\/06\/Sibi_Fiche.jpg?resize=350%2C200&ssl=1","width":350,"height":200},"classes":[]},{"id":1002,"url":"https:\/\/asurb.com\/asurb3\/?page_id=1002","url_meta":{"origin":214,"position":4},"title":"L\u2019oeil du cyclone","author":"webmaster","date":"12 octobre 2016","format":false,"excerpt":"De S\u00e9kou TRAORE - Burkina Faso - 2015 De S\u00e9kou TRAORE - Burkina Faso \u2013 2015 \u2013 101 min \u2013 fiction \u2013 couleur \u2013 VO fran\u00e7ais \u2013 HD \/DCP\/ Blu-ray Sc\u00e9nario : Luis Marqu\u00e8s, Christophe Lemoine \u2013 Image\u00a0: Pascal Baillargeau \u2013 Son\u00a0: Siribi\u00e9 Lasina \u2013 Montage\u00a0: Isabelle Proust - Interpr\u00e9tation\u00a0:\u00a0Fargass\u2026","rel":"","context":"Article similaire","block_context":{"text":"Article similaire","link":""},"img":{"alt_text":"oeil-du-cyclone","src":"https:\/\/i0.wp.com\/asurb.com\/asurb3\/wp-content\/uploads\/2016\/10\/Oeil-du-cyclone-300x169.jpg?resize=350%2C200&ssl=1","width":350,"height":200},"classes":[]},{"id":226,"url":"https:\/\/asurb.com\/asurb3\/?page_id=226","url_meta":{"origin":214,"position":5},"title":"Faro la reine des eaux","author":"webmaster","date":"4 juin 2016","format":false,"excerpt":"De Salif TRAOR\u00c9 \u2013 96 min \u2013 Mali \u2013 2007 \u2013 VOSTF Fiction \u2013 couleur \u2013 35 mm \u2013 Version originale en bambara, sous titr\u00e9e en fran\u00e7ais Ce film a fait l\u2019ouverture du FESPACO*, a \u00e9t\u00e9 s\u00e9lectionn\u00e9 au festival de Berlin (section forum) et au festival de Toronto en 2007.\u2026","rel":"","context":"Article similaire","block_context":{"text":"Article similaire","link":""},"img":{"alt_text":"Faro_Fiche","src":"https:\/\/i0.wp.com\/asurb.com\/asurb3\/wp-content\/uploads\/2016\/06\/Faro_Fiche.jpg?resize=350%2C200&ssl=1","width":350,"height":200},"classes":[]}],"_links":{"self":[{"href":"https:\/\/asurb.com\/asurb3\/index.php?rest_route=\/wp\/v2\/pages\/214","targetHints":{"allow":["GET"]}}],"collection":[{"href":"https:\/\/asurb.com\/asurb3\/index.php?rest_route=\/wp\/v2\/pages"}],"about":[{"href":"https:\/\/asurb.com\/asurb3\/index.php?rest_route=\/wp\/v2\/types\/page"}],"author":[{"embeddable":true,"href":"https:\/\/asurb.com\/asurb3\/index.php?rest_route=\/wp\/v2\/users\/1"}],"replies":[{"embeddable":true,"href":"https:\/\/asurb.com\/asurb3\/index.php?rest_route=%2Fwp%2Fv2%2Fcomments&post=214"}],"version-history":[{"count":1,"href":"https:\/\/asurb.com\/asurb3\/index.php?rest_route=\/wp\/v2\/pages\/214\/revisions"}],"predecessor-version":[{"id":216,"href":"https:\/\/asurb.com\/asurb3\/index.php?rest_route=\/wp\/v2\/pages\/214\/revisions\/216"}],"up":[{"embeddable":true,"href":"https:\/\/asurb.com\/asurb3\/index.php?rest_route=\/wp\/v2\/pages\/26"}],"wp:attachment":[{"href":"https:\/\/asurb.com\/asurb3\/index.php?rest_route=%2Fwp%2Fv2%2Fmedia&parent=214"}],"curies":[{"name":"wp","href":"https:\/\/api.w.org\/{rel}","templated":true}]}}