{"id":2154,"date":"2018-11-24T10:40:12","date_gmt":"2018-11-24T09:40:12","guid":{"rendered":"https:\/\/asurb.com\/asurb3\/?page_id=2154"},"modified":"2021-08-30T12:12:20","modified_gmt":"2021-08-30T10:12:20","slug":"festival-2018","status":"publish","type":"page","link":"https:\/\/asurb.com\/asurb3\/?page_id=2154","title":{"rendered":"Festival 2020"},"content":{"rendered":"<p><span style=\"color: #595959; font-family: verdana, Arial, Helvetica, Swiss, SunSan-regular;\">Le festival 2020 qui devait avoir lieu du vendredi 20 au dimanche 29 novembre 2020\u00a0 n&rsquo;a pas pu avoir lieu suite aux mesures de confinement prises en raison de l&rsquo;\u00e9pid\u00e9mie de Covid 19.<\/span><\/p>\n<p><span style=\"color: #595959; font-family: verdana, Arial, Helvetica, Swiss, SunSan-regular;\"><b>Afrique sur Bi\u00e8vre<br \/>\n<\/b>courriel : asurb[@laposte.net<\/span><\/p>\n<p>&nbsp;<\/p>\n","protected":false},"excerpt":{"rendered":"<p>Le festival 2020 qui devait avoir lieu du vendredi 20 au dimanche 29 novembre 2020\u00a0 n&rsquo;a pas pu avoir lieu suite aux mesures de confinement prises en raison de l&rsquo;\u00e9pid\u00e9mie [&hellip;]<\/p>\n","protected":false},"author":1,"featured_media":0,"parent":23,"menu_order":0,"comment_status":"closed","ping_status":"closed","template":"","meta":{"footnotes":""},"class_list":["post-2154","page","type-page","status-publish","hentry"],"jetpack_sharing_enabled":true,"jetpack_shortlink":"https:\/\/wp.me\/P7C6tF-yK","jetpack-related-posts":[{"id":3490,"url":"https:\/\/asurb.com\/asurb3\/?page_id=3490","url_meta":{"origin":2154,"position":0},"title":"Breaking Ground","author":"webmaster","date":"8 novembre 2022","format":false,"excerpt":"De In\u00e8s Girihirwe -Rwanda\u2013 2020 \u2013 13 min - fiction - VOSTF Ce court m\u00e9trage a \u00e9t\u00e9 projet\u00e9 et r\u00e9compens\u00e9 dans plusieurs festivals de par le monde\u00a0: au Festival International du Film de Seattle (Mention Sp\u00e9ciale du Jury), au Festival du court m\u00e9trage d\u2019Uppsala (Prix Ingmar Bergman), au Festival Cin\u00e9matographique\u2026","rel":"","context":"Article similaire","block_context":{"text":"Article similaire","link":""},"img":{"alt_text":"","src":"","width":0,"height":0},"classes":[]},{"id":3496,"url":"https:\/\/asurb.com\/asurb3\/?page_id=3496","url_meta":{"origin":2154,"position":1},"title":"Astel","author":"webmaster","date":"8 novembre 2022","format":false,"excerpt":"De Ramata Toulaye\u00a0 SY\u2013 S\u00e9n\u00e9gal - 2021 \u2013 24 min - fiction - VOSTF Prix du \u2018\u2019Share Her Journey \u2019\u2019 au Festival de Toronto 2021 \/ Prix Sp\u00e9cial du jury et Prix SACD de la meilleure premi\u00e8re \u0153uvre au Festival de Clermont-Ferrand 2022. Synopsis Nous sommes en octobre, c\u2019est la\u2026","rel":"","context":"Article similaire","block_context":{"text":"Article similaire","link":""},"img":{"alt_text":"","src":"","width":0,"height":0},"classes":[]},{"id":2982,"url":"https:\/\/asurb.com\/asurb3\/?page_id=2982","url_meta":{"origin":2154,"position":2},"title":"Buddah in Africa","author":"webmaster","date":"30 ao\u00fbt 2021","format":false,"excerpt":"\u00a0De Nicole SCHAFER -\u00a0\u00a0 Afrique du Sud\/Su\u00e8de -2019 - 90min \u2013 documentaire - couleur \u2013 VOSTF Auteur-r\u00e9alisateur\u00a0: Nicole Schafer \u2013 Image\u00a0: Grant Greenberg \u2013 Son\u00a0: Ted Krotkienwski \u2013 Montage\u00a0: \u00a0Mary Stephen, Bernhard Winkler, Nicole Schafer, Catherine Meyburgh \u2013 Production\/Diffusion\u00a0: Nicole Schafer, David Herdies, Thinking String Media, Momento Film \u2013 Distributeurs\u00a0:\u2026","rel":"","context":"Article similaire","block_context":{"text":"Article similaire","link":""},"img":{"alt_text":"","src":"","width":0,"height":0},"classes":[]},{"id":3507,"url":"https:\/\/asurb.com\/asurb3\/?page_id=3507","url_meta":{"origin":2154,"position":3},"title":"Angle mort","author":"webmaster","date":"8 novembre 2022","format":false,"excerpt":"De Lotfi Achour - Tunisie - 2021 - 13 min - fiction \u2013 VO STF Synopsis Sous la dictature de Ben Ali, un homme est enlev\u00e9, tortur\u00e9, tu\u00e9, puis dispara\u00eet sans jamais avoir \u00e9t\u00e9 retrouv\u00e9. Il revient nous parler trente ans plus tard en faisant sienne la question de sa\u2026","rel":"","context":"Article similaire","block_context":{"text":"Article similaire","link":""},"img":{"alt_text":"","src":"","width":0,"height":0},"classes":[]},{"id":3835,"url":"https:\/\/asurb.com\/asurb3\/?page_id=3835","url_meta":{"origin":2154,"position":4},"title":"Tsutsu\u00e9","author":"webmaster","date":"15 octobre 2023","format":false,"excerpt":"De Armatei Armar \u2013 Ghana \u2013 2022 \u2013 16\u2032 \u2013 fiction Production d\u00e9l\u00e9gu\u00e9e : La Luna Productions\u00a0 (S\u00e9bastien Hiussenot) - 2 Rue Navoiseau, 93100 Montreuil -\u00a0T\u00e9l\u00e9phone\u00a0: 01 48 07 56 00 Mention sp\u00e9ciale du jury\u00a0 au Festival international du court-m\u00e9trage de Clermont-Ferrand, 2023 Synopsis\u00a0 Sowa et Okai, deux fils de\u2026","rel":"","context":"Article similaire","block_context":{"text":"Article similaire","link":""},"img":{"alt_text":"","src":"","width":0,"height":0},"classes":[]},{"id":3734,"url":"https:\/\/asurb.com\/asurb3\/?page_id=3734","url_meta":{"origin":2154,"position":5},"title":"Ashkal","author":"webmaster","date":"29 ao\u00fbt 2023","format":false,"excerpt":"De Youssef CHEBBI - Tunisie \u2013 2022 \u2013 1h31 \u2013 fiction \u2013 couleur \u2013 VOSTF. Sc\u00e9nario : Fran\u00e7ois-Michel Allegrini et Youssef Chebbi ; Images : HazemBerrabah ; Montage :Valentin F\u00e9ron ; Musique : Thomas Kuratli ; Son : Aymen Labidi, Waldir Xavier, Mathieu Nappez ; D\u00e9cor\u00a0: Malek Gnaoui;Interpr\u00e9tation\u00a0: Fatma Oussaifi\u2026","rel":"","context":"Article similaire","block_context":{"text":"Article similaire","link":""},"img":{"alt_text":"","src":"","width":0,"height":0},"classes":[]}],"_links":{"self":[{"href":"https:\/\/asurb.com\/asurb3\/index.php?rest_route=\/wp\/v2\/pages\/2154","targetHints":{"allow":["GET"]}}],"collection":[{"href":"https:\/\/asurb.com\/asurb3\/index.php?rest_route=\/wp\/v2\/pages"}],"about":[{"href":"https:\/\/asurb.com\/asurb3\/index.php?rest_route=\/wp\/v2\/types\/page"}],"author":[{"embeddable":true,"href":"https:\/\/asurb.com\/asurb3\/index.php?rest_route=\/wp\/v2\/users\/1"}],"replies":[{"embeddable":true,"href":"https:\/\/asurb.com\/asurb3\/index.php?rest_route=%2Fwp%2Fv2%2Fcomments&post=2154"}],"version-history":[{"count":11,"href":"https:\/\/asurb.com\/asurb3\/index.php?rest_route=\/wp\/v2\/pages\/2154\/revisions"}],"predecessor-version":[{"id":2944,"href":"https:\/\/asurb.com\/asurb3\/index.php?rest_route=\/wp\/v2\/pages\/2154\/revisions\/2944"}],"up":[{"embeddable":true,"href":"https:\/\/asurb.com\/asurb3\/index.php?rest_route=\/wp\/v2\/pages\/23"}],"wp:attachment":[{"href":"https:\/\/asurb.com\/asurb3\/index.php?rest_route=%2Fwp%2Fv2%2Fmedia&parent=2154"}],"curies":[{"name":"wp","href":"https:\/\/api.w.org\/{rel}","templated":true}]}}