{"id":226,"date":"2016-06-04T18:27:28","date_gmt":"2016-06-04T17:27:28","guid":{"rendered":"http:\/\/www.test.asurb.com\/?page_id=226"},"modified":"2016-06-04T18:27:28","modified_gmt":"2016-06-04T17:27:28","slug":"faro-la-reine-des-eaux","status":"publish","type":"page","link":"https:\/\/asurb.com\/asurb3\/?page_id=226","title":{"rendered":"Faro la reine des eaux"},"content":{"rendered":"<p style=\"text-align: justify;\"><a href=\"https:\/\/i0.wp.com\/asurb.com\/asurb3\/wp-content\/uploads\/2016\/06\/Faro_Fiche.jpg?ssl=1\"><img data-recalc-dims=\"1\" loading=\"lazy\" decoding=\"async\" data-attachment-id=\"227\" data-permalink=\"https:\/\/asurb.com\/asurb3\/?attachment_id=227\" data-orig-file=\"https:\/\/i0.wp.com\/asurb.com\/asurb3\/wp-content\/uploads\/2016\/06\/Faro_Fiche.jpg?fit=250%2C138&amp;ssl=1\" data-orig-size=\"250,138\" data-comments-opened=\"1\" data-image-meta=\"{&quot;aperture&quot;:&quot;0&quot;,&quot;credit&quot;:&quot;&quot;,&quot;camera&quot;:&quot;&quot;,&quot;caption&quot;:&quot;&quot;,&quot;created_timestamp&quot;:&quot;0&quot;,&quot;copyright&quot;:&quot;&quot;,&quot;focal_length&quot;:&quot;0&quot;,&quot;iso&quot;:&quot;0&quot;,&quot;shutter_speed&quot;:&quot;0&quot;,&quot;title&quot;:&quot;&quot;,&quot;orientation&quot;:&quot;0&quot;}\" data-image-title=\"Faro_Fiche\" data-image-description=\"\" data-image-caption=\"\" data-large-file=\"https:\/\/i0.wp.com\/asurb.com\/asurb3\/wp-content\/uploads\/2016\/06\/Faro_Fiche.jpg?fit=250%2C138&amp;ssl=1\" class=\"size-full wp-image-227 alignnone\" src=\"https:\/\/i0.wp.com\/asurb.com\/asurb3\/wp-content\/uploads\/2016\/06\/Faro_Fiche.jpg?resize=250%2C138&#038;ssl=1\" alt=\"Faro_Fiche\" width=\"250\" height=\"138\" \/><\/a><\/p>\n<p style=\"text-align: justify;\"><strong>De Salif TRAOR\u00c9 \u2013 96 min \u2013 Mali \u2013 2007 \u2013 VOSTF<\/strong><\/p>\n<p style=\"text-align: justify;\">Fiction \u2013 couleur \u2013 35 mm \u2013 Version originale en bambara, sous titr\u00e9e en fran\u00e7ais<br \/>\nCe film a fait l\u2019ouverture du FESPACO*, a \u00e9t\u00e9 s\u00e9lectionn\u00e9 au festival de Berlin (section forum) et au festival de Toronto en 2007.<br \/>\nSc\u00e9nario : Salif Traor\u00e9 et Olivier Lorelle ; Images : Jean-Pierre Gauthier ; Montage : Laure Budin ; Musique : Bass Ekou Kouyat\u00e9 ; Son : Jean S\u00e9bastien ; D\u00e9cor Bakary Wattara ; Interpr\u00e9tation : Sotigui Kouyat\u00e9, Fily Traor\u00e9, Michel Mpambara, H\u00e9l\u00e8ne-M. Diarra, Dj\u00e9n\u00e9ba Kon\u00e9, Habib Demb\u00e9l\u00e9, Sidy Doumbia ; Production de Daniel Morin en co-production avec PAV Communication (France), Sarama Film (Mali), B\u00e4rbel Mauch Film (Allemagne), DCN (Burkina Faso) ;<br \/>\nDistribution : ARMOR Films (83 Rue de Reuilly, 75012 Paris ; t\u00e9l. : (33) (0)1 42 78 41 44 ; fax : (33) (0)1 34 74 82 12 ; courriel : armor.films@wanadoo.fr).<\/p>\n<p style=\"text-align: justify;\">* Festival Panafricain du Cin\u00e9ma et de la t\u00e9l\u00e9vision qui se d\u00e9roule tous les 2 ans \u00e0 Ouagadougou (Burkina Faso)<\/p>\n<h4 style=\"text-align: justify;\"><span style=\"color: #ff0000;\">Synopsis<\/span><\/h4>\n<p style=\"text-align: justify;\">Zanga, enfant adult\u00e9rin, est de retour au village plusieurs ann\u00e9es apr\u00e8s en avoir \u00e9t\u00e9 chass\u00e9, pour d\u00e9couvrir qui est son p\u00e8re. Son arriv\u00e9e co\u00efncide avec les brusques mouvements de Faro, l\u2019esprit du fleuve. Ces manifestations sont interpr\u00e9t\u00e9es comme un signe de col\u00e8re li\u00e9 \u00e0 l\u2019arriv\u00e9e du b\u00e2tard.<br \/>\nLe film conduit \u00e0 d\u00e9couvrir une Afrique rurale confront\u00e9e \u00e0 ses mutations. L\u2019irruption de Zanga bouscule les relations traditionnelles, fait \u00e9merger de nouvelles revendications, et notamment celles des femmes qui exigent une autre hi\u00e9rarchie des valeurs.<br \/>\n\u00ab Ce film, je le veux comme un message pour dire que l&rsquo;Afrique doit se pencher sur ses pr\u00e9jug\u00e9s\u00bb (Salif Traor\u00e9). Somme toute, \u00ab Faro \u00bb illustre la richesse narrative et la puissance de l\u2019imaginaire africain tout en nous proposant un film contemporain et un regard nouveau sur une l\u00e9gende qui remonte \u00e0 la nuit des temps.<\/p>\n<h4 style=\"text-align: justify;\"><span style=\"color: #ff0000;\">Le r\u00e9alisateur<\/span><\/h4>\n<p style=\"text-align: justify;\">Salif Traor\u00e9 est n\u00e9 en 1954 au Mali. Dipl\u00f4m\u00e9 de l&rsquo;Institut Africain du Cin\u00e9ma de Ouagadougou, il a \u00e9t\u00e9 le premier assistant de Souleymane Ciss\u00e9. Apr\u00e8s plusieurs courts m\u00e9trages, il a r\u00e9alis\u00e9 une s\u00e9rie fiction de six \u00e9pisodes sur le sida en milieu villageois, \u00ab Sida lakary \u00bb. \u00ab Faro, la reine des eaux \u00bb est son premier long-m\u00e9trage de fiction.<\/p>\n","protected":false},"excerpt":{"rendered":"<p>De Salif TRAOR\u00c9 \u2013 96 min \u2013 Mali \u2013 2007 \u2013 VOSTF Fiction \u2013 couleur \u2013 35 mm \u2013 Version originale en bambara, sous titr\u00e9e en fran\u00e7ais Ce film a [&hellip;]<\/p>\n","protected":false},"author":1,"featured_media":0,"parent":26,"menu_order":0,"comment_status":"closed","ping_status":"closed","template":"","meta":{"footnotes":""},"class_list":["post-226","page","type-page","status-publish","hentry"],"jetpack_sharing_enabled":true,"jetpack_shortlink":"https:\/\/wp.me\/P7C6tF-3E","jetpack-related-posts":[{"id":535,"url":"https:\/\/asurb.com\/asurb3\/?page_id=535","url_meta":{"origin":226,"position":0},"title":"Programme 2010","author":"webmaster","date":"6 juin 2016","format":false,"excerpt":"Sommaire \u2022 S\u00e9ances ouvertes au public \u2022 S\u00e9ances scolaires \u2022 Partenaires \u2022 Membres du comit\u00e9 de parrainage \u2022 Remerciements \u2022 Pour se rendre sur les lieux \u2022 Les s\u00e9ances ouvertes au public Samedi 13 novembre Cin\u00e9ma La Pl\u00e9iade - 94230 Cachan 18h00 - L\u2019ABSENCE Long-m\u00e9trage de Mama KE\u00cfTA - 81\u2026","rel":"","context":"Article similaire","block_context":{"text":"Article similaire","link":""},"img":{"alt_text":"","src":"https:\/\/i0.wp.com\/asurb.com\/AsurB\/D_Images\/D_Gif_bl\/Blanc120.gif?resize=350%2C200&ssl=1","width":350,"height":200},"classes":[]},{"id":134,"url":"https:\/\/asurb.com\/asurb3\/?page_id=134","url_meta":{"origin":226,"position":1},"title":"Programme 2007","author":"webmaster","date":"3 juin 2016","format":false,"excerpt":"Samedi 17 novembre - Soir\u00e9e d'ouverture Cin\u00e9ma La Pl\u00e9iade - Cachan HUMANITAIRE De Adama ROAMBA Avec Issaka Sawadogo Court m\u00e9trage - Burkina Faso - 2006 - 16 mn VFUne route. Une camionnette. Un camp de r\u00e9fugi\u00e9s. Chaque jour, Barou, un humanitaire, part sur la route pour rapatrier les r\u00e9fugi\u00e9s qu'ils\u2026","rel":"","context":"Article similaire","block_context":{"text":"Article similaire","link":""},"img":{"alt_text":"","src":"https:\/\/i0.wp.com\/asurb.com\/AsurB\/D_Images\/Line300Black.jpg?resize=350%2C200&ssl=1","width":350,"height":200},"classes":[]},{"id":513,"url":"https:\/\/asurb.com\/asurb3\/?page_id=513","url_meta":{"origin":226,"position":2},"title":"Programme 2009","author":"webmaster","date":"6 juin 2016","format":false,"excerpt":"Sommaire \u2022 S\u00e9ances ouvertes au public \u2022 S\u00e9ances r\u00e9serv\u00e9es aux scolaires \u2022 Membres du comit\u00e9 de parrainage \u2022 Remerciements \u2022 Pour se rendre sur les lieux \u2022 Les s\u00e9ances ouvertes au public Dimanche 15 novembre Soir\u00e9e Les pionniers du cin\u00e9ma nig\u00e9rien MJC Louise Michel - 94260 Fresnes 18h30 - BON\u2026","rel":"","context":"Article similaire","block_context":{"text":"Article similaire","link":""},"img":{"alt_text":"","src":"https:\/\/i0.wp.com\/asurb.com\/AsurB\/D_Images\/D_Gif_bl\/Blanc120.gif?resize=350%2C200&ssl=1","width":350,"height":200},"classes":[]},{"id":457,"url":"https:\/\/asurb.com\/asurb3\/?page_id=457","url_meta":{"origin":226,"position":3},"title":"Timpoko","author":"webmaster","date":"5 juin 2016","format":false,"excerpt":"De Serge Armel SAWADOGO - 14 min - Burkina Faso - 2008 Fiction - couleur - 35mm - version originale sous-titr\u00e9e en fran\u00e7ais Sc\u00e9nario : Serge Armel Sawadogo ; Image : Paul Djibila ; Montage : Marjorie Mirailh ; Musique : Aboubacar Sanfo ; Son : Issa Traor\u00e9 ; D\u00e9cor\u2026","rel":"","context":"Article similaire","block_context":{"text":"Article similaire","link":""},"img":{"alt_text":"Timpoko_Fiche2010","src":"https:\/\/i0.wp.com\/asurb.com\/asurb3\/wp-content\/uploads\/2016\/06\/Timpoko_Fiche2010.jpg?resize=350%2C200&ssl=1","width":350,"height":200},"classes":[]},{"id":379,"url":"https:\/\/asurb.com\/asurb3\/?page_id=379","url_meta":{"origin":226,"position":4},"title":"Menged","author":"webmaster","date":"5 juin 2016","format":false,"excerpt":"De Daniel TAYE WORKOU \u2013 21 min \u2013 Ethiopie \u2013 2006 \u2013 VOSTF Fiction \u2013 couleur \u2013 35 mm \u2013 Version originale en amharic, sous titr\u00e9e en fran\u00e7ais Poulain d\u2019or de Yennenga au FESPACO* 2007 Sc\u00e9nario : Daniel Taye Workou ; Image : Ian Blumers ; Montage : Gregorio Sebastio\u2026","rel":"","context":"Article similaire","block_context":{"text":"Article similaire","link":""},"img":{"alt_text":"Menged_Fiche","src":"https:\/\/i0.wp.com\/asurb.com\/asurb3\/wp-content\/uploads\/2016\/06\/Menged_Fiche.jpg?resize=350%2C200&ssl=1","width":350,"height":200},"classes":[]},{"id":251,"url":"https:\/\/asurb.com\/asurb3\/?page_id=251","url_meta":{"origin":226,"position":5},"title":"Ke\u00efta, l&rsquo;h\u00e9ritage du griot","author":"webmaster","date":"4 juin 2016","format":false,"excerpt":"De Dani KOUYAT\u00c9 - 94 min - Burkina Faso - 1995 Fiction - couleur - 35mm - version originale en bambara (sous-titr\u00e9e en fran\u00e7ais) et fran\u00e7ais Sc\u00e9nario : Dani Kouyat\u00e9; Images : Robert Milli\u00e9 ; Montage : Zo\u00e9 Durouchoux ; Musique : Sotigui Kouyat\u00e9 ; Son : Pierre Mertens ;\u2026","rel":"","context":"Article similaire","block_context":{"text":"Article similaire","link":""},"img":{"alt_text":"Keita_Fiche","src":"https:\/\/i0.wp.com\/asurb.com\/asurb3\/wp-content\/uploads\/2016\/06\/Keita_Fiche.jpg?resize=350%2C200&ssl=1","width":350,"height":200},"classes":[]}],"_links":{"self":[{"href":"https:\/\/asurb.com\/asurb3\/index.php?rest_route=\/wp\/v2\/pages\/226","targetHints":{"allow":["GET"]}}],"collection":[{"href":"https:\/\/asurb.com\/asurb3\/index.php?rest_route=\/wp\/v2\/pages"}],"about":[{"href":"https:\/\/asurb.com\/asurb3\/index.php?rest_route=\/wp\/v2\/types\/page"}],"author":[{"embeddable":true,"href":"https:\/\/asurb.com\/asurb3\/index.php?rest_route=\/wp\/v2\/users\/1"}],"replies":[{"embeddable":true,"href":"https:\/\/asurb.com\/asurb3\/index.php?rest_route=%2Fwp%2Fv2%2Fcomments&post=226"}],"version-history":[{"count":1,"href":"https:\/\/asurb.com\/asurb3\/index.php?rest_route=\/wp\/v2\/pages\/226\/revisions"}],"predecessor-version":[{"id":228,"href":"https:\/\/asurb.com\/asurb3\/index.php?rest_route=\/wp\/v2\/pages\/226\/revisions\/228"}],"up":[{"embeddable":true,"href":"https:\/\/asurb.com\/asurb3\/index.php?rest_route=\/wp\/v2\/pages\/26"}],"wp:attachment":[{"href":"https:\/\/asurb.com\/asurb3\/index.php?rest_route=%2Fwp%2Fv2%2Fmedia&parent=226"}],"curies":[{"name":"wp","href":"https:\/\/api.w.org\/{rel}","templated":true}]}}