{"id":23,"date":"2016-05-31T09:36:49","date_gmt":"2016-05-31T08:36:49","guid":{"rendered":"http:\/\/www.test.asurb.com\/?page_id=23"},"modified":"2016-05-31T09:36:49","modified_gmt":"2016-05-31T08:36:49","slug":"films-en-festival","status":"publish","type":"page","link":"https:\/\/asurb.com\/asurb3\/?page_id=23","title":{"rendered":"Films en Festival"},"content":{"rendered":"<p style=\"text-align: justify;\">Entre drame et com\u00e9die, entre larmes et rires, entre col\u00e8re et humour, les regards de cin\u00e9astes venus d\u2019une Afrique si lointaine se r\u00e9v\u00e8lent \u00eatre si proches sur nos \u00e9crans.<\/p>\n<p>Retrouvez ou d\u00e9couvrez la diversit\u00e9 aussi bien th\u00e9matique qu\u2019artistique de nos choix, le livre d\u2019or, un journal de bord et un diaporama des meilleurs moments de nos \u00ab\u00a0Cin\u00e9 Regards Africains\u00a0\u00bb.<\/p>\n","protected":false},"excerpt":{"rendered":"<p>Entre drame et com\u00e9die, entre larmes et rires, entre col\u00e8re et humour, les regards de cin\u00e9astes venus d\u2019une Afrique si lointaine se r\u00e9v\u00e8lent \u00eatre si proches sur nos \u00e9crans. Retrouvez [&hellip;]<\/p>\n","protected":false},"author":1,"featured_media":0,"parent":0,"menu_order":0,"comment_status":"closed","ping_status":"closed","template":"","meta":{"footnotes":""},"class_list":["post-23","page","type-page","status-publish","hentry"],"jetpack_sharing_enabled":true,"jetpack_shortlink":"https:\/\/wp.me\/P7C6tF-n","jetpack-related-posts":[{"id":5,"url":"https:\/\/asurb.com\/asurb3\/?page_id=5","url_meta":{"origin":23,"position":0},"title":"L&rsquo;association","author":"webmaster","date":"30 mai 2016","format":false,"excerpt":"PR\u00c9SENTATION DE L\u2019ASSOCIATION En juillet 2007 naissait l'association \u00ab AFRIQUE SUR BI\u00c8VRE \u00bb, implant\u00e9e dans la Communaut\u00e9 d'Agglom\u00e9ration de Val de Bi\u00e8vre (CAVB), compos\u00e9e des communes d'Arcueil, Cachan, Fresnes, Gentilly, L'Ha\u00ff-les-Roses, Le Kremlin-Bic\u00eatre et Villejuif. Le choix de ce nom est aussi un clin d'oeil : en 1955 \u00e9tait tourn\u00e9\u2026","rel":"","context":"Article similaire","block_context":{"text":"Article similaire","link":""},"img":{"alt_text":"Velos v1","src":"https:\/\/i0.wp.com\/asurb.com\/asurb3\/wp-content\/uploads\/2016\/05\/Velos-v1-300x86.jpg?resize=350%2C200","width":350,"height":200},"classes":[]},{"id":4452,"url":"https:\/\/asurb.com\/asurb3\/?page_id=4452","url_meta":{"origin":23,"position":1},"title":"Catherine Ruelle","author":"webmaster","date":"6 d\u00e9cembre 2024","format":false,"excerpt":"Catherine Ruelle est grand reporter, critique de cin\u00e9ma et auteure, sp\u00e9cialiste des cin\u00e9mas d\u2019Afrique, du monde arabe et de l\u2019Am\u00e9rique latine.Apr\u00e8s des \u00e9tudes de sciences politiques et d\u2019histoire, elle entre \u00e0 Radio France Internationale dans les ann\u00e9es 1970. Elle a \u00e9t\u00e9 responsable, de 1973 \u00e0 mars 2012, de la rubrique\u2026","rel":"","context":"Article similaire","block_context":{"text":"Article similaire","link":""},"img":{"alt_text":"","src":"https:\/\/i0.wp.com\/asurb.com\/asurb3\/wp-content\/uploads\/2024\/12\/Catherine-Ruelle-200x300.jpg?resize=350%2C200&ssl=1","width":350,"height":200},"classes":[]},{"id":388,"url":"https:\/\/asurb.com\/asurb3\/?page_id=388","url_meta":{"origin":23,"position":2},"title":"Nothing but the truth","author":"webmaster","date":"5 juin 2016","format":false,"excerpt":"De John KANI - 78 min - Afrique du Sud - 2008 Fiction - couleur - 35mm - version originale en anglais sous-titr\u00e9e en fran\u00e7ais Sc\u00e9nario : John Kani ; Image : Jimmy Robb, Marius Van Graan ; Montage : Megan Gill, Jackie Le Cordeur ; Musique : Neill Solomon\u2026","rel":"","context":"Article similaire","block_context":{"text":"Article similaire","link":""},"img":{"alt_text":"Nothing_but_Fiche2010","src":"https:\/\/i0.wp.com\/asurb.com\/asurb3\/wp-content\/uploads\/2016\/06\/Nothing_but_Fiche2010.jpg?resize=350%2C200&ssl=1","width":350,"height":200},"classes":[]},{"id":577,"url":"https:\/\/asurb.com\/asurb3\/?page_id=577","url_meta":{"origin":23,"position":3},"title":"Programme 2014","author":"webmaster","date":"7 juin 2016","format":false,"excerpt":"Sommaire \u2022 S\u00e9ances ouvertes au public \u2022 S\u00e9ances scolaires \u2022 Partenaires \u2022 Membres du comit\u00e9 de parrainage \u2022 Remerciements \u2022 Pour se rendre sur les lieux \u2022 Les s\u00e9ances ouvertes au public Vendredi 21 novembre MJC Louise Michel - 94260 Fresnes 19h00 : accueil avec la chorale \u00ab La voix\u2026","rel":"","context":"Article similaire","block_context":{"text":"Article similaire","link":""},"img":{"alt_text":"","src":"https:\/\/i0.wp.com\/asurb.com\/AsurB\/D_Images\/D_Gif_bl\/Blanc120.gif?resize=350%2C200&ssl=1","width":350,"height":200},"classes":[]},{"id":4690,"url":"https:\/\/asurb.com\/asurb3\/?page_id=4690","url_meta":{"origin":23,"position":4},"title":"Afrique sur Seine","author":"webmaster","date":"2 octobre 2025","format":false,"excerpt":"De Paulin Soumanou Vieyra et Mamadou Sarr - S\u00e9n\u00e9gal - 1955 - documentaire - 22 mnImage : Robert CaristanMontage : Paulin Soumanou VieyraProduction : Groupe africain du cin\u00e9maCoproduction : Comit\u00e9 du Film Ethnographique Synopsis L'Afrique est-elle en Afrique, sur les bords de la Seine ou au Quartier latin ? Interrogations\u2026","rel":"","context":"Article similaire","block_context":{"text":"Article similaire","link":""},"img":{"alt_text":"","src":"https:\/\/i0.wp.com\/asurb.com\/asurb3\/wp-content\/uploads\/2025\/10\/afrique_sur_seine-223x300.jpg?resize=350%2C200&ssl=1","width":350,"height":200},"classes":[]},{"id":4467,"url":"https:\/\/asurb.com\/asurb3\/?page_id=4467","url_meta":{"origin":23,"position":5},"title":"Daniela Ricci","author":"webmaster","date":"6 d\u00e9cembre 2024","format":false,"excerpt":"Daniela RICCI est docteur en \u00e9tudes cin\u00e9matographiques, enseignante \u00e0 l\u2019universit\u00e9 Paris X Nanterre, r\u00e9alisatrice et sp\u00e9cialiste des cin\u00e9mas d'Afrique. Apr\u00e8s avoir travaill\u00e9 plusieurs ann\u00e9es dans des projets de coop\u00e9ration internationales en Afrique et Am\u00e9rique Latine aupr\u00e8s de diverses ONG, ainsi que des Nations Unies, elle a \u00e9t\u00e9 organisatrice des rencontres\u2026","rel":"","context":"Article similaire","block_context":{"text":"Article similaire","link":""},"img":{"alt_text":"","src":"https:\/\/i0.wp.com\/asurb.com\/asurb3\/wp-content\/uploads\/2024\/12\/D-Ricci.jpg?resize=350%2C200&ssl=1","width":350,"height":200},"classes":[]}],"_links":{"self":[{"href":"https:\/\/asurb.com\/asurb3\/index.php?rest_route=\/wp\/v2\/pages\/23","targetHints":{"allow":["GET"]}}],"collection":[{"href":"https:\/\/asurb.com\/asurb3\/index.php?rest_route=\/wp\/v2\/pages"}],"about":[{"href":"https:\/\/asurb.com\/asurb3\/index.php?rest_route=\/wp\/v2\/types\/page"}],"author":[{"embeddable":true,"href":"https:\/\/asurb.com\/asurb3\/index.php?rest_route=\/wp\/v2\/users\/1"}],"replies":[{"embeddable":true,"href":"https:\/\/asurb.com\/asurb3\/index.php?rest_route=%2Fwp%2Fv2%2Fcomments&post=23"}],"version-history":[{"count":1,"href":"https:\/\/asurb.com\/asurb3\/index.php?rest_route=\/wp\/v2\/pages\/23\/revisions"}],"predecessor-version":[{"id":24,"href":"https:\/\/asurb.com\/asurb3\/index.php?rest_route=\/wp\/v2\/pages\/23\/revisions\/24"}],"wp:attachment":[{"href":"https:\/\/asurb.com\/asurb3\/index.php?rest_route=%2Fwp%2Fv2%2Fmedia&parent=23"}],"curies":[{"name":"wp","href":"https:\/\/api.w.org\/{rel}","templated":true}]}}