{"id":248,"date":"2016-06-04T19:14:40","date_gmt":"2016-06-04T18:14:40","guid":{"rendered":"http:\/\/www.test.asurb.com\/?page_id=248"},"modified":"2016-06-04T19:14:40","modified_gmt":"2016-06-04T18:14:40","slug":"keeper","status":"publish","type":"page","link":"https:\/\/asurb.com\/asurb3\/?page_id=248","title":{"rendered":"Keeper"},"content":{"rendered":"<p style=\"text-align: justify;\"><a href=\"https:\/\/i0.wp.com\/asurb.com\/asurb3\/wp-content\/uploads\/2016\/06\/KEEPER_fiche.jpg?ssl=1\"><img data-recalc-dims=\"1\" loading=\"lazy\" decoding=\"async\" data-attachment-id=\"249\" data-permalink=\"https:\/\/asurb.com\/asurb3\/?attachment_id=249\" data-orig-file=\"https:\/\/i0.wp.com\/asurb.com\/asurb3\/wp-content\/uploads\/2016\/06\/KEEPER_fiche.jpg?fit=186%2C138&amp;ssl=1\" data-orig-size=\"186,138\" data-comments-opened=\"1\" data-image-meta=\"{&quot;aperture&quot;:&quot;0&quot;,&quot;credit&quot;:&quot;&quot;,&quot;camera&quot;:&quot;&quot;,&quot;caption&quot;:&quot;&quot;,&quot;created_timestamp&quot;:&quot;0&quot;,&quot;copyright&quot;:&quot;&quot;,&quot;focal_length&quot;:&quot;0&quot;,&quot;iso&quot;:&quot;0&quot;,&quot;shutter_speed&quot;:&quot;0&quot;,&quot;title&quot;:&quot;&quot;,&quot;orientation&quot;:&quot;0&quot;}\" data-image-title=\"KEEPER_fiche\" data-image-description=\"\" data-image-caption=\"\" data-large-file=\"https:\/\/i0.wp.com\/asurb.com\/asurb3\/wp-content\/uploads\/2016\/06\/KEEPER_fiche.jpg?fit=186%2C138&amp;ssl=1\" class=\"size-full wp-image-249 alignnone\" src=\"https:\/\/i0.wp.com\/asurb.com\/asurb3\/wp-content\/uploads\/2016\/06\/KEEPER_fiche.jpg?resize=186%2C138&#038;ssl=1\" alt=\"KEEPER_fiche\" width=\"186\" height=\"138\" \/><\/a><\/p>\n<p style=\"text-align: justify;\"><strong>Ile Maurice &#8211; 2012 &#8211; 26 min &#8211; fiction &#8211; couleur &#8211; VO cr\u00e9ole mauricien STF<\/strong><\/p>\n<p style=\"text-align: justify;\">R\u00e9alisation : De Wassim SOOKIA ; Sc\u00e9nario : Wassim SOOKIA ; Image : Stvsky Steve THATHIAH ; Son : Pierre GERVAL ; Musique : Alexander PIGEOT ; Montage : Vivek BEERGUNNOT ; Interpr\u00e9tation : Fr\u00e9deric MAURYMOOTHOO ; Jimitry ANTOINETTE ; CONTACT : Shortfilms DAAZO.COM ; courriel : info@daazo.com; PRODUCTION : MAURITIUS FILM DEVELOPMENT CORPORATION (MFDC).<\/p>\n<h4 style=\"text-align: justify;\"><span style=\"color: #ff0000;\">Synopsis<\/span><\/h4>\n<p style=\"text-align: justify;\">Kevin, 9 ans, un fan du c\u00e9l\u00e8bre gardien Dev Gopala, sait qu&rsquo;il pourrait \u00eatre un meilleur gardien de but pour son \u00e9quipe de football, s&rsquo;il avait une paire de vrais gants de gardien. Alors quand sa voisine et coach lui donne une paire de gants d&rsquo;hiver, il les refa\u00e7onne \u00e0 la vitesse de l&rsquo;\u00e9clair, mais il les perd apr\u00e8s un match. Il d\u00e9couvre alors qu&rsquo;un autre enfant s&rsquo;en sert pour prot\u00e9ger ses mains quand il aide son p\u00e8re \u00e0 la mine de sel. Chaque gar\u00e7on a besoin de gants pour faire son travail, mais il y a une seule paire. Qui gardera les gants et qui fera son travail \u00e0 mains nues?<\/p>\n<h4 style=\"text-align: justify;\"><span style=\"color: #ff0000;\">Le r\u00e9alisateur<\/span><\/h4>\n<p style=\"text-align: justify;\">N\u00e9 en 1975, Wassim SOOKIA \u00e9crit, r\u00e9alise et produit ses courts m\u00e9trages (en attendant d&rsquo;en faire des longs, bien s\u00fbr !). Il aime la musique, la litt\u00e9rature et le foot.<br \/>\nDans sa filmographie (six courts-m\u00e9trages s\u00e9lectionn\u00e9s et prim\u00e9s dans de nombreux festivals depuis Zour de gloire \u00bb, tourn\u00e9 en 1995 et s\u00e9lectionn\u00e9 dans le Festival du court m\u00e9trage de la \u00ab Film Development Corporation \u00bb, jusqu\u2019\u00e0 \u00ab Keeper \u00bb, en 2012), Wassim Sookia s\u2019est toujours attach\u00e9 \u00e0 d\u00e9crire les petits gestes quotidiens, en les fixant en un minimum d\u2019images, de mouvements et de paroles. \u00ab Ce qui m\u2019int\u00e9resse, ce sont les histoires, les angles d\u2019approche et les regards, je ne cherche pas \u00e0 impressionner par les effets de cam\u00e9ra \u00bb, explique celui qui, encore adolescent, jouait les assistants aux c\u00f4t\u00e9s de son p\u00e8re qui filmait des mariages durant les week-ends. \u00ab Tout est parti de l\u00e0, quand je me suis laiss\u00e9 fasciner par l\u2019importance de l\u2019image \u00bb.<br \/>\nMais, s\u2019il compte en faire un m\u00e9tier plus tard apr\u00e8s les \u00e9tudes secondaires, il a compris qu\u2019il devait aussi ma\u00eetriser l\u2019\u00e9criture cin\u00e9matographique ainsi que les bases techniques.<\/p>\n","protected":false},"excerpt":{"rendered":"<p>Ile Maurice &#8211; 2012 &#8211; 26 min &#8211; fiction &#8211; couleur &#8211; VO cr\u00e9ole mauricien STF R\u00e9alisation : De Wassim SOOKIA ; Sc\u00e9nario : Wassim SOOKIA ; Image : Stvsky [&hellip;]<\/p>\n","protected":false},"author":1,"featured_media":0,"parent":26,"menu_order":0,"comment_status":"closed","ping_status":"closed","template":"","meta":{"footnotes":""},"class_list":["post-248","page","type-page","status-publish","hentry"],"jetpack_sharing_enabled":true,"jetpack_shortlink":"https:\/\/wp.me\/P7C6tF-40","jetpack-related-posts":[{"id":492,"url":"https:\/\/asurb.com\/asurb3\/?page_id=492","url_meta":{"origin":248,"position":0},"title":"Y\u00e9ma","author":"webmaster","date":"5 juin 2016","format":false,"excerpt":"Alg\u00e9rie - 2012 - 91 min - fiction - couleur - VO arabe STF R\u00e9alisation : Djamila Sahraoui ; Sc\u00e9nario : Djamila Sahraoui ; Image : Rapha\u00ebl O\u2019Byrne ; Son : S\u00e9bastien Demouchy ; Montage : Catherine Gouze ; D\u00e9cor : Mourad Zidi ; Interpr\u00e9tation : Djamila Sahraoui ; Ali\u2026","rel":"","context":"Article similaire","block_context":{"text":"Article similaire","link":""},"img":{"alt_text":"Yema5_fiche","src":"https:\/\/i0.wp.com\/asurb.com\/asurb3\/wp-content\/uploads\/2016\/06\/Yema5_fiche.jpg?resize=350%2C200&ssl=1","width":350,"height":200},"classes":[]},{"id":454,"url":"https:\/\/asurb.com\/asurb3\/?page_id=454","url_meta":{"origin":248,"position":1},"title":"The curse ( La mal\u00e9diction )","author":"webmaster","date":"5 juin 2016","format":false,"excerpt":"Maroc - 2012 - 16 min - drame - fiction - couleur - VO arabe STF R\u00e9alisation : Fyzal Boulifa ; Sc\u00e9nario : Fyzal Boulifa ; Image : Taina Galis ; Son : Sebastian Dale ; Montage : Taina Galis, Fyzal Boulifa ; Interpr\u00e9tation : Ibtissam Zabara, Mohammed Hanouchi, Sabrine\u2026","rel":"","context":"Article similaire","block_context":{"text":"Article similaire","link":""},"img":{"alt_text":"The-Curse_fiche","src":"https:\/\/i0.wp.com\/asurb.com\/asurb3\/wp-content\/uploads\/2016\/06\/The-Curse_fiche.jpg?resize=350%2C200&ssl=1","width":350,"height":200},"classes":[]},{"id":3949,"url":"https:\/\/asurb.com\/asurb3\/?page_id=3949","url_meta":{"origin":248,"position":2},"title":"Regarde les \u00e9toiles (Simin Zetwal)","author":"webmaster","date":"7 d\u00e9cembre 2023","format":false,"excerpt":"De David CONSTANTIN - Ile Maurice \u2013 2022 \u2013 90 min \u2013 Fiction \u2013 Couleur \u2013 VO anglais\/cr\u00e9ole STFSc\u00e9nario : David Constantin \u2013 Image : Azim Moolan \u2013 Montage \u2013 Nadia Ben RachidMusique : Boogz Brown \u2013 Interpr\u00e9tation : Edeen Bhugeloo, Sharonne Gah Roussety, J\u00e9rome Boulle -Production\u00a0: Cam\u00e9l\u00e9on Productions Maurice,\u2026","rel":"","context":"Article similaire","block_context":{"text":"Article similaire","link":""},"img":{"alt_text":"","src":"","width":0,"height":0},"classes":[]},{"id":4571,"url":"https:\/\/asurb.com\/asurb3\/?page_id=4571","url_meta":{"origin":248,"position":3},"title":"Pie dan lo","author":"webmaster","date":"6 septembre 2025","format":false,"excerpt":"De KIM YIP TONG \u2013 France, Ile Maurice \u2013 2024 \u2013 14 min \u2013 animation \u2013 couleur- VO cr\u00e9ole mauricien STFR Fiche technique Ecriture\u00a0 et image : Kim Yip Tong.Son :\u00a0 Pierre Georges, Isseyen Sannassy Pily \u2013 Montage : Kim Yip Tong \u2013 Animation : Kim Yip Tong, P\u00e9n\u00e9lope Camus,\u2026","rel":"","context":"Article similaire","block_context":{"text":"Article similaire","link":""},"img":{"alt_text":"","src":"https:\/\/i0.wp.com\/asurb.com\/asurb3\/wp-content\/uploads\/2025\/10\/pie-dan-lo-212x300.jpg?resize=350%2C200&ssl=1","width":350,"height":200},"classes":[]},{"id":382,"url":"https:\/\/asurb.com\/asurb3\/?page_id=382","url_meta":{"origin":248,"position":4},"title":"Mollement, un samedi matin","author":"webmaster","date":"5 juin 2016","format":false,"excerpt":"Alg\u00e9rie - 2011 - 28 min - fiction - couleur - VO arabe STF R\u00e9alisation : Sofia Djama ; Sc\u00e9nario : Sofia Djama ; Image : Jean-Marie Delorme ; Son : Nassim El Mounabih ; musique : Younes ; Montage : Linda Attab ; Interpr\u00e9tation : La\u00ebtitia Eido, Samir El\u2026","rel":"","context":"Article similaire","block_context":{"text":"Article similaire","link":""},"img":{"alt_text":"Mollement1_fiche","src":"https:\/\/i0.wp.com\/asurb.com\/asurb3\/wp-content\/uploads\/2016\/06\/Mollement1_fiche.jpg?resize=350%2C200&ssl=1","width":350,"height":200},"classes":[]},{"id":438,"url":"https:\/\/asurb.com\/asurb3\/?page_id=438","url_meta":{"origin":248,"position":5},"title":"Sur la planche","author":"webmaster","date":"5 juin 2016","format":false,"excerpt":"Maroc - 2011 - 106 min - fiction - couleur - VO arabe STF R\u00e9alisation : Le\u00efla Kilani ; Sc\u00e9nario : Le\u00efla Kilani ; Image : Eric Devin ; Montage : Tina Baz ; Son : Philippe Lecoeur, Myriam Ren\u00e9 ; Musique : Wilkimix (Wilfried Blanchart) ; Interpr\u00e9tation : Soufia\u2026","rel":"","context":"Article similaire","block_context":{"text":"Article similaire","link":""},"img":{"alt_text":"sur-la-planche1_fiche","src":"https:\/\/i0.wp.com\/asurb.com\/asurb3\/wp-content\/uploads\/2016\/06\/sur-la-planche1_fiche.jpg?resize=350%2C200&ssl=1","width":350,"height":200},"classes":[]}],"_links":{"self":[{"href":"https:\/\/asurb.com\/asurb3\/index.php?rest_route=\/wp\/v2\/pages\/248","targetHints":{"allow":["GET"]}}],"collection":[{"href":"https:\/\/asurb.com\/asurb3\/index.php?rest_route=\/wp\/v2\/pages"}],"about":[{"href":"https:\/\/asurb.com\/asurb3\/index.php?rest_route=\/wp\/v2\/types\/page"}],"author":[{"embeddable":true,"href":"https:\/\/asurb.com\/asurb3\/index.php?rest_route=\/wp\/v2\/users\/1"}],"replies":[{"embeddable":true,"href":"https:\/\/asurb.com\/asurb3\/index.php?rest_route=%2Fwp%2Fv2%2Fcomments&post=248"}],"version-history":[{"count":1,"href":"https:\/\/asurb.com\/asurb3\/index.php?rest_route=\/wp\/v2\/pages\/248\/revisions"}],"predecessor-version":[{"id":250,"href":"https:\/\/asurb.com\/asurb3\/index.php?rest_route=\/wp\/v2\/pages\/248\/revisions\/250"}],"up":[{"embeddable":true,"href":"https:\/\/asurb.com\/asurb3\/index.php?rest_route=\/wp\/v2\/pages\/26"}],"wp:attachment":[{"href":"https:\/\/asurb.com\/asurb3\/index.php?rest_route=%2Fwp%2Fv2%2Fmedia&parent=248"}],"curies":[{"name":"wp","href":"https:\/\/api.w.org\/{rel}","templated":true}]}}