{"id":2514,"date":"2019-09-18T19:55:02","date_gmt":"2019-09-18T17:55:02","guid":{"rendered":"https:\/\/asurb.com\/asurb3\/?page_id=2514"},"modified":"2019-10-09T10:55:58","modified_gmt":"2019-10-09T08:55:58","slug":"duga-les-charognards","status":"publish","type":"page","link":"https:\/\/asurb.com\/asurb3\/?page_id=2514","title":{"rendered":"Duga (Les Charognards)"},"content":{"rendered":"<p><strong>De Abdoulaye DAO et Herv\u00e9 Eric LENGANI &#8211; Burkina Faso \u2013 2018 \u2013 95 min \u2013 fiction \u2013 couleur \u2013 DCP \u2013 VO STF<\/strong><\/p>\n<p>Sc\u00e9nario : Guy D\u00e9sir\u00e9 Yam\u00e9ogo &#8211; Image : Paul Djibila, Alidou Badini,Hyacinthe Combary &#8211; Montage : Jean Constant Kabor\u00e9, B\u00e8de Modeste Ganafe-Mofedogna &#8211; Musique : Seydou Sana (Kanza\u00ef) &#8211; Son : Ga\u00ebl Simard, Sam Lall\u00e9 Isidore \u2013 D\u00e9cor : Malik Boro.<br \/>\nInterpr\u00e8tes : Charles Wattara, Abdoulaye Komboudri, Orokia Alorabou,<br \/>\nProduction : D\u00e9clic Plus \u2013 Contact : declicimage1@g\u00admail.com<\/p>\n<p>Prix Signis, Prix de l\u2019UEOMA (Union \u00e9conomique et mon\u00e9taire ouest-africaine) au FESPACO 2019<\/p>\n<p><strong>\u00a0<\/strong><\/p>\n<h4><span style=\"color: #ff0000;\">Synopsis<\/span><\/h4>\n<p>Duga raconte les tribulations de la d\u00e9pouille d&rsquo;un mort que personne ne veut enterrer: avec sa veuve et sa petite fille orpheline, Rasman\u00e9, ami du d\u00e9funt, se d\u00e9m\u00e8ne pour trouver une solution, non sans subir la cupidit\u00e9 des profiteurs de toutes sortes. Parall\u00e8lement, un b\u00e9b\u00e9 abandonn\u00e9 dans une d\u00e9charge est trouv\u00e9 par un jeune man\u0153uvre. Il se propose de le recueillir, mais l&rsquo;Etat lui fait les pires difficult\u00e9s. Les deux histoires, comme la vie et la mort, se c\u00f4toient pour se rejoindre \u00e0 la fin. Ce sont finalement des jeunes marginalis\u00e9s par la communaut\u00e9, qui tentent de s&rsquo;en sortir en pratiquant la r\u00e9cup\u00e9ration &#8211; d&rsquo;o\u00f9 leur surnom de \u00ab\u00a0charognards\u00a0\u00bb &#8211; qui permettront, enfin, de d\u00e9bloquer la situation de fa\u00e7on inattendue.<\/p>\n<p>Chefs traditionnels, pr\u00eatres et imams, policiers, fonctionnaires des services sociaux, personne n&rsquo;est \u00e9pargn\u00e9 dans cette com\u00e9die satirique r\u00e9alis\u00e9e avec finesse et humour.<\/p>\n<p>C\u2019est \u00e0 une v\u00e9ritable r\u00e9flexion sur l\u2019effritement du tissu social qu\u2019est invit\u00e9 le spectateur.<\/p>\n<p>&nbsp;<\/p>\n<h4><span style=\"color: #ff0000;\">Les r\u00e9alisateurs<\/span><\/h4>\n<p>N\u00e9 en1956 au Burkina-Faso, Abdoulaye DAO est licenci\u00e9 en cr\u00e9ation cin\u00e9matographique apr\u00e8s avoir fait l&rsquo;INAFEC-Burkina, l&rsquo;INA de Paris. Il a travaill\u00e9 une dizaine d&rsquo;ann\u00e9es \u00e0 la TNB (T\u00e9l\u00e9vision Nationale du Burkina). Il a r\u00e9alis\u00e9 le feuilleton t\u00e9l\u00e9 \u00ab\u00a0Quand les \u00e9l\u00e9phants se battent\u00a0\u00bb (2006, 26min x 104 \u00e9pisodes), Grand Prix de la Meilleure s\u00e9rie ou Sitcom TV au FESPACO 2007. En 2009, le FESPACO le prime \u00e0 nouveau pour son t\u00e9l\u00e9film \u00ab\u00a0Une femme pas comme les autres\u00a0\u00bb\u00a0(2008).<\/p>\n<p>N\u00e9 en 1975 \u00e0 Bobo Dioulasso, Herv\u00e9 Eric LENGANI est titulaire d\u2019un Master II en communication \u00e0 l\u2019universit\u00e9 de Ouagadougou. R\u00e9alisateur tr\u00e8s prolifique, il a sign\u00e9 de nombreux films en tout genre : s\u00e9ries, courts m\u00e9trages documentaires.<\/p>\n<p>&nbsp;<\/p>\n<p>&nbsp;<\/p>\n<p style=\"text-align: justify;\">\n","protected":false},"excerpt":{"rendered":"<p>De Abdoulaye DAO et Herv\u00e9 Eric LENGANI &#8211; Burkina Faso \u2013 2018 \u2013 95 min \u2013 fiction \u2013 couleur \u2013 DCP \u2013 VO STF Sc\u00e9nario : Guy D\u00e9sir\u00e9 Yam\u00e9ogo &#8211; [&hellip;]<\/p>\n","protected":false},"author":1,"featured_media":0,"parent":26,"menu_order":0,"comment_status":"closed","ping_status":"closed","template":"","meta":{"footnotes":""},"class_list":["post-2514","page","type-page","status-publish","hentry"],"jetpack_sharing_enabled":true,"jetpack_shortlink":"https:\/\/wp.me\/P7C6tF-Ey","jetpack-related-posts":[{"id":3999,"url":"https:\/\/asurb.com\/asurb3\/?page_id=3999","url_meta":{"origin":2514,"position":0},"title":"L&rsquo;envoy\u00e9e de Dieu","author":"webmaster","date":"11 d\u00e9cembre 2023","format":false,"excerpt":"De Amina Abdoulaye Mamani - Niger\/Burkina Faso - 23 min - fiction -VOSTFEn comp\u00e9tition officielle au FESPACO 2023, ce court m\u00e9trage coproduit par Diam Production, Karekezi Film Production\u00a0et Tabou Production \u00a0a remport\u00e9 quatre prix sp\u00e9ciaux et une mention sp\u00e9ciale pour sa sensibilit\u00e9. Synopsis\u00a0 Le film retrace le parcours de Fatima,\u2026","rel":"","context":"Article similaire","block_context":{"text":"Article similaire","link":""},"img":{"alt_text":"","src":"","width":0,"height":0},"classes":[]},{"id":194,"url":"https:\/\/asurb.com\/asurb3\/?page_id=194","url_meta":{"origin":2514,"position":1},"title":"Da Monzon, la conqu\u00eate de Samanyana","author":"webmaster","date":"4 juin 2016","format":false,"excerpt":"De Sidy Fassara DIABATE - 110 min - Mali - 2010 Fiction \u00e0 base historique - couleur - 35 mm - version originale en bambara sous-titr\u00e9e en fran\u00e7ais. Sc\u00e9nario : Sidy F. Diabat\u00e9, Ibrahim Tom ; Image : M.L.Tani, Abdoulaye Som\u00e9; Son : Bakary Sangare ; Montage : Seydou Kon\u00e9\u2026","rel":"","context":"Article similaire","block_context":{"text":"Article similaire","link":""},"img":{"alt_text":"DaMonzon_Fiche","src":"https:\/\/i0.wp.com\/asurb.com\/asurb3\/wp-content\/uploads\/2016\/06\/DaMonzon_Fiche.jpg?resize=350%2C200&ssl=1","width":350,"height":200},"classes":[]},{"id":773,"url":"https:\/\/asurb.com\/asurb3\/?page_id=773","url_meta":{"origin":2514,"position":2},"title":"Terrem\u00e8re","author":"webmaster","date":"19 juin 2016","format":false,"excerpt":"De Aliou SOW - 32 min - S\u00e9n\u00e9gal - 2014\u00a0 fiction - couleur - VF - DVD Sc\u00e9nario : Aliou SOW - Image : Tristan Tortuyaux - Montage : Flora Volpeli\u00e8re - Son : Ludovic H\u00e9lias - Interpr\u00e9tation : Oumar Diaw, Sofiane Zermani, Hicham Ayacoubi, Mamadou Coulibaly, Almany Kanoute, Sidi\u2026","rel":"","context":"Article similaire","block_context":{"text":"Article similaire","link":""},"img":{"alt_text":"","src":"","width":0,"height":0},"classes":[]},{"id":217,"url":"https:\/\/asurb.com\/asurb3\/?page_id=217","url_meta":{"origin":2514,"position":3},"title":"Et si l&rsquo;on s&rsquo;unissait","author":"webmaster","date":"4 juin 2016","format":false,"excerpt":"Guin\u00e9e - 2012 - 5 min - fiction - couleur - sans dialogue - DVCam R\u00e9alisation : Cheick Abdoulaye Camara Des femmes se retrouvent autour d\u2019un puits dont la corde \u00e0 puiser est coup\u00e9e. Apr\u00e8s un temps d\u2019attente o\u00f9 elles ne parlent ni ne se regardent, elles finissent par comprendre\u2026","rel":"","context":"Article similaire","block_context":{"text":"Article similaire","link":""},"img":{"alt_text":"","src":"","width":0,"height":0},"classes":[]},{"id":678,"url":"https:\/\/asurb.com\/asurb3\/?page_id=678","url_meta":{"origin":2514,"position":4},"title":"Des \u00e9toiles","author":"webmaster","date":"15 juin 2016","format":false,"excerpt":"De Dyana GAYE - 88 min\u00a0 - S\u00e9n\u00e9gal\/France - 2013 - fiction - couleur - VO\u00a0 anglais,italien, wolof, fran\u00e7ais STF - DCP R\u00e9alisation Dyana GAYE. Sc\u00e9nario : C\u00e9cile Vargaftig et Dyana Gaye ; Image : Irina Lubtchansky ; Musique : Baptiste Bouquin ; Montage : Gwen Mallauran ; Interpr\u00e9tation :\u2026","rel":"","context":"Article similaire","block_context":{"text":"Article similaire","link":""},"img":{"alt_text":"","src":"","width":0,"height":0},"classes":[]},{"id":1883,"url":"https:\/\/asurb.com\/asurb3\/?page_id=1883","url_meta":{"origin":2514,"position":5},"title":"Maman(s)","author":"webmaster","date":"29 novembre 2017","format":false,"excerpt":"De Ma\u00efmouna DOUCOURE France\/S\u00e9n\u00e9gal -2015 \u2013 21 min - fiction \u2013 couleur \u2013 VO fran\u00e7ais Sc\u00e9nario\u00a0: Ma\u00efmouna Doucour\u00e9 \u2013 Image\u00a0: Yann Maritaud \u2013 Son\u00a0: Cl\u00e9ment Mal\u00e9o \u2013 Montage\u00a0: Sonia Franco \u2013 Musique\u00a0: Viviane N\u2019Dour \u2013 Interpr\u00e9tation\u00a0: Sokhna Diallo, Ma\u00efmouna Gueye, Abdoulaye-Azize Diabat\u00e9, Mareme N\u2019Diaye, Eriq Ebouaney Production\/Distribution\u00a0: Zangro \u2013 Bien\u2026","rel":"","context":"Article similaire","block_context":{"text":"Article similaire","link":""},"img":{"alt_text":"","src":"","width":0,"height":0},"classes":[]}],"_links":{"self":[{"href":"https:\/\/asurb.com\/asurb3\/index.php?rest_route=\/wp\/v2\/pages\/2514","targetHints":{"allow":["GET"]}}],"collection":[{"href":"https:\/\/asurb.com\/asurb3\/index.php?rest_route=\/wp\/v2\/pages"}],"about":[{"href":"https:\/\/asurb.com\/asurb3\/index.php?rest_route=\/wp\/v2\/types\/page"}],"author":[{"embeddable":true,"href":"https:\/\/asurb.com\/asurb3\/index.php?rest_route=\/wp\/v2\/users\/1"}],"replies":[{"embeddable":true,"href":"https:\/\/asurb.com\/asurb3\/index.php?rest_route=%2Fwp%2Fv2%2Fcomments&post=2514"}],"version-history":[{"count":2,"href":"https:\/\/asurb.com\/asurb3\/index.php?rest_route=\/wp\/v2\/pages\/2514\/revisions"}],"predecessor-version":[{"id":2590,"href":"https:\/\/asurb.com\/asurb3\/index.php?rest_route=\/wp\/v2\/pages\/2514\/revisions\/2590"}],"up":[{"embeddable":true,"href":"https:\/\/asurb.com\/asurb3\/index.php?rest_route=\/wp\/v2\/pages\/26"}],"wp:attachment":[{"href":"https:\/\/asurb.com\/asurb3\/index.php?rest_route=%2Fwp%2Fv2%2Fmedia&parent=2514"}],"curies":[{"name":"wp","href":"https:\/\/api.w.org\/{rel}","templated":true}]}}