{"id":2569,"date":"2019-10-08T17:22:54","date_gmt":"2019-10-08T15:22:54","guid":{"rendered":"https:\/\/asurb.com\/asurb3\/?page_id=2569"},"modified":"2019-10-08T17:22:54","modified_gmt":"2019-10-08T15:22:54","slug":"sega","status":"publish","type":"page","link":"https:\/\/asurb.com\/asurb3\/?page_id=2569","title":{"rendered":"Sega"},"content":{"rendered":"<p>d\u2019<strong>Idil IBRAHIM<\/strong> -S\u00e9n\u00e9gal \u2013 2018 &#8211; 24 min- fiction \u2013 couleur- VF<\/p>\n<p>Prix jeune public \u00e0 Angers<\/p>\n<h4 style=\"text-align: justify;\"><span style=\"color: #ff0000;\">Synopsis\u00a0<\/span><\/h4>\n<p style=\"text-align: justify;\">Apr\u00e8s avoir tent\u00e9 \u00e0 maintes reprises de gagner le continent europ\u00e9en, Sega est renvoy\u00e9 \u00e0 Dakar o\u00f9 il doit \u00e0 pr\u00e9sent affronter sa famille, ses amis et dig\u00e9rer sa grande d\u00e9ception. Quel est maintenant son avenir\u00a0?<\/p>\n<h4 style=\"text-align: justify;\"><span style=\"color: #ff0000;\">La r\u00e9alisatrice<\/span><\/h4>\n<p style=\"text-align: justify;\">Dipl\u00f4m\u00e9e de l&rsquo;universit\u00e9 de Berkeley, Idil IBRAHIM est une r\u00e9alisatrice et productrice d&rsquo;origine somalienne. Elle a \u00e9t\u00e9 s\u00e9lectionn\u00e9e en 2018 parmi les \u00ab\u00a0100 femmes\u00a0\u00bb d&rsquo;OkayAfrica\u00a0\u00bb site d\u2019informations situ\u00e9 aux \u00c9tats-Unis qui traite de l\u2019actualit\u00e9 culturelle, artistique, musicale et politique africaine.<\/p>\n<pre id=\"tw-target-text\" class=\"tw-data-text tw-text-large tw-ta\" dir=\"ltr\" data-placeholder=\"Traduction\"><\/pre>\n","protected":false},"excerpt":{"rendered":"<p>d\u2019Idil IBRAHIM -S\u00e9n\u00e9gal \u2013 2018 &#8211; 24 min- fiction \u2013 couleur- VF Prix jeune public \u00e0 Angers Synopsis\u00a0 Apr\u00e8s avoir tent\u00e9 \u00e0 maintes reprises de gagner le continent europ\u00e9en, Sega [&hellip;]<\/p>\n","protected":false},"author":1,"featured_media":0,"parent":26,"menu_order":0,"comment_status":"closed","ping_status":"closed","template":"","meta":{"footnotes":""},"class_list":["post-2569","page","type-page","status-publish","hentry"],"jetpack_sharing_enabled":true,"jetpack_shortlink":"https:\/\/wp.me\/P7C6tF-Fr","jetpack-related-posts":[{"id":4601,"url":"https:\/\/asurb.com\/asurb3\/?page_id=4601","url_meta":{"origin":2569,"position":0},"title":"Takalayokos, les gardiennes du fleuve","author":"webmaster","date":"7 septembre 2025","format":false,"excerpt":"De Hassani\u00e9 Mahamat Ibrahim - Niger, Burkina Faso - 2024 - 13 min \u2013 Documentaire \u2013 VO STF \u00a0\u00c9criture et r\u00e9alisation :\u00a0 Hassani\u00e9 Mahamat IbrahimImage : Harouna Garba Zakari - Son : Amidou Ibrahim, Hassani\u00e9 Mahamat IbrahimMontage : Zady Befor - Musique originale : Aichatou Ali SoumailaProduction (structure) : HF\u2026","rel":"","context":"Article similaire","block_context":{"text":"Article similaire","link":""},"img":{"alt_text":"","src":"https:\/\/i0.wp.com\/asurb.com\/asurb3\/wp-content\/uploads\/2025\/10\/6C32A7FE0FB342C391AD387518316512-196x300.jpg?resize=350%2C200&ssl=1","width":350,"height":200},"classes":[]},{"id":2600,"url":"https:\/\/asurb.com\/asurb3\/?page_id=2600","url_meta":{"origin":2569,"position":1},"title":"Brotherhood (Fraternit\u00e9)","author":"webmaster","date":"9 octobre 2019","format":false,"excerpt":"Brotherhood (Fraternit\u00e9) de Meryam JOOBEUR \u2013 Tunisie\/Canada\/Qatar \u2013 2018 - 25 min\u2013 Fiction \u2013 VOSTF Synopsis Mohamed est un berger endurci qui vit dans la campagne tunisienne avec sa femme et ses deux fils. Sa vie est \u00e9branl\u00e9e quand son fils a\u00een\u00e9 revient un jour secr\u00e8tement d\u2019un long voyage accompagn\u00e9\u2026","rel":"","context":"Article similaire","block_context":{"text":"Article similaire","link":""},"img":{"alt_text":"","src":"","width":0,"height":0},"classes":[]},{"id":2847,"url":"https:\/\/asurb.com\/asurb3\/?page_id=2847","url_meta":{"origin":2569,"position":2},"title":"Rafiki","author":"webmaster","date":"12 ao\u00fbt 2020","format":false,"excerpt":"RAFIKI - De Wanuri KAHIU \u2013 Kenya \u2013 2018 - 82 min \u2013 fiction \u2013 couleur -VOSTF Sc\u00e9nario\u00a0: Jenna Cato Bass et Wanuri Kahiu \u00a0- Directeur de la photo\u00a0: Christopher Wessels - Montage\u00a0: Isabelle Dedieu et Ronelle Loots \u00a0\u2013 Interpr\u00e9tation\u00a0: Samantha Mugatsia, Sheila Munyiva, Jimmi Gathu, Nini Wacera, Dennis Musyoka\u2026","rel":"","context":"Article similaire","block_context":{"text":"Article similaire","link":""},"img":{"alt_text":"","src":"","width":0,"height":0},"classes":[]},{"id":3008,"url":"https:\/\/asurb.com\/asurb3\/?page_id=3008","url_meta":{"origin":2569,"position":3},"title":"Al-Sit","author":"webmaster","date":"2 septembre 2021","format":false,"excerpt":"\u00a0De Susannah Mirghani -Soudan \u2013 2020 - 20 min \u2013 fiction - VOSTF Festival international du court-m\u00e9trage de Clermont-Ferrand 2021\u00a0: Prix CANAL+ \/ CINE \u00a0 Synopsis\u00a0 Dans un village du Soudan, Nafisa, une jeune fille de quinze ans, est amoureuse de Babiker. Mais ses parents ont arrang\u00e9 son mariage avec\u2026","rel":"","context":"Article similaire","block_context":{"text":"Article similaire","link":""},"img":{"alt_text":"","src":"","width":0,"height":0},"classes":[]},{"id":4283,"url":"https:\/\/asurb.com\/asurb3\/?page_id=4283","url_meta":{"origin":2569,"position":4},"title":"Villa Madjo","author":"webmaster","date":"30 octobre 2024","format":false,"excerpt":"De Elen Sylla Grollimund \u00a0- C\u00f4te d\u2019Ivoire - 2023 - 13 min - animation - VO fran\u00e7ais. Accompagnement \u00e9criture : Ellen Meiresonne & D\u00e9borah Benarrosh - Montage : S\u00e9bastien Demeff - Enregistrement voice-off : S\u00e9bastien Demeffe - Mix : Thomas Ferrando - Production\u00a0 : \u2019Atelier Graphoui. avec le soutien d\u2019Africalia.\u2026","rel":"","context":"Article similaire","block_context":{"text":"Article similaire","link":""},"img":{"alt_text":"","src":"https:\/\/i0.wp.com\/asurb.com\/asurb3\/wp-content\/uploads\/2024\/10\/villa_madjo-212x300.jpg?resize=350%2C200&ssl=1","width":350,"height":200},"classes":[]},{"id":663,"url":"https:\/\/asurb.com\/asurb3\/?page_id=663","url_meta":{"origin":2569,"position":5},"title":"Dix mille neuf cent quarante neuf (10949) femmes","author":"webmaster","date":"14 juin 2016","format":false,"excerpt":"De Nassima GUESSOUM - 75 min - Alg\u00e9rie - 2014 De Nassima GUESSOUM - Alg\u00e9rie - 2014 - 75 min - documentaire - couleur - DCP -\u00a0 version originale en fran\u00e7ais et en arabe sous-titr\u00e9e en fran\u00e7ais Sc\u00e9nario : Nassima GUESSOUM - Image : Houssem BOKHARI, Nassima GUESSOUM - Son:\u2026","rel":"","context":"Article similaire","block_context":{"text":"Article similaire","link":""},"img":{"alt_text":"","src":"","width":0,"height":0},"classes":[]}],"_links":{"self":[{"href":"https:\/\/asurb.com\/asurb3\/index.php?rest_route=\/wp\/v2\/pages\/2569","targetHints":{"allow":["GET"]}}],"collection":[{"href":"https:\/\/asurb.com\/asurb3\/index.php?rest_route=\/wp\/v2\/pages"}],"about":[{"href":"https:\/\/asurb.com\/asurb3\/index.php?rest_route=\/wp\/v2\/types\/page"}],"author":[{"embeddable":true,"href":"https:\/\/asurb.com\/asurb3\/index.php?rest_route=\/wp\/v2\/users\/1"}],"replies":[{"embeddable":true,"href":"https:\/\/asurb.com\/asurb3\/index.php?rest_route=%2Fwp%2Fv2%2Fcomments&post=2569"}],"version-history":[{"count":1,"href":"https:\/\/asurb.com\/asurb3\/index.php?rest_route=\/wp\/v2\/pages\/2569\/revisions"}],"predecessor-version":[{"id":2570,"href":"https:\/\/asurb.com\/asurb3\/index.php?rest_route=\/wp\/v2\/pages\/2569\/revisions\/2570"}],"up":[{"embeddable":true,"href":"https:\/\/asurb.com\/asurb3\/index.php?rest_route=\/wp\/v2\/pages\/26"}],"wp:attachment":[{"href":"https:\/\/asurb.com\/asurb3\/index.php?rest_route=%2Fwp%2Fv2%2Fmedia&parent=2569"}],"curies":[{"name":"wp","href":"https:\/\/api.w.org\/{rel}","templated":true}]}}