{"id":2576,"date":"2019-10-08T17:49:06","date_gmt":"2019-10-08T15:49:06","guid":{"rendered":"https:\/\/asurb.com\/asurb3\/?page_id=2576"},"modified":"2019-10-09T17:39:35","modified_gmt":"2019-10-09T15:39:35","slug":"hakkunde-entre-deux","status":"publish","type":"page","link":"https:\/\/asurb.com\/asurb3\/?page_id=2576","title":{"rendered":"Hakkunde (Entre deux)"},"content":{"rendered":"<p><strong>De Oluseyi ASURF AMUWA \u2013 Nigeria- 2017- 97mn &#8211; Fiction- VOSTF<\/strong><br \/>\nSc\u00e9nario :Oluseyi Asurf Amuwa, Tomi Adesina &#8211; Montage\u00a0 : Oluseyi Asurf \u00a0&#8211; \u00a0Musique\u00a0 : Kentoxygen Egunjobi, Elizabeth Emoruwa, James Langley, Jae Taylor- Costumes\u00a0 : Mariam Chu, Jaan Gbefwi &#8211; Interpr\u00e9tation : Toyin Aimakhu-Johnson, Seyilaw, Ali Nuhu, Rahama Sadau -Production :Asurf Films &#8211; Phoenix Films &amp; Media &#8211; Contact production : Oluseyi Asurf (r\u00e9alisateur) asurftv@gmail.com \u00a0&#8211; Distribution : Gravel Road Distribution Group (Worldwide\/all media)https:\/\/gravelroadafrica.com<\/p>\n<p>Prix du m\u00e9rite aux Indie Fest Film Awards 2017, Prix du meilleur film nig\u00e9rian au Festival international du film panafricain\u00a0 Cannes 2017\u00a0et une nomination au FESPACO en 2019.<\/p>\n<h4><span style=\"color: #ff0000;\">Synopsis<\/span><\/h4>\n<p>Cadre sup\u00e9rieur, enseignant au ch\u00f4mage, Akand\u00e9, a tout essay\u00e9 pour trouver du travail \u00e0 Lagos. D\u00e9sesp\u00e9r\u00e9 il d\u00e9cide de quitter la capitale sans tenir compte de l\u2019avis d\u00e9favorable de sa s\u0153ur. Il se rend \u00e0 Kaduna, un village situ\u00e9 au nord du Nig\u00e9ria. Mais l\u00e0 non plus rien n\u2019est simple. Jusqu\u2019\u00e0 ce qu\u2019il trouve l\u2019id\u00e9e qui va le sortir de cette situation. L\u2019histoire d\u2019Akand\u00e9 est aussi l\u2019histoire de 30 millions de personnes au Nigeria qui sont sans emploi. Oluseyi Asurf d\u00e9clare : \u00ab le ch\u00f4mage est un probl\u00e8me universel. Si l\u2019on n\u2019entreprend rien, on est assis sur une bombe \u00e0 retardement. J\u2019ai tourn\u00e9 dans le nord du Nigeria, l\u00e0 o\u00f9 beaucoup de gens n\u2019osent pas aller, \u00e0 cause de l\u2019ins\u00e9curit\u00e9 mise en avant par les m\u00e9dias. En r\u00e9alit\u00e9, au nord du pays, il y a beaucoup de possibilit\u00e9s que personne n\u2019explore. En tant que r\u00e9alisateur, j\u2019utilise mes moyens, le cin\u00e9ma, pour vaincre les peurs des gens pour qu\u2019ils saisissent les occasions qui existent en Afrique \u00bb.<\/p>\n<p>&nbsp;<\/p>\n<h4><span style=\"color: #ff0000;\">Le r\u00e9alisateur\u00a0\u00a0\u00a0\u00a0\u00a0\u00a0<\/span><\/h4>\n<p>N\u00e9 au Nigeria, il a appris le m\u00e9tier de cin\u00e9aste en visionnant les vid\u00e9os YouTube et en lisant des manuels de formation, une d\u00e9termination qui sera payante. Cin\u00e9aste reconnu, il a fond\u00e9 l\u2019une des plus importantes maisons de production au Nigeria et a aid\u00e9 des jeunes \u00e0 se former. Il a r\u00e9alis\u00e9 deux courts m\u00e9trages prim\u00e9s dans diff\u00e9rents festivals\u00a0:\u00a0\u00ab\u00a0Hell or High Water et A Day With Death.\u00a0\u00bb<\/p>\n<p>Hakkunde, son premier long m\u00e9trage a obtenu le prix du m\u00e9rite aux IndieFest Film Awards en 2017, le prix du meilleur film nig\u00e9rian 2017au Festival international du film africain 2017 et une nomination au FESPACO en 2019.<\/p>\n","protected":false},"excerpt":{"rendered":"<p>De Oluseyi ASURF AMUWA \u2013 Nigeria- 2017- 97mn &#8211; Fiction- VOSTF Sc\u00e9nario :Oluseyi Asurf Amuwa, Tomi Adesina &#8211; Montage\u00a0 : Oluseyi Asurf \u00a0&#8211; \u00a0Musique\u00a0 : Kentoxygen Egunjobi, Elizabeth Emoruwa, James [&hellip;]<\/p>\n","protected":false},"author":1,"featured_media":0,"parent":26,"menu_order":0,"comment_status":"closed","ping_status":"closed","template":"","meta":{"footnotes":""},"class_list":["post-2576","page","type-page","status-publish","hentry"],"jetpack_sharing_enabled":true,"jetpack_shortlink":"https:\/\/wp.me\/P7C6tF-Fy","jetpack-related-posts":[{"id":1053,"url":"https:\/\/asurb.com\/asurb3\/?page_id=1053","url_meta":{"origin":2576,"position":0},"title":"Anay ly lalana (La rue est \u00e0 moi)","author":"webmaster","date":"18 octobre 2016","format":false,"excerpt":"De Nantenaina Fifaliana - Madagascar - 2015 De Nantenaina Fifaliana - Madagascar - 2015 - 11 min - documentaire. Production : Endemika Films.\u00a0Distribution : Endemika Films.\u00a0Format de Distribution (DVD, DCP) Une version work-in-progress \u00a0a \u00e9t\u00e9 s\u00e9lectionn\u00e9e aux RFC 2015 et a re\u00e7u le 1er Prix aux Rencontres du Film Documentaire\u2026","rel":"","context":"Article similaire","block_context":{"text":"Article similaire","link":""},"img":{"alt_text":"","src":"","width":0,"height":0},"classes":[]},{"id":4255,"url":"https:\/\/asurb.com\/asurb3\/?page_id=4255","url_meta":{"origin":2576,"position":1},"title":"Better Than Earth","author":"webmaster","date":"28 octobre 2024","format":false,"excerpt":"De Sherif EL BENDARY - Egypte\/Su\u00e8de\/France - 2024 - 23 min - fiction - VO arabe STF Sc\u00e9nario : Sherif El Bendary\/Murad Mustafa - Montage : Julien Perrin - Photographie : Seif Eldin Khaled - Interpr\u00e9tation : \u00a0Sarah Shedid, Fayza Othman, Ahmed Ismael - Production : Les Cigognes Films, Studio\u2026","rel":"","context":"Article similaire","block_context":{"text":"Article similaire","link":""},"img":{"alt_text":"","src":"https:\/\/i0.wp.com\/asurb.com\/asurb3\/wp-content\/uploads\/2024\/10\/better_than_earth-211x300.webp?resize=350%2C200&ssl=1","width":350,"height":200},"classes":[]},{"id":795,"url":"https:\/\/asurb.com\/asurb3\/?page_id=795","url_meta":{"origin":2576,"position":2},"title":"Virgem Margarida","author":"webmaster","date":"20 juin 2016","format":false,"excerpt":"De Licinio AZEVEDO - 87 min - Mozambique - 2012\u00a0 fiction - couleur - Portugais STF. Sc\u00e9nario : Licinio Azevedo, Jacques Akchoti ; Images : Mario Masini\u00a0 ; Montage : Nadia Ben Rachid ; Musique : Moreira Chongui\u00e7a ; Son : Gita Cerveira, Branko Neskov ; Interpr\u00e9tation : Sumeia Maculuva,\u2026","rel":"","context":"Article similaire","block_context":{"text":"Article similaire","link":""},"img":{"alt_text":"","src":"","width":0,"height":0},"classes":[]},{"id":723,"url":"https:\/\/asurb.com\/asurb3\/?page_id=723","url_meta":{"origin":2576,"position":3},"title":"Les terrasses","author":"webmaster","date":"15 juin 2016","format":false,"excerpt":"De Merzak Allouache - 94 min - Alg\u00e9rie - 2013 - fiction - couleur - VO arabe STF Sc\u00e9nario : Merzak Allouache - Image : Fr\u00e9deric Derrien - Son : Julien Perrez - Montage\u00a0 Sylvie Gadmer - Interpr\u00e9tation : Adila Bendimerad, Nassima Belmihoub, Ahcene Benzerari, A\u00efssa Chouat, Mourad Khen, Myriam\u2026","rel":"","context":"Article similaire","block_context":{"text":"Article similaire","link":""},"img":{"alt_text":"","src":"","width":0,"height":0},"classes":[]},{"id":2437,"url":"https:\/\/asurb.com\/asurb3\/?page_id=2437","url_meta":{"origin":2576,"position":4},"title":"Black Mamba","author":"webmaster","date":"5 juin 2019","format":false,"excerpt":"De Amel GUELLATY \u2013 Tunisie \u2013 2017 \u2013 20 min \u2013 fiction \u2013 couleur \u2013 VO arabe STF De Amel GUELLATY \u2013 Tunisie \u2013 2017 \u2013 20 min \u2013 fiction \u2013 couleur \u2013 VO arabe STF \u2013 Sc\u00e9nario\u00a0: Amel Guellaty \u2013 Image\u00a0: Ikbel Arafa \u2013 Musique\u00a0: Omar Aloulou - Montage\u2026","rel":"","context":"Article similaire","block_context":{"text":"Article similaire","link":""},"img":{"alt_text":"","src":"https:\/\/i0.wp.com\/asurb.com\/asurb3\/wp-content\/uploads\/2018\/10\/Black-mamba-225x300.jpg?resize=350%2C200&ssl=1","width":350,"height":200},"classes":[]},{"id":188,"url":"https:\/\/asurb.com\/asurb3\/?page_id=188","url_meta":{"origin":2576,"position":5},"title":"C&rsquo;est dimanche","author":"webmaster","date":"4 juin 2016","format":false,"excerpt":"De Samir GUESMI - 30 min - Alg\u00e9rie\/France - 2008 Fiction - couleur - 35mm - version originale en fran\u00e7ais - Sc\u00e9nario : Samir Guesmi ; Images : Pascale Marin ; Montage : Pauline Dairou ; Musique : Shantel ; Son : Julien Sicart, Lo\u00efc Prian, C\u00e9dric Ilonnet I ;\u2026","rel":"","context":"Article similaire","block_context":{"text":"Article similaire","link":""},"img":{"alt_text":"C_Dimanche_Fiche","src":"https:\/\/i0.wp.com\/asurb.com\/asurb3\/wp-content\/uploads\/2016\/06\/C_Dimanche_Fiche.jpg?resize=350%2C200&ssl=1","width":350,"height":200},"classes":[]}],"_links":{"self":[{"href":"https:\/\/asurb.com\/asurb3\/index.php?rest_route=\/wp\/v2\/pages\/2576","targetHints":{"allow":["GET"]}}],"collection":[{"href":"https:\/\/asurb.com\/asurb3\/index.php?rest_route=\/wp\/v2\/pages"}],"about":[{"href":"https:\/\/asurb.com\/asurb3\/index.php?rest_route=\/wp\/v2\/types\/page"}],"author":[{"embeddable":true,"href":"https:\/\/asurb.com\/asurb3\/index.php?rest_route=\/wp\/v2\/users\/1"}],"replies":[{"embeddable":true,"href":"https:\/\/asurb.com\/asurb3\/index.php?rest_route=%2Fwp%2Fv2%2Fcomments&post=2576"}],"version-history":[{"count":4,"href":"https:\/\/asurb.com\/asurb3\/index.php?rest_route=\/wp\/v2\/pages\/2576\/revisions"}],"predecessor-version":[{"id":2632,"href":"https:\/\/asurb.com\/asurb3\/index.php?rest_route=\/wp\/v2\/pages\/2576\/revisions\/2632"}],"up":[{"embeddable":true,"href":"https:\/\/asurb.com\/asurb3\/index.php?rest_route=\/wp\/v2\/pages\/26"}],"wp:attachment":[{"href":"https:\/\/asurb.com\/asurb3\/index.php?rest_route=%2Fwp%2Fv2%2Fmedia&parent=2576"}],"curies":[{"name":"wp","href":"https:\/\/api.w.org\/{rel}","templated":true}]}}