{"id":2579,"date":"2019-10-08T17:58:18","date_gmt":"2019-10-08T15:58:18","guid":{"rendered":"https:\/\/asurb.com\/asurb3\/?page_id=2579"},"modified":"2019-10-09T12:07:09","modified_gmt":"2019-10-09T10:07:09","slug":"wrong-connection","status":"publish","type":"page","link":"https:\/\/asurb.com\/asurb3\/?page_id=2579","title":{"rendered":"Wrong Connection (Mauvaise rencontre)"},"content":{"rendered":"<p><strong>Wrong Connection de Ando RAMINOSON et Colin DUPRE &#8211;<\/strong> Madagascar \u2013 2016 \u2013 16 min \u2013 fiction &#8211; couleur \u2013 VO STF<\/p>\n<h4><span style=\"color: #ff0000;\">Synopsis<\/span><\/h4>\n<p>Dans cette parodie rocambolesque de blockbuster \u00e0 la sauce malgache, la mise aux ench\u00e8res par le gouvernement d\u2019une arme r\u00e9volutionnaire improbable va bouleverser l\u2019\u00e9quilibre g\u00e9opolitique mondial.<\/p>\n<p>Avec l\u2019humour et l\u2019absurde, le film d\u00e9nonce les travers d\u2019un pouvoir corrompu tout en abordant les probl\u00e8mes de la soci\u00e9t\u00e9 malgache<\/p>\n<h4><span style=\"color: #ff0000;\">Les r\u00e9alisateurs<\/span><\/h4>\n<div class=\"col-8 main-content\">\n<article id=\"post-6506\" class=\"post-6506 page type-page status-publish has-post-thumbnail\">\n<div class=\"post-content\">\n<div class=\"pf-content\">\n<section class=\"fiche_unique\">\n<div class=\"bloc\">\n<div id=\"tablist1-panel1\" class=\"tabcontent responsive-tabs__panel responsive-tabs__panel--active\" role=\"tabpanel\" aria-hidden=\"false\" aria-labelledby=\"tablist1-tab1\">Ando Raminoson, r\u00e9alisateur malgache, fait partie de la nouvelle g\u00e9n\u00e9ration de cin\u00e9aste de la Grande \u00cele, port\u00e9e notamment par les Rencontres du Film Court.<br \/>\nDe David Simon, aux fr\u00e8res Coen, en passant par Zach Snyder, les sources d&rsquo;inspiration du jeune r\u00e9alisateurs sont nombreuses.<br \/>\nApr\u00e8s un passage chez la soci\u00e9t\u00e9 Jules Verne Aventures, il d\u00e9cide de se consacrer exclusivement \u00e0 sa passion, la narration.<br \/>\nRemarqu\u00e9 avec son court-m\u00e9trage <em>Darkano\u00efd<\/em>, il est par la suite aur\u00e9ol\u00e9 par la critique et obtient le prestigieux prix du public lors des rencontres du film Court de Madagascar en 2014 avec son dernier film <em><em>Ody Vy.<\/em><\/em><\/div>\n<\/div>\n<\/section>\n<\/div>\n<\/div>\n<\/article>\n<\/div>\n<p>Colin Dupr\u00e9 est historien, sp\u00e9cialis\u00e9 dans le cin\u00e9ma. Il a notamment collabor\u00e9 \u00e0 l\u2019\u00e9mission Cin\u00e9ma d\u2019aujourd\u2019hui, Cin\u00e9mas sans fronti\u00e8res, sur RFI (Radio France Internationale) aux c\u00f4t\u00e9s de Catherine Ruelle et assist\u00e9 V\u00e9ronique Joo Aisenberg au sein de la Cin\u00e9math\u00e8que Afrique de l\u2019Institut fran\u00e7ais \u00e0 Paris. Il est aussi co-fondateur de l\u2019Association Cinescambia pour Promotion et de Diffusion des Cultures Cin\u00e9matographiques et de l\u2019image.<\/p>\n","protected":false},"excerpt":{"rendered":"<p>Wrong Connection de Ando RAMINOSON et Colin DUPRE &#8211; Madagascar \u2013 2016 \u2013 16 min \u2013 fiction &#8211; couleur \u2013 VO STF Synopsis Dans cette parodie rocambolesque de blockbuster \u00e0 [&hellip;]<\/p>\n","protected":false},"author":1,"featured_media":0,"parent":26,"menu_order":0,"comment_status":"closed","ping_status":"closed","template":"","meta":{"footnotes":""},"class_list":["post-2579","page","type-page","status-publish","hentry"],"jetpack_sharing_enabled":true,"jetpack_shortlink":"https:\/\/wp.me\/P7C6tF-FB","jetpack-related-posts":[{"id":245,"url":"https:\/\/asurb.com\/asurb3\/?page_id=245","url_meta":{"origin":2579,"position":0},"title":"Iny hono izy rav orona (Berceuse malgache )","author":"webmaster","date":"4 juin 2016","format":false,"excerpt":"Madagascar - 2012 - 9 min - animation R\u00e9alisation : Sitraka RANDRIAMAHALY Prix Dan-Faso au Fespaco 2013 Synopsis Un enfant na\u00eet dans un petit village au coeur de la for\u00eat. Il pleure, rit, joue, grandit mais un jour il tombe malade. La m\u00e8re et l'enfant entament alors un voyage vers\u2026","rel":"","context":"Article similaire","block_context":{"text":"Article similaire","link":""},"img":{"alt_text":"Iny-Hono_fiche","src":"https:\/\/i0.wp.com\/asurb.com\/asurb3\/wp-content\/uploads\/2016\/06\/Iny-Hono_fiche.jpg?resize=350%2C200&ssl=1","width":350,"height":200},"classes":[]},{"id":418,"url":"https:\/\/asurb.com\/asurb3\/?page_id=418","url_meta":{"origin":2579,"position":1},"title":"Quand les \u00e9toiles rencontrent la mer","author":"webmaster","date":"5 juin 2016","format":false,"excerpt":"Madagascar - 1996 - fiction - 81 min - couleur - VO malgache\/fran\u00e7ais STFR S\u00e9lectionn\u00e9 dans plusieurs festivals : Toronto, Carthage, San Sebastian, Le Caire\u2026 R\u00e9alisation : Raymond Rajaonarivelo Sc\u00e9nario : Raymond Rajaonarivelo, Santiago Amigorena, SuzanneSchiffman Interpr\u00e9tation : Jean Rabenjamina, Louis Vahandanitra, Aim\u00e9e Rasafindrafarasoa ,Joseph Ranizafilahy,Rondro Rasoanaivo, Christiana Rason Harimalala,\u2026","rel":"","context":"Article similaire","block_context":{"text":"Article similaire","link":""},"img":{"alt_text":"QUAND-LES-ETOILES_Fiche","src":"https:\/\/i0.wp.com\/asurb.com\/asurb3\/wp-content\/uploads\/2016\/06\/QUAND-LES-ETOILES_Fiche.jpg?resize=350%2C200&ssl=1","width":350,"height":200},"classes":[]},{"id":364,"url":"https:\/\/asurb.com\/asurb3\/?page_id=364","url_meta":{"origin":2579,"position":2},"title":"Le z\u00e9bu de Dadilahy","author":"webmaster","date":"5 juin 2016","format":false,"excerpt":"Madagascar - 2012 - 23 min - fiction R\u00e9alisation : Luck RAZANAJAONA En comp\u00e9tition au Festival International du Court-M\u00e9trage de Clermont-Ferrand Synopsis Faralahy, un jeune paysan malgache qui a du mal \u00e0 cultiver sa terre devient l\u2019heureux propri\u00e9taire de Mazavaloha, un vieux z\u00e9bu. Il s\u2019attache peu \u00e0 peu \u00e0 l'animal,\u2026","rel":"","context":"Article similaire","block_context":{"text":"Article similaire","link":""},"img":{"alt_text":"ZEbu1_fiche","src":"https:\/\/i0.wp.com\/asurb.com\/asurb3\/wp-content\/uploads\/2016\/06\/ZEbu1_fiche-300x109.jpg?resize=350%2C200&ssl=1","width":350,"height":200},"classes":[]},{"id":270,"url":"https:\/\/asurb.com\/asurb3\/?page_id=270","url_meta":{"origin":2579,"position":3},"title":"L&rsquo;op\u00e9ra du bout du monde","author":"webmaster","date":"4 juin 2016","format":false,"excerpt":"Madagascar - 2012 - documentaire - 96 min - couleur - VO malgache\/fran\u00e7ais, STFR R\u00e9alisation : Marie Cl\u00e9mence & C\u00e9sar Paes Sc\u00e9nario : Marie Cl\u00e9mence & C\u00e9sar Paes Interpr\u00e9tation : Aurore Ugolin, Landy Andriamboavonjy, Karim Bouzra, Steeve Heimanu Mai, Arnaud Dormeuil Montage : Marie Cl\u00e9mence et C\u00e9sar Paes, Agn\u00e8s Contensou\u2026","rel":"","context":"Article similaire","block_context":{"text":"Article similaire","link":""},"img":{"alt_text":"LOPERA_Fiche","src":"https:\/\/i0.wp.com\/asurb.com\/asurb3\/wp-content\/uploads\/2016\/06\/LOPERA_Fiche.jpg?resize=350%2C200&ssl=1","width":350,"height":200},"classes":[]},{"id":447,"url":"https:\/\/asurb.com\/asurb3\/?page_id=447","url_meta":{"origin":2579,"position":4},"title":"Tabataba","author":"webmaster","date":"5 juin 2016","format":false,"excerpt":"De Raymond RAJAONARIVELO \u2013 84 min \u2013 Madagascar \u2013 1988 \u2013 VOSTF Fiction \u2013 couleur \u2013 35 mm \u2013 version originale en malgache sous-titr\u00e9e en fran\u00e7ais Sc\u00e9nario : Robert Archer, Raymond Rajaonarivelo ; Images : Bruno Privat ; Montage : Suzanne Koch ; Musique : Eddy Louiss ; Son :\u2026","rel":"","context":"Article similaire","block_context":{"text":"Article similaire","link":""},"img":{"alt_text":"Tabataba_Fiche","src":"https:\/\/i0.wp.com\/asurb.com\/asurb3\/wp-content\/uploads\/2016\/06\/Tabataba_Fiche.jpg?resize=350%2C200&ssl=1","width":350,"height":200},"classes":[]},{"id":2828,"url":"https:\/\/asurb.com\/asurb3\/?page_id=2828","url_meta":{"origin":2579,"position":5},"title":"Antananarivo tiako ianao (Tananarive je t&rsquo;aime)","author":"webmaster","date":"10 ao\u00fbt 2020","format":false,"excerpt":"Antananarivo tiako ianao\u00a0 De Haminiaina Ratovoarivony - Madagascar - 2017 - 15 mn - fiction - couleur \u2013 VO malgache STF Sc\u00e9nario \u2013 image - montage \u2013 musique : Ratovoarivony Haminiaina \u2013 Production\u00a0:Hantamalala Ralay Ranaivo (Amy Productions), Haminiaina Ratovoarivony (Colorful Films) - \u00a0Distribution : Marion Guichard, Fenosoa Lova, Hamy Ratovo\u2026","rel":"","context":"Article similaire","block_context":{"text":"Article similaire","link":""},"img":{"alt_text":"","src":"","width":0,"height":0},"classes":[]}],"_links":{"self":[{"href":"https:\/\/asurb.com\/asurb3\/index.php?rest_route=\/wp\/v2\/pages\/2579","targetHints":{"allow":["GET"]}}],"collection":[{"href":"https:\/\/asurb.com\/asurb3\/index.php?rest_route=\/wp\/v2\/pages"}],"about":[{"href":"https:\/\/asurb.com\/asurb3\/index.php?rest_route=\/wp\/v2\/types\/page"}],"author":[{"embeddable":true,"href":"https:\/\/asurb.com\/asurb3\/index.php?rest_route=\/wp\/v2\/users\/1"}],"replies":[{"embeddable":true,"href":"https:\/\/asurb.com\/asurb3\/index.php?rest_route=%2Fwp%2Fv2%2Fcomments&post=2579"}],"version-history":[{"count":5,"href":"https:\/\/asurb.com\/asurb3\/index.php?rest_route=\/wp\/v2\/pages\/2579\/revisions"}],"predecessor-version":[{"id":2612,"href":"https:\/\/asurb.com\/asurb3\/index.php?rest_route=\/wp\/v2\/pages\/2579\/revisions\/2612"}],"up":[{"embeddable":true,"href":"https:\/\/asurb.com\/asurb3\/index.php?rest_route=\/wp\/v2\/pages\/26"}],"wp:attachment":[{"href":"https:\/\/asurb.com\/asurb3\/index.php?rest_route=%2Fwp%2Fv2%2Fmedia&parent=2579"}],"curies":[{"name":"wp","href":"https:\/\/api.w.org\/{rel}","templated":true}]}}