{"id":2597,"date":"2019-10-09T11:14:09","date_gmt":"2019-10-09T09:14:09","guid":{"rendered":"https:\/\/asurb.com\/asurb3\/?page_id=2597"},"modified":"2019-10-09T11:14:09","modified_gmt":"2019-10-09T09:14:09","slug":"les-pasteques-du-cheikh","status":"publish","type":"page","link":"https:\/\/asurb.com\/asurb3\/?page_id=2597","title":{"rendered":"Les past\u00e8ques du cheikh"},"content":{"rendered":"<p><strong>LES PASTEQUES DU CHEIKH\u00a0<\/strong> de Kaouther BEN HANIA &#8211; Tunisie \/ France \u2013 2018 \u2013 Fiction &#8211; 23 min &#8211; VOSTF<\/p>\n<p>R\u00e9alisatrice : Kaouther Ben Hania &#8211; Sc\u00e9nario : Kaouther Ben Hania &#8211; Montage : R\u00e9mi Dumas.<\/p>\n<p>Production\u00a0: Tanit Films &#8211; 61, rue Piat &#8211; 75020 Paris &#8211; Tel.06 82 08 64 87<\/p>\n<h4><span style=\"color: #ff0000;\">Synopsis\u00a0<\/span><\/h4>\n<p>Cheikh Taher est un imam pieux et respect\u00e9. Il accepte de prier sur la d\u00e9pouille d\u2019une femme qu\u2019il ne conna\u00eet pas, mais son acte de pi\u00e9t\u00e9 s\u2019av\u00e8re \u00eatre l\u2019erreur de trop qui pr\u00e9cipitera la spoliation de son pouvoir par Hamid, son jeune assistant machiav\u00e9lique et ambitieux.<\/p>\n<p>\u00ab\u00a0<em>Dans ce film, j&rsquo;ai pris la libert\u00e9 de grossir le trait et d&rsquo;aller sur le terrain de la fiction en fr\u00f4lant de tr\u00e8s pr\u00e8s la caricature<\/em>\u00a0\u00bb. (\u00a0Kaouther Ben Hania interview\u00e9e par Mediapart le 31\/10\/2018)<\/p>\n<h4><span style=\"color: #ff0000;\">La r\u00e9alisatrice<\/span><\/h4>\n<p>Kaouther Ben Hania est n\u00e9e \u00e0 Sidi Bouzid, en Tunisie. Et a fait des \u00e9tudes de cin\u00e9ma en Tunisie et en France<br \/>\nSes principaux films sont\u00a0:<\/p>\n<p><em>&#8211; Les imams vont \u00e0 l&rsquo;\u00e9cole<\/em><strong> \u2013 <\/strong>2010 &#8211; CM<br \/>\n<em>&#8211; Peau de colle<\/em> 2013 \u2013 CM<br \/>\n<em>&#8211; Le Challat de Tunis<\/em> \u00a02014 &#8211; LM<br \/>\n&#8211; <em>Zaineb n&rsquo;aime pas la neige<\/em> \u2013 2016 &#8211; LM<br \/>\n&#8211; <em>La belle et la meute<\/em> \u2013 2017 &#8211; LM<br \/>\n&#8211; <em>Les past\u00e8ques du cheikh<\/em> \u2013 2018 &#8211; CM<\/p>\n<p style=\"text-align: justify;\">\n","protected":false},"excerpt":{"rendered":"<p>LES PASTEQUES DU CHEIKH\u00a0 de Kaouther BEN HANIA &#8211; Tunisie \/ France \u2013 2018 \u2013 Fiction &#8211; 23 min &#8211; VOSTF R\u00e9alisatrice : Kaouther Ben Hania &#8211; Sc\u00e9nario : Kaouther [&hellip;]<\/p>\n","protected":false},"author":1,"featured_media":0,"parent":26,"menu_order":0,"comment_status":"closed","ping_status":"closed","template":"","meta":{"footnotes":""},"class_list":["post-2597","page","type-page","status-publish","hentry"],"jetpack_sharing_enabled":true,"jetpack_shortlink":"https:\/\/wp.me\/P7C6tF-FT","jetpack-related-posts":[{"id":2594,"url":"https:\/\/asurb.com\/asurb3\/?page_id=2594","url_meta":{"origin":2597,"position":0},"title":"La belle et la meute","author":"webmaster","date":"9 octobre 2019","format":false,"excerpt":"La belle et la meute de Kaouther BEN HANIA - Tunisie - France - Liban - Norv\u00e8ge, 2017, Fiction - 95 min - Couleur \u2013 VO arabe STF Sc\u00e9nario\u00a0: Kaouther Ben Hania - Image\u00a0: J\u00e9r\u00f4me Alm\u00e9ras\u00a0- Montage\u00a0: Nadia Ben Rachid\u00a0- Musique originale\u00a0: Amine Bouhafa- D\u00e9cors\u00a0: Moncef Hakouna - Costumes\u00a0: Nedra\u2026","rel":"","context":"Article similaire","block_context":{"text":"Article similaire","link":""},"img":{"alt_text":"","src":"","width":0,"height":0},"classes":[]},{"id":719,"url":"https:\/\/asurb.com\/asurb3\/?page_id=719","url_meta":{"origin":2597,"position":1},"title":"Le challat de Tunis","author":"webmaster","date":"15 juin 2016","format":false,"excerpt":"De Kaouther BEN HANIA - 89 min -Tunisie - 2014 - Docu-fiction -Couleur - VO STF- DCP Sc\u00e9nario : Kaouther Ben Hania - Image : Sofian El Fani - Son : Moez Cheikh - Montage : Nadia Ben Rachid - Musique : Benjamin Violet, Si Lemhaf - Interpr\u00e9tation :Jallel Dridi,\u2026","rel":"","context":"Article similaire","block_context":{"text":"Article similaire","link":""},"img":{"alt_text":"","src":"","width":0,"height":0},"classes":[]},{"id":763,"url":"https:\/\/asurb.com\/asurb3\/?page_id=763","url_meta":{"origin":2597,"position":2},"title":"Peau de colle","author":"webmaster","date":"19 juin 2016","format":false,"excerpt":"De Kaouther BEN HANIA \u00a0 -23 mn - Tunisie \/ France\u00a0 \u2013 2013 - court m\u00e9trage - fiction - couleur com\u00e9die\u2013 VO arabe ST fran\u00e7ais Sc\u00e9nario\u00a0: Kaouther Ben Hania -\u00a0 Son\u00a0: Walid Ouerghi Kochbati -\u00a0\u00a0 Musique\u00a0: Benjamin Violet - Montage\u00a0: Valentin F\u00e9ron -\u00a0 Direction photo\u00a0: Hazem Berrabah - Interpr\u00e9tation\u00a0:\u00a0 Yasmine\u2026","rel":"","context":"Article similaire","block_context":{"text":"Article similaire","link":""},"img":{"alt_text":"","src":"","width":0,"height":0},"classes":[]},{"id":1860,"url":"https:\/\/asurb.com\/asurb3\/?page_id=1860","url_meta":{"origin":2597,"position":3},"title":"Zaineb n&rsquo;aime pas la neige","author":"webmaster","date":"29 novembre 2017","format":false,"excerpt":"De Kaouther BEN HANIA Tunisie \u2013 2016 -94 min \u2013 documentaire \u2013 couleur \u2013 VO arabe ST fran\u00e7ais \u2013 DCP R\u00e9alisation \u2013 Sc\u00e9nario -Image \u2013 Son\u00a0: Kaouther Ben Hania \u2013 Montage : Samuel Lajus- Interpr\u00e9tation :\u00a0Zaineb Khelifi, Wijdene Hamdi -\u00a0 Production\u00a0:\u00a0Cin\u00e9t\u00e9lfilms. Distribution \u00e0 l\u2019\u00e9tranger\u00a0:\u00a0AUTLOOK\u00a0Filmsales GmbH (Youn Ji) \u2013 Tanit d\u2019Or\u2026","rel":"","context":"Article similaire","block_context":{"text":"Article similaire","link":""},"img":{"alt_text":"","src":"","width":0,"height":0},"classes":[]},{"id":2012,"url":"https:\/\/asurb.com\/asurb3\/?page_id=2012","url_meta":{"origin":2597,"position":4},"title":"Journal de bord du festival 2017","author":"webmaster","date":"1 mars 2018","format":false,"excerpt":"En guise de prologue, mardi 21 novembre, Cin\u00e9ma La Pl\u00e9iade Cachan. \u00a0En partenariat avec La Pl\u00e9iade dans le cadre du mardi des r\u00e9alisateurs, et \u00e0 l\u2019occasion du centenaire de sa naissance, Afrique sur Bi\u00e8vre tenait \u00e0 rendre hommage \u00e0 Jean Rouch avec la projection de \u00ab\u00a0Moi, un noir\u00a0\u00bb (1958). Cette\u2026","rel":"","context":"Article similaire","block_context":{"text":"Article similaire","link":""},"img":{"alt_text":"","src":"https:\/\/i0.wp.com\/asurb.com\/asurb3\/wp-content\/uploads\/2017\/11\/Wallay_les-ados_2017-11-24_220731-300x169.jpg?resize=350%2C200","width":350,"height":200},"classes":[]},{"id":766,"url":"https:\/\/asurb.com\/asurb3\/?page_id=766","url_meta":{"origin":2597,"position":5},"title":"P\u00e8re","author":"webmaster","date":"19 juin 2016","format":false,"excerpt":"De\u00a0 Lotfi Achour -\u00a0 17 min -\u00a0 Tunisie -\u00a0 2014\u00a0 fiction -\u00a0 couleur - VO arabe STF - DCP \u00a0 R\u00e9alisation :\u00a0Lotfi Achour - sc\u00e9nario : Lotfi Achour, Natacha de Pontchara -\u00a0\u00a0 Image : Fr\u00e9d\u00e9ric de Pontchara\u00a0 -\u00a0 Montage : Laurent Rochette -\u00a0 Son : Moez Cheikh -\u00a0 Musique originale\u2026","rel":"","context":"Article similaire","block_context":{"text":"Article similaire","link":""},"img":{"alt_text":"","src":"","width":0,"height":0},"classes":[]}],"_links":{"self":[{"href":"https:\/\/asurb.com\/asurb3\/index.php?rest_route=\/wp\/v2\/pages\/2597","targetHints":{"allow":["GET"]}}],"collection":[{"href":"https:\/\/asurb.com\/asurb3\/index.php?rest_route=\/wp\/v2\/pages"}],"about":[{"href":"https:\/\/asurb.com\/asurb3\/index.php?rest_route=\/wp\/v2\/types\/page"}],"author":[{"embeddable":true,"href":"https:\/\/asurb.com\/asurb3\/index.php?rest_route=\/wp\/v2\/users\/1"}],"replies":[{"embeddable":true,"href":"https:\/\/asurb.com\/asurb3\/index.php?rest_route=%2Fwp%2Fv2%2Fcomments&post=2597"}],"version-history":[{"count":1,"href":"https:\/\/asurb.com\/asurb3\/index.php?rest_route=\/wp\/v2\/pages\/2597\/revisions"}],"predecessor-version":[{"id":2598,"href":"https:\/\/asurb.com\/asurb3\/index.php?rest_route=\/wp\/v2\/pages\/2597\/revisions\/2598"}],"up":[{"embeddable":true,"href":"https:\/\/asurb.com\/asurb3\/index.php?rest_route=\/wp\/v2\/pages\/26"}],"wp:attachment":[{"href":"https:\/\/asurb.com\/asurb3\/index.php?rest_route=%2Fwp%2Fv2%2Fmedia&parent=2597"}],"curies":[{"name":"wp","href":"https:\/\/api.w.org\/{rel}","templated":true}]}}