{"id":2604,"date":"2019-10-09T11:35:59","date_gmt":"2019-10-09T09:35:59","guid":{"rendered":"https:\/\/asurb.com\/asurb3\/?page_id=2604"},"modified":"2019-10-09T11:35:59","modified_gmt":"2019-10-09T09:35:59","slug":"chambre-n1","status":"publish","type":"page","link":"https:\/\/asurb.com\/asurb3\/?page_id=2604","title":{"rendered":"Chambre n\u00b01"},"content":{"rendered":"<p><strong>Chambre No 1 <\/strong>de Leila N&rsquo;Deye Thiam &#8211; R\u00e9publique centrafricaine \u2013 France \u2013 2018 &#8211; 29 min- documentaire -VOF<\/p>\n<h4><span style=\"color: #ff0000;\">Synopsis\u00a0<\/span><\/h4>\n<p>Dans la salle no 1 du service de traumatologie de l&rsquo;H\u00f4pital communautaire de Bangui, dix femmes attendent de pouvoir enfin sortir et rentrer chez elles. Elles ont chacune v\u00e9cu diff\u00e9rentes exp\u00e9riences et difficult\u00e9s. Alors qu&rsquo;elles patientent, de nombreuses discussions s&rsquo;engagent. Elles partagent soucis, espoirs, projets, mais aussi plaisanteries, rires et bonne humeur.\u00a0 \u00c0 travers cette chambre se dessine un portrait de la Centrafrique et de ses femmes, dont la vitalit\u00e9 transcende les malheurs.<\/p>\n<h4><span style=\"color: #ff0000;\">La r\u00e9alisatrice<\/span><\/h4>\n<p>Leila Thiam travaille pour la t\u00e9l\u00e9vision nationale centrafricaine.<br \/>\nSon premier court-m\u00e9trage documentaire <em>Chambre n\u00b01<\/em> a \u00e9t\u00e9 r\u00e9alis\u00e9 dans le cadre de l&rsquo;atelier Varan de r\u00e9alisation\u00a0 organis\u00e9\u00a0\u00e0 Bangui en partenariat avec l&rsquo;Alliance Fran\u00e7aise de Bangui.<\/p>\n<p>&nbsp;<\/p>\n<p style=\"text-align: justify;\">\n","protected":false},"excerpt":{"rendered":"<p>Chambre No 1 de Leila N&rsquo;Deye Thiam &#8211; R\u00e9publique centrafricaine \u2013 France \u2013 2018 &#8211; 29 min- documentaire -VOF Synopsis\u00a0 Dans la salle no 1 du service de traumatologie de [&hellip;]<\/p>\n","protected":false},"author":1,"featured_media":0,"parent":26,"menu_order":0,"comment_status":"closed","ping_status":"closed","template":"","meta":{"footnotes":""},"class_list":["post-2604","page","type-page","status-publish","hentry"],"jetpack_sharing_enabled":true,"jetpack_shortlink":"https:\/\/wp.me\/P7C6tF-G0","jetpack-related-posts":[{"id":2834,"url":"https:\/\/asurb.com\/asurb3\/?page_id=2834","url_meta":{"origin":2604,"position":0},"title":"Docta Jefferson","author":"webmaster","date":"10 ao\u00fbt 2020","format":false,"excerpt":"DOCTA JEFFERSON De Elvis Sabin Ngaibino - R\u00e9publique Centrafricaine - France \u2013 2017 \u2013 29 min \u2013 documentaire \u2013 couleur \u2013 VO \/ Sango\/fran\u00e7ais\/ STF Production, distribution\u00a0: Ateliers Varan, Alliance Fran\u00e7aise de Bangui Film r\u00e9alis\u00e9 en 2017 dans le cadre du premier atelier de r\u00e9alisation en Centrafrique\u00a0 organis\u00e9 par les\u2026","rel":"","context":"Article similaire","block_context":{"text":"Article similaire","link":""},"img":{"alt_text":"","src":"","width":0,"height":0},"classes":[]},{"id":4544,"url":"https:\/\/asurb.com\/asurb3\/?page_id=4544","url_meta":{"origin":2604,"position":1},"title":"Eat bitter (Nourritures am\u00e8res)","author":"webmaster","date":"2 septembre 2025","format":false,"excerpt":"De Pascale APPORA-GNEKINDY et Ningyi SUN \u2013 R\u00e9publique Centrafricaine, Chine - 2023 \u2013 94 min - documentaire\u00a0 Fiche technique \u00c9criture : Ningyi Sun, Pascale Appora-Gnekindy, Mathieu Faure - Image : Emmanuel Bamoy, Orph\u00e9e Zaza - Son : Aaron Koyassoukpengo\u00a0\u00a0\u00a0 Montage : Hannah Choe, Mathieu Faure - Musique originale : Cal\u2026","rel":"","context":"Article similaire","block_context":{"text":"Article similaire","link":""},"img":{"alt_text":"","src":"https:\/\/i0.wp.com\/asurb.com\/asurb3\/wp-content\/uploads\/2025\/10\/Eat_bitter_04082023-225x300.jpg?resize=350%2C200&ssl=1","width":350,"height":200},"classes":[]},{"id":319,"url":"https:\/\/asurb.com\/asurb3\/?page_id=319","url_meta":{"origin":2604,"position":2},"title":"Le cri de la mer","author":"webmaster","date":"5 juin 2016","format":false,"excerpt":"De A\u00efcha THIAM - 26 min - S\u00e9n\u00e9gal - 2008 Documentaire - couleur - DVD - version en wolof sous-titr\u00e9e en fran\u00e7ais Sc\u00e9nario : A\u00efcha Thiam ; Image : Momar Ndiaye ; Eclairage : Massata Diop ; Montage : Moussa Seydi, Cyriaque Ndi ; Son : Joseph Bass ; Production\u2026","rel":"","context":"Article similaire","block_context":{"text":"Article similaire","link":""},"img":{"alt_text":"Cri_mer_Fiche2010","src":"https:\/\/i0.wp.com\/asurb.com\/asurb3\/wp-content\/uploads\/2016\/06\/Cri_mer_Fiche2010.jpg?resize=350%2C200&ssl=1","width":350,"height":200},"classes":[]},{"id":355,"url":"https:\/\/asurb.com\/asurb3\/?page_id=355","url_meta":{"origin":2604,"position":3},"title":"Le silence de la for\u00eat","author":"webmaster","date":"5 juin 2016","format":false,"excerpt":"De Didier OU\u00c9NANGAR\u00c9 et Bassek BA KOBHIO \u2013 94 min \u2013 R\u00e9publique centrafricaine\/Cameroun \u2013 2003 \u2013 VOSTF Fiction \u2013 couleur \u2013 35 mm - version originale en sango sous-titr\u00e9e en fran\u00e7ais Sc\u00e9nario : Didier Ou\u00e9nangar\u00e9, Bassek Ba Kobhio ; Images : Pierre-Olivier Larrieu ; Montage : Joseph Licide ; Musique\u2026","rel":"","context":"Article similaire","block_context":{"text":"Article similaire","link":""},"img":{"alt_text":"SilenceForet_Fiche","src":"https:\/\/i0.wp.com\/asurb.com\/asurb3\/wp-content\/uploads\/2016\/06\/SilenceForet_Fiche.jpg?resize=350%2C200&ssl=1","width":350,"height":200},"classes":[]},{"id":3866,"url":"https:\/\/asurb.com\/asurb3\/?page_id=3866","url_meta":{"origin":2604,"position":4},"title":"Amchilini (Choisis-moi)","author":"webmaster","date":"25 octobre 2023","format":false,"excerpt":"De Allamine Kader KORA -\u00a0 Tchad, C\u00f4te-d'Ivoire, France - 2023 - 69 minutes- Documentaire -VO arabe tchadien STF Sc\u00e9nario\u00a0: Allamine Kader Kora , Assistance de r\u00e9alisation\u00a0: MadjiyamLouange, M\u00e9lanie Nichakb\u00e9, Image :Aliou Thiam, H\u00e9l\u00e8ne Pot\u00e9 , Son : Christian Laotol Djedouboum, Montage :C\u00e9cile Boutain, Jean-Fran\u00e7ois Hautin, Mixage : Pierre-Emmanuel Guinois, \u00c9talonnage\u2026","rel":"","context":"Article similaire","block_context":{"text":"Article similaire","link":""},"img":{"alt_text":"","src":"","width":0,"height":0},"classes":[]},{"id":4601,"url":"https:\/\/asurb.com\/asurb3\/?page_id=4601","url_meta":{"origin":2604,"position":5},"title":"Takalayokos, les gardiennes du fleuve","author":"webmaster","date":"7 septembre 2025","format":false,"excerpt":"De Hassani\u00e9 Mahamat Ibrahim - Niger, Burkina Faso - 2024 - 13 min \u2013 Documentaire \u2013 VO STF \u00a0\u00c9criture et r\u00e9alisation :\u00a0 Hassani\u00e9 Mahamat IbrahimImage : Harouna Garba Zakari - Son : Amidou Ibrahim, Hassani\u00e9 Mahamat IbrahimMontage : Zady Befor - Musique originale : Aichatou Ali SoumailaProduction (structure) : HF\u2026","rel":"","context":"Article similaire","block_context":{"text":"Article similaire","link":""},"img":{"alt_text":"","src":"https:\/\/i0.wp.com\/asurb.com\/asurb3\/wp-content\/uploads\/2025\/10\/6C32A7FE0FB342C391AD387518316512-196x300.jpg?resize=350%2C200&ssl=1","width":350,"height":200},"classes":[]}],"_links":{"self":[{"href":"https:\/\/asurb.com\/asurb3\/index.php?rest_route=\/wp\/v2\/pages\/2604","targetHints":{"allow":["GET"]}}],"collection":[{"href":"https:\/\/asurb.com\/asurb3\/index.php?rest_route=\/wp\/v2\/pages"}],"about":[{"href":"https:\/\/asurb.com\/asurb3\/index.php?rest_route=\/wp\/v2\/types\/page"}],"author":[{"embeddable":true,"href":"https:\/\/asurb.com\/asurb3\/index.php?rest_route=\/wp\/v2\/users\/1"}],"replies":[{"embeddable":true,"href":"https:\/\/asurb.com\/asurb3\/index.php?rest_route=%2Fwp%2Fv2%2Fcomments&post=2604"}],"version-history":[{"count":1,"href":"https:\/\/asurb.com\/asurb3\/index.php?rest_route=\/wp\/v2\/pages\/2604\/revisions"}],"predecessor-version":[{"id":2605,"href":"https:\/\/asurb.com\/asurb3\/index.php?rest_route=\/wp\/v2\/pages\/2604\/revisions\/2605"}],"up":[{"embeddable":true,"href":"https:\/\/asurb.com\/asurb3\/index.php?rest_route=\/wp\/v2\/pages\/26"}],"wp:attachment":[{"href":"https:\/\/asurb.com\/asurb3\/index.php?rest_route=%2Fwp%2Fv2%2Fmedia&parent=2604"}],"curies":[{"name":"wp","href":"https:\/\/api.w.org\/{rel}","templated":true}]}}