{"id":261,"date":"2016-06-04T20:06:20","date_gmt":"2016-06-04T19:06:20","guid":{"rendered":"http:\/\/www.test.asurb.com\/?page_id=261"},"modified":"2016-06-04T20:06:20","modified_gmt":"2016-06-04T19:06:20","slug":"kokoa","status":"publish","type":"page","link":"https:\/\/asurb.com\/asurb3\/?page_id=261","title":{"rendered":"Kokoa"},"content":{"rendered":"<p style=\"text-align: justify;\"><a href=\"https:\/\/i0.wp.com\/asurb.com\/asurb3\/wp-content\/uploads\/2016\/06\/Alassane_Fiche.jpg?ssl=1\"><img data-recalc-dims=\"1\" loading=\"lazy\" decoding=\"async\" data-attachment-id=\"262\" data-permalink=\"https:\/\/asurb.com\/asurb3\/?attachment_id=262\" data-orig-file=\"https:\/\/i0.wp.com\/asurb.com\/asurb3\/wp-content\/uploads\/2016\/06\/Alassane_Fiche.jpg?fit=250%2C138&amp;ssl=1\" data-orig-size=\"250,138\" data-comments-opened=\"1\" data-image-meta=\"{&quot;aperture&quot;:&quot;0&quot;,&quot;credit&quot;:&quot;&quot;,&quot;camera&quot;:&quot;&quot;,&quot;caption&quot;:&quot;&quot;,&quot;created_timestamp&quot;:&quot;0&quot;,&quot;copyright&quot;:&quot;&quot;,&quot;focal_length&quot;:&quot;0&quot;,&quot;iso&quot;:&quot;0&quot;,&quot;shutter_speed&quot;:&quot;0&quot;,&quot;title&quot;:&quot;&quot;,&quot;orientation&quot;:&quot;0&quot;}\" data-image-title=\"Alassane_Fiche\" data-image-description=\"\" data-image-caption=\"\" data-large-file=\"https:\/\/i0.wp.com\/asurb.com\/asurb3\/wp-content\/uploads\/2016\/06\/Alassane_Fiche.jpg?fit=250%2C138&amp;ssl=1\" class=\"size-full wp-image-262 alignnone\" src=\"https:\/\/i0.wp.com\/asurb.com\/asurb3\/wp-content\/uploads\/2016\/06\/Alassane_Fiche.jpg?resize=250%2C138&#038;ssl=1\" alt=\"Alassane_Fiche\" width=\"250\" height=\"138\" \/><\/a><\/p>\n<p style=\"text-align: justify;\"><strong>De Mustapha ALASSANE &#8211; 13 min &#8211; Niger &#8211; 2001<\/strong><\/p>\n<p style=\"text-align: justify;\">Animation de marionnettes &#8211; couleur &#8211; 35 mm &#8211; version originale en fran\u00e7ais &#8211; Sc\u00e9nario : Mustapha Alassane ; Production : Pom France (7, rue de la Convention, 93100 Montreuil-sous-Bois, France, tel. +33 (0)1 49 88 18 42, courriel : pom.films@libertysurf.fr), Films Tahoua Productions ; Distribution : Pom France.<\/p>\n<h4 style=\"text-align: justify;\"><span style=\"color: #ff0000;\">Synopsis<\/span><\/h4>\n<p style=\"text-align: justify;\">C&rsquo;est jour de f\u00eate au royaume des grenouilles ! Autour d&rsquo;une ar\u00e8ne, des centaines d&rsquo;habitants sont r\u00e9unis pour voir s&rsquo;affronter les plus grands lutteurs du pays.<br \/>\nEntre chaque combat, Tountia, accompagn\u00e9 de ses musiciens, donne un concert qui met la salle en transe.<\/p>\n<h4 style=\"text-align: justify;\"><span style=\"color: #ff0000;\">Le r\u00e9alisateur<\/span><\/h4>\n<p style=\"text-align: justify;\">N\u00e9 en 1942 \u00e0 N&rsquo;Dougou (Niger), Mustapha Alassane est d&rsquo;abord m\u00e9canicien. Il apprend la technique cin\u00e9matographique dans les locaux de l&rsquo;IRSH \u00e0 Niamey dont Rouch assure la direction scientifique. Jean Rouch facilite sa formation et l&rsquo;aide \u00e0 partir au Canada o\u00f9 le c\u00e9l\u00e8bre Norman MacLaren lui enseignera le cin\u00e9ma d&rsquo;animation. Il va devenir l&rsquo;un des premiers cin\u00e9astes d&rsquo;Afrique. Il tourne les premiers dessins anim\u00e9s d&rsquo;Afrique sub-saharienne, r\u00e9alise des documentaires, des longs m\u00e9trages. Repr\u00e9sentant de la culture africaine (\u00ab Deela ou el Barka le conteur \u00bb, 1969 ; \u00ab Shaki \u00bb, 1973), il pratique aussi la satire de moeurs (\u00ab F.V.V.A.,femme, villa, voiture, argent \u00bb, 1972). Directeur de la section cin\u00e9ma de l&rsquo;universit\u00e9 de Niamey pendant 15 ans, Mustapha Alassane, par sa cr\u00e9ation prolifique et son cin\u00e9ma engag\u00e9, a contribu\u00e9 dans les ann\u00e9es 1960-1970 \u00e0 faire du Niger un grand pays de cin\u00e9ma, tout comme le S\u00e9n\u00e9gal \u00e0 la m\u00eame \u00e9poque.<\/p>\n","protected":false},"excerpt":{"rendered":"<p>De Mustapha ALASSANE &#8211; 13 min &#8211; Niger &#8211; 2001 Animation de marionnettes &#8211; couleur &#8211; 35 mm &#8211; version originale en fran\u00e7ais &#8211; Sc\u00e9nario : Mustapha Alassane ; Production [&hellip;]<\/p>\n","protected":false},"author":1,"featured_media":0,"parent":26,"menu_order":0,"comment_status":"closed","ping_status":"closed","template":"","meta":{"footnotes":""},"class_list":["post-261","page","type-page","status-publish","hentry"],"jetpack_sharing_enabled":true,"jetpack_shortlink":"https:\/\/wp.me\/P7C6tF-4d","jetpack-related-posts":[{"id":178,"url":"https:\/\/asurb.com\/asurb3\/?page_id=178","url_meta":{"origin":261,"position":0},"title":"Bon voyage, Sim","author":"webmaster","date":"3 juin 2016","format":false,"excerpt":"De Mustapha ALASSANE - 7 min - Niger - 1966 Animation - noir et blanc - 35 mm - version originale en fran\u00e7ais - Sc\u00e9nario : Mustapha Alassane ; Distribution : Pom France (7, rue de la Convention, 93100 Montreuil-sous-Bois, France, tel. +33 (0)1 49 88 18 42, courriel :\u2026","rel":"","context":"Article similaire","block_context":{"text":"Article similaire","link":""},"img":{"alt_text":"Voyage_Sim_Fiche","src":"https:\/\/i0.wp.com\/asurb.com\/asurb3\/wp-content\/uploads\/2016\/06\/Voyage_Sim_Fiche.jpg?resize=350%2C200&ssl=1","width":350,"height":200},"classes":[]},{"id":409,"url":"https:\/\/asurb.com\/asurb3\/?page_id=409","url_meta":{"origin":261,"position":1},"title":"Paris c&rsquo;est joli","author":"webmaster","date":"5 juin 2016","format":false,"excerpt":"De Inoussa OUSSEINI - 23 min - Niger - 1974 Fiction - couleur - DVD - version originale en fran\u00e7ais - Sc\u00e9nario : Inoussa Ousseini ; Images : G\u00e9rard de Battista ; Montage : Mireille Abramovici ; Musique : collection Bernard Surugue ; Son : Michel Faure ; Interpr\u00e9tation :\u2026","rel":"","context":"Article similaire","block_context":{"text":"Article similaire","link":""},"img":{"alt_text":"parisCJoli_Fiche","src":"https:\/\/i0.wp.com\/asurb.com\/asurb3\/wp-content\/uploads\/2016\/06\/parisCJoli_Fiche.jpg?resize=350%2C200&ssl=1","width":350,"height":200},"classes":[]},{"id":513,"url":"https:\/\/asurb.com\/asurb3\/?page_id=513","url_meta":{"origin":261,"position":2},"title":"Programme 2009","author":"webmaster","date":"6 juin 2016","format":false,"excerpt":"Sommaire \u2022 S\u00e9ances ouvertes au public \u2022 S\u00e9ances r\u00e9serv\u00e9es aux scolaires \u2022 Membres du comit\u00e9 de parrainage \u2022 Remerciements \u2022 Pour se rendre sur les lieux \u2022 Les s\u00e9ances ouvertes au public Dimanche 15 novembre Soir\u00e9e Les pionniers du cin\u00e9ma nig\u00e9rien MJC Louise Michel - 94260 Fresnes 18h30 - BON\u2026","rel":"","context":"Article similaire","block_context":{"text":"Article similaire","link":""},"img":{"alt_text":"","src":"https:\/\/i0.wp.com\/asurb.com\/AsurB\/D_Images\/D_Gif_bl\/Blanc120.gif?resize=350%2C200&ssl=1","width":350,"height":200},"classes":[]},{"id":1862,"url":"https:\/\/asurb.com\/asurb3\/?page_id=1862","url_meta":{"origin":261,"position":3},"title":"Les cowboys sont noirs","author":"webmaster","date":"29 novembre 2017","format":false,"excerpt":"De Serge MOATI Niger \u2013 1966 \u2013 15 min \u2013 documentaire \u2013 Interpr\u00e9tation\u00a0: Souna Boubacar, Djingarey Malga, S.Zalika Synopsis L'un est chauffeur de taxi, les autres m\u00e9caniciens ou ma\u00e7ons. Ils conduisent une mobylette comme Johnny Halliday et portent des pantalons de Zazous. Pendant le week-end, ils jouent dans un v\u00e9ritable\u2026","rel":"","context":"Article similaire","block_context":{"text":"Article similaire","link":""},"img":{"alt_text":"","src":"","width":0,"height":0},"classes":[]},{"id":1896,"url":"https:\/\/asurb.com\/asurb3\/?page_id=1896","url_meta":{"origin":261,"position":4},"title":"Le retour d&rsquo;un aventurier","author":"webmaster","date":"29 novembre 2017","format":false,"excerpt":"De Moustapha ALASSANE Niger \u2013 1966 \u2013 34 min \u2013 fiction \u2013 couleur -VOSTF Sc\u00e9nario, Image : Moustapha Alassane - Son : Moussa Hamidou - Montage : Philippe Luzuy - Musique : Nelos Amelonion \u2013 Interpr\u00e9tation\u00a0:\u00a0 YACOUBA Ibrahim, SOULEY Zalika, NANI Abdou, MAIGA Djingarey, HAROUNA Moussa, BOUBACAR SounaIn - Production\u2026","rel":"","context":"Article similaire","block_context":{"text":"Article similaire","link":""},"img":{"alt_text":"","src":"","width":0,"height":0},"classes":[]},{"id":305,"url":"https:\/\/asurb.com\/asurb3\/?page_id=305","url_meta":{"origin":261,"position":5},"title":"La vie n&rsquo;est pas immobile","author":"webmaster","date":"4 juin 2016","format":false,"excerpt":"S\u00e9n\u00e9gal - 2011 - 54 min - documentaire - couleur - VOSTF R\u00e9alisation : Alassane Diago ; Image : Alassane Diago, Fabacary Coly ; Montage : Annie Waks ; Son : Alassane Diago, Adama Diarra ; Production : Corto Pacific, Inzo Ya Bizizi, Quizas Productions ; Distribution : Corto Pacific\u2026","rel":"","context":"Article similaire","block_context":{"text":"Article similaire","link":""},"img":{"alt_text":"la-vie-nest-pas_fiche","src":"https:\/\/i0.wp.com\/asurb.com\/asurb3\/wp-content\/uploads\/2016\/06\/la-vie-nest-pas_fiche.jpg?resize=350%2C200&ssl=1","width":350,"height":200},"classes":[]}],"_links":{"self":[{"href":"https:\/\/asurb.com\/asurb3\/index.php?rest_route=\/wp\/v2\/pages\/261","targetHints":{"allow":["GET"]}}],"collection":[{"href":"https:\/\/asurb.com\/asurb3\/index.php?rest_route=\/wp\/v2\/pages"}],"about":[{"href":"https:\/\/asurb.com\/asurb3\/index.php?rest_route=\/wp\/v2\/types\/page"}],"author":[{"embeddable":true,"href":"https:\/\/asurb.com\/asurb3\/index.php?rest_route=\/wp\/v2\/users\/1"}],"replies":[{"embeddable":true,"href":"https:\/\/asurb.com\/asurb3\/index.php?rest_route=%2Fwp%2Fv2%2Fcomments&post=261"}],"version-history":[{"count":1,"href":"https:\/\/asurb.com\/asurb3\/index.php?rest_route=\/wp\/v2\/pages\/261\/revisions"}],"predecessor-version":[{"id":263,"href":"https:\/\/asurb.com\/asurb3\/index.php?rest_route=\/wp\/v2\/pages\/261\/revisions\/263"}],"up":[{"embeddable":true,"href":"https:\/\/asurb.com\/asurb3\/index.php?rest_route=\/wp\/v2\/pages\/26"}],"wp:attachment":[{"href":"https:\/\/asurb.com\/asurb3\/index.php?rest_route=%2Fwp%2Fv2%2Fmedia&parent=261"}],"curies":[{"name":"wp","href":"https:\/\/api.w.org\/{rel}","templated":true}]}}