{"id":2620,"date":"2019-10-09T16:52:18","date_gmt":"2019-10-09T14:52:18","guid":{"rendered":"https:\/\/asurb.com\/asurb3\/?page_id=2620"},"modified":"2019-10-09T16:52:18","modified_gmt":"2019-10-09T14:52:18","slug":"keteke-le-train","status":"publish","type":"page","link":"https:\/\/asurb.com\/asurb3\/?page_id=2620","title":{"rendered":"Keteke (Le train)"},"content":{"rendered":"<p><strong>KETEKE (Le train)\u00a0 <\/strong>de Peter SEDUFIA &#8211; Ghana \u2013 2017 \u2013 70 min \u2013 fiction \u2013 couleur \u2013 DCP \u2013 VO STF<\/p>\n<p><em>Prix du jeune public \u00e0 Cin\u00e9mas d\u2019Afrique Angers 2019<br \/>\nMention sp\u00e9ciale au Festival de Cin\u00e9ma Africain de Khouribga (Maroc) 2018\u00a0; S\u00e9lection officielle au FESPACO 2019.<br \/>\n<\/em><\/p>\n<p>Sc\u00e9nario\u00a0: Peter Sedufia &#8211; Image\u00a0: Kelly Doe &#8211; Montage\u00a0: Manaa Abdallah, Peter Sedufia &#8211; Musique\u00a0: Worlasy &#8211; Son\u00a0: Dennis Appiah-Danqua<br \/>\nInterpr\u00e9tation\u00a0: Lydia Forson, Adejetey Anang, Fred Amugi, Jeneral Ntatia, Clemento Suarez, Edmund Onyame, Raymond Sarfo, Edwin Acquah, Joseph Otsiman<\/p>\n<p>Production\u00a0: OldFilm Productions. Contact\u00a0: Laurene Addy, laureneaddy@gmail.com,\u00a0oldfilmproductions@gmail.com &#8211; Distribution\u00a0: Gravel Road Distribution Group, https:\/\/gravelroadafrica.com. Contact\u00a0: Benjamin Cowley, ben@gravelroadafrica.com<\/p>\n<h4><span style=\"color: #ff0000;\">Synopsis\u00a0<\/span><\/h4>\n<p>Une femme, un homme marchent le long d\u2019une voie de chemin de fer. Ils ont rat\u00e9 l\u2019unique train de journ\u00e9e et tentent de rallier la prochaine station pour aller \u00e0 Ateke, le village familial o\u00f9 Atswei, enceinte, d\u00e9sire accoucher. Au cours de leur p\u00e9riple sem\u00e9 d\u2019emb\u00fbches, la femme et son mari, Boi, qui porte une valise avec l\u2019inscription \u00ab\u00a0Musik\u00a0\u00bb, ne cessent de se quereller et de se r\u00e9concilier. Confront\u00e9s \u00e0 d\u2019improbables rencontres, comme celle avec un sorcier qui essaie de les entra\u00eener dans un traquenard, arriveront-t-ils \u00e0 temps pour l\u2019accouchement\u00a0? Un film o\u00f9 la musique se conjugue \u00e0 l\u2019humour pour aboutir \u00e0 une sc\u00e8ne finale d\u2019anthologie digne d\u2019un conte merveilleux.<\/p>\n<h4><span style=\"color: #ff0000;\">Le r\u00e9alisateur<\/span><\/h4>\n<p>Peter SEDUFIA est r\u00e9alisateur et producteur. Form\u00e9 au NAFTI (National Film and Television Institute, Ghana), il a r\u00e9alis\u00e9 plusieurs courts m\u00e9trages, ainsi que des s\u00e9ries comiques. <em>Keteke<\/em> est son premier long m\u00e9trage.<\/p>\n<p>&nbsp;<\/p>\n<p style=\"text-align: justify;\">\n","protected":false},"excerpt":{"rendered":"<p>KETEKE (Le train)\u00a0 de Peter SEDUFIA &#8211; Ghana \u2013 2017 \u2013 70 min \u2013 fiction \u2013 couleur \u2013 DCP \u2013 VO STF Prix du jeune public \u00e0 Cin\u00e9mas d\u2019Afrique Angers [&hellip;]<\/p>\n","protected":false},"author":1,"featured_media":0,"parent":26,"menu_order":0,"comment_status":"closed","ping_status":"closed","template":"","meta":{"footnotes":""},"class_list":["post-2620","page","type-page","status-publish","hentry"],"jetpack_sharing_enabled":true,"jetpack_shortlink":"https:\/\/wp.me\/P7C6tF-Gg","jetpack-related-posts":[{"id":4110,"url":"https:\/\/asurb.com\/asurb3\/?page_id=4110","url_meta":{"origin":2620,"position":0},"title":"Omi Nobu (L&rsquo;homme nouveau)","author":"webmaster","date":"3 septembre 2024","format":false,"excerpt":"De Carlos Yuri CEUNINCK - Cap Vert, France, Belgique, Soudan - 67 min \u2013 documentaire \u2013 couleur \u2013VOSTF Etalon d\u2019or du film documentaire au FESPACO 2023 Fiche technique \u00c9criture : Carlos Yuri Ceuninck, Image : Arilson Almeida, Son : David Medina, \u00a0\u00a0\u00a0\u00a0Montage : Antoine Donnet, Musique originale : Henrique Silva,\u2026","rel":"","context":"Article similaire","block_context":{"text":"Article similaire","link":""},"img":{"alt_text":"","src":"https:\/\/i0.wp.com\/asurb.com\/asurb3\/wp-content\/uploads\/2024\/10\/OmiNobu-212x300.jpg?resize=350%2C200&ssl=1","width":350,"height":200},"classes":[]},{"id":2332,"url":"https:\/\/asurb.com\/asurb3\/?page_id=2332","url_meta":{"origin":2620,"position":1},"title":"Le train de sel et de sucre","author":"webmaster","date":"5 d\u00e9cembre 2018","format":false,"excerpt":"De Lic\u00ednio AZEVEDO - Mozambique \u2013 2016 \u2013 93 min \u2013 fiction \u2013 couleur \u2013 DCP \u2013 VO Portugais\/STF Sc\u00e9nario : Lic\u00ednio Azevedo, d\u2019apr\u00e8s son roman \u00e9ponyme - Image : Fr\u00e9d\u00e9ric Serve - Montage : Willem Dias - Musique : Joni Schwalbach - Son : Philippe Fabbri - D\u00e9cors :\u2026","rel":"","context":"Article similaire","block_context":{"text":"Article similaire","link":""},"img":{"alt_text":"","src":"https:\/\/i0.wp.com\/asurb.com\/asurb3\/wp-content\/uploads\/2018\/10\/Train-sel-sucre-215x300.jpg?resize=350%2C200&ssl=1","width":350,"height":200},"classes":[]},{"id":1000,"url":"https:\/\/asurb.com\/asurb3\/?page_id=1000","url_meta":{"origin":2620,"position":2},"title":"Lazy Susan (Susan bonne \u00e0 rien)","author":"webmaster","date":"12 octobre 2016","format":false,"excerpt":"\u00a0De Stephen ABBOTT \u2013 Afrique du Sud - 2015 De Stephen ABBOTT \u2013 Afrique du Sud - 2015 - 11 min - fiction - couleur - VOSTF Mention sp\u00e9ciale du Jury Courts m\u00e9trages au Festicab 2015 de Bujumbura \u2013 Prix sp\u00e9cial de la Fondation Arnone - Bellavite Pellegrini au Festival\u2026","rel":"","context":"Article similaire","block_context":{"text":"Article similaire","link":""},"img":{"alt_text":"","src":"","width":0,"height":0},"classes":[]},{"id":273,"url":"https:\/\/asurb.com\/asurb3\/?page_id=273","url_meta":{"origin":2620,"position":3},"title":"La cam\u00e9ra de bois","author":"webmaster","date":"4 juin 2016","format":false,"excerpt":"De Ntshavheni WA LURULI \u2013 90 min \u2013 Afrique du Sud \u2013 2003 \u2013 VOSTF Fiction \u2013 couleur \u2013 35 mm \u2013 version originale en anglais sous titr\u00e9e en fran\u00e7ais Sc\u00e9nario : Yves Buclet, Peter Speyer ; Images :Gordon Spooner ; Montage : Kako Kelber ; Musique : Phil Sawyer\u2026","rel":"","context":"Article similaire","block_context":{"text":"Article similaire","link":""},"img":{"alt_text":"CameraBois_Fiche","src":"https:\/\/i0.wp.com\/asurb.com\/asurb3\/wp-content\/uploads\/2016\/06\/CameraBois_Fiche.jpg?resize=350%2C200&ssl=1","width":350,"height":200},"classes":[]},{"id":795,"url":"https:\/\/asurb.com\/asurb3\/?page_id=795","url_meta":{"origin":2620,"position":4},"title":"Virgem Margarida","author":"webmaster","date":"20 juin 2016","format":false,"excerpt":"De Licinio AZEVEDO - 87 min - Mozambique - 2012\u00a0 fiction - couleur - Portugais STF. Sc\u00e9nario : Licinio Azevedo, Jacques Akchoti ; Images : Mario Masini\u00a0 ; Montage : Nadia Ben Rachid ; Musique : Moreira Chongui\u00e7a ; Son : Gita Cerveira, Branko Neskov ; Interpr\u00e9tation : Sumeia Maculuva,\u2026","rel":"","context":"Article similaire","block_context":{"text":"Article similaire","link":""},"img":{"alt_text":"","src":"","width":0,"height":0},"classes":[]},{"id":415,"url":"https:\/\/asurb.com\/asurb3\/?page_id=415","url_meta":{"origin":2620,"position":5},"title":"Por aqui tudo bem ( ici tout va bien )","author":"webmaster","date":"5 juin 2016","format":false,"excerpt":"Angola \/ Portugal -2011 - 1h34 - fiction - couleur - VO portugais STF R\u00e9alisation : Pocas Pascoal ; Sc\u00e9nario : Pocas Pascoal ; Image : Octavio Espirito Santo ; Son :Paulo Cerveira ; montage : Pascale Chavance ; Interpr\u00e9tation : Cheila Lima, Ciomara Morais, Vera Cruz, William Brand\u00e2o ;\u2026","rel":"","context":"Article similaire","block_context":{"text":"Article similaire","link":""},"img":{"alt_text":"Por-aqui-tudo-bem2_fiche","src":"https:\/\/i0.wp.com\/asurb.com\/asurb3\/wp-content\/uploads\/2016\/06\/Por-aqui-tudo-bem2_fiche.jpg?resize=350%2C200&ssl=1","width":350,"height":200},"classes":[]}],"_links":{"self":[{"href":"https:\/\/asurb.com\/asurb3\/index.php?rest_route=\/wp\/v2\/pages\/2620","targetHints":{"allow":["GET"]}}],"collection":[{"href":"https:\/\/asurb.com\/asurb3\/index.php?rest_route=\/wp\/v2\/pages"}],"about":[{"href":"https:\/\/asurb.com\/asurb3\/index.php?rest_route=\/wp\/v2\/types\/page"}],"author":[{"embeddable":true,"href":"https:\/\/asurb.com\/asurb3\/index.php?rest_route=\/wp\/v2\/users\/1"}],"replies":[{"embeddable":true,"href":"https:\/\/asurb.com\/asurb3\/index.php?rest_route=%2Fwp%2Fv2%2Fcomments&post=2620"}],"version-history":[{"count":1,"href":"https:\/\/asurb.com\/asurb3\/index.php?rest_route=\/wp\/v2\/pages\/2620\/revisions"}],"predecessor-version":[{"id":2621,"href":"https:\/\/asurb.com\/asurb3\/index.php?rest_route=\/wp\/v2\/pages\/2620\/revisions\/2621"}],"up":[{"embeddable":true,"href":"https:\/\/asurb.com\/asurb3\/index.php?rest_route=\/wp\/v2\/pages\/26"}],"wp:attachment":[{"href":"https:\/\/asurb.com\/asurb3\/index.php?rest_route=%2Fwp%2Fv2%2Fmedia&parent=2620"}],"curies":[{"name":"wp","href":"https:\/\/api.w.org\/{rel}","templated":true}]}}