{"id":276,"date":"2016-06-04T20:23:18","date_gmt":"2016-06-04T19:23:18","guid":{"rendered":"http:\/\/www.test.asurb.com\/?page_id=276"},"modified":"2016-06-04T20:23:18","modified_gmt":"2016-06-04T19:23:18","slug":"la-femme-porte-lafrique","status":"publish","type":"page","link":"https:\/\/asurb.com\/asurb3\/?page_id=276","title":{"rendered":"La femme porte l&rsquo;Afrique"},"content":{"rendered":"<p style=\"text-align: justify;\"><a href=\"https:\/\/i0.wp.com\/asurb.com\/asurb3\/wp-content\/uploads\/2016\/06\/Femme_Afrique_Fiche2010.jpg?ssl=1\"><img data-recalc-dims=\"1\" loading=\"lazy\" decoding=\"async\" data-attachment-id=\"277\" data-permalink=\"https:\/\/asurb.com\/asurb3\/?attachment_id=277\" data-orig-file=\"https:\/\/i0.wp.com\/asurb.com\/asurb3\/wp-content\/uploads\/2016\/06\/Femme_Afrique_Fiche2010.jpg?fit=250%2C138&amp;ssl=1\" data-orig-size=\"250,138\" data-comments-opened=\"1\" data-image-meta=\"{&quot;aperture&quot;:&quot;0&quot;,&quot;credit&quot;:&quot;&quot;,&quot;camera&quot;:&quot;&quot;,&quot;caption&quot;:&quot;&quot;,&quot;created_timestamp&quot;:&quot;0&quot;,&quot;copyright&quot;:&quot;&quot;,&quot;focal_length&quot;:&quot;0&quot;,&quot;iso&quot;:&quot;0&quot;,&quot;shutter_speed&quot;:&quot;0&quot;,&quot;title&quot;:&quot;&quot;,&quot;orientation&quot;:&quot;0&quot;}\" data-image-title=\"Femme_Afrique_Fiche2010\" data-image-description=\"\" data-image-caption=\"\" data-medium-file=\"https:\/\/i0.wp.com\/asurb.com\/asurb3\/wp-content\/uploads\/2016\/06\/Femme_Afrique_Fiche2010.jpg?fit=250%2C138&amp;ssl=1\" data-large-file=\"https:\/\/i0.wp.com\/asurb.com\/asurb3\/wp-content\/uploads\/2016\/06\/Femme_Afrique_Fiche2010.jpg?fit=250%2C138&amp;ssl=1\" class=\"size-full wp-image-277 alignnone\" src=\"https:\/\/i0.wp.com\/asurb.com\/asurb3\/wp-content\/uploads\/2016\/06\/Femme_Afrique_Fiche2010.jpg?resize=250%2C138&#038;ssl=1\" alt=\"Femme_Afrique_Fiche2010\" width=\"250\" height=\"138\" \/><\/a><\/p>\n<p style=\"text-align: justify;\"><strong>De Idrissa DIABAT\u00c9 &#8211; 52 min &#8211; C\u00f4te d\u2019Ivoire &#8211; 2009<\/strong><\/p>\n<p style=\"text-align: justify;\">Documentaire &#8211; couleur &#8211; 35 mm &#8211; version originale sous-titr\u00e9e en fran\u00e7ais.<br \/>\nSc\u00e9nario : Idrissa Diabat\u00e9 ; Image : Tony Barraud ; Montage : Constance Ryder ; Musique : Toumani Diabat\u00e9 ; Production\/Distribution : DJA-COM (106 rue Ordener, 75018 Paris ; Tel : +33 (0)6 81 66 33 89)<br \/>\nPrix sp\u00e9cial de l\u2019UEMOA (Union Economique et Mon\u00e9taire Ouest-Africaine) au Festival Panafricain du Cin\u00e9ma et de la T\u00e9l\u00e9vision de Ouagadougou (FESPACO) 2009.<\/p>\n<h4 style=\"text-align: justify;\"><span style=\"color: #ff0000;\">Synopsis<\/span><\/h4>\n<p style=\"text-align: justify;\">La cam\u00e9ra du r\u00e9alisateur s\u2019attache \u00e0 cinq femmes, quatre Ivoiriennes et une Burkinab\u00e9e, de condition tr\u00e8s modeste, qui portent sur leurs \u00e9paules \u00able fardeau de l\u2019Afrique\u00bb. Assumant le r\u00f4le de chef de famille, elles travaillent avec opini\u00e2tret\u00e9 et courage pour subvenir aux besoins des leurs et faire faire des \u00e9tudes \u00e0 leurs enfants. Henriette Gondo et Colette Zondro produisent du charbon de bois, Mme Coulibaly cultive des l\u00e9gumes, Mme Yam\u00e9ogo fabrique de la bi\u00e8re (dolo) et Mme Drabo vend du couscous de manioc (atti\u00e9k\u00e9). En parall\u00e8le, sont pr\u00e9sent\u00e9s les enfants qui racontent leur parcours scolaire et leur r\u00e9ussite professionnelle.<br \/>\nIdrissa Diabat\u00e9 \u00ab r\u00e9ussit \u00e0 cr\u00e9er une \u00e9motion qui fait suivre la trajectoire de ces femmes au travers d\u2019un double sentiment de piti\u00e9 et d\u2019admiration \u00bb (J.Marie Mollo Olinga).<\/p>\n<h4 style=\"text-align: justify;\"><span style=\"color: #ff0000;\">Le r\u00e9alisateur<\/span><\/h4>\n<p style=\"text-align: justify;\">Idrissa DIABAT\u00c9, n\u00e9 en 1948 \u00e0 Du\u00e9kou\u00e9 (C\u00f4te d\u2019Ivoire), poursuit ses \u00e9tudes sup\u00e9rieures en France. Apr\u00e8s une ma\u00eetrise en Sciences et Techniques de la Communication (option audiovisuelle), et un DEA M\u00e9dia et D\u00e9veloppement (Universit\u00e9 Paris VII), il est titulaire d\u2019une th\u00e8se de 3\u00e8me cycle sur l\u2019utilisation des moyens de communication pour le d\u00e9veloppement en milieu rural : \u00abCas de l\u2019UJAMA, Tanzanie\u00bb. Depuis 1982, il enseigne l\u2019Audiovisuel \u00e0 l\u2019INSAAC (Institut National des Arts et de l\u2019Action Culturelle) \u00e0 Abidjan et il est chercheur associ\u00e9 au CERCOM (Centre d\u2019Enseignement de Recherche en Communication) de l\u2019Universit\u00e9 d\u2019Abidjan. Il est aussi formateur en r\u00e9alisation cin\u00e9matographique lors de festivals.<br \/>\nDepuis 1986, il a r\u00e9alis\u00e9 de nombreux films documentaires sur des faits de soci\u00e9t\u00e9 en Afrique dont plusieurs ont \u00e9t\u00e9 s\u00e9lectionn\u00e9s, et prim\u00e9s pour certains, dans divers festivals. Sa derni\u00e8re r\u00e9alisation, \u00ab Yankel ! L\u2019Afrique \u00e0 l\u2019atelier \u00bb, est sortie en 2010.<br \/>\nD\u2019autre part, Idrissa Diabat\u00e9 est co-auteur du livre \u00ab Intellectuels Ivoiriens face \u00e0 la crise \u00bb paru aux \u00e9ditions Karthala en d\u00e9cembre 2004.<\/p>\n","protected":false},"excerpt":{"rendered":"<p>De Idrissa DIABAT\u00c9 &#8211; 52 min &#8211; C\u00f4te d\u2019Ivoire &#8211; 2009 Documentaire &#8211; couleur &#8211; 35 mm &#8211; version originale sous-titr\u00e9e en fran\u00e7ais. Sc\u00e9nario : Idrissa Diabat\u00e9 ; Image : [&hellip;]<\/p>\n","protected":false},"author":1,"featured_media":0,"parent":26,"menu_order":0,"comment_status":"closed","ping_status":"closed","template":"","meta":{"footnotes":""},"class_list":["post-276","page","type-page","status-publish","hentry"],"jetpack_sharing_enabled":true,"jetpack_shortlink":"https:\/\/wp.me\/P7C6tF-4s","jetpack-related-posts":[{"id":535,"url":"https:\/\/asurb.com\/asurb3\/?page_id=535","url_meta":{"origin":276,"position":0},"title":"Programme 2010","author":"webmaster","date":"6 juin 2016","format":false,"excerpt":"Sommaire \u2022 S\u00e9ances ouvertes au public \u2022 S\u00e9ances scolaires \u2022 Partenaires \u2022 Membres du comit\u00e9 de parrainage \u2022 Remerciements \u2022 Pour se rendre sur les lieux \u2022 Les s\u00e9ances ouvertes au public Samedi 13 novembre Cin\u00e9ma La Pl\u00e9iade - 94230 Cachan 18h00 - L\u2019ABSENCE Long-m\u00e9trage de Mama KE\u00cfTA - 81\u2026","rel":"","context":"Article similaire","block_context":{"text":"Article similaire","link":""},"img":{"alt_text":"","src":"https:\/\/i0.wp.com\/asurb.com\/AsurB\/D_Images\/D_Gif_bl\/Blanc120.gif?resize=350%2C200&ssl=1","width":350,"height":200},"classes":[]},{"id":194,"url":"https:\/\/asurb.com\/asurb3\/?page_id=194","url_meta":{"origin":276,"position":1},"title":"Da Monzon, la conqu\u00eate de Samanyana","author":"webmaster","date":"4 juin 2016","format":false,"excerpt":"De Sidy Fassara DIABATE - 110 min - Mali - 2010 Fiction \u00e0 base historique - couleur - 35 mm - version originale en bambara sous-titr\u00e9e en fran\u00e7ais. Sc\u00e9nario : Sidy F. Diabat\u00e9, Ibrahim Tom ; Image : M.L.Tani, Abdoulaye Som\u00e9; Son : Bakary Sangare ; Montage : Seydou Kon\u00e9\u2026","rel":"","context":"Article similaire","block_context":{"text":"Article similaire","link":""},"img":{"alt_text":"DaMonzon_Fiche","src":"https:\/\/i0.wp.com\/asurb.com\/asurb3\/wp-content\/uploads\/2016\/06\/DaMonzon_Fiche.jpg?resize=350%2C200&ssl=1","width":350,"height":200},"classes":[]},{"id":513,"url":"https:\/\/asurb.com\/asurb3\/?page_id=513","url_meta":{"origin":276,"position":2},"title":"Programme 2009","author":"webmaster","date":"6 juin 2016","format":false,"excerpt":"Sommaire \u2022 S\u00e9ances ouvertes au public \u2022 S\u00e9ances r\u00e9serv\u00e9es aux scolaires \u2022 Membres du comit\u00e9 de parrainage \u2022 Remerciements \u2022 Pour se rendre sur les lieux \u2022 Les s\u00e9ances ouvertes au public Dimanche 15 novembre Soir\u00e9e Les pionniers du cin\u00e9ma nig\u00e9rien MJC Louise Michel - 94260 Fresnes 18h30 - BON\u2026","rel":"","context":"Article similaire","block_context":{"text":"Article similaire","link":""},"img":{"alt_text":"","src":"https:\/\/i0.wp.com\/asurb.com\/AsurB\/D_Images\/D_Gif_bl\/Blanc120.gif?resize=350%2C200&ssl=1","width":350,"height":200},"classes":[]},{"id":443,"url":"https:\/\/asurb.com\/asurb3\/?page_id=443","url_meta":{"origin":276,"position":3},"title":"Taaf\u00e9 Fanga ( Pouvoir de pagne )","author":"webmaster","date":"5 juin 2016","format":false,"excerpt":"De Adama DRABO - 103min - Mali - 1997 Fiction\u2013 Couleur \u2013 DVD \u2013 version originale en Bambara sous-titr\u00e9e en Fran\u00e7ais Sc\u00e9nario : Adama Drabo ; Image : Lionel Cousin ; Montage : Rose Evans Decraene ; Musique : Harouna Barry ; Son : Pierre Gauthier, Elvire Lerner ; D\u00e9cors\u2026","rel":"","context":"Article similaire","block_context":{"text":"Article similaire","link":""},"img":{"alt_text":"Taafe_Fanga_Fiche","src":"https:\/\/i0.wp.com\/asurb.com\/asurb3\/wp-content\/uploads\/2016\/06\/Taafe_Fanga_Fiche.jpg?resize=350%2C200&ssl=1","width":350,"height":200},"classes":[]},{"id":235,"url":"https:\/\/asurb.com\/asurb3\/?page_id=235","url_meta":{"origin":276,"position":4},"title":"Hy\u00e8nes","author":"webmaster","date":"4 juin 2016","format":false,"excerpt":"De Djibril DIOP MAMB\u00c9TY - 110 min \u2013 S\u00e9n\u00e9gal \u2013 1992 Fiction - couleur - 35mm - version originale en wolof sous-titr\u00e9e en fran\u00e7ais Sc\u00e9nario : Djibril Diop Mamb\u00e9ty, d\u2019apr\u00e8s la pi\u00e8ce de Friedrich D\u00fcrrenmatt, \u00ab La Visite de la vieille dame \u00bb ; Image : Mathias K\u00e4lin ; Montage\u2026","rel":"","context":"Article similaire","block_context":{"text":"Article similaire","link":""},"img":{"alt_text":"Hyenes_Fiche2010","src":"https:\/\/i0.wp.com\/asurb.com\/asurb3\/wp-content\/uploads\/2016\/06\/Hyenes_Fiche2010.jpg?resize=350%2C200&ssl=1","width":350,"height":200},"classes":[]},{"id":334,"url":"https:\/\/asurb.com\/asurb3\/?page_id=334","url_meta":{"origin":276,"position":5},"title":"Le poisson noy\u00e9","author":"webmaster","date":"5 juin 2016","format":false,"excerpt":"De Malik AMARA - 18 min - Tunisie - 2008 Fiction - couleur - 35mm - version originale en arabe sous-titr\u00e9e en Fran\u00e7ais Sc\u00e9nario : Malik Amara ; Images : Nabil Saidi ; Montage : Penda Hourgambe ; Son : Karim Guerima ; D\u00e9cor : Axelle Amara ; Interpr\u00e9tation :\u2026","rel":"","context":"Article similaire","block_context":{"text":"Article similaire","link":""},"img":{"alt_text":"Malick_Amara_Fiche","src":"https:\/\/i0.wp.com\/asurb.com\/asurb3\/wp-content\/uploads\/2016\/06\/Malick_Amara_Fiche.jpg?resize=350%2C200&ssl=1","width":350,"height":200},"classes":[]}],"_links":{"self":[{"href":"https:\/\/asurb.com\/asurb3\/index.php?rest_route=\/wp\/v2\/pages\/276","targetHints":{"allow":["GET"]}}],"collection":[{"href":"https:\/\/asurb.com\/asurb3\/index.php?rest_route=\/wp\/v2\/pages"}],"about":[{"href":"https:\/\/asurb.com\/asurb3\/index.php?rest_route=\/wp\/v2\/types\/page"}],"author":[{"embeddable":true,"href":"https:\/\/asurb.com\/asurb3\/index.php?rest_route=\/wp\/v2\/users\/1"}],"replies":[{"embeddable":true,"href":"https:\/\/asurb.com\/asurb3\/index.php?rest_route=%2Fwp%2Fv2%2Fcomments&post=276"}],"version-history":[{"count":1,"href":"https:\/\/asurb.com\/asurb3\/index.php?rest_route=\/wp\/v2\/pages\/276\/revisions"}],"predecessor-version":[{"id":278,"href":"https:\/\/asurb.com\/asurb3\/index.php?rest_route=\/wp\/v2\/pages\/276\/revisions\/278"}],"up":[{"embeddable":true,"href":"https:\/\/asurb.com\/asurb3\/index.php?rest_route=\/wp\/v2\/pages\/26"}],"wp:attachment":[{"href":"https:\/\/asurb.com\/asurb3\/index.php?rest_route=%2Fwp%2Fv2%2Fmedia&parent=276"}],"curies":[{"name":"wp","href":"https:\/\/api.w.org\/{rel}","templated":true}]}}