{"id":2828,"date":"2020-08-10T14:51:14","date_gmt":"2020-08-10T12:51:14","guid":{"rendered":"https:\/\/asurb.com\/asurb3\/?page_id=2828"},"modified":"2020-08-10T14:51:14","modified_gmt":"2020-08-10T12:51:14","slug":"antananarivo-tiako-ianao-tananarive-je-taime","status":"publish","type":"page","link":"https:\/\/asurb.com\/asurb3\/?page_id=2828","title":{"rendered":"Antananarivo tiako ianao (Tananarive je t&rsquo;aime)"},"content":{"rendered":"<p><strong>Antananarivo tiako ianao\u00a0 <\/strong>De Haminiaina Ratovoarivony &#8211; Madagascar &#8211; 2017 &#8211; 15 mn &#8211; fiction &#8211; couleur \u2013 VO malgache STF<\/p>\n<p>Sc\u00e9nario \u2013 image &#8211; montage \u2013 musique : Ratovoarivony Haminiaina \u2013 Production\u00a0:Hantamalala Ralay Ranaivo (Amy Productions), Haminiaina Ratovoarivony (Colorful Films) &#8211; \u00a0Distribution : Marion Guichard, Fenosoa Lova, Hamy Ratovo<\/p>\n<p>Pr\u00e9sent\u00e9 au Fespaco 2017 et au Festival de courts-m\u00e9trages de Clermont-Ferrand en 2019.<\/p>\n<h4><span style=\"color: #ff0000;\">Synopsis\u00a0<\/span><\/h4>\n<p>M\u00ealant faits r\u00e9els et fiction, <strong>Antananarivo Tiako Ianao<\/strong> revient sur le massacre survenu le 7 f\u00e9vrier 2009 \u00e0 Madagascar. Alors qu&rsquo;<strong>Antananarivo<\/strong>, la capitale malgache, est dans la tourmente d&rsquo;une crise politique, le cin\u00e9aste Hamy Ratovo lutte contre la censure de son film en marge des manifestations.<\/p>\n<h4><span style=\"color: #ff0000;\">Le r\u00e9alisateur<\/span><\/h4>\n<p>N\u00e9 \u00e0 Antananarivo, Haminiaina Ratovoarivony, dipl\u00f4m\u00e9 en sociologie \u00e0 Madagascar, a \u00e9tudi\u00e9 le cin\u00e9ma en France et vit aujourd\u2019hui \u00e0 Chicago. Apr\u00e8s cinq courts m\u00e9trages, il \u00e9crit, r\u00e9alise et produit son premier long-m\u00e9trage, \u00ab Malagasy Mankany \u00bb en 2012 dont il est aussi l\u2019un des acteurs. Ce film a remport\u00e9 le prix du public au Festival de cin\u00e9ma africain de Cordoue et a \u00e9t\u00e9 pr\u00e9sent\u00e9 \u00e0 Cin\u00e9 Regards Africains devant une salle comble \u00e0 Cachan. Haminiaina Ratovoarivony s\u2019est donn\u00e9 comme mission de cr\u00e9er une nouvelle vague du cin\u00e9ma malgache. Razana, son dernier court m\u00e9trage a \u00e9t\u00e9 r\u00e9alis\u00e9 en 2018.<\/p>\n<p>&nbsp;<\/p>\n<p>&nbsp;<\/p>\n<p>&nbsp;<\/p>\n<p>&nbsp;<\/p>\n<p style=\"text-align: justify;\">\n","protected":false},"excerpt":{"rendered":"<p>Antananarivo tiako ianao\u00a0 De Haminiaina Ratovoarivony &#8211; Madagascar &#8211; 2017 &#8211; 15 mn &#8211; fiction &#8211; couleur \u2013 VO malgache STF Sc\u00e9nario \u2013 image &#8211; montage \u2013 musique : Ratovoarivony [&hellip;]<\/p>\n","protected":false},"author":1,"featured_media":0,"parent":26,"menu_order":0,"comment_status":"closed","ping_status":"closed","template":"","meta":{"footnotes":""},"class_list":["post-2828","page","type-page","status-publish","hentry"],"jetpack_sharing_enabled":true,"jetpack_shortlink":"https:\/\/wp.me\/P7C6tF-JC","jetpack-related-posts":[{"id":373,"url":"https:\/\/asurb.com\/asurb3\/?page_id=373","url_meta":{"origin":2828,"position":0},"title":"Malagasy mankany ( L\u00e9gendes de Madagascar )","author":"webmaster","date":"5 juin 2016","format":false,"excerpt":"Madagascar - 2012 - 93 min - fiction - couleur - VOSTF R\u00e9alisation : Haminiaina Ratovoarivony ; Sc\u00e9nario, image et montage : Haminiaina Ratovoarivony ; Son : Hamy Ratovo ; Interpr\u00e9tation : Sanjy Valeska, Mahon Andoniaina, Ben Elissar et Hamy Ratovo ; Producteur : Haminiaina Ratovoarivony ; Contact : Colorful\u2026","rel":"","context":"Article similaire","block_context":{"text":"Article similaire","link":""},"img":{"alt_text":"malagasy-mankany1_fiche","src":"https:\/\/i0.wp.com\/asurb.com\/asurb3\/wp-content\/uploads\/2016\/06\/malagasy-mankany1_fiche.jpg?resize=350%2C200&ssl=1","width":350,"height":200},"classes":[]},{"id":430,"url":"https:\/\/asurb.com\/asurb3\/?page_id=430","url_meta":{"origin":2828,"position":1},"title":"Rush","author":"webmaster","date":"5 juin 2016","format":false,"excerpt":"Madagascar - 2012 - 10 min - fiction R\u00e9alisation : Rianando Ludovic RANDRIAMANANTSOA Synopsis Des amis d\u00e9cident de tourner un film mais se font voler leur cam\u00e9ra dans la rue. La cam\u00e9ra-oeil, \u00e0 la fois objet de tentation et personnage principal du film, se retrouve trimbal\u00e9e dans les basfonds d\u2019Antananarivo..\u2026","rel":"","context":"Article similaire","block_context":{"text":"Article similaire","link":""},"img":{"alt_text":"","src":"","width":0,"height":0},"classes":[]},{"id":1053,"url":"https:\/\/asurb.com\/asurb3\/?page_id=1053","url_meta":{"origin":2828,"position":2},"title":"Anay ly lalana (La rue est \u00e0 moi)","author":"webmaster","date":"18 octobre 2016","format":false,"excerpt":"De Nantenaina Fifaliana - Madagascar - 2015 De Nantenaina Fifaliana - Madagascar - 2015 - 11 min - documentaire. Production : Endemika Films.\u00a0Distribution : Endemika Films.\u00a0Format de Distribution (DVD, DCP) Une version work-in-progress \u00a0a \u00e9t\u00e9 s\u00e9lectionn\u00e9e aux RFC 2015 et a re\u00e7u le 1er Prix aux Rencontres du Film Documentaire\u2026","rel":"","context":"Article similaire","block_context":{"text":"Article similaire","link":""},"img":{"alt_text":"","src":"","width":0,"height":0},"classes":[]},{"id":364,"url":"https:\/\/asurb.com\/asurb3\/?page_id=364","url_meta":{"origin":2828,"position":3},"title":"Le z\u00e9bu de Dadilahy","author":"webmaster","date":"5 juin 2016","format":false,"excerpt":"Madagascar - 2012 - 23 min - fiction R\u00e9alisation : Luck RAZANAJAONA En comp\u00e9tition au Festival International du Court-M\u00e9trage de Clermont-Ferrand Synopsis Faralahy, un jeune paysan malgache qui a du mal \u00e0 cultiver sa terre devient l\u2019heureux propri\u00e9taire de Mazavaloha, un vieux z\u00e9bu. Il s\u2019attache peu \u00e0 peu \u00e0 l'animal,\u2026","rel":"","context":"Article similaire","block_context":{"text":"Article similaire","link":""},"img":{"alt_text":"ZEbu1_fiche","src":"https:\/\/i0.wp.com\/asurb.com\/asurb3\/wp-content\/uploads\/2016\/06\/ZEbu1_fiche-300x109.jpg?resize=350%2C200&ssl=1","width":350,"height":200},"classes":[]},{"id":245,"url":"https:\/\/asurb.com\/asurb3\/?page_id=245","url_meta":{"origin":2828,"position":4},"title":"Iny hono izy rav orona (Berceuse malgache )","author":"webmaster","date":"4 juin 2016","format":false,"excerpt":"Madagascar - 2012 - 9 min - animation R\u00e9alisation : Sitraka RANDRIAMAHALY Prix Dan-Faso au Fespaco 2013 Synopsis Un enfant na\u00eet dans un petit village au coeur de la for\u00eat. Il pleure, rit, joue, grandit mais un jour il tombe malade. La m\u00e8re et l'enfant entament alors un voyage vers\u2026","rel":"","context":"Article similaire","block_context":{"text":"Article similaire","link":""},"img":{"alt_text":"Iny-Hono_fiche","src":"https:\/\/i0.wp.com\/asurb.com\/asurb3\/wp-content\/uploads\/2016\/06\/Iny-Hono_fiche.jpg?resize=350%2C200&ssl=1","width":350,"height":200},"classes":[]},{"id":418,"url":"https:\/\/asurb.com\/asurb3\/?page_id=418","url_meta":{"origin":2828,"position":5},"title":"Quand les \u00e9toiles rencontrent la mer","author":"webmaster","date":"5 juin 2016","format":false,"excerpt":"Madagascar - 1996 - fiction - 81 min - couleur - VO malgache\/fran\u00e7ais STFR S\u00e9lectionn\u00e9 dans plusieurs festivals : Toronto, Carthage, San Sebastian, Le Caire\u2026 R\u00e9alisation : Raymond Rajaonarivelo Sc\u00e9nario : Raymond Rajaonarivelo, Santiago Amigorena, SuzanneSchiffman Interpr\u00e9tation : Jean Rabenjamina, Louis Vahandanitra, Aim\u00e9e Rasafindrafarasoa ,Joseph Ranizafilahy,Rondro Rasoanaivo, Christiana Rason Harimalala,\u2026","rel":"","context":"Article similaire","block_context":{"text":"Article similaire","link":""},"img":{"alt_text":"QUAND-LES-ETOILES_Fiche","src":"https:\/\/i0.wp.com\/asurb.com\/asurb3\/wp-content\/uploads\/2016\/06\/QUAND-LES-ETOILES_Fiche.jpg?resize=350%2C200&ssl=1","width":350,"height":200},"classes":[]}],"_links":{"self":[{"href":"https:\/\/asurb.com\/asurb3\/index.php?rest_route=\/wp\/v2\/pages\/2828","targetHints":{"allow":["GET"]}}],"collection":[{"href":"https:\/\/asurb.com\/asurb3\/index.php?rest_route=\/wp\/v2\/pages"}],"about":[{"href":"https:\/\/asurb.com\/asurb3\/index.php?rest_route=\/wp\/v2\/types\/page"}],"author":[{"embeddable":true,"href":"https:\/\/asurb.com\/asurb3\/index.php?rest_route=\/wp\/v2\/users\/1"}],"replies":[{"embeddable":true,"href":"https:\/\/asurb.com\/asurb3\/index.php?rest_route=%2Fwp%2Fv2%2Fcomments&post=2828"}],"version-history":[{"count":1,"href":"https:\/\/asurb.com\/asurb3\/index.php?rest_route=\/wp\/v2\/pages\/2828\/revisions"}],"predecessor-version":[{"id":2829,"href":"https:\/\/asurb.com\/asurb3\/index.php?rest_route=\/wp\/v2\/pages\/2828\/revisions\/2829"}],"up":[{"embeddable":true,"href":"https:\/\/asurb.com\/asurb3\/index.php?rest_route=\/wp\/v2\/pages\/26"}],"wp:attachment":[{"href":"https:\/\/asurb.com\/asurb3\/index.php?rest_route=%2Fwp%2Fv2%2Fmedia&parent=2828"}],"curies":[{"name":"wp","href":"https:\/\/api.w.org\/{rel}","templated":true}]}}