{"id":2834,"date":"2020-08-10T15:05:21","date_gmt":"2020-08-10T13:05:21","guid":{"rendered":"https:\/\/asurb.com\/asurb3\/?page_id=2834"},"modified":"2020-08-10T15:05:21","modified_gmt":"2020-08-10T13:05:21","slug":"docta-jefferson","status":"publish","type":"page","link":"https:\/\/asurb.com\/asurb3\/?page_id=2834","title":{"rendered":"Docta Jefferson"},"content":{"rendered":"<p><strong>DOCTA JEFFERSON <\/strong>De Elvis Sabin Ngaibino &#8211; R\u00e9publique Centrafricaine &#8211; France \u2013 2017 \u2013 29 min \u2013 documentaire \u2013 couleur \u2013 VO \/ Sango\/fran\u00e7ais\/ STF<\/p>\n<p>Production, distribution\u00a0: Ateliers Varan, Alliance Fran\u00e7aise de Bangui<br \/>\nFilm r\u00e9alis\u00e9 en 2017 dans le cadre du premier atelier de r\u00e9alisation en Centrafrique\u00a0 organis\u00e9 par les Ateliers Varan et l&rsquo;Alliance Fran\u00e7aise de Bangui: 10 courts-m\u00e9trages documentaires sont r\u00e9alis\u00e9s lors de cet atelier.<\/p>\n<p><strong>\u00a0<\/strong><\/p>\n<h4><span style=\"color: #ff0000;\">Synopsis\u00a0<\/span><\/h4>\n<p>Jefferson est ce qu&rsquo;on appelle \u00e0 Bangui un \u00ab docta \u00bb, un agent de sant\u00e9 qui exerce la m\u00e9decine sans dipl\u00f4me. A l&rsquo;heure o\u00f9 le Minist\u00e8re de la Sant\u00e9 centrafricain voudrait mettre en place une r\u00e9glementation de la vente de m\u00e9dicaments, Jefferson traverse une crise de conscience. Son activit\u00e9 est-elle dangereuse pour ses patients ? Doit-il abandonner ? Mais comment alors nourrira-t-il sa famille ?<\/p>\n<h4><span style=\"color: #ff0000;\">Le r\u00e9alisateur<\/span><\/h4>\n<p>Elvis Sabin Nga\u00efbino est dipl\u00f4m\u00e9 en g\u00e9ologie. F\u00e9ru de cin\u00e9ma, il fonde en 2012 avec des amis l&rsquo;Acad\u00e9mie du Cin\u00e9ma Centrafricain, une association regroupant d&rsquo;autres passionn\u00e9s. Il produit et r\u00e9alise avec les moyens du bord des petits films pour la t\u00e9l\u00e9vision centrafricaine. En 2017, il est s\u00e9lectionn\u00e9 pour participer au premier atelier Varan organis\u00e9 \u00e0 Bangui. Dans ce cadre, il r\u00e9alise le court-m\u00e9trage documentaire <em>Docta Jefferson<\/em>, le portrait d&rsquo;un pharmacien de quartier, s\u00e9lectionn\u00e9 dans plusieurs festivals internationaux. Il poursuit sa formation avec les Ateliers Varan en 2018-2019, \u00e0 l&rsquo;issue de laquelle il r\u00e9alise son premier long-m\u00e9trage documentaire <em>Makongo<\/em>.<\/p>\n<p>&nbsp;<\/p>\n<p>&nbsp;<\/p>\n<p>&nbsp;<\/p>\n<p style=\"text-align: justify;\">\n","protected":false},"excerpt":{"rendered":"<p>DOCTA JEFFERSON De Elvis Sabin Ngaibino &#8211; R\u00e9publique Centrafricaine &#8211; France \u2013 2017 \u2013 29 min \u2013 documentaire \u2013 couleur \u2013 VO \/ Sango\/fran\u00e7ais\/ STF Production, distribution\u00a0: Ateliers Varan, Alliance [&hellip;]<\/p>\n","protected":false},"author":1,"featured_media":0,"parent":26,"menu_order":0,"comment_status":"closed","ping_status":"closed","template":"","meta":{"footnotes":""},"class_list":["post-2834","page","type-page","status-publish","hentry"],"jetpack_sharing_enabled":true,"jetpack_shortlink":"https:\/\/wp.me\/P7C6tF-JI","jetpack-related-posts":[{"id":2604,"url":"https:\/\/asurb.com\/asurb3\/?page_id=2604","url_meta":{"origin":2834,"position":0},"title":"Chambre n\u00b01","author":"webmaster","date":"9 octobre 2019","format":false,"excerpt":"Chambre No 1 de Leila N'Deye Thiam - R\u00e9publique centrafricaine \u2013 France \u2013 2018 - 29 min- documentaire -VOF Synopsis\u00a0 Dans la salle no 1 du service de traumatologie de l'H\u00f4pital communautaire de Bangui, dix femmes attendent de pouvoir enfin sortir et rentrer chez elles. Elles ont chacune v\u00e9cu diff\u00e9rentes\u2026","rel":"","context":"Article similaire","block_context":{"text":"Article similaire","link":""},"img":{"alt_text":"","src":"","width":0,"height":0},"classes":[]},{"id":4544,"url":"https:\/\/asurb.com\/asurb3\/?page_id=4544","url_meta":{"origin":2834,"position":1},"title":"Eat bitter (Nourritures am\u00e8res)","author":"webmaster","date":"2 septembre 2025","format":false,"excerpt":"De Pascale APPORA-GNEKINDY et Ningyi SUN \u2013 R\u00e9publique Centrafricaine, Chine - 2023 \u2013 94 min - documentaire\u00a0 Fiche technique \u00c9criture : Ningyi Sun, Pascale Appora-Gnekindy, Mathieu Faure - Image : Emmanuel Bamoy, Orph\u00e9e Zaza - Son : Aaron Koyassoukpengo\u00a0\u00a0\u00a0 Montage : Hannah Choe, Mathieu Faure - Musique originale : Cal\u2026","rel":"","context":"Article similaire","block_context":{"text":"Article similaire","link":""},"img":{"alt_text":"","src":"https:\/\/i0.wp.com\/asurb.com\/asurb3\/wp-content\/uploads\/2025\/10\/Eat_bitter_04082023-225x300.jpg?resize=350%2C200&ssl=1","width":350,"height":200},"classes":[]},{"id":766,"url":"https:\/\/asurb.com\/asurb3\/?page_id=766","url_meta":{"origin":2834,"position":2},"title":"P\u00e8re","author":"webmaster","date":"19 juin 2016","format":false,"excerpt":"De\u00a0 Lotfi Achour -\u00a0 17 min -\u00a0 Tunisie -\u00a0 2014\u00a0 fiction -\u00a0 couleur - VO arabe STF - DCP \u00a0 R\u00e9alisation :\u00a0Lotfi Achour - sc\u00e9nario : Lotfi Achour, Natacha de Pontchara -\u00a0\u00a0 Image : Fr\u00e9d\u00e9ric de Pontchara\u00a0 -\u00a0 Montage : Laurent Rochette -\u00a0 Son : Moez Cheikh -\u00a0 Musique originale\u2026","rel":"","context":"Article similaire","block_context":{"text":"Article similaire","link":""},"img":{"alt_text":"","src":"","width":0,"height":0},"classes":[]},{"id":398,"url":"https:\/\/asurb.com\/asurb3\/?page_id=398","url_meta":{"origin":2834,"position":3},"title":"On ne mourra pas","author":"webmaster","date":"5 juin 2016","format":false,"excerpt":"Alg\u00e9rie - 2010 - fiction - 20 min - couleur - VO arabe STFR Prix du court-m\u00e9trage Apt 2010, Grand Prix du Jury et Mention Sp\u00e9ciale du Jury Jeune \u00e0 Aix-en-Provence 2010, Prix du Jury France T\u00e9l\u00e9visions Clermont-Ferrand 2011, Prix du Public Festival Cin\u00e9Sud du court m\u00e9trage africain 2012 R\u00e9alisation\u2026","rel":"","context":"Article similaire","block_context":{"text":"Article similaire","link":""},"img":{"alt_text":"On_ne_mourra_pas_Fiche","src":"https:\/\/i0.wp.com\/asurb.com\/asurb3\/wp-content\/uploads\/2016\/06\/On_ne_mourra_pas_Fiche.jpg?resize=350%2C200&ssl=1","width":350,"height":200},"classes":[]},{"id":59,"url":"https:\/\/asurb.com\/asurb3\/?page_id=59","url_meta":{"origin":2834,"position":4},"title":"Prix \u00ab Tremplin jeunes r\u00e9alisateurs \u00bb","author":"webmaster","date":"31 mai 2016","format":false,"excerpt":"Les laur\u00e9ats du concours Les deux jurys, uniquement constitu\u00e9s de professionnels du cin\u00e9ma, se sont r\u00e9unis aujourd\u2019hui m\u00eame \u00e0 l\u2019Espace Municipal Jean Vilar pour visionner les films pr\u00e9- s\u00e9lectionn\u00e9s par l\u2019\u00e9quipe d\u2019Afrique sur Bi\u00e8vre (6 documentaires et 8 fictions) et choisir le laur\u00e9at de chacune des deux cat\u00e9gories. Le jury\u2026","rel":"","context":"Article similaire","block_context":{"text":"Article similaire","link":""},"img":{"alt_text":"Carte_Tremplin_v4","src":"https:\/\/i0.wp.com\/asurb.com\/asurb3\/wp-content\/uploads\/2016\/05\/Carte_Tremplin_v4-215x300.jpg?resize=350%2C200&ssl=1","width":350,"height":200},"classes":[]},{"id":232,"url":"https:\/\/asurb.com\/asurb3\/?page_id=232","url_meta":{"origin":2834,"position":5},"title":"Humanitaire","author":"webmaster","date":"4 juin 2016","format":false,"excerpt":"De Adama ROAMBA \u2013 16 min \u2013 Burkina Faso \u2013 2006 \u2013 VF Fiction \u2013 couleur \u2013 35 mm \u2013 Version fran\u00e7aise Prix sp\u00e9cial Sant\u00e9 et S\u00e9curit\u00e9 au travail au FESPACO* 2007. Sc\u00e9nario : Adama Roamba ; Image : Paul Djibila ; Montage : Neomi de Fouchier ; Son :\u2026","rel":"","context":"Article similaire","block_context":{"text":"Article similaire","link":""},"img":{"alt_text":"Humanitaire_Fiche","src":"https:\/\/i0.wp.com\/asurb.com\/asurb3\/wp-content\/uploads\/2016\/06\/Humanitaire_Fiche.jpg?resize=350%2C200&ssl=1","width":350,"height":200},"classes":[]}],"_links":{"self":[{"href":"https:\/\/asurb.com\/asurb3\/index.php?rest_route=\/wp\/v2\/pages\/2834","targetHints":{"allow":["GET"]}}],"collection":[{"href":"https:\/\/asurb.com\/asurb3\/index.php?rest_route=\/wp\/v2\/pages"}],"about":[{"href":"https:\/\/asurb.com\/asurb3\/index.php?rest_route=\/wp\/v2\/types\/page"}],"author":[{"embeddable":true,"href":"https:\/\/asurb.com\/asurb3\/index.php?rest_route=\/wp\/v2\/users\/1"}],"replies":[{"embeddable":true,"href":"https:\/\/asurb.com\/asurb3\/index.php?rest_route=%2Fwp%2Fv2%2Fcomments&post=2834"}],"version-history":[{"count":1,"href":"https:\/\/asurb.com\/asurb3\/index.php?rest_route=\/wp\/v2\/pages\/2834\/revisions"}],"predecessor-version":[{"id":2835,"href":"https:\/\/asurb.com\/asurb3\/index.php?rest_route=\/wp\/v2\/pages\/2834\/revisions\/2835"}],"up":[{"embeddable":true,"href":"https:\/\/asurb.com\/asurb3\/index.php?rest_route=\/wp\/v2\/pages\/26"}],"wp:attachment":[{"href":"https:\/\/asurb.com\/asurb3\/index.php?rest_route=%2Fwp%2Fv2%2Fmedia&parent=2834"}],"curies":[{"name":"wp","href":"https:\/\/api.w.org\/{rel}","templated":true}]}}