{"id":2863,"date":"2020-08-30T19:40:32","date_gmt":"2020-08-30T17:40:32","guid":{"rendered":"https:\/\/asurb.com\/asurb3\/?page_id=2863"},"modified":"2020-08-30T19:40:32","modified_gmt":"2020-08-30T17:40:32","slug":"i-had-to-bury-cucu-jai-du-enterrer-cucu","status":"publish","type":"page","link":"https:\/\/asurb.com\/asurb3\/?page_id=2863","title":{"rendered":"I Had To Bury Cucu (J\u2019ai d\u00fb enterrer Cucu)"},"content":{"rendered":"<p><strong>De Philippa NDISI- HERRMANN<\/strong> &#8211; Kenya \u2013 2018\u2013 14 min \u2013 fiction \u2013 couleur \u2013 VO STF<\/p>\n<p>Sc\u00e9nario, Montage\u00a0: Angela Wanjiku Wamai \u2013 Image\u00a0: Likarion Wainaina \u2013 Son\u00a0: Eric Lamu Musyoka \u2013 Musique\u00a0originale : Kato Change \u2013 emprunt\u00a0 musical\u00a0: Kikuyu Hymns \u2013 Interpr\u00e9tation\u00a0:Benedict Musau, Josephat Ndirangu, Newton Ouma, Timothy Musyoki, Lucy Njoroge &#8211;<br \/>\nProduction : Philippa Ndisi-Herrmann (ThirstyFIsh), Angela Wanjiku Wamai (Inpost Productions) \u2013 Contact\u00a0: Angela Wamai, angelwamai@gmail.com.<\/p>\n<p>Court m\u00e9trage s\u00e9lectionn\u00e9 au Festival International de courts m\u00e9trages de Clermont -Ferrand 2019.<br \/>\nSous-titrage fran\u00e7ais assur\u00e9 par Afrique sur Bi\u00e8vre.<\/p>\n<h4 style=\"text-align: justify;\"><span style=\"color: #ff0000;\">Synopsis\u00a0<\/span><\/h4>\n<p>Geoffrey et son fr\u00e8re Kimanthi doivent se rendre dans un village de campagne pour les fun\u00e9railles de leur grand-m\u00e8re Cucu. Les r\u00e9ticences des deux gar\u00e7ons, surtout du plus jeune, \u00e9chappent \u00e0 leurs parents qui ne cherchent pas \u00e0 comprendre leur refus ni leur silence.<\/p>\n<p>Elles vont \u00eatre d\u00e9voil\u00e9es progressivement au spectateur, avec pudeur et d\u00e9licatesse, dans un film sensible, centr\u00e9 sur l\u2019impossibilit\u00e9 des enfants de parler.<\/p>\n<h4 style=\"text-align: justify;\"><span style=\"color: #ff0000;\">La r\u00e9alisatrice<br \/>\n<\/span><\/h4>\n<p>Philippa Ndisi-Herrmann, est n\u00e9e \u00e0 Bonn en 1985 d\u2019une m\u00e8re k\u00e9nyane et d\u2019un p\u00e8re allemand. Elle r\u00e9alise des courts et des longs m\u00e9trages, fictions et documentaires. Ses premi\u00e8res \u0153uvres sont un m\u00e9lange d\u2019essai documentaire, de photographie et de po\u00e9sie.<\/p>\n","protected":false},"excerpt":{"rendered":"<p>De Philippa NDISI- HERRMANN &#8211; Kenya \u2013 2018\u2013 14 min \u2013 fiction \u2013 couleur \u2013 VO STF Sc\u00e9nario, Montage\u00a0: Angela Wanjiku Wamai \u2013 Image\u00a0: Likarion Wainaina \u2013 Son\u00a0: Eric Lamu [&hellip;]<\/p>\n","protected":false},"author":1,"featured_media":0,"parent":26,"menu_order":0,"comment_status":"closed","ping_status":"closed","template":"","meta":{"footnotes":""},"class_list":["post-2863","page","type-page","status-publish","hentry"],"jetpack_sharing_enabled":true,"jetpack_shortlink":"https:\/\/wp.me\/P7C6tF-Kb","jetpack-related-posts":[{"id":305,"url":"https:\/\/asurb.com\/asurb3\/?page_id=305","url_meta":{"origin":2863,"position":0},"title":"La vie n&rsquo;est pas immobile","author":"webmaster","date":"4 juin 2016","format":false,"excerpt":"S\u00e9n\u00e9gal - 2011 - 54 min - documentaire - couleur - VOSTF R\u00e9alisation : Alassane Diago ; Image : Alassane Diago, Fabacary Coly ; Montage : Annie Waks ; Son : Alassane Diago, Adama Diarra ; Production : Corto Pacific, Inzo Ya Bizizi, Quizas Productions ; Distribution : Corto Pacific\u2026","rel":"","context":"Article similaire","block_context":{"text":"Article similaire","link":""},"img":{"alt_text":"la-vie-nest-pas_fiche","src":"https:\/\/i0.wp.com\/asurb.com\/asurb3\/wp-content\/uploads\/2016\/06\/la-vie-nest-pas_fiche.jpg?resize=350%2C200&ssl=1","width":350,"height":200},"classes":[]},{"id":2807,"url":"https:\/\/asurb.com\/asurb3\/?page_id=2807","url_meta":{"origin":2863,"position":1},"title":"143 rue du d\u00e9sert","author":"webmaster","date":"8 ao\u00fbt 2020","format":false,"excerpt":"De\u00a0Hassen FERHANI - Alg\u00e9rie\/France\/Qatar - 2020 \u2013 103 min \u2013 Documentaire \u2013- Couleur - VO arabe STF - DCP Sc\u00e9nario\u00a0et Image : Hassen Ferhani\u2013 Montage\u00a0:\u00a0St\u00e9phanie Sicard, Nadia Ben Rachid, Nina Khada, Hassen Ferhani \u2013 Musique\u00a0: \u00a0Mohamed Guetal - Son\u00a0Mohamed Ilyas Guetal, Antoine Morin - Interpr\u00e9tation\u00a0Malika, Samir El Hakin, Chawki Amari\u2026","rel":"","context":"Article similaire","block_context":{"text":"Article similaire","link":""},"img":{"alt_text":"","src":"","width":0,"height":0},"classes":[]},{"id":1933,"url":"https:\/\/asurb.com\/asurb3\/?page_id=1933","url_meta":{"origin":2863,"position":2},"title":"Mbote !","author":"webmaster","date":"29 novembre 2017","format":false,"excerpt":"De Tshoper KABAMBI RDC \u2013 2013 \u201326 min \u2013 fiction \u2013 VO lingala STF\u00a0 -HD\u00a0\u00a0 Image : John KIBALA, Tshoper KABAMBI -Son : Le bleu TONADIO, Akaz MAMBA - Montage : Emmanuel LUPIA, Emmanuel DIABANZA\u00a0 - Musique originale : Taty bin, JACOB MUANZA, Fendji B - D\u00e9cor : Jason SHOMBA,\u2026","rel":"","context":"Article similaire","block_context":{"text":"Article similaire","link":""},"img":{"alt_text":"","src":"","width":0,"height":0},"classes":[]},{"id":2012,"url":"https:\/\/asurb.com\/asurb3\/?page_id=2012","url_meta":{"origin":2863,"position":3},"title":"Journal de bord du festival 2017","author":"webmaster","date":"1 mars 2018","format":false,"excerpt":"En guise de prologue, mardi 21 novembre, Cin\u00e9ma La Pl\u00e9iade Cachan. \u00a0En partenariat avec La Pl\u00e9iade dans le cadre du mardi des r\u00e9alisateurs, et \u00e0 l\u2019occasion du centenaire de sa naissance, Afrique sur Bi\u00e8vre tenait \u00e0 rendre hommage \u00e0 Jean Rouch avec la projection de \u00ab\u00a0Moi, un noir\u00a0\u00bb (1958). Cette\u2026","rel":"","context":"Article similaire","block_context":{"text":"Article similaire","link":""},"img":{"alt_text":"","src":"https:\/\/i0.wp.com\/asurb.com\/asurb3\/wp-content\/uploads\/2017\/11\/Wallay_les-ados_2017-11-24_220731-300x169.jpg?resize=350%2C200","width":350,"height":200},"classes":[]},{"id":4093,"url":"https:\/\/asurb.com\/asurb3\/?page_id=4093","url_meta":{"origin":2863,"position":4},"title":"Good bye Julia","author":"webmaster","date":"26 ao\u00fbt 2024","format":false,"excerpt":"De Mohamed KORDOFANI - Soudan \u2013 2022 ou 2023 - 120 min - fiction -VO STF Prix de la libert\u00e9 au Festival de Cannes 2023 (s\u00e9lection officielle Un Certain Regard) Fiche technique Sc\u00e9nario\u00a0: Mohamed Kordofani \u2013 Image\u00a0: Pierre De Villiers \u2013 Son\u00a0: Rana Eid - Montage : Heba Othman -\u2026","rel":"","context":"Article similaire","block_context":{"text":"Article similaire","link":""},"img":{"alt_text":"","src":"https:\/\/i0.wp.com\/asurb.com\/asurb3\/wp-content\/uploads\/2024\/10\/Good-by-Julia-242x300.jpg?resize=350%2C200&ssl=1","width":350,"height":200},"classes":[]},{"id":2597,"url":"https:\/\/asurb.com\/asurb3\/?page_id=2597","url_meta":{"origin":2863,"position":5},"title":"Les past\u00e8ques du cheikh","author":"webmaster","date":"9 octobre 2019","format":false,"excerpt":"LES PASTEQUES DU CHEIKH\u00a0 de Kaouther BEN HANIA - Tunisie \/ France \u2013 2018 \u2013 Fiction - 23 min - VOSTF R\u00e9alisatrice : Kaouther Ben Hania - Sc\u00e9nario : Kaouther Ben Hania - Montage : R\u00e9mi Dumas. Production\u00a0: Tanit Films - 61, rue Piat - 75020 Paris - Tel.06 82\u2026","rel":"","context":"Article similaire","block_context":{"text":"Article similaire","link":""},"img":{"alt_text":"","src":"","width":0,"height":0},"classes":[]}],"_links":{"self":[{"href":"https:\/\/asurb.com\/asurb3\/index.php?rest_route=\/wp\/v2\/pages\/2863","targetHints":{"allow":["GET"]}}],"collection":[{"href":"https:\/\/asurb.com\/asurb3\/index.php?rest_route=\/wp\/v2\/pages"}],"about":[{"href":"https:\/\/asurb.com\/asurb3\/index.php?rest_route=\/wp\/v2\/types\/page"}],"author":[{"embeddable":true,"href":"https:\/\/asurb.com\/asurb3\/index.php?rest_route=\/wp\/v2\/users\/1"}],"replies":[{"embeddable":true,"href":"https:\/\/asurb.com\/asurb3\/index.php?rest_route=%2Fwp%2Fv2%2Fcomments&post=2863"}],"version-history":[{"count":1,"href":"https:\/\/asurb.com\/asurb3\/index.php?rest_route=\/wp\/v2\/pages\/2863\/revisions"}],"predecessor-version":[{"id":2864,"href":"https:\/\/asurb.com\/asurb3\/index.php?rest_route=\/wp\/v2\/pages\/2863\/revisions\/2864"}],"up":[{"embeddable":true,"href":"https:\/\/asurb.com\/asurb3\/index.php?rest_route=\/wp\/v2\/pages\/26"}],"wp:attachment":[{"href":"https:\/\/asurb.com\/asurb3\/index.php?rest_route=%2Fwp%2Fv2%2Fmedia&parent=2863"}],"curies":[{"name":"wp","href":"https:\/\/api.w.org\/{rel}","templated":true}]}}