{"id":2978,"date":"2021-08-30T17:00:56","date_gmt":"2021-08-30T15:00:56","guid":{"rendered":"https:\/\/asurb.com\/asurb3\/?page_id=2978"},"modified":"2022-09-07T15:20:09","modified_gmt":"2022-09-07T13:20:09","slug":"le-pere-de-nafi-titre-original-baamum-nafi","status":"publish","type":"page","link":"https:\/\/asurb.com\/asurb3\/?page_id=2978","title":{"rendered":"Le p\u00e8re de Nafi (Titre original : Baamum Nafi)"},"content":{"rendered":"<p>De Mamadou DIA \u2013 S\u00e9n\u00e9gal \u2013 2019 \u2013 109 min \u2013 Fiction \u2013 Couleur &#8211; VO peul STF \u2013 DCP<br \/>\nScenario&nbsp;: Mamadou Dia &#8211; Image&nbsp;: Sheldon Chau \u2013 Son&nbsp;: Ousmane Coly &#8211; Musique&nbsp;: Baba Maal, Gavin Brivik \u2013 Montage&nbsp;: Alan Wu \u2013 Interpr\u00e9tation&nbsp;: Saikou Lo, Alassane Sy, Penda Daly Sy, Aicha Talla, Mamadou Bayo Sarr, Alassane Ndoye &#8211; Production&nbsp;:Maba Ba, Mohamed Julien Ndao, Mamadou Dia &nbsp;&#8211; Site officiel&nbsp;: <a href=\"http:\/\/www.baamumnafi.com\">www.baamumnafi.com<\/a> \u2013 Contact : Joyedidi -administration@joyedidi.com &#8211; <a href=\"http:\/\/www.joyedidi.com\">www.joyedidi.com<\/a><\/p>\n<p>Meilleur long m\u00e9trage et meilleur acteur pour Alassane Sy, Vues d\u2019Afrique de Montr\u00e9al 2020 -Meilleur premier long m\u00e9trage et L\u00e9opard d\u2019or section Cin\u00e9astes du Pr\u00e9sent \u00e0 Locarno \u2013 Prix D\u00e9couverte \u00e0 Namur<\/p>\n<p><strong>&nbsp;<\/strong><\/p>\n<p><strong>&nbsp;<\/strong><\/p>\n<h4 style=\"text-align: justify;\"><span style=\"color: #ff0000;\">Synopsis&nbsp;<\/span><\/h4>\n<p style=\"text-align: justify;\">Dans une petite ville du nord du S\u00e9n\u00e9gal, deux fr\u00e8res s\u2019affrontent. Tierno, imam de son \u00e9tat, traditionaliste mais affable et mod\u00e9r\u00e9, ne partage pas les id\u00e9es de son fr\u00e8re a\u00een\u00e9, Ousmane, jaloux, ambitieux, qui veut mettre la main sur le village en s\u2019appuyant sur un \u00e9mir radical et dangereux. Leurs enfants, Nafi, la fille de Tierno, et Tokara, le fils de Ousmane, s\u2019aiment et projettent de se marier contre l\u2019avis de Tierno. Deux conceptions de l\u2019islam s\u2019opposent sur fond de conflit g\u00e9n\u00e9rationnel et de transformations sociales et politiques. Si les tensions sont fortes et les enjeux lourds de cons\u00e9quence, si la violence et la mort menacent, ce qui frappe dans ce film, c\u2019est une forme de douceur et de lenteur, une approche subtile des complexit\u00e9s des \u00eatres, film\u00e9s de pr\u00e8s, de leur intimit\u00e9 douloureuse, de leurs incertitudes mais aussi l\u2019affirmation des valeurs de la structure familiale traditionnelle, gr\u00e2ce aux femmes surtout, et de la n\u00e9cessit\u00e9 de la tol\u00e9rance. Journaliste pendant presque dix ans avant de choisir la voie du cin\u00e9ma, Mamadou Dia a \u00e9t\u00e9 le t\u00e9moin de situations similaires, notamment au Nigeria et au Mali. Il s\u2019en est inspir\u00e9 pour \u00e9crire son sc\u00e9nario qui, \u00e0 partir de la relation de deux fr\u00e8res, met en lumi\u00e8re certaines r\u00e9alit\u00e9s de l\u2019Afrique subsaharienne<\/p>\n<h4 style=\"text-align: justify;\"><span style=\"color: #ff0000;\">Le r\u00e9alisateur<\/span><\/h4>\n<p style=\"text-align: justify;\">Ag\u00e9 de 37 ans, Mamadou Dia est n\u00e9 et a grandi \u00e0 Matam, une petite ville au nord du S\u00e9n\u00e9gal, et vit actuellement \u00e0 New-York. Apr\u00e8s des \u00e9tudes \u00e0 l\u2019universit\u00e9 de Dakar, il a travaill\u00e9 comme vid\u00e9o -journaliste dans le continent africain pendant presque 10 ans, pour couvrir des \u00e9v\u00e9nements socio-politiques, \u00e9conomiques et culturels. Puis d\u00e9sireux de faire du cin\u00e9ma, il a postul\u00e9 et \u00e9t\u00e9 accept\u00e9 en 2017 \u00e0 la Tisch School of the Arts de l\u2019Universit\u00e9 de New York o\u00f9 il a obtenu un Master de r\u00e9alisation\/\u00e9criture. Apr\u00e8s plusieurs courts-m\u00e9trages, il a r\u00e9alis\u00e9 Le P\u00e8re de Nafi, son premier long m\u00e9trage, enti\u00e8rement tourn\u00e9 au S\u00e9n\u00e9gal entre d\u00e9cembre 2018 et janvier 2019 et s\u00e9lectionn\u00e9 dans de nombreux festivals.<\/p>\n","protected":false},"excerpt":{"rendered":"<p>De Mamadou DIA \u2013 S\u00e9n\u00e9gal \u2013 2019 \u2013 109 min \u2013 Fiction \u2013 Couleur &#8211; VO peul STF \u2013 DCP Scenario&nbsp;: Mamadou Dia &#8211; Image&nbsp;: Sheldon Chau \u2013 Son&nbsp;: Ousmane [&hellip;]<\/p>\n","protected":false},"author":1,"featured_media":0,"parent":26,"menu_order":0,"comment_status":"closed","ping_status":"closed","template":"","meta":{"footnotes":""},"class_list":["post-2978","page","type-page","status-publish","hentry"],"jetpack_sharing_enabled":true,"jetpack_shortlink":"https:\/\/wp.me\/P7C6tF-M2","jetpack-related-posts":[{"id":2857,"url":"https:\/\/asurb.com\/asurb3\/?page_id=2857","url_meta":{"origin":2978,"position":0},"title":"Fallou","author":"webmaster","date":"24 ao\u00fbt 2020","format":false,"excerpt":"De Alassane SY \u2013 S\u00e9n\u00e9gal \u2013 2017 \u2013 30 min \u2013 Fiction \u2013 couleur - VOSTF R\u00e9alisation, sc\u00e9nario et voix : Alassane Sy - Image : Callum Begley - Montage : Waiel AL-Nour et Caitlin Bryant - Son : Miguel Rodriguez, Abdourahmane Ka - \u00a0Musique : L.A.M.E.S.S. Mathieu Karsenti -\u2026","rel":"","context":"Article similaire","block_context":{"text":"Article similaire","link":""},"img":{"alt_text":"","src":"","width":0,"height":0},"classes":[]},{"id":305,"url":"https:\/\/asurb.com\/asurb3\/?page_id=305","url_meta":{"origin":2978,"position":1},"title":"La vie n&rsquo;est pas immobile","author":"webmaster","date":"4 juin 2016","format":false,"excerpt":"S\u00e9n\u00e9gal - 2011 - 54 min - documentaire - couleur - VOSTF R\u00e9alisation : Alassane Diago ; Image : Alassane Diago, Fabacary Coly ; Montage : Annie Waks ; Son : Alassane Diago, Adama Diarra ; Production : Corto Pacific, Inzo Ya Bizizi, Quizas Productions ; Distribution : Corto Pacific\u2026","rel":"","context":"Article similaire","block_context":{"text":"Article similaire","link":""},"img":{"alt_text":"la-vie-nest-pas_fiche","src":"https:\/\/i0.wp.com\/asurb.com\/asurb3\/wp-content\/uploads\/2016\/06\/la-vie-nest-pas_fiche.jpg?resize=350%2C200&ssl=1","width":350,"height":200},"classes":[]},{"id":4541,"url":"https:\/\/asurb.com\/asurb3\/?page_id=4541","url_meta":{"origin":2978,"position":2},"title":"Dent pour dent","author":"webmaster","date":"2 septembre 2025","format":false,"excerpt":"De Mamadou |OTTIS BA -S\u00e9n\u00e9gal \u2013 2023 - 90 min- fiction \u2013 VO fran\u00e7ais, wolof STF Fiche technique Sc\u00e9nario : Ottis Ba Mamadou -\u00a0 Image : Benjamin Morel - Montage : Yannick Leroy - Son : Beno\u00eet De Clerck - 1er assistant r\u00e9alisateur : Fabacary Coly - \u00a0musique\u00a0: Amine Doukali\u2026","rel":"","context":"Article similaire","block_context":{"text":"Article similaire","link":""},"img":{"alt_text":"","src":"https:\/\/i0.wp.com\/asurb.com\/asurb3\/wp-content\/uploads\/2025\/10\/2985992-200x300.jpg?resize=350%2C200&ssl=1","width":350,"height":200},"classes":[]},{"id":773,"url":"https:\/\/asurb.com\/asurb3\/?page_id=773","url_meta":{"origin":2978,"position":3},"title":"Terrem\u00e8re","author":"webmaster","date":"19 juin 2016","format":false,"excerpt":"De Aliou SOW - 32 min - S\u00e9n\u00e9gal - 2014\u00a0 fiction - couleur - VF - DVD Sc\u00e9nario : Aliou SOW - Image : Tristan Tortuyaux - Montage : Flora Volpeli\u00e8re - Son : Ludovic H\u00e9lias - Interpr\u00e9tation : Oumar Diaw, Sofiane Zermani, Hicham Ayacoubi, Mamadou Coulibaly, Almany Kanoute, Sidi\u2026","rel":"","context":"Article similaire","block_context":{"text":"Article similaire","link":""},"img":{"alt_text":"","src":"","width":0,"height":0},"classes":[]},{"id":1896,"url":"https:\/\/asurb.com\/asurb3\/?page_id=1896","url_meta":{"origin":2978,"position":4},"title":"Le retour d&rsquo;un aventurier","author":"webmaster","date":"29 novembre 2017","format":false,"excerpt":"De Moustapha ALASSANE Niger \u2013 1966 \u2013 34 min \u2013 fiction \u2013 couleur -VOSTF Sc\u00e9nario, Image : Moustapha Alassane - Son : Moussa Hamidou - Montage : Philippe Luzuy - Musique : Nelos Amelonion \u2013 Interpr\u00e9tation\u00a0:\u00a0 YACOUBA Ibrahim, SOULEY Zalika, NANI Abdou, MAIGA Djingarey, HAROUNA Moussa, BOUBACAR SounaIn - Production\u2026","rel":"","context":"Article similaire","block_context":{"text":"Article similaire","link":""},"img":{"alt_text":"","src":"","width":0,"height":0},"classes":[]},{"id":206,"url":"https:\/\/asurb.com\/asurb3\/?page_id=206","url_meta":{"origin":2978,"position":5},"title":"Drogba est mort","author":"webmaster","date":"4 juin 2016","format":false,"excerpt":"De Moussa DIARRA, Eric RIVOT - 9 min - Mali - 2009 Fiction - couleur - DVD - VOSTF Sc\u00e9nario : Eric Rivot ; Image : Eric Rivot ; Montage : Moussa Diarra, Eric Rivot ; Musique : Eric Rivot ; Son : Abdul Salam ; Interpr\u00e8tes : Fanta Coulibaly,\u2026","rel":"","context":"Article similaire","block_context":{"text":"Article similaire","link":""},"img":{"alt_text":"Drogba_Fiche","src":"https:\/\/i0.wp.com\/asurb.com\/asurb3\/wp-content\/uploads\/2016\/06\/Drogba_Fiche.jpg?resize=350%2C200&ssl=1","width":350,"height":200},"classes":[]}],"_links":{"self":[{"href":"https:\/\/asurb.com\/asurb3\/index.php?rest_route=\/wp\/v2\/pages\/2978","targetHints":{"allow":["GET"]}}],"collection":[{"href":"https:\/\/asurb.com\/asurb3\/index.php?rest_route=\/wp\/v2\/pages"}],"about":[{"href":"https:\/\/asurb.com\/asurb3\/index.php?rest_route=\/wp\/v2\/types\/page"}],"author":[{"embeddable":true,"href":"https:\/\/asurb.com\/asurb3\/index.php?rest_route=\/wp\/v2\/users\/1"}],"replies":[{"embeddable":true,"href":"https:\/\/asurb.com\/asurb3\/index.php?rest_route=%2Fwp%2Fv2%2Fcomments&post=2978"}],"version-history":[{"count":3,"href":"https:\/\/asurb.com\/asurb3\/index.php?rest_route=\/wp\/v2\/pages\/2978\/revisions"}],"predecessor-version":[{"id":2980,"href":"https:\/\/asurb.com\/asurb3\/index.php?rest_route=\/wp\/v2\/pages\/2978\/revisions\/2980"}],"up":[{"embeddable":true,"href":"https:\/\/asurb.com\/asurb3\/index.php?rest_route=\/wp\/v2\/pages\/26"}],"wp:attachment":[{"href":"https:\/\/asurb.com\/asurb3\/index.php?rest_route=%2Fwp%2Fv2%2Fmedia&parent=2978"}],"curies":[{"name":"wp","href":"https:\/\/api.w.org\/{rel}","templated":true}]}}