{"id":3005,"date":"2021-09-02T12:00:32","date_gmt":"2021-09-02T10:00:32","guid":{"rendered":"https:\/\/asurb.com\/asurb3\/?page_id=3005"},"modified":"2021-09-02T12:00:32","modified_gmt":"2021-09-02T10:00:32","slug":"une-histoire-damour-et-de-desir","status":"publish","type":"page","link":"https:\/\/asurb.com\/asurb3\/?page_id=3005","title":{"rendered":"Une histoire d&rsquo;amour et de d\u00e9sir"},"content":{"rendered":"<p style=\"text-align: justify;\"><strong>De \u00a0Leyla BOUZID \u2013 France \u2013 2021 \u2013 1h42 \u2013 Fiction \u2013 Couleur \u2013VO fran\u00e7ais<\/strong><\/p>\n<p>Sc\u00e9nario\u00a0: Leyla Bouszid \u2013 Image : S\u00e9bastien Goepfert \u2013 Montage\u00a0:\u00a0Lilian Corbeille \u2013 Musique\u00a0: Lucas Gaudin \u2013 Son\u00a0: \u00a0Nassim El Mounabbih, Antoine Baudoin \u2013 D\u00e9cors\u00a0: L\u00e9a Philippon \u2013 Costumes\u00a0: C\u00e9line Brelaud<\/p>\n<p>Interpr\u00e9tation\u00a0: Sami Outalbali (Ahmed), Zbeida Belhajamor (Farah), Diong-K\u00e9ba Tacu (Saidou), Aur\u00e9lia Petit (Professeur Morel), Mahia Zrouki, Bellamine Abdelmalek, Mathilde La Musse, Samir Elhakim, Sofia Lesaffre<br \/>\nProduction\u00a0: Blue Monday Productions \u2013 Distribution\u00a0: Pyramide Distribution<\/p>\n<p>Film pr\u00e9sent\u00e9 au Festival de Cannes 2021, Semaine de la Critique.<br \/>\nLe film a re\u00e7u le Valois de diamant du meilleur film et un Prix d\u2019interpr\u00e9tation masculine au Festival d\u2019Angoul\u00eame 2021<\/p>\n<p style=\"text-align: justify;\">\n<h4 style=\"text-align: justify;\"><span style=\"color: #ff0000;\">Synopsis\u00a0<\/span><\/h4>\n<p>C\u2019est sur les bancs d\u2019une universit\u00e9 parisienne, dans un cours consacr\u00e9 \u00e0 la litt\u00e9rature \u00e9rotique arabe, que Farah et Ahmed se retrouvent c\u00f4te \u00e0 c\u00f4te. Ils sont \u00e0 l\u2019oppos\u00e9 l\u2019une de l\u2019autre. Elle, Farah, jeune Tunisienne tout juste arriv\u00e9e dans le Paris de ses r\u00eaves, d\u00e9borde de vitalit\u00e9 et de sensualit\u00e9. Lui, Ahmed, Fran\u00e7ais de 18 ans venant d\u2019une famille alg\u00e9rienne de banlieue, n\u2019est gu\u00e8re expansif et para\u00eet toujours se tenir sur la r\u00e9serve. Aussi est-t-il totalement d\u00e9sarm\u00e9 quand, au contact de Farah, il se trouve envahi par le d\u00e9sir\u00a0; d\u00e9sir qu\u2019Il tente de r\u00e9fr\u00e9ner au grand dam de sa compagne de cours.<\/p>\n<p>A contre-courant de bien des images sur la jeunesse, qu\u2019elle soit d\u2019ici ou de l\u2019autre c\u00f4t\u00e9 de la M\u00e9diterran\u00e9e, le film de Leyla Bouzid inverse les r\u00f4les habituellement attribu\u00e9s dans la rencontre entre sexes. C\u2019est \u00e0 Farah que revient l\u2019initiative et \u00e0 Ahmed qu\u2019est d\u00e9volue la fuyante passivit\u00e9. Comme si cette inversion \u00e9tait n\u00e9cessaire pour renouer avec la sensualit\u00e9 de l\u2019ancienne po\u00e9sie arabe trop longtemps occult\u00e9e et r\u00e9apprendre les chemins sinueux du dialogue amoureux.<\/p>\n<h4 style=\"text-align: justify;\"><span style=\"color: #ff0000;\">La r\u00e9alisatrice<\/span><\/h4>\n<p style=\"text-align: justify;\">De nationalit\u00e9 tunisienne et fran\u00e7aise, Leyla Bouzid est n\u00e9e en 1984 \u00e0 Tunis o\u00f9 elle a grandi. Apr\u00e8s le bac, elle part \u00e0 Paris \u00e9tudier la litt\u00e9rature fran\u00e7aise \u00e0 la Sorbonne, puis elle int\u00e8gre La FEMIS dans la section r\u00e9alisation. Apr\u00e8s plusieurs courts m\u00e9trages, <em>Mkhobbi fi Kobba<\/em> (<em>Soubresauts<\/em>, 2011), <em>Zakaria<\/em> (2013), elle r\u00e9alise en 2015 son premier long m\u00e9trage, <em>A peine j\u2019ouvre les yeux.<\/em> Le film est prim\u00e9 \u00e0 la Mostra de Venise (prix du public) et il obtient le Bayard d&rsquo;or du meilleur premier long m\u00e9trage \u00e0 Namur. <em>Une histoire d\u2019amour et de d\u00e9sir <\/em>est son second long m\u00e9trage.<\/p>\n","protected":false},"excerpt":{"rendered":"<p>De \u00a0Leyla BOUZID \u2013 France \u2013 2021 \u2013 1h42 \u2013 Fiction \u2013 Couleur \u2013VO fran\u00e7ais Sc\u00e9nario\u00a0: Leyla Bouszid \u2013 Image : S\u00e9bastien Goepfert \u2013 Montage\u00a0:\u00a0Lilian Corbeille \u2013 Musique\u00a0: Lucas Gaudin [&hellip;]<\/p>\n","protected":false},"author":1,"featured_media":0,"parent":26,"menu_order":0,"comment_status":"closed","ping_status":"closed","template":"","meta":{"footnotes":""},"class_list":["post-3005","page","type-page","status-publish","hentry"],"jetpack_sharing_enabled":true,"jetpack_shortlink":"https:\/\/wp.me\/P7C6tF-Mt","jetpack-related-posts":[{"id":983,"url":"https:\/\/asurb.com\/asurb3\/?page_id=983","url_meta":{"origin":3005,"position":0},"title":"A peine j&rsquo;ouvre les yeux","author":"webmaster","date":"12 octobre 2016","format":false,"excerpt":"De Leyla Bouzid \u2013 Tunisie \u2013 2015 De Leyla Bouzid \u2013 Tunisie \u2013 .2015 \u2013 102 min \u2013 fiction \u2013 couleur - VO arabe tunisien STF - DCP Sc\u00e9nario : Leyla Bouzid et Marie-Sophie Chambon - Musique originale\u00a0: Khyam Allami - Dialogues : Ghassen Amami \u2013 Image : S\u00e9bastien Goepfert\u2026","rel":"","context":"Article similaire","block_context":{"text":"Article similaire","link":""},"img":{"alt_text":"a-peine-j-ouvre-les-yeux","src":"https:\/\/i0.wp.com\/asurb.com\/asurb3\/wp-content\/uploads\/2016\/10\/A-peine-j-ouvre-les-yeux-300x162.jpg?resize=350%2C200&ssl=1","width":350,"height":200},"classes":[]},{"id":3842,"url":"https:\/\/asurb.com\/asurb3\/?page_id=3842","url_meta":{"origin":3005,"position":1},"title":"\u00c7a roule (Rihla)","author":"webmaster","date":"15 octobre 2023","format":false,"excerpt":"De Jamil Najjar \u2013 Tunisie \u2013 2022 \u2013 25\u2032 \u2013 fictionPropaganda Productions\u00a0 : Nejib BELKADHI & Imed MARZOUK, producteurs 41, avenue habib bourguiba 2078 La Marsa TUNIS Tunisie - T\u00e9l\u00e9phone : +216 71 744 815 - http:\/\/www.propaganda-production.com Synopsis\u00a0 Habib embarque sa famille dans un voyage \u00e0 travers la Tunisie, \u00e0\u2026","rel":"","context":"Article similaire","block_context":{"text":"Article similaire","link":""},"img":{"alt_text":"","src":"","width":0,"height":0},"classes":[]},{"id":3420,"url":"https:\/\/asurb.com\/asurb3\/?page_id=3420","url_meta":{"origin":3005,"position":2},"title":"Plumes","author":"webmaster","date":"7 septembre 2022","format":false,"excerpt":"D\u2019Omar El Zohairy \u2013 Egypte\/France\/Pays-Bas\/Gr\u00e8ce \u2013 2021 \u2013 101 min - fiction \u2013 couleur \u2013 VO arabe STF Semaine de la critique Cannes 2021 : Grand Prix Nespresso, Prix FIPRESCI - Journ\u00e9es Cin\u00e9matographiques de Carthage :Tanit d\u2019or, Prix du Meilleur Sc\u00e9nario, Prix de la Meilleure Actrice - Festival du film\u2026","rel":"","context":"Article similaire","block_context":{"text":"Article similaire","link":""},"img":{"alt_text":"","src":"","width":0,"height":0},"classes":[]},{"id":2576,"url":"https:\/\/asurb.com\/asurb3\/?page_id=2576","url_meta":{"origin":3005,"position":3},"title":"Hakkunde (Entre deux)","author":"webmaster","date":"8 octobre 2019","format":false,"excerpt":"De Oluseyi ASURF AMUWA \u2013 Nigeria- 2017- 97mn - Fiction- VOSTF Sc\u00e9nario :Oluseyi Asurf Amuwa, Tomi Adesina - Montage\u00a0 : Oluseyi Asurf \u00a0- \u00a0Musique\u00a0 : Kentoxygen Egunjobi, Elizabeth Emoruwa, James Langley, Jae Taylor- Costumes\u00a0 : Mariam Chu, Jaan Gbefwi - Interpr\u00e9tation : Toyin Aimakhu-Johnson, Seyilaw, Ali Nuhu, Rahama Sadau -Production\u2026","rel":"","context":"Article similaire","block_context":{"text":"Article similaire","link":""},"img":{"alt_text":"","src":"","width":0,"height":0},"classes":[]},{"id":3032,"url":"https:\/\/asurb.com\/asurb3\/?page_id=3032","url_meta":{"origin":3005,"position":4},"title":"Le d\u00e9part","author":"webmaster","date":"17 septembre 2021","format":false,"excerpt":"De\u00a0 Sa\u00efd Hamich \u2013 France\/Maroc \u2013 2020 \u2013 25 min \u2013 fiction \u2013 couleur - VO arabe\/fran\u00e7ais - N\u00b0de visa : 152.990 Sc\u00e9nario\u00a0: Sa\u00efd Hamich \u2013 Image\u00a0: Marine Atlan - Son\u00a0: Hugo Deguillard \u2013 Montage son\u00a0: Margot Testemale - Montage : Xavier Sirven - Musique : Vitor Ara\u00fajo \u2013 Interpr\u00e9tation\u2026","rel":"","context":"Article similaire","block_context":{"text":"Article similaire","link":""},"img":{"alt_text":"","src":"","width":0,"height":0},"classes":[]},{"id":3462,"url":"https:\/\/asurb.com\/asurb3\/?page_id=3462","url_meta":{"origin":3005,"position":5},"title":"La femme du fossoyeur","author":"webmaster","date":"14 octobre 2022","format":false,"excerpt":"De Khadar Ayderus AHMED \u2013 Somalie\/Finlande\/Allemagne\/France \u2013 2021 - 82 min \u2013 fiction \u2013 couleur -VO somali STF \u2013 N\u00b0 de Visa 152.415 FESPACO\u00a0: Etalon d\u2019or du meilleur film de fiction, Prix de la meilleure musique -Journ\u00e9es Cin\u00e9matographiques de Carthage\u00a0: meilleure interpr\u00e9tation masculine pour Omar Abdi - Festival du Film\u2026","rel":"","context":"Article similaire","block_context":{"text":"Article similaire","link":""},"img":{"alt_text":"","src":"","width":0,"height":0},"classes":[]}],"_links":{"self":[{"href":"https:\/\/asurb.com\/asurb3\/index.php?rest_route=\/wp\/v2\/pages\/3005","targetHints":{"allow":["GET"]}}],"collection":[{"href":"https:\/\/asurb.com\/asurb3\/index.php?rest_route=\/wp\/v2\/pages"}],"about":[{"href":"https:\/\/asurb.com\/asurb3\/index.php?rest_route=\/wp\/v2\/types\/page"}],"author":[{"embeddable":true,"href":"https:\/\/asurb.com\/asurb3\/index.php?rest_route=\/wp\/v2\/users\/1"}],"replies":[{"embeddable":true,"href":"https:\/\/asurb.com\/asurb3\/index.php?rest_route=%2Fwp%2Fv2%2Fcomments&post=3005"}],"version-history":[{"count":1,"href":"https:\/\/asurb.com\/asurb3\/index.php?rest_route=\/wp\/v2\/pages\/3005\/revisions"}],"predecessor-version":[{"id":3006,"href":"https:\/\/asurb.com\/asurb3\/index.php?rest_route=\/wp\/v2\/pages\/3005\/revisions\/3006"}],"up":[{"embeddable":true,"href":"https:\/\/asurb.com\/asurb3\/index.php?rest_route=\/wp\/v2\/pages\/26"}],"wp:attachment":[{"href":"https:\/\/asurb.com\/asurb3\/index.php?rest_route=%2Fwp%2Fv2%2Fmedia&parent=3005"}],"curies":[{"name":"wp","href":"https:\/\/api.w.org\/{rel}","templated":true}]}}