{"id":3008,"date":"2021-09-02T12:09:09","date_gmt":"2021-09-02T10:09:09","guid":{"rendered":"https:\/\/asurb.com\/asurb3\/?page_id=3008"},"modified":"2021-09-02T12:09:09","modified_gmt":"2021-09-02T10:09:09","slug":"al-sit","status":"publish","type":"page","link":"https:\/\/asurb.com\/asurb3\/?page_id=3008","title":{"rendered":"Al-Sit"},"content":{"rendered":"<p><strong>\u00a0De Susannah Mirghani -Soudan \u2013 2020 &#8211; 20 min \u2013 fiction &#8211; VOSTF<\/strong><\/p>\n<p>Festival international du court-m\u00e9trage de Clermont-Ferrand 2021\u00a0: Prix CANAL+ \/ CINE<\/p>\n<p>&nbsp;<\/p>\n<h4 style=\"text-align: justify;\"><span style=\"color: #ff0000;\">Synopsis\u00a0<\/span><\/h4>\n<p style=\"text-align: justify;\">Dans un village du Soudan, Nafisa, une jeune fille de quinze ans, est amoureuse de Babiker. Mais ses parents ont arrang\u00e9 son mariage avec Nadir, un homme d\u2019affaires soudanais qui vit \u00e0 l\u2019\u00e9tranger. Sa grand-m\u00e8re, la puissante matriarche Al-Sit, en a d\u00e9cid\u00e9 autrement. Mais Nafisa a-t-elle son mot \u00e0 dire ?<\/p>\n<h4 style=\"text-align: justify;\"><span style=\"color: #ff0000;\">La r\u00e9alisatrice<\/span><\/h4>\n<p>Suzannah MIRGHANI (Suzannah Mirghani) est une \u00e9crivaine, chercheuse et r\u00e9alisatrice ind\u00e9pendante, qui met en lumi\u00e8re des histoires du monde arabe.<br \/>\nElle est dipl\u00f4m\u00e9e en \u00e9tudes des m\u00e9dias et en \u00e9tudes mus\u00e9ales et publie des travaux cr\u00e9atifs et universitaires sur une vari\u00e9t\u00e9 de questions sociales.<br \/>\nD\u2019origine m\u00e9tisse soudanaise et russe, elle s\u2019int\u00e9resse particuli\u00e8rement aux histoires qui examinent la complexit\u00e9 de l\u2019identit\u00e9. Suzannah est dipl\u00f4m\u00e9e en Etudes des m\u00e9dias et en Mus\u00e9ologie.<\/p>\n<p>Suzannah est la sc\u00e9nariste, r\u00e9alisatrice et productrice de plusieurs courts m\u00e9trages, dont AL-SIT (2020) qui a remport\u00e9 16 prix internationaux, y compris deux qualifiant \u00e0 l\u2019Oscar du Meilleur Court m\u00e9trage : le Best of Fest au LA Shorts 2021 et le Grand Prix au Festival de Tampere 2021. Parmi les autres r\u00e9compenses, il y a le Prix Canal+ au Festival International de courts m\u00e9trages de Clermont-Ferrand 2021; Meilleur court m\u00e9trage au Festival International de Zanzibar 2021 et le Prix du Jury au Festival International de courts m\u00e9trages de Busan 2021. Ses autres courts m\u00e9trages sont VIRTUAL VOICE (2021) qui a fait sa Premi\u00e8re Mondiale au Festival de Tribeca, CARAVAN (2016) et HIND\u2019S DREAM (2014)<\/p>\n","protected":false},"excerpt":{"rendered":"<p>\u00a0De Susannah Mirghani -Soudan \u2013 2020 &#8211; 20 min \u2013 fiction &#8211; VOSTF Festival international du court-m\u00e9trage de Clermont-Ferrand 2021\u00a0: Prix CANAL+ \/ CINE &nbsp; Synopsis\u00a0 Dans un village du [&hellip;]<\/p>\n","protected":false},"author":1,"featured_media":0,"parent":26,"menu_order":0,"comment_status":"closed","ping_status":"closed","template":"","meta":{"footnotes":""},"class_list":["post-3008","page","type-page","status-publish","hentry"],"jetpack_sharing_enabled":true,"jetpack_shortlink":"https:\/\/wp.me\/P7C6tF-Mw","jetpack-related-posts":[{"id":663,"url":"https:\/\/asurb.com\/asurb3\/?page_id=663","url_meta":{"origin":3008,"position":0},"title":"Dix mille neuf cent quarante neuf (10949) femmes","author":"webmaster","date":"14 juin 2016","format":false,"excerpt":"De Nassima GUESSOUM - 75 min - Alg\u00e9rie - 2014 De Nassima GUESSOUM - Alg\u00e9rie - 2014 - 75 min - documentaire - couleur - DCP -\u00a0 version originale en fran\u00e7ais et en arabe sous-titr\u00e9e en fran\u00e7ais Sc\u00e9nario : Nassima GUESSOUM - Image : Houssem BOKHARI, Nassima GUESSOUM - Son:\u2026","rel":"","context":"Article similaire","block_context":{"text":"Article similaire","link":""},"img":{"alt_text":"","src":"","width":0,"height":0},"classes":[]},{"id":4093,"url":"https:\/\/asurb.com\/asurb3\/?page_id=4093","url_meta":{"origin":3008,"position":1},"title":"Good bye Julia","author":"webmaster","date":"26 ao\u00fbt 2024","format":false,"excerpt":"De Mohamed KORDOFANI - Soudan \u2013 2022 ou 2023 - 120 min - fiction -VO STF Prix de la libert\u00e9 au Festival de Cannes 2023 (s\u00e9lection officielle Un Certain Regard) Fiche technique Sc\u00e9nario\u00a0: Mohamed Kordofani \u2013 Image\u00a0: Pierre De Villiers \u2013 Son\u00a0: Rana Eid - Montage : Heba Othman -\u2026","rel":"","context":"Article similaire","block_context":{"text":"Article similaire","link":""},"img":{"alt_text":"","src":"https:\/\/i0.wp.com\/asurb.com\/asurb3\/wp-content\/uploads\/2024\/10\/Good-by-Julia-242x300.jpg?resize=350%2C200&ssl=1","width":350,"height":200},"classes":[]},{"id":3999,"url":"https:\/\/asurb.com\/asurb3\/?page_id=3999","url_meta":{"origin":3008,"position":2},"title":"L&rsquo;envoy\u00e9e de Dieu","author":"webmaster","date":"11 d\u00e9cembre 2023","format":false,"excerpt":"De Amina Abdoulaye Mamani - Niger\/Burkina Faso - 23 min - fiction -VOSTFEn comp\u00e9tition officielle au FESPACO 2023, ce court m\u00e9trage coproduit par Diam Production, Karekezi Film Production\u00a0et Tabou Production \u00a0a remport\u00e9 quatre prix sp\u00e9ciaux et une mention sp\u00e9ciale pour sa sensibilit\u00e9. Synopsis\u00a0 Le film retrace le parcours de Fatima,\u2026","rel":"","context":"Article similaire","block_context":{"text":"Article similaire","link":""},"img":{"alt_text":"","src":"","width":0,"height":0},"classes":[]},{"id":2823,"url":"https:\/\/asurb.com\/asurb3\/?page_id=2823","url_meta":{"origin":3008,"position":3},"title":"Adam","author":"webmaster","date":"10 ao\u00fbt 2020","format":false,"excerpt":"ADAM\u00a0 de Maryam Touzani , Maroc - 2019 - 98 min - fiction - couleur - VO arabe - STF. Sce\u0301nario\u00a0: Maryam Touzani, avec la collaboration de Nabil Ayouch\u00a0 - Assistant r\u00e9alisateur\u00a0: Ali Tahiri - Image\u00a0: Virginie Surdej \u2013 Cadre Adil Ayoub - Montage\u00a0:Julie Naas - Son\u00a0: Nassim Mounabbih -\u2026","rel":"","context":"Article similaire","block_context":{"text":"Article similaire","link":""},"img":{"alt_text":"","src":"","width":0,"height":0},"classes":[]},{"id":495,"url":"https:\/\/asurb.com\/asurb3\/?page_id=495","url_meta":{"origin":3008,"position":4},"title":"Zebu and the photofish","author":"webmaster","date":"5 juin 2016","format":false,"excerpt":"Kenya - 2011 - fiction - 12 min - couleur - VO en anglais, STFR S\u00e9lectionn\u00e9 au Festival des Films du monde de Montr\u00e9al et au FESPACO 2011. Mention du jury au festival Cin\u00e9 Sud 2012. Prix du jury au festival international de films de femmes de Yaound\u00e9 2012. R\u00e9alisation\u2026","rel":"","context":"Article similaire","block_context":{"text":"Article similaire","link":""},"img":{"alt_text":"zebu_Fiche","src":"https:\/\/i0.wp.com\/asurb.com\/asurb3\/wp-content\/uploads\/2016\/06\/zebu_Fiche.jpg?resize=350%2C200&ssl=1","width":350,"height":200},"classes":[]},{"id":2591,"url":"https:\/\/asurb.com\/asurb3\/?page_id=2591","url_meta":{"origin":3008,"position":5},"title":"Le loup d&rsquo;or de Balol\u00e9","author":"webmaster","date":"9 octobre 2019","format":false,"excerpt":"De A\u00efcha BORO LETERRIER - Burkina Faso \u2013 2018 \u2013 75 min \u2013 documentaire \u2013 couleur \u2013 DCP \u2013 VO STF Etalon d\u2019or du documentaire au FESPACO (Festival Panafricain du cin\u00e9ma et de la t\u00e9l\u00e9vision de Ouagadougou) 2019 Image : Nathan Guillaumey, Sero\u00e9 Billa \u2013 Montage\u00a0: H\u00e9lo\u00efse Pawolida - Musique\u2026","rel":"","context":"Article similaire","block_context":{"text":"Article similaire","link":""},"img":{"alt_text":"","src":"","width":0,"height":0},"classes":[]}],"_links":{"self":[{"href":"https:\/\/asurb.com\/asurb3\/index.php?rest_route=\/wp\/v2\/pages\/3008","targetHints":{"allow":["GET"]}}],"collection":[{"href":"https:\/\/asurb.com\/asurb3\/index.php?rest_route=\/wp\/v2\/pages"}],"about":[{"href":"https:\/\/asurb.com\/asurb3\/index.php?rest_route=\/wp\/v2\/types\/page"}],"author":[{"embeddable":true,"href":"https:\/\/asurb.com\/asurb3\/index.php?rest_route=\/wp\/v2\/users\/1"}],"replies":[{"embeddable":true,"href":"https:\/\/asurb.com\/asurb3\/index.php?rest_route=%2Fwp%2Fv2%2Fcomments&post=3008"}],"version-history":[{"count":1,"href":"https:\/\/asurb.com\/asurb3\/index.php?rest_route=\/wp\/v2\/pages\/3008\/revisions"}],"predecessor-version":[{"id":3009,"href":"https:\/\/asurb.com\/asurb3\/index.php?rest_route=\/wp\/v2\/pages\/3008\/revisions\/3009"}],"up":[{"embeddable":true,"href":"https:\/\/asurb.com\/asurb3\/index.php?rest_route=\/wp\/v2\/pages\/26"}],"wp:attachment":[{"href":"https:\/\/asurb.com\/asurb3\/index.php?rest_route=%2Fwp%2Fv2%2Fmedia&parent=3008"}],"curies":[{"name":"wp","href":"https:\/\/api.w.org\/{rel}","templated":true}]}}