{"id":3373,"date":"2022-08-20T18:47:43","date_gmt":"2022-08-20T16:47:43","guid":{"rendered":"https:\/\/asurb.com\/asurb3\/?page_id=3373"},"modified":"2022-10-14T18:29:49","modified_gmt":"2022-10-14T16:29:49","slug":"143-rue-du-desert-3","status":"publish","type":"page","link":"https:\/\/asurb.com\/asurb3\/?page_id=3373","title":{"rendered":"En route pour le milliard"},"content":{"rendered":"<p>De<strong> Dieudo HAMADI<\/strong> -RDC\/France\/Belgique -2020 \u2013 90 min \u2013 documentaire \u2013 couleur \u2013 VO lingala\/swahili STF -N\u00b0 de Visa :152.869<\/p>\n<p>S\u00e9lection officielle \u00e0 Cannes 2020 &#8211; Grand Prix documentaire au Festival international du Film d\u2019Amiens- Colombe d\u2019or et Prix du jury \u0153cum\u00e9nique au DOK Leipzig &#8211; Mention sp\u00e9ciale au TIFF Toronto<\/p>\n<p>Image&nbsp;: Dieudo Hamadi \u2013 Son&nbsp;: Sylvain Aketi, Dieudo Hamadi \u2013 Montage&nbsp;: H\u00e9l\u00e8ne Ballis,Catherine Catella \u2013 Etalonnage&nbsp;: Benjamin Dontaine \u2013 Mixage&nbsp;: Beno\u00eet Biral -Musique&nbsp;: Les Zombies de Kisangani \u2013 Producteurs&nbsp;: Quentin Laurent, Fr\u00e9d\u00e9ric F\u00e9raud, Dieudo Hamadi \u2013 Production&nbsp;: Kiripifilms, Les Films de l\u2019\u0153il sauvage \u2013 Distribution&nbsp;France&nbsp;: Laterit Productions, Contact&nbsp;: Agn\u00e8s Contensou, 01 43 72&nbsp;74 72 distribution@laterit.fr<\/p>\n<h4><span style=\"color: #ff0000;\">Synopsis<\/span><\/h4>\n<p>sur le fleuve Congo, une incroyable \u00e9pop\u00e9e pour r\u00e9clamer justice. Sola, Modogo, Mama Kashinde, Papa Sylvain, Bozi, Pr\u00e9sident Lemalema\u2026 font partie de l\u2019Association des victimes de la Guerre des Six Jours de Kisangani. Depuis 20 ans, ils se battent pour la m\u00e9moire de ce conflit et demandent r\u00e9paration pour les pr\u00e9judices subis. Exc\u00e9d\u00e9s par l&rsquo;indiff\u00e9rence des institutions \u00e0 leur \u00e9gard, ils d\u00e9cident de se rendre \u00e0 Kinshasa pour faire entendre leurs voix.<\/p>\n<p>\u00ab&nbsp;Tangible est l\u2019envie de Dieudo Hamadi de faire partager son admiration de la r\u00e9sistance de ces handicap\u00e9s qui, malgr\u00e9 leurs souffrances et la pr\u00e9carit\u00e9 de leur situation tant \u00e9conomique que physique, font preuve d\u2019un immense courage et d\u2019une d\u00e9termination sans faille. Mais <em>En route pour le milliard<\/em> est aussi un travail de m\u00e9moire face au d\u00e9ni qui bloque toute r\u00e9conciliation, un film contre l\u2019oubli des personnes comme des faits historiques \u00bb (Olivier Barlet). Impressionn\u00e9 par le courage de membres de l\u2019association rencontr\u00e9s personnellement lors du tournage de <em>Maman Colonelle<\/em>, Dieudo Hamadi a voulu porter leur t\u00e9moignage \u00e0 travers un film documentaire, selon sa pratique du cin\u00e9ma direct et engag\u00e9. Mais ce \u00ab&nbsp;filmeur surdou\u00e9 \u00e0 l\u2019instinct infaillible et \u00e0 l\u2019\u0153il aff\u00fbt\u00e9&nbsp;\u00bb (Le Monde), a acquis avec l\u2019exp\u00e9rience, comme il le d\u00e9clare lui-m\u00eame, l\u2019ambition&nbsp;\u00ab&nbsp;d\u2019ouvrir ce cin\u00e9ma du r\u00e9el \u00e0 plein d\u2019autres choses qui peuvent arriver pour sublimer la forme, approfondir le r\u00e9cit ou ajouter de la po\u00e9sie.&nbsp;\u00bb Les p\u00e9rip\u00e9ties du voyage sur le fleuve, les diverses (fortes)personnalit\u00e9s du groupe, la succession de leurs espoirs et de leurs d\u00e9ceptions, film\u00e9es au plus pr\u00e8s, le montage final, font de <em>En route pour le milliard<\/em>, un film passionnant au-del\u00e0 de la cause qu\u2019il soutient.<\/p>\n<h4 style=\"text-align: justify;\"><span style=\"color: #ff0000;\">Le r\u00e9alisateur<\/span><\/h4>\n<p style=\"text-align: left;\">Dieudo Hamadi, n\u00e9 \u00e0 Kisangani (R\u00e9publique d\u00e9mocratique du Congo) en 1984<strong>, <\/strong>commence \u00e0 \u00e9tudier la m\u00e9decine puis se forme au documentaire et au montage \u00e0 Kinshasa et \u00e0 la FEMIS \u00e0 Paris. En 2009, <em>Dames en attente<\/em>, son premier court\u2010m\u00e9trage documentaire, est s\u00e9lectionn\u00e9 dans les festivals internationaux (Forum \u00e0 la Berlinale, IDFA Amsterdam, TIFF (Toronto) et obtient la bourse Pierre et Yolande Perrault au Cin\u00e9ma du R\u00e9el \u00e0 Paris. Il r\u00e9alise ensuite 4 longs\u2010m\u00e9trages documentaires qui forment un t\u00e9moignage exceptionnel de la r\u00e9alit\u00e9 congolaise contemporaine. En filmant les \u00e9lections (<em>Atalaku<\/em>, 2013), le syst\u00e8me scolaire (<em>Examen d&rsquo;\u00e9tat<\/em>, 2014), la violence contre les femmes et les enfants (<em>Maman Colonelle<\/em>, 2017) et la mobilisation politique (<em>Kinshasa Makambo<\/em>, 2018), Dieudo Hamadi raconte des histoires individuelles qui parlent d&rsquo;exp\u00e9riences et d&rsquo;histoires collectives.<br \/>\nEn 2015, il cr\u00e9e sa propre soci\u00e9t\u00e9 de production, Kiripifilms et en 2019, re\u00e7oit la bourse&nbsp; McMillan\u2010Stewart in Distinguished Filmmaking du Film Study Center de l\u2019Universit\u00e9 de Harvard.<\/p>\n<p><strong>&nbsp;<\/strong><\/p>\n<p><strong>&nbsp;<\/strong><\/p>\n<p><strong>&nbsp;<\/strong><\/p>\n","protected":false},"excerpt":{"rendered":"<p>De Dieudo HAMADI -RDC\/France\/Belgique -2020 \u2013 90 min \u2013 documentaire \u2013 couleur \u2013 VO lingala\/swahili STF -N\u00b0 de Visa :152.869 S\u00e9lection officielle \u00e0 Cannes 2020 &#8211; Grand Prix documentaire au [&hellip;]<\/p>\n","protected":false},"author":1,"featured_media":0,"parent":26,"menu_order":0,"comment_status":"closed","ping_status":"closed","template":"","meta":{"footnotes":""},"class_list":["post-3373","page","type-page","status-publish","hentry"],"jetpack_sharing_enabled":true,"jetpack_shortlink":"https:\/\/wp.me\/P7C6tF-Sp","jetpack-related-posts":[{"id":1845,"url":"https:\/\/asurb.com\/asurb3\/?page_id=1845","url_meta":{"origin":3373,"position":0},"title":"Atalaku","author":"webmaster","date":"29 novembre 2017","format":false,"excerpt":"De Dieudo HAMADI Congo Kinshasa (RDC), France \u2013 2013 - 62 min \u2013 documentaire \u2013 couleur \u2013 VO lingala STF Sc\u00e9nario, Image, Son\u00a0: Dieudo Hamadi \u2013 Montage : Penda Houzangbe, Dieudo Hamadi \u2013 Production : Mutotu Productions - Distribution\u00a0: Walter Films Prix Joris Ivens du Cin\u00e9ma du R\u00e9el 2013 -\u2026","rel":"","context":"Article similaire","block_context":{"text":"Article similaire","link":""},"img":{"alt_text":"","src":"","width":0,"height":0},"classes":[]},{"id":1977,"url":"https:\/\/asurb.com\/asurb3\/?page_id=1977","url_meta":{"origin":3373,"position":1},"title":"Maman Colonelle","author":"webmaster","date":"7 d\u00e9cembre 2017","format":false,"excerpt":"De Dieudo HAMADI Congo Kinshasa (RDC) \u2013 2017 - 72 min \u2013 documentaire \u2013 couleur \u2013 VO lingala, swahili STF Image\u00a0: Dieudo Hamadi \u2013 Son\u00a0: Fran\u00e7ois Tariq Sardi \u2013 Montage : Anne Renardet \u2013 Production :\u00a0Cin\u00e9doc Films \u2013 Coproduction\u00a0: Mutotu Productions - Distribution\u00a0: Andanafilms - 25 route de l'Echelette -\u2026","rel":"","context":"Article similaire","block_context":{"text":"Article similaire","link":""},"img":{"alt_text":"","src":"","width":0,"height":0},"classes":[]},{"id":682,"url":"https:\/\/asurb.com\/asurb3\/?page_id=682","url_meta":{"origin":3373,"position":2},"title":"Examen d&rsquo;\u00e9tat","author":"webmaster","date":"15 juin 2016","format":false,"excerpt":"De Dieudo HAMADI\u00a0 - 92 min - RDC\/France - 2014 - documentaire - couleur - DCP - VO lingala et fran\u00e7ais STF Sc\u00e9nario \/Image \/Son : Dieudo Hamadi - Montage : Rodolphe Molla - Production\/Distribution : AGAT films, 52 rue Jean-Pierre Timbaud, 75011 Paris, France - tel. 33 (0)1 53\u2026","rel":"","context":"Article similaire","block_context":{"text":"Article similaire","link":""},"img":{"alt_text":"","src":"","width":0,"height":0},"classes":[]},{"id":1751,"url":"https:\/\/asurb.com\/asurb3\/?page_id=1751","url_meta":{"origin":3373,"position":3},"title":"Programme 2017","author":"webmaster","date":"9 octobre 2017","format":false,"excerpt":"Sommaire \u2022 S\u00e9ances ouvertes au public \u2022 S\u00e9ances scolaires \u2022 Partenaires \u2022 Membres du comit\u00e9 de parrainage \u2022 Remerciements \u2022 Pour se rendre sur les lieux MPT\u00a0G\u00e9rard Philipe \u2013\u00a0Villejuif \u00a0vendredi 24 novembre 20h30 : WALLAY de Berni Goldblat\u00a0\u2013\u00a0France\/Burkina Faso\/Qatar \u2013 2017 \u2013\u00a085 min Ady a 13 ans et n\u2019\u00e9coute plus\u2026","rel":"","context":"Article similaire","block_context":{"text":"Article similaire","link":""},"img":{"alt_text":"","src":"https:\/\/i1.wp.com\/www.asurb.com\/AsurB\/D_Images\/D_Gif_bl\/Blanc120.gif?resize=350%2C200","width":350,"height":200},"classes":[]},{"id":2012,"url":"https:\/\/asurb.com\/asurb3\/?page_id=2012","url_meta":{"origin":3373,"position":4},"title":"Journal de bord du festival 2017","author":"webmaster","date":"1 mars 2018","format":false,"excerpt":"En guise de prologue, mardi 21 novembre, Cin\u00e9ma La Pl\u00e9iade Cachan. \u00a0En partenariat avec La Pl\u00e9iade dans le cadre du mardi des r\u00e9alisateurs, et \u00e0 l\u2019occasion du centenaire de sa naissance, Afrique sur Bi\u00e8vre tenait \u00e0 rendre hommage \u00e0 Jean Rouch avec la projection de \u00ab\u00a0Moi, un noir\u00a0\u00bb (1958). Cette\u2026","rel":"","context":"Article similaire","block_context":{"text":"Article similaire","link":""},"img":{"alt_text":"","src":"https:\/\/i0.wp.com\/asurb.com\/asurb3\/wp-content\/uploads\/2017\/11\/Wallay_les-ados_2017-11-24_220731-300x169.jpg?resize=350%2C200","width":350,"height":200},"classes":[]},{"id":175,"url":"https:\/\/asurb.com\/asurb3\/?page_id=175","url_meta":{"origin":3373,"position":5},"title":"Beur Blanc Rouge","author":"webmaster","date":"3 juin 2016","format":false,"excerpt":"Alg\u00e9rie - 2006 - 88 min - fiction - couleur - version fran\u00e7aise R\u00e9alisation : Mahmoud Zemmouri ; Sc\u00e9nario : Mahmoud Zemmouri, Marie-Laurence Attias ; Image : Fran\u00e7ois Lartigue ; Montage : Youcef Tobni ; Son : Fran\u00e7ois Semp\u00e9 ; Musique : Franck Lebon, Ahmed Hamadi, Kada Mustapha ; Interpr\u00e9tation\u2026","rel":"","context":"Article similaire","block_context":{"text":"Article similaire","link":""},"img":{"alt_text":"beur-blanc-rouge2_fiche","src":"https:\/\/i0.wp.com\/asurb.com\/asurb3\/wp-content\/uploads\/2016\/06\/beur-blanc-rouge2_fiche.jpg?resize=350%2C200&ssl=1","width":350,"height":200},"classes":[]}],"_links":{"self":[{"href":"https:\/\/asurb.com\/asurb3\/index.php?rest_route=\/wp\/v2\/pages\/3373","targetHints":{"allow":["GET"]}}],"collection":[{"href":"https:\/\/asurb.com\/asurb3\/index.php?rest_route=\/wp\/v2\/pages"}],"about":[{"href":"https:\/\/asurb.com\/asurb3\/index.php?rest_route=\/wp\/v2\/types\/page"}],"author":[{"embeddable":true,"href":"https:\/\/asurb.com\/asurb3\/index.php?rest_route=\/wp\/v2\/users\/1"}],"replies":[{"embeddable":true,"href":"https:\/\/asurb.com\/asurb3\/index.php?rest_route=%2Fwp%2Fv2%2Fcomments&post=3373"}],"version-history":[{"count":3,"href":"https:\/\/asurb.com\/asurb3\/index.php?rest_route=\/wp\/v2\/pages\/3373\/revisions"}],"predecessor-version":[{"id":3641,"href":"https:\/\/asurb.com\/asurb3\/index.php?rest_route=\/wp\/v2\/pages\/3373\/revisions\/3641"}],"up":[{"embeddable":true,"href":"https:\/\/asurb.com\/asurb3\/index.php?rest_route=\/wp\/v2\/pages\/26"}],"wp:attachment":[{"href":"https:\/\/asurb.com\/asurb3\/index.php?rest_route=%2Fwp%2Fv2%2Fmedia&parent=3373"}],"curies":[{"name":"wp","href":"https:\/\/api.w.org\/{rel}","templated":true}]}}