{"id":3380,"date":"2022-09-07T16:09:53","date_gmt":"2022-09-07T14:09:53","guid":{"rendered":"https:\/\/asurb.com\/asurb3\/?page_id=3380"},"modified":"2022-10-14T18:32:49","modified_gmt":"2022-10-14T16:32:49","slug":"143-rue-du-desert-5","status":"publish","type":"page","link":"https:\/\/asurb.com\/asurb3\/?page_id=3380","title":{"rendered":"Lingui, les liens sacr\u00e9s"},"content":{"rendered":"<p>De Mahamat \u2013 SALEH HAROUN \u2013 Tchad \u2013 2021 -88 min \u2013 fiction \u2013 couleur \u2013 VO fran\u00e7ais et arabe tchadien STF<br \/>\nEn comp\u00e9tition officielle \u00e0 Cannes (2021) pour la Palme d\u2019or<\/p>\n<p>Sc\u00e9nario&nbsp;: Mahamat Saleh HAROUN \u2013 Image&nbsp;: Mathieu Giombini \u2013 Montage&nbsp;: Marie-H\u00e9l\u00e8ne Dozo \u2013 Son&nbsp;: Thomas Bouric \u2013 Musique&nbsp;: Wasis Diop &#8211; Interpr\u00e9tation&nbsp;: Achouackh Abakar Souleymane, Rihane Khalil Alio, Youssouf Djaoro, Briya Gomdigue, Hadj\u00e9 Fatim\u00e9 Ngouac &#8211; Coproduction France&#8211;Allemagne-Belgique-Tchad -Productrice d\u00e9l\u00e9gu\u00e9e: Florence STERN, Pili Films \u2013 Distribution&nbsp;: Ad Vitam, 71, rue de la Fontaine au Roi &#8211; 75011 Paris, T\u00e9l. : 01 55 28 97 00 &#8211; &nbsp;<a href=\"mailto:contact@advitamdistribution.com\">contact@advitamdistribution.com<\/a> \u2013 Relations presse&nbsp;: Laurence Granec et Vanessa Fr\u00f6chen, t\u00e9l&nbsp;: 01 47 20 36 66, <a href=\"mailto:presse@graneco!ce.com\">presse@graneco!ce.com<\/a><\/p>\n<h4 style=\"text-align: justify;\"><span style=\"color: #ff0000;\">Synopsis&nbsp;<\/span><\/h4>\n<p>Dans les faubourgs de N\u2019djamena au Tchad, Amina vit seule avec Maria, sa fille unique de quinze ans. Son monde d\u00e9j\u00e0 fragile s\u2019\u00e9croule le jour o\u00f9 elle d\u00e9couvre que celle-ci est enceinte. Cette grossesse, l\u2019adolescente n\u2019en veut pas. Dans un pays o\u00f9 l&rsquo;avortement est non seulement condamn\u00e9 par la religion, mais aussi par la loi, Amina se retrouve face \u00e0 un combat qui semble perdu d\u2019avance, aux institutions et \u00e0 l\u2019hostilit\u00e9 de son entourage mais elle veut se battre courageusement pour \u00e9pargner \u00e0 sa fille le m\u00eame destin que le sien.&nbsp; C\u2019est la premi\u00e8re fois que le cin\u00e9aste met en sc\u00e8ne des personnages f\u00e9minins. \u201cCela faisait un moment que je souhaitais dresser le portrait d\u2019une femme tchadienne telle que j\u2019en connais, explique-t-il. Ce sont des femmes c\u00e9libataires, veuves ou divorc\u00e9es qui \u00e9l\u00e8vent seules des enfants. Souvent mal vues par la soci\u00e9t\u00e9, elles se d\u00e9brouillent pour s\u2019en sortir.\u201d Il pr\u00e9cise : \u00ab Le terme \u00ab lingui \u00bb qui donne son titre au film d\u00e9signe \u00ab le lien \u00bb, celui de l\u2019amour inconditionnel entre la m\u00e8re et la fille mais plus largement, il signifie la solidarit\u00e9 et l\u2019entraide pour ne pas laisser l\u2019autre s\u2019effondrer. Je ne peux exister que parce que l\u2019autre existe. \u00bb Un film ancr\u00e9 dans la r\u00e9alit\u00e9 du Tchad, solidaire de la condition des femmes, pudique et convaincu, qui adopte un rythme lent, avec des ellipses, pour accompagner les d\u00e9marches des protagonistes dans leur parcours douloureux au quotidien. Il n\u2019en acquiert que plus de force pour toucher les spectateurs d\u2019autant plus qu\u2019il est servi par une superbe photographie.<\/p>\n<h4 style=\"text-align: justify;\"><span style=\"color: #ff0000;\">Le r\u00e9alisateur<\/span><\/h4>\n<p>Depuis son documentaire, <em>Bye Bye Africa<\/em> (1999), Mahamat-Saleh Haroun \u2013 n\u00e9 au Tchad en 1961, install\u00e9 en France il y a quarante ans \u2013 fait \u0153uvre cin\u00e9matographique du pays (et du continent) qui l\u2019a vu na\u00eetre. Ainsi a-t-il donn\u00e9 une port\u00e9e universelle aux d\u00e9chirements du Tchad (en proie depuis son ind\u00e9pendance en 1960 \u00e0 une \u00e9ternelle guerre civile), par la voix intime des personnages qu\u2019il a mis en sc\u00e8ne dans <em>Abouna<\/em> (2002), <em>Daratt,<\/em> saison s\u00e8che (2006), <em>Un homme qui crie<\/em> (2010). Apr\u00e8s <em>Grigris <\/em>(2014), il r\u00e9alise le documentaire <em>Hissein Habr\u00e9, une trag\u00e9die tchadienne<\/em>. En 2018, <em>Une saison s\u00e8che<\/em> est sa premi\u00e8re exp\u00e9rience de tournage en France. Avec <em>Lingui,les liens sacr\u00e9s,<\/em> il retrouve son pays le Tchad.<br \/>\nCes films ont presque tous \u00e9t\u00e9 s\u00e9lectionn\u00e9s dans les grands festivals internationaux comme &nbsp;&nbsp;&nbsp;&nbsp;&nbsp;&nbsp;&nbsp;&nbsp;&nbsp;&nbsp;&nbsp;&nbsp;&nbsp;&nbsp;&nbsp;&nbsp;&nbsp;&nbsp;&nbsp; Cannes ou Venise o\u00f9 ils ont obtenu des prix. Mahamat Saleh Haroun est aussi l\u2019auteur d\u2019un roman, <em>Djibril ou les ombres port\u00e9es<\/em> paru en 2017.<\/p>\n","protected":false},"excerpt":{"rendered":"<p>De Mahamat \u2013 SALEH HAROUN \u2013 Tchad \u2013 2021 -88 min \u2013 fiction \u2013 couleur \u2013 VO fran\u00e7ais et arabe tchadien STF En comp\u00e9tition officielle \u00e0 Cannes (2021) pour la [&hellip;]<\/p>\n","protected":false},"author":1,"featured_media":0,"parent":26,"menu_order":0,"comment_status":"closed","ping_status":"closed","template":"","meta":{"footnotes":""},"class_list":["post-3380","page","type-page","status-publish","hentry"],"jetpack_sharing_enabled":true,"jetpack_shortlink":"https:\/\/wp.me\/P7C6tF-Sw","jetpack-related-posts":[{"id":198,"url":"https:\/\/asurb.com\/asurb3\/?page_id=198","url_meta":{"origin":3380,"position":0},"title":"Daratt ( saison s\u00e8che )","author":"webmaster","date":"4 juin 2016","format":false,"excerpt":"De Mahamat-Saleh HAROUN - 95 min -Tchad - 2006 - VF et arabe tchadien STF Fiction - couleur - 35mm - version fran\u00e7aise et arabe tchadien sous titr\u00e9e en fran\u00e7ais Sc\u00e9nario : Mahamat-Saleh Haroun ; Images : Abraham Hail\u00e9 Biru ; Montage : Marie-H\u00e9l\u00e8ne Dozo; Musique : Wasis Diop; Son:\u2026","rel":"","context":"Article similaire","block_context":{"text":"Article similaire","link":""},"img":{"alt_text":"Daratt_Fiche","src":"https:\/\/i0.wp.com\/asurb.com\/asurb3\/wp-content\/uploads\/2016\/06\/Daratt_Fiche.jpg?resize=350%2C200&ssl=1","width":350,"height":200},"classes":[]},{"id":1047,"url":"https:\/\/asurb.com\/asurb3\/?page_id=1047","url_meta":{"origin":3380,"position":1},"title":"Un homme qui crie","author":"webmaster","date":"18 octobre 2016","format":false,"excerpt":"De Mahamat-Saleh HAROUN\u00a0Tchad \u2013 2010 De Mahamat-Saleh HAROUN\u00a0Tchad \u2013 2010 \u2013 92 min \u2013 fiction \u2013 couleur \u2013 35 mm \u2013 vo fran\u00e7ais, arabe ST fran\u00e7ais Sc\u00e9nario\u00a0: Mahamat-Saleh HAROUN\u00a0- Image\u00a0: Laurent BRUNET\u00a0- Montage\u00a0: Marie-H\u00e9l\u00e8ne DOZO\u00a0- Musique\u00a0: Wasis DIOP\u00a0- Son\u00a0: Dana FARZANEHPOUR\u00a0- D\u00e9cors\u00a0: Madeona LEDOUX\u00a0- Costumes\u00a0: C\u00e9line DELAIRE\u00a0Interpr\u00e9tation\u00a0: Youssouf DJAORO, Diouc\u2026","rel":"","context":"Article similaire","block_context":{"text":"Article similaire","link":""},"img":{"alt_text":"un-homme-qui-crie-95","src":"https:\/\/i0.wp.com\/asurb.com\/asurb3\/wp-content\/uploads\/2016\/10\/un-homme-qui-crie-95-300x200.jpg?resize=350%2C200&ssl=1","width":350,"height":200},"classes":[]},{"id":2459,"url":"https:\/\/asurb.com\/asurb3\/?page_id=2459","url_meta":{"origin":3380,"position":2},"title":"Une saison en France","author":"webmaster","date":"5 juin 2019","format":false,"excerpt":"De Mahamat -Saleh HAROUN \u2013 France \u2013 2017 \u2013 97 min \u2013 fiction \u2013 couleur -VO fran\u00e7ais \u00a0- DCP Sc\u00e9nario : Mahamat-Saleh HAROUN - Image : Mathieu GIOMBINI - Montage : Marie-H\u00e9l\u00e8ne DOZO - Musique : Wasis DIOP - Son : Dana FARZANEHPOUR - D\u00e9cors : Eric BARBOZA - Costumes\u2026","rel":"","context":"Article similaire","block_context":{"text":"Article similaire","link":""},"img":{"alt_text":"","src":"https:\/\/i0.wp.com\/asurb.com\/asurb3\/wp-content\/uploads\/2018\/10\/une-saison-en-France.jpg?resize=350%2C200&ssl=1","width":350,"height":200},"classes":[]},{"id":2850,"url":"https:\/\/asurb.com\/asurb3\/?page_id=2850","url_meta":{"origin":3380,"position":3},"title":"Talking about trees","author":"webmaster","date":"12 ao\u00fbt 2020","format":false,"excerpt":"Talking about trees - De Suhaib Gasmelbari \u2013 Soudan,France,Allemagne,Tchad,Qatar \u2013 2018 \u2013 94 min \u2013 documentaire \u2013 couleur \u2013 VO arabe STF- DCP -Visa\u00a0:143001 Le titre du film, \u00ab\u00a0parler avec les arbres\u00a0\u00bb est emprunt\u00e9 \u00e0 un po\u00e8me de Bertolt Brecht,\u00a0\u00ab A ceux qui viendront apr\u00e8s nous\u00a0\u00bb. Avec Ibrahim Shaddad, Suliman\u2026","rel":"","context":"Article similaire","block_context":{"text":"Article similaire","link":""},"img":{"alt_text":"","src":"","width":0,"height":0},"classes":[]},{"id":4601,"url":"https:\/\/asurb.com\/asurb3\/?page_id=4601","url_meta":{"origin":3380,"position":4},"title":"Takalayokos, les gardiennes du fleuve","author":"webmaster","date":"7 septembre 2025","format":false,"excerpt":"De Hassani\u00e9 Mahamat Ibrahim - Niger, Burkina Faso - 2024 - 13 min \u2013 Documentaire \u2013 VO STF \u00a0\u00c9criture et r\u00e9alisation :\u00a0 Hassani\u00e9 Mahamat IbrahimImage : Harouna Garba Zakari - Son : Amidou Ibrahim, Hassani\u00e9 Mahamat IbrahimMontage : Zady Befor - Musique originale : Aichatou Ali SoumailaProduction (structure) : HF\u2026","rel":"","context":"Article similaire","block_context":{"text":"Article similaire","link":""},"img":{"alt_text":"","src":"https:\/\/i0.wp.com\/asurb.com\/asurb3\/wp-content\/uploads\/2025\/10\/6C32A7FE0FB342C391AD387518316512-196x300.jpg?resize=350%2C200&ssl=1","width":350,"height":200},"classes":[]},{"id":577,"url":"https:\/\/asurb.com\/asurb3\/?page_id=577","url_meta":{"origin":3380,"position":5},"title":"Programme 2014","author":"webmaster","date":"7 juin 2016","format":false,"excerpt":"Sommaire \u2022 S\u00e9ances ouvertes au public \u2022 S\u00e9ances scolaires \u2022 Partenaires \u2022 Membres du comit\u00e9 de parrainage \u2022 Remerciements \u2022 Pour se rendre sur les lieux \u2022 Les s\u00e9ances ouvertes au public Vendredi 21 novembre MJC Louise Michel - 94260 Fresnes 19h00 : accueil avec la chorale \u00ab La voix\u2026","rel":"","context":"Article similaire","block_context":{"text":"Article similaire","link":""},"img":{"alt_text":"","src":"https:\/\/i0.wp.com\/asurb.com\/AsurB\/D_Images\/D_Gif_bl\/Blanc120.gif?resize=350%2C200&ssl=1","width":350,"height":200},"classes":[]}],"_links":{"self":[{"href":"https:\/\/asurb.com\/asurb3\/index.php?rest_route=\/wp\/v2\/pages\/3380","targetHints":{"allow":["GET"]}}],"collection":[{"href":"https:\/\/asurb.com\/asurb3\/index.php?rest_route=\/wp\/v2\/pages"}],"about":[{"href":"https:\/\/asurb.com\/asurb3\/index.php?rest_route=\/wp\/v2\/types\/page"}],"author":[{"embeddable":true,"href":"https:\/\/asurb.com\/asurb3\/index.php?rest_route=\/wp\/v2\/users\/1"}],"replies":[{"embeddable":true,"href":"https:\/\/asurb.com\/asurb3\/index.php?rest_route=%2Fwp%2Fv2%2Fcomments&post=3380"}],"version-history":[{"count":3,"href":"https:\/\/asurb.com\/asurb3\/index.php?rest_route=\/wp\/v2\/pages\/3380\/revisions"}],"predecessor-version":[{"id":3653,"href":"https:\/\/asurb.com\/asurb3\/index.php?rest_route=\/wp\/v2\/pages\/3380\/revisions\/3653"}],"up":[{"embeddable":true,"href":"https:\/\/asurb.com\/asurb3\/index.php?rest_route=\/wp\/v2\/pages\/26"}],"wp:attachment":[{"href":"https:\/\/asurb.com\/asurb3\/index.php?rest_route=%2Fwp%2Fv2%2Fmedia&parent=3380"}],"curies":[{"name":"wp","href":"https:\/\/api.w.org\/{rel}","templated":true}]}}