{"id":3503,"date":"2022-11-08T10:50:19","date_gmt":"2022-11-08T09:50:19","guid":{"rendered":"https:\/\/asurb.com\/asurb3\/?page_id=3503"},"modified":"2022-11-08T10:59:02","modified_gmt":"2022-11-08T09:59:02","slug":"a-tropical-sunday-dimanche-tropical-6","status":"publish","type":"page","link":"https:\/\/asurb.com\/asurb3\/?page_id=3503","title":{"rendered":"I am afraid to forget your face (J&rsquo;ai peur d&rsquo;oublier ton visage)"},"content":{"rendered":"<p>De Sameh Alaa- Egypte &#8211; 2020 &#8211; 15 min &#8211; fiction \u2013 VO STF<\/p>\n<p>Premier film \u00e9gyptien s\u00e9lectionn\u00e9 au Festival de Cannes 2020 dans la cat\u00e9gorie courts m\u00e9trages depuis 50 ans.<\/p>\n<h4><span style=\"color: #ff0000;\">Synopsis<\/span><\/h4>\n<p>\u00c9loign\u00e9 de celle qu&rsquo;il aime depuis 82 jours, Adam est pr\u00eat \u00e0 tout pour braver la distance qui les s\u00e9pare.<\/p>\n<h4><span style=\"color: #ff0000;\">Le r\u00e9alisateur<\/span><\/h4>\n<p>N\u00e9 au Caire, Sameh Salaa poursuit des \u00e9tudes en litt\u00e9rature allemande \u00e0 l\u2019Universit\u00e9 du Caire.<\/p>\n<p>Avant de d\u00e9m\u00e9nager en Europe, il travaille comme assistant-r\u00e9alisateur dans la publicit\u00e9 et pour des longs m\u00e9trages.<\/p>\n<p>En 2016 il obtient sa Ma\u00eetrise \u00e8s Arts en r\u00e9alisation cin\u00e9matographique \u00e0 l\u2019EICAR (Ecole de Cin\u00e9ma et de T\u00e9l\u00e9vision) \u00e0 Paris.<\/p>\n<p>Son premier court m\u00e9trage <em>Fifteen<\/em> (Quinze) est pr\u00e9sent\u00e9 pour la premi\u00e8re fois au Festival de Toronto en 2017 et est plusieurs fois prim\u00e9 dans le monde entier.<\/p>\n<p>En 2019 il r\u00e9alise sa premi\u00e8re campagne publicitaire en tant qu\u2019auteur et r\u00e9alisateur.<\/p>\n<p>Sameh Alaa travaille actuellement sur son premier long m\u00e9trage.<\/p>\n","protected":false},"excerpt":{"rendered":"<p>De Sameh Alaa- Egypte &#8211; 2020 &#8211; 15 min &#8211; fiction \u2013 VO STF Premier film \u00e9gyptien s\u00e9lectionn\u00e9 au Festival de Cannes 2020 dans la cat\u00e9gorie courts m\u00e9trages depuis 50 [&hellip;]<\/p>\n","protected":false},"author":1,"featured_media":0,"parent":26,"menu_order":0,"comment_status":"closed","ping_status":"closed","template":"","meta":{"footnotes":""},"class_list":["post-3503","page","type-page","status-publish","hentry"],"jetpack_sharing_enabled":true,"jetpack_shortlink":"https:\/\/wp.me\/P7C6tF-Uv","jetpack-related-posts":[{"id":3013,"url":"https:\/\/asurb.com\/asurb3\/?page_id=3013","url_meta":{"origin":3503,"position":0},"title":"I am afraid to forget your face (J&rsquo;ai peur d&rsquo;oublier ton visage)","author":"webmaster","date":"2 septembre 2021","format":false,"excerpt":"De\u00a0Sameh Alaa \u2013 Egypte \u2013 2020 -15 min \u2013 fiction \u2013 couleur R\u00e9alisateur\u00a0: \u00a0Sameh Alaa - Sc\u00e9nario: Sameh Alaa - Montage: Yasser Azmy\u00a0\u00a0 - Photographie : Giorgos Valsamis - Interpr\u00e9tation :Seif Hemeda Nourhan Ahmed -Production\u00a0:Fig Leaf Studios\u00a0 Les Cigognes Films S\u00e9lectionn\u00e9 pour le Festival International du Film Francophone de NAMUR\u2026","rel":"","context":"Article similaire","block_context":{"text":"Article similaire","link":""},"img":{"alt_text":"","src":"","width":0,"height":0},"classes":[]},{"id":4261,"url":"https:\/\/asurb.com\/asurb3\/?page_id=4261","url_meta":{"origin":3503,"position":1},"title":"I Promise You Paradise (Paradis)","author":"webmaster","date":"28 octobre 2024","format":false,"excerpt":"de Morad Mostafa - \u00c9gypte \/ France \/ Qatar -\u00a0 2023 25\u2032 VO arabe ST fr R\u00e9alisation : Morad Mostafa - sc\u00e9nario : Morad Mostafa & Sawsan YusufProduction d\u00e9l\u00e9gu\u00e9e : Sawsan Yusuf (Bonanza Films) Production \u00e9trang\u00e8re : Margaux Lorier (Wrong films), Baho Baksh & Safei Eldin Mahmoud (Red Star Films)Co-production\u2026","rel":"","context":"Article similaire","block_context":{"text":"Article similaire","link":""},"img":{"alt_text":"","src":"https:\/\/i0.wp.com\/asurb.com\/asurb3\/wp-content\/uploads\/2024\/10\/I-promise-you-paradise-202x300.png?resize=350%2C200&ssl=1","width":350,"height":200},"classes":[]},{"id":2624,"url":"https:\/\/asurb.com\/asurb3\/?page_id=2624","url_meta":{"origin":3503,"position":2},"title":"Des \u00e9t\u00e9s secs et chauds","author":"webmaster","date":"9 octobre 2019","format":false,"excerpt":"DES ETES SECS ET CHAUDS de Sherif EL BENDARY \u2013 \u00c9gypte \u2013 2016 - 30 min \u2013 Fiction - VOSTF Synopsis\u00a0 Dans l'agitation d'une journ\u00e9e d'\u00e9t\u00e9 au Caire, deux \u00e2mes seules se croisent dans un taxi : Shawky, un vieil homme maladif, et Doaa, une jeune femme pleine de vie.\u2026","rel":"","context":"Article similaire","block_context":{"text":"Article similaire","link":""},"img":{"alt_text":"","src":"","width":0,"height":0},"classes":[]},{"id":809,"url":"https:\/\/asurb.com\/asurb3\/?page_id=809","url_meta":{"origin":3503,"position":3},"title":"Wardyat yanayer (janvier)","author":"webmaster","date":"20 juin 2016","format":false,"excerpt":"De Emad MABROUK\u00a0\u00a0-14 min -\u00a0 Egypte - 2013\u00a0 fiction - couleur\u00a0 - VO arabe STF Sc\u00e9nario : Mahmoud Alsaghier - Image : Emad Mabrouk - Son : Samir Nabil - Montage : Kaiser Mussa - Interpr\u00e9tation : Mavy Salem et Hany el Metnnawy. Production\/distribution : Dox Factory . Contact :\u2026","rel":"","context":"Article similaire","block_context":{"text":"Article similaire","link":""},"img":{"alt_text":"","src":"","width":0,"height":0},"classes":[]},{"id":385,"url":"https:\/\/asurb.com\/asurb3\/?page_id=385","url_meta":{"origin":3503,"position":4},"title":"Mouja ( La vague )","author":"webmaster","date":"5 juin 2016","format":false,"excerpt":"Tunisie - 2012 - fiction - couleur - 12 min - VO en arabe tunisien STFR Pr\u00e9sent\u00e9 pour la premi\u00e8re fois aux JCC (Carthage) en 2010, le film a \u00e9t\u00e9 s\u00e9lectionn\u00e9 en 2012 dans plusieurs festivals : Festival de Courts-M\u00e9trages de Vaux-en-Velin, Festival international du Film d\u2019Amour de Mons, Festival\u2026","rel":"","context":"Article similaire","block_context":{"text":"Article similaire","link":""},"img":{"alt_text":"MOUJA_1_Fiche","src":"https:\/\/i0.wp.com\/asurb.com\/asurb3\/wp-content\/uploads\/2016\/06\/MOUJA_1_Fiche.jpg?resize=350%2C200&ssl=1","width":350,"height":200},"classes":[]},{"id":4255,"url":"https:\/\/asurb.com\/asurb3\/?page_id=4255","url_meta":{"origin":3503,"position":5},"title":"Better Than Earth","author":"webmaster","date":"28 octobre 2024","format":false,"excerpt":"De Sherif EL BENDARY - Egypte\/Su\u00e8de\/France - 2024 - 23 min - fiction - VO arabe STF Sc\u00e9nario : Sherif El Bendary\/Murad Mustafa - Montage : Julien Perrin - Photographie : Seif Eldin Khaled - Interpr\u00e9tation : \u00a0Sarah Shedid, Fayza Othman, Ahmed Ismael - Production : Les Cigognes Films, Studio\u2026","rel":"","context":"Article similaire","block_context":{"text":"Article similaire","link":""},"img":{"alt_text":"","src":"https:\/\/i0.wp.com\/asurb.com\/asurb3\/wp-content\/uploads\/2024\/10\/better_than_earth-211x300.webp?resize=350%2C200&ssl=1","width":350,"height":200},"classes":[]}],"_links":{"self":[{"href":"https:\/\/asurb.com\/asurb3\/index.php?rest_route=\/wp\/v2\/pages\/3503","targetHints":{"allow":["GET"]}}],"collection":[{"href":"https:\/\/asurb.com\/asurb3\/index.php?rest_route=\/wp\/v2\/pages"}],"about":[{"href":"https:\/\/asurb.com\/asurb3\/index.php?rest_route=\/wp\/v2\/types\/page"}],"author":[{"embeddable":true,"href":"https:\/\/asurb.com\/asurb3\/index.php?rest_route=\/wp\/v2\/users\/1"}],"replies":[{"embeddable":true,"href":"https:\/\/asurb.com\/asurb3\/index.php?rest_route=%2Fwp%2Fv2%2Fcomments&post=3503"}],"version-history":[{"count":2,"href":"https:\/\/asurb.com\/asurb3\/index.php?rest_route=\/wp\/v2\/pages\/3503\/revisions"}],"predecessor-version":[{"id":3506,"href":"https:\/\/asurb.com\/asurb3\/index.php?rest_route=\/wp\/v2\/pages\/3503\/revisions\/3506"}],"up":[{"embeddable":true,"href":"https:\/\/asurb.com\/asurb3\/index.php?rest_route=\/wp\/v2\/pages\/26"}],"wp:attachment":[{"href":"https:\/\/asurb.com\/asurb3\/index.php?rest_route=%2Fwp%2Fv2%2Fmedia&parent=3503"}],"curies":[{"name":"wp","href":"https:\/\/api.w.org\/{rel}","templated":true}]}}