{"id":351,"date":"2016-06-05T14:28:11","date_gmt":"2016-06-05T12:28:11","guid":{"rendered":"http:\/\/www.test.asurb.com\/?page_id=351"},"modified":"2016-06-05T14:29:27","modified_gmt":"2016-06-05T12:29:27","slug":"comment-venir","status":"publish","type":"page","link":"https:\/\/asurb.com\/asurb3\/?page_id=351","title":{"rendered":"Comment venir"},"content":{"rendered":"<table border=\"0\" width=\"500\" cellspacing=\"0\" cellpadding=\"0\">\n<tbody>\n<tr>\n<td><span style=\"font-family: verdana, Arial, Helvetica, Swiss, SunSan-regular;\">Infos Pratiques &#8211; Comment venir\u2026<\/span><\/td>\n<\/tr>\n<tr>\n<td><span style=\"color: #595959; font-family: Arial, Helvetica, Geneva, Swiss, SunSans-Regular; font-size: small;\"><iframe loading=\"lazy\" src=\"http:\/\/maps.google.fr\/maps\/ms?ie=UTF8&amp;hl=fr&amp;s=AARTsJoYDSgva6ukwbcv_q9GYedPizMgPg&amp;msa=0&amp;msid=104715951073635885260.00044e60e95f616495656&amp;ll=48.799458,2.331805&amp;spn=0.009894,0.018239&amp;z=15&amp;output=embed\" width=\"425\" height=\"350\" frameborder=\"0\" marginwidth=\"0\" marginheight=\"0\" scrolling=\"no\"><\/iframe><\/span><span style=\"color: #595959; font-family: Arial, Helvetica, Geneva, Swiss, SunSans-Regular; font-size: small;\"><br \/>\n<\/span><span style=\"color: #595959; font-family: verdana, Arial, Helvetica, Swiss, SunSan-regular;\"><small><a href=\"http:\/\/maps.google.fr\/maps\/ms?ie=UTF8&amp;hl=fr&amp;msa=0&amp;msid=104715951073635885260.00044e60e95f616495656&amp;ll=48.799458,2.331805&amp;spn=0.009894,0.018239&amp;z=15&amp;source=embed\">Agrandir le plan<\/a><\/small><\/span><\/td>\n<\/tr>\n<tr>\n<td><img data-recalc-dims=\"1\" loading=\"lazy\" decoding=\"async\" src=\"https:\/\/i0.wp.com\/asurb.com\/AsurB\/D_Images\/Line300Black.jpg?resize=300%2C1&#038;ssl=1\" alt=\"\" width=\"300\" height=\"1\" border=\"0\" \/><\/td>\n<\/tr>\n<tr>\n<td>\n<p class=\"p1\"><span style=\"color: #595959; font-family: verdana, Arial, Helvetica, Swiss, SunSan-regular; font-size: small;\"><b>Cin\u00e9ma La Pleiade<\/b><\/span><span style=\"color: black; font-family: verdana, Arial, Helvetica, Swiss, SunSan-regular;\"><b><br \/>\n<\/b><\/span><span style=\"color: #595959; font-family: verdana, Arial, Helvetica, Swiss, SunSan-regular;\"><br \/>\n<b><i>12 avenue Cousin de M\u00e9ricourt 94230 Cachan<\/i><\/b><\/span><\/p>\n<p>T\u00e9l. 01 46 65 06 98 &#8211; 08 92 68 06 94<\/p>\n<p><b>\u2022<\/b> <b>En voiture<\/b> : Porte d\u2019Orl\u00e9ans, Nationale 20, sur 2km, au 4\u00e8me carrefour (juste apr\u00e8s le magasin Casino), tourner \u00e0 gauche, descendre en direction de Cachan-Centre. Se garer sur la Place de la Mairie. <b>2 mn<\/b> \u00e0 pied.<\/p>\n<p><b>\u2022<\/b> <b>En RER<\/b> : Ligne B, Station Arcueil-Cachan (zone 3), sortir avenue Carnot. <b>8 mn<\/b> \u00e0 pied.<\/p>\n<p><b>\u2022<\/b> <b>En Bus<\/b> : Ligne 162, 184, 187 Arr\u00eat H\u00f4tel de Ville.<b> 2 mn<\/b> \u00e0 pied<\/p>\n<p>Itin\u00e9raire en Transport en Commun :<\/td>\n<\/tr>\n<tr>\n<td><img data-recalc-dims=\"1\" loading=\"lazy\" decoding=\"async\" src=\"https:\/\/i0.wp.com\/asurb.com\/AsurB\/D_Images\/Line300Black.jpg?resize=300%2C1&#038;ssl=1\" alt=\"\" width=\"300\" height=\"1\" border=\"0\" \/><\/td>\n<\/tr>\n<tr>\n<td>\n<p class=\"p1\"><span style=\"color: #595959; font-family: verdana, Arial, Helvetica, Swiss, SunSan-regular; font-size: small;\"><b>Espace municipal Jean Vilar<\/b><\/span><span style=\"color: #009999; font-family: verdana, Arial, Helvetica, Swiss, SunSan-regular;\"><b><br \/>\n<\/b><\/span><span style=\"color: #595959; font-family: verdana, Arial, Helvetica, Swiss, SunSan-regular;\"><br \/>\n<b><i>1 rue Paul Signac 94110 Arcueil<\/i><\/b><\/span><\/p>\n<p>T\u00e9l. 01 41 24 25 50<\/p>\n<p><b>\u2022<\/b> <b>En voiture<\/b> : Porte d\u2019Orl\u00e9ans, Nationale 20, sur 1,3km, au 3\u00e8me carrefour (juste avant Cora, Campanile), tourner \u00e0 gauche, descendre vers le centre de la ville d\u2019Arcueil. Places de parking \u00e0 proximit\u00e9.<\/p>\n<p><b>\u2022<\/b> <b>En RER<\/b> : Ligne B, Station Arcueil-Cachan (zone 3), sortir rue du Docteur Gosselin. <b>5 mn<\/b> \u00e0 pied.<\/p>\n<p><b>\u2022<\/b> <b>En Bus<\/b> : Ligne 162, 184, Arr\u00eat Cit\u00e9 Jardins.<\/p>\n<p>Itin\u00e9raire en Transport en Commun :<\/td>\n<\/tr>\n<\/tbody>\n<\/table>\n","protected":false},"excerpt":{"rendered":"<p>Infos Pratiques &#8211; Comment venir\u2026 Agrandir le plan Cin\u00e9ma La Pleiade 12 avenue Cousin de M\u00e9ricourt 94230 Cachan T\u00e9l. 01 46 65 06 98 &#8211; 08 92 68 06 94 [&hellip;]<\/p>\n","protected":false},"author":1,"featured_media":0,"parent":76,"menu_order":0,"comment_status":"closed","ping_status":"closed","template":"","meta":{"footnotes":""},"class_list":["post-351","page","type-page","status-publish","hentry"],"jetpack_sharing_enabled":true,"jetpack_shortlink":"https:\/\/wp.me\/P7C6tF-5F","jetpack-related-posts":[{"id":539,"url":"https:\/\/asurb.com\/asurb3\/?page_id=539","url_meta":{"origin":351,"position":0},"title":"Comment venir","author":"webmaster","date":"6 juin 2016","format":false,"excerpt":"Afficher Festival Cin\u00e9 Regards Africains 2010 sur une carte plus grande Cin\u00e9ma La Pleiade 12 avenue Cousin de M\u00e9ricourt 94230 Cachan T\u00e9l. 01 46 65 13 58 - 08 92 68 06 94 \u2022 En voiture : Porte d\u2019Orl\u00e9ans, D920 (N20), sur 2km, au 4\u00e8me carrefour (au niveau du magasin\u2026","rel":"","context":"Article similaire","block_context":{"text":"Article similaire","link":""},"img":{"alt_text":"","src":"https:\/\/i0.wp.com\/asurb.com\/AsurB\/D_Images\/Line300Black.jpg?resize=350%2C200&ssl=1","width":350,"height":200},"classes":[]},{"id":519,"url":"https:\/\/asurb.com\/asurb3\/?page_id=519","url_meta":{"origin":351,"position":1},"title":"Comment venir","author":"webmaster","date":"6 juin 2016","format":false,"excerpt":"Afficher Festival Cin\u00e9 Regards Africains 2009 sur une carte plus grande Cin\u00e9ma La Pleiade 12 avenue Cousin de M\u00e9ricourt 94230 Cachan T\u00e9l. 01 46 65 06 98 - 08 92 68 06 94 \u2022 En voiture : Porte d\u2019Orl\u00e9ans, Nationale 20, sur 2km, au 4\u00e8me carrefour (juste apr\u00e8s le magasin\u2026","rel":"","context":"Article similaire","block_context":{"text":"Article similaire","link":""},"img":{"alt_text":"","src":"https:\/\/i0.wp.com\/asurb.com\/AsurB\/D_Images\/Line300Black.jpg?resize=350%2C200&ssl=1","width":350,"height":200},"classes":[]},{"id":968,"url":"https:\/\/asurb.com\/asurb3\/?page_id=968","url_meta":{"origin":351,"position":2},"title":"Comment venir","author":"webmaster","date":"10 octobre 2016","format":false,"excerpt":"Cin\u00e9ma La Pleiade 12 avenue Cousin de M\u00e9ricourt 94230 Cachan T\u00e9l. 01 46 65 13 58 \u2013 08 92 68 06 94 \u2022 En voiture : Porte d\u2019Orl\u00e9ans, D920 (N20), sur 2km, au 4\u00e8me carrefour (au niveau du magasin Casino), tourner \u00e0 gauche, continuer en direction de Cachan jusqu\u2019\u00e0 la\u2026","rel":"","context":"Article similaire","block_context":{"text":"Article similaire","link":""},"img":{"alt_text":"","src":"http:\/\/i2.wp.com\/www.asurb.com\/AsurB\/D_icons\/CINEMA.PNG?resize=350%2C200","width":350,"height":200},"classes":[]},{"id":1757,"url":"https:\/\/asurb.com\/asurb3\/?page_id=1757","url_meta":{"origin":351,"position":3},"title":"Comment venir","author":"webmaster","date":"9 octobre 2017","format":false,"excerpt":"Cin\u00e9ma La Pleiade 12 avenue Cousin de M\u00e9ricourt 94230 Cachan T\u00e9l. 01 46 65 13 58 \u2013 08 92 68 06 94 \u2022 En voiture : Porte d\u2019Orl\u00e9ans, D920 (N20), sur 2km, au 4\u00e8me carrefour (au niveau du magasin Casino), tourner \u00e0 gauche, continuer en direction de Cachan jusqu\u2019\u00e0 la\u2026","rel":"","context":"Article similaire","block_context":{"text":"Article similaire","link":""},"img":{"alt_text":"","src":"https:\/\/i2.wp.com\/www.asurb.com\/AsurB\/D_icons\/CINEMA.PNG?resize=350%2C200","width":350,"height":200},"classes":[]},{"id":573,"url":"https:\/\/asurb.com\/asurb3\/?page_id=573","url_meta":{"origin":351,"position":4},"title":"Comment venir","author":"webmaster","date":"7 juin 2016","format":false,"excerpt":"Cin\u00e9ma La Pleiade 12 avenue Cousin de M\u00e9ricourt 94230 Cachan T\u00e9l. 01 46 65 13 58 - 08 92 68 06 94 \u2022 En voiture : Porte d\u2019Orl\u00e9ans, D920 (N20), sur 2km, au 4\u00e8me carrefour (au niveau du magasin Casino), tourner \u00e0 gauche, continuer en direction de Cachan jusqu\u2019\u00e0 la\u2026","rel":"","context":"Article similaire","block_context":{"text":"Article similaire","link":""},"img":{"alt_text":"","src":"https:\/\/i0.wp.com\/asurb.com\/AsurB\/D_Images\/Line300Black.jpg?resize=350%2C200&ssl=1","width":350,"height":200},"classes":[]},{"id":550,"url":"https:\/\/asurb.com\/asurb3\/?page_id=550","url_meta":{"origin":351,"position":5},"title":"Comment venir","author":"webmaster","date":"6 juin 2016","format":false,"excerpt":"Afficher Festival Cin\u00e9 Regards Africains 2012 sur une carte plus grande Cin\u00e9ma La Pleiade 12 avenue Cousin de M\u00e9ricourt 94230 Cachan T\u00e9l. 01 46 65 13 58 - 08 92 68 06 94 \u2022 En voiture : Porte d\u2019Orl\u00e9ans, D920 (N20), sur 2km, au 4\u00e8me carrefour (au niveau du magasin\u2026","rel":"","context":"Article similaire","block_context":{"text":"Article similaire","link":""},"img":{"alt_text":"","src":"https:\/\/i0.wp.com\/asurb.com\/AsurB\/D_Images\/Line300Black.jpg?resize=350%2C200&ssl=1","width":350,"height":200},"classes":[]}],"_links":{"self":[{"href":"https:\/\/asurb.com\/asurb3\/index.php?rest_route=\/wp\/v2\/pages\/351","targetHints":{"allow":["GET"]}}],"collection":[{"href":"https:\/\/asurb.com\/asurb3\/index.php?rest_route=\/wp\/v2\/pages"}],"about":[{"href":"https:\/\/asurb.com\/asurb3\/index.php?rest_route=\/wp\/v2\/types\/page"}],"author":[{"embeddable":true,"href":"https:\/\/asurb.com\/asurb3\/index.php?rest_route=\/wp\/v2\/users\/1"}],"replies":[{"embeddable":true,"href":"https:\/\/asurb.com\/asurb3\/index.php?rest_route=%2Fwp%2Fv2%2Fcomments&post=351"}],"version-history":[{"count":2,"href":"https:\/\/asurb.com\/asurb3\/index.php?rest_route=\/wp\/v2\/pages\/351\/revisions"}],"predecessor-version":[{"id":353,"href":"https:\/\/asurb.com\/asurb3\/index.php?rest_route=\/wp\/v2\/pages\/351\/revisions\/353"}],"up":[{"embeddable":true,"href":"https:\/\/asurb.com\/asurb3\/index.php?rest_route=\/wp\/v2\/pages\/76"}],"wp:attachment":[{"href":"https:\/\/asurb.com\/asurb3\/index.php?rest_route=%2Fwp%2Fv2%2Fmedia&parent=351"}],"curies":[{"name":"wp","href":"https:\/\/api.w.org\/{rel}","templated":true}]}}