{"id":3582,"date":"2023-01-04T15:28:59","date_gmt":"2023-01-04T14:28:59","guid":{"rendered":"https:\/\/asurb.com\/asurb3\/?page_id=3582"},"modified":"2023-01-06T14:56:25","modified_gmt":"2023-01-06T13:56:25","slug":"festival-2021-2","status":"publish","type":"page","link":"https:\/\/asurb.com\/asurb3\/?page_id=3582","title":{"rendered":"Festival 2022"},"content":{"rendered":"<p><span style=\"color: #000000; font-family: verdana, Arial, Helvetica, Swiss, SunSan-regular;\">La 15\u00e8me \u00e9dition du Festival CINE REGARDS AFRICAINS s&rsquo;est tenue du vendredi 26 novembre au dimanche 04 d\u00e9cembre 2022<strong>,<\/strong><\/span><span style=\"color: #595959; font-family: verdana, Arial, Helvetica, Swiss, SunSan-regular;\"><span style=\"color: #000000;\"> dans les villes d&rsquo; Antony, Arcueil, Cachan, l&rsquo;Ha\u00ff-les-Roses et Villejuif.<\/span><br \/>\n<\/span><\/p>\n<p>Cette manifestation est organis\u00e9e par l&rsquo;association Afrique sur Bi\u00e8vre.<\/p>\n<p>Au programme : des courts-m\u00e9trages et des longs-m\u00e9trages de r\u00e9alisateurs africains, suivis de d\u00e9bats avec le public\u2026<\/p>\n<p><strong>A consulter :<\/strong><br \/>\n<span style=\"color: #777777; font-family: verdana, Arial, Helvetica, Swiss, SunSan-regular;\"><b><a href=\"https:\/\/asurb.com\/asurb3\/?p=3347\">Le programme du Festival 2022\u00a0\u00a0<\/a><\/b><\/span><\/p>\n<p><span style=\"color: #ff6600;\"><a style=\"color: #ff6600;\" href=\"https:\/\/asurb.com\/asurb3\/?p=3537\"><span style=\"font-family: verdana, Arial, Helvetica, Swiss, SunSan-regular;\"><b><span style=\"color: #ff0000;\"><span style=\"color: #993300;\">Les prix 2022<\/span><\/span><\/b><\/span><\/a><\/span><\/p>\n<p><span style=\"color: #777777; font-family: verdana, Arial, Helvetica, Swiss, SunSan-regular;\"><b><a href=\"https:\/\/asurb.com\/asurb3\/?page_id=3586\">La bande annonce du festival 2022<\/a><\/b><\/span><\/p>\n<p><a href=\"https:\/\/asurb.com\/asurb3\/?p=3600\"><span style=\"color: #777777; font-family: verdana, Arial, Helvetica, Swiss, SunSan-regular;\"><b><span style=\"color: #993300;\">Le festival 2022 en images<\/span><\/b><\/span><\/a><\/p>\n<p><b>Afrique sur Bi\u00e8vre.<br \/>\n<\/b>courriel : asurb@laposte.net<\/p>\n","protected":false},"excerpt":{"rendered":"<p>La 15\u00e8me \u00e9dition du Festival CINE REGARDS AFRICAINS s&rsquo;est tenue du vendredi 26 novembre au dimanche 04 d\u00e9cembre 2022, dans les villes d&rsquo; Antony, Arcueil, Cachan, l&rsquo;Ha\u00ff-les-Roses et Villejuif. Cette [&hellip;]<\/p>\n","protected":false},"author":1,"featured_media":0,"parent":23,"menu_order":0,"comment_status":"closed","ping_status":"closed","template":"","meta":{"footnotes":""},"class_list":["post-3582","page","type-page","status-publish","hentry"],"jetpack_sharing_enabled":true,"jetpack_shortlink":"https:\/\/wp.me\/P7C6tF-VM","jetpack-related-posts":[{"id":5018,"url":"https:\/\/asurb.com\/asurb3\/?page_id=5018","url_meta":{"origin":3582,"position":0},"title":"Festival 2025","author":"webmaster","date":"14 janvier 2026","format":false,"excerpt":"La 18\u00e8me \u00e9dition du Festival CIN\u00c9 REGARDS AFRICAINS s'est tenue du vendredi 21 au dimanche 30 novembre 2025, dans les villes d' Antony, Arcueil, Cachan, Fresnes, l'Ha\u00ff-les-Roses et Villejuif. Cette manifestation est organis\u00e9e par l'association Afrique sur Bi\u00e8vre. Au programme : des courts-m\u00e9trages et des longs-m\u00e9trages de r\u00e9alisateurs africains, suivis\u2026","rel":"","context":"Article similaire","block_context":{"text":"Article similaire","link":""},"img":{"alt_text":"","src":"","width":0,"height":0},"classes":[]},{"id":3916,"url":"https:\/\/asurb.com\/asurb3\/?page_id=3916","url_meta":{"origin":3582,"position":1},"title":"Festival 2023","author":"webmaster","date":"1 novembre 2023","format":false,"excerpt":"La 16\u00e8me \u00e9dition du Festival CIN\u00c9 REGARDS AFRICAINS s'est tenue du vendredi 24 novembre au dimanche 03 d\u00e9cembre 2023, dans les villes d' Antony, Arcueil, Cachan, l'Ha\u00ff-les-Roses et Villejuif. Cette manifestation est organis\u00e9e par l'association Afrique sur Bi\u00e8vre. Au programme : des courts-m\u00e9trages et des longs-m\u00e9trages de r\u00e9alisateurs africains, suivis\u2026","rel":"","context":"Article similaire","block_context":{"text":"Article similaire","link":""},"img":{"alt_text":"","src":"","width":0,"height":0},"classes":[]},{"id":4534,"url":"https:\/\/asurb.com\/asurb3\/?page_id=4534","url_meta":{"origin":3582,"position":2},"title":"Festival 2024","author":"webmaster","date":"31 ao\u00fbt 2025","format":false,"excerpt":"La 17\u00e8me \u00e9dition du Festival CIN\u00c9 REGARDS AFRICAINS s'est tenue du vendredi 22 novembre au dimanche 1er d\u00e9cembre 2024, dans les villes d' Antony, Arcueil, Cachan, l'Ha\u00ff-les-Roses et Villejuif. Cette manifestation est organis\u00e9e par l'association Afrique sur Bi\u00e8vre. Au programme : des courts-m\u00e9trages et des longs-m\u00e9trages de r\u00e9alisateurs africains, suivis\u2026","rel":"","context":"Article similaire","block_context":{"text":"Article similaire","link":""},"img":{"alt_text":"","src":"","width":0,"height":0},"classes":[]},{"id":2953,"url":"https:\/\/asurb.com\/asurb3\/?page_id=2953","url_meta":{"origin":3582,"position":3},"title":"Festival 2019","author":"webmaster","date":"30 ao\u00fbt 2021","format":false,"excerpt":"Du\u00a0vendredi 22 novembre au dimanche 1er d\u00e9cembre\u00a02019, l'association Afrique sur Bi\u00e8vre organise la 13\u00e8me \u00e9dition du CINE REGARDS AFRICAINS \u2013 Films en Festival En Val de Bi\u00e8vre, dans les villes d'Antony, Arcueil,\u00a0 Cachan, Gentilly,\u00a0l'Ha\u00ff-les-Roses et Villejuif. Des courts-m\u00e9trages et des longs-m\u00e9trages de r\u00e9alisateurs africains, suivis de d\u00e9bats avec le public\u2026\u2026","rel":"","context":"Article similaire","block_context":{"text":"Article similaire","link":""},"img":{"alt_text":"","src":"","width":0,"height":0},"classes":[]},{"id":118,"url":"https:\/\/asurb.com\/asurb3\/?page_id=118","url_meta":{"origin":3582,"position":4},"title":"Festival 2012","author":"webmaster","date":"3 juin 2016","format":false,"excerpt":"Du 17 novembre au 1er d\u00e9cembre 2012, l'association Afrique sur Bi\u00e8vre organise la 6\u00e8me \u00e9dition du CINE REGARDS AFRICAINS \u2013 Films en Festival En Val de Bi\u00e8vre, dans les villes d'Arcueil, Cachan, Fresnes, Gentilly, l'Ha\u00ff-les-Roses, Le Kremlin-Bic\u00eatre Des courts-m\u00e9trages et des longs-m\u00e9trages de r\u00e9alisateurs africains, suivis de d\u00e9bats avec le\u2026","rel":"","context":"Article similaire","block_context":{"text":"Article similaire","link":""},"img":{"alt_text":"","src":"","width":0,"height":0},"classes":[]},{"id":123,"url":"https:\/\/asurb.com\/asurb3\/?page_id=123","url_meta":{"origin":3582,"position":5},"title":"Festival 2014","author":"webmaster","date":"3 juin 2016","format":false,"excerpt":"Du 21 au 29 novembre 2014, l'association Afrique sur Bi\u00e8vre organise la 8\u00e8me \u00e9dition du CINE REGARDS AFRICAINS \u2013 Films en Festival En Val de Bi\u00e8vre, dans les villes de l'Ha\u00ff-les-Roses, Cachan, Fresnes, Gentilly, Arcueil et Villejuif Des courts-m\u00e9trages et des longs-m\u00e9trages de r\u00e9alisateurs africains, suivis de d\u00e9bats avec le\u2026","rel":"","context":"Article similaire","block_context":{"text":"Article similaire","link":""},"img":{"alt_text":"","src":"","width":0,"height":0},"classes":[]}],"_links":{"self":[{"href":"https:\/\/asurb.com\/asurb3\/index.php?rest_route=\/wp\/v2\/pages\/3582","targetHints":{"allow":["GET"]}}],"collection":[{"href":"https:\/\/asurb.com\/asurb3\/index.php?rest_route=\/wp\/v2\/pages"}],"about":[{"href":"https:\/\/asurb.com\/asurb3\/index.php?rest_route=\/wp\/v2\/types\/page"}],"author":[{"embeddable":true,"href":"https:\/\/asurb.com\/asurb3\/index.php?rest_route=\/wp\/v2\/users\/1"}],"replies":[{"embeddable":true,"href":"https:\/\/asurb.com\/asurb3\/index.php?rest_route=%2Fwp%2Fv2%2Fcomments&post=3582"}],"version-history":[{"count":10,"href":"https:\/\/asurb.com\/asurb3\/index.php?rest_route=\/wp\/v2\/pages\/3582\/revisions"}],"predecessor-version":[{"id":3675,"href":"https:\/\/asurb.com\/asurb3\/index.php?rest_route=\/wp\/v2\/pages\/3582\/revisions\/3675"}],"up":[{"embeddable":true,"href":"https:\/\/asurb.com\/asurb3\/index.php?rest_route=\/wp\/v2\/pages\/23"}],"wp:attachment":[{"href":"https:\/\/asurb.com\/asurb3\/index.php?rest_route=%2Fwp%2Fv2%2Fmedia&parent=3582"}],"curies":[{"name":"wp","href":"https:\/\/api.w.org\/{rel}","templated":true}]}}