{"id":3586,"date":"2023-01-04T15:38:43","date_gmt":"2023-01-04T14:38:43","guid":{"rendered":"https:\/\/asurb.com\/asurb3\/?page_id=3586"},"modified":"2023-01-04T15:38:43","modified_gmt":"2023-01-04T14:38:43","slug":"bande-annonce-du-festival-2022","status":"publish","type":"page","link":"https:\/\/asurb.com\/asurb3\/?page_id=3586","title":{"rendered":"Bande annonce du festival 2022"},"content":{"rendered":"\n<p><span style=\"color: #000080;\">R\u00e9alis\u00e9e par Z\u00e9lie Dethorey<\/span><\/p>\n<div style=\"width: 900px;\" class=\"wp-video\"><!--[if lt IE 9]><script>document.createElement('video');<\/script><![endif]-->\n<video class=\"wp-video-shortcode\" id=\"video-3586-1\" width=\"900\" height=\"506\" preload=\"metadata\" controls=\"controls\"><source type=\"video\/mp4\" src=\"https:\/\/asurb.com\/asurb3\/wp-content\/uploads\/2022\/11\/Bande-annonce-CRA2022.mp4?_=1\" \/><a href=\"https:\/\/asurb.com\/asurb3\/wp-content\/uploads\/2022\/11\/Bande-annonce-CRA2022.mp4\">https:\/\/asurb.com\/asurb3\/wp-content\/uploads\/2022\/11\/Bande-annonce-CRA2022.mp4<\/a><\/video><\/div>\n","protected":false},"excerpt":{"rendered":"<p>R\u00e9alis\u00e9e par Z\u00e9lie Dethorey<\/p>\n","protected":false},"author":1,"featured_media":0,"parent":0,"menu_order":0,"comment_status":"closed","ping_status":"closed","template":"","meta":{"footnotes":""},"class_list":["post-3586","page","type-page","status-publish","hentry"],"jetpack_sharing_enabled":true,"jetpack_shortlink":"https:\/\/wp.me\/P7C6tF-VQ","jetpack-related-posts":[{"id":3922,"url":"https:\/\/asurb.com\/asurb3\/?page_id=3922","url_meta":{"origin":3586,"position":0},"title":"Bande annonce du festival 2023","author":"webmaster","date":"15 novembre 2023","format":false,"excerpt":"","rel":"","context":"Article similaire","block_context":{"text":"Article similaire","link":""},"img":{"alt_text":"","src":"","width":0,"height":0},"classes":[]},{"id":3582,"url":"https:\/\/asurb.com\/asurb3\/?page_id=3582","url_meta":{"origin":3586,"position":1},"title":"Festival 2022","author":"webmaster","date":"4 janvier 2023","format":false,"excerpt":"La 15\u00e8me \u00e9dition du Festival CINE REGARDS AFRICAINS s'est tenue du vendredi 26 novembre au dimanche 04 d\u00e9cembre 2022, dans les villes d' Antony, Arcueil, Cachan, l'Ha\u00ff-les-Roses et Villejuif. Cette manifestation est organis\u00e9e par l'association Afrique sur Bi\u00e8vre. Au programme : des courts-m\u00e9trages et des longs-m\u00e9trages de r\u00e9alisateurs africains, suivis\u2026","rel":"","context":"Article similaire","block_context":{"text":"Article similaire","link":""},"img":{"alt_text":"","src":"","width":0,"height":0},"classes":[]},{"id":3050,"url":"https:\/\/asurb.com\/asurb3\/?page_id=3050","url_meta":{"origin":3586,"position":2},"title":"Festival 2021","author":"webmaster","date":"10 octobre 2021","format":false,"excerpt":"Du\u00a0vendredi 27 novembre au dimanche 05 d\u00e9cembre\u00a02021, l'association Afrique sur Bi\u00e8vre organise la 14\u00e8me \u00e9dition du Festival CINE REGARDS AFRICAINS. En Val de Bi\u00e8vre, dans les villes de l'Ha\u00ff-les-Roses, Cachan, Gentilly, Arcueil, Villejuif et aussi \u00e0 Antony Des courts-m\u00e9trages et des longs-m\u00e9trages de r\u00e9alisateurs africains, suivis de d\u00e9bats avec le\u2026","rel":"","context":"Article similaire","block_context":{"text":"Article similaire","link":""},"img":{"alt_text":"","src":"","width":0,"height":0},"classes":[]},{"id":3916,"url":"https:\/\/asurb.com\/asurb3\/?page_id=3916","url_meta":{"origin":3586,"position":3},"title":"Festival 2023","author":"webmaster","date":"1 novembre 2023","format":false,"excerpt":"La 16\u00e8me \u00e9dition du Festival CIN\u00c9 REGARDS AFRICAINS s'est tenue du vendredi 24 novembre au dimanche 03 d\u00e9cembre 2023, dans les villes d' Antony, Arcueil, Cachan, l'Ha\u00ff-les-Roses et Villejuif. Cette manifestation est organis\u00e9e par l'association Afrique sur Bi\u00e8vre. Au programme : des courts-m\u00e9trages et des longs-m\u00e9trages de r\u00e9alisateurs africains, suivis\u2026","rel":"","context":"Article similaire","block_context":{"text":"Article similaire","link":""},"img":{"alt_text":"","src":"","width":0,"height":0},"classes":[]},{"id":4534,"url":"https:\/\/asurb.com\/asurb3\/?page_id=4534","url_meta":{"origin":3586,"position":4},"title":"Festival 2024","author":"webmaster","date":"31 ao\u00fbt 2025","format":false,"excerpt":"La 17\u00e8me \u00e9dition du Festival CIN\u00c9 REGARDS AFRICAINS s'est tenue du vendredi 22 novembre au dimanche 1er d\u00e9cembre 2024, dans les villes d' Antony, Arcueil, Cachan, l'Ha\u00ff-les-Roses et Villejuif. Cette manifestation est organis\u00e9e par l'association Afrique sur Bi\u00e8vre. Au programme : des courts-m\u00e9trages et des longs-m\u00e9trages de r\u00e9alisateurs africains, suivis\u2026","rel":"","context":"Article similaire","block_context":{"text":"Article similaire","link":""},"img":{"alt_text":"","src":"","width":0,"height":0},"classes":[]},{"id":5018,"url":"https:\/\/asurb.com\/asurb3\/?page_id=5018","url_meta":{"origin":3586,"position":5},"title":"Festival 2025","author":"webmaster","date":"14 janvier 2026","format":false,"excerpt":"La 18\u00e8me \u00e9dition du Festival CIN\u00c9 REGARDS AFRICAINS s'est tenue du vendredi 21 au dimanche 30 novembre 2025, dans les villes d' Antony, Arcueil, Cachan, Fresnes, l'Ha\u00ff-les-Roses et Villejuif. Cette manifestation est organis\u00e9e par l'association Afrique sur Bi\u00e8vre. Au programme : des courts-m\u00e9trages et des longs-m\u00e9trages de r\u00e9alisateurs africains, suivis\u2026","rel":"","context":"Article similaire","block_context":{"text":"Article similaire","link":""},"img":{"alt_text":"","src":"","width":0,"height":0},"classes":[]}],"_links":{"self":[{"href":"https:\/\/asurb.com\/asurb3\/index.php?rest_route=\/wp\/v2\/pages\/3586","targetHints":{"allow":["GET"]}}],"collection":[{"href":"https:\/\/asurb.com\/asurb3\/index.php?rest_route=\/wp\/v2\/pages"}],"about":[{"href":"https:\/\/asurb.com\/asurb3\/index.php?rest_route=\/wp\/v2\/types\/page"}],"author":[{"embeddable":true,"href":"https:\/\/asurb.com\/asurb3\/index.php?rest_route=\/wp\/v2\/users\/1"}],"replies":[{"embeddable":true,"href":"https:\/\/asurb.com\/asurb3\/index.php?rest_route=%2Fwp%2Fv2%2Fcomments&post=3586"}],"version-history":[{"count":1,"href":"https:\/\/asurb.com\/asurb3\/index.php?rest_route=\/wp\/v2\/pages\/3586\/revisions"}],"predecessor-version":[{"id":3587,"href":"https:\/\/asurb.com\/asurb3\/index.php?rest_route=\/wp\/v2\/pages\/3586\/revisions\/3587"}],"wp:attachment":[{"href":"https:\/\/asurb.com\/asurb3\/index.php?rest_route=%2Fwp%2Fv2%2Fmedia&parent=3586"}],"curies":[{"name":"wp","href":"https:\/\/api.w.org\/{rel}","templated":true}]}}