{"id":361,"date":"2016-06-05T15:09:35","date_gmt":"2016-06-05T13:09:35","guid":{"rendered":"http:\/\/www.test.asurb.com\/?page_id=361"},"modified":"2016-06-05T15:09:35","modified_gmt":"2016-06-05T13:09:35","slug":"le-wazzou-polygame","status":"publish","type":"page","link":"https:\/\/asurb.com\/asurb3\/?page_id=361","title":{"rendered":"Le wazzou polygame"},"content":{"rendered":"<p style=\"text-align: justify;\"><a href=\"https:\/\/i0.wp.com\/asurb.com\/asurb3\/wp-content\/uploads\/2016\/06\/Wazzou_Fiche.jpg?ssl=1\"><img data-recalc-dims=\"1\" loading=\"lazy\" decoding=\"async\" data-attachment-id=\"362\" data-permalink=\"https:\/\/asurb.com\/asurb3\/?attachment_id=362\" data-orig-file=\"https:\/\/i0.wp.com\/asurb.com\/asurb3\/wp-content\/uploads\/2016\/06\/Wazzou_Fiche.jpg?fit=250%2C138&amp;ssl=1\" data-orig-size=\"250,138\" data-comments-opened=\"1\" data-image-meta=\"{&quot;aperture&quot;:&quot;0&quot;,&quot;credit&quot;:&quot;&quot;,&quot;camera&quot;:&quot;&quot;,&quot;caption&quot;:&quot;&quot;,&quot;created_timestamp&quot;:&quot;0&quot;,&quot;copyright&quot;:&quot;&quot;,&quot;focal_length&quot;:&quot;0&quot;,&quot;iso&quot;:&quot;0&quot;,&quot;shutter_speed&quot;:&quot;0&quot;,&quot;title&quot;:&quot;&quot;,&quot;orientation&quot;:&quot;0&quot;}\" data-image-title=\"Wazzou_Fiche\" data-image-description=\"\" data-image-caption=\"\" data-large-file=\"https:\/\/i0.wp.com\/asurb.com\/asurb3\/wp-content\/uploads\/2016\/06\/Wazzou_Fiche.jpg?fit=250%2C138&amp;ssl=1\" class=\"size-full wp-image-362 alignnone\" src=\"https:\/\/i0.wp.com\/asurb.com\/asurb3\/wp-content\/uploads\/2016\/06\/Wazzou_Fiche.jpg?resize=250%2C138&#038;ssl=1\" alt=\"Wazzou_Fiche\" width=\"250\" height=\"138\" \/><\/a><\/p>\n<p style=\"text-align: justify;\"><strong>De Oumarou GANDA &#8211; 38 min &#8211; Niger &#8211; 1970<\/strong><\/p>\n<p style=\"text-align: justify;\">Fiction &#8211; couleur &#8211; DVD &#8211; version originale en djerma sous-titr\u00e9e en fran\u00e7ais &#8211; Sc\u00e9nario : Oumarou GANDA ; Images : G\u00e9rard de Battista ; Montage : Dani\u00e8le Tessier ; Musique : traditionnelle africaine ; Interpr\u00e9tation : Lam Ibrahima Diam, Issa Gonbokoye, Joseph Salamatou, Zalika Souley ; Production : Oumarou Ganda, Argos Films (26, rue Montrosier, 92200 Neuilly-sur-Seine, France, tel. +33 (0)1 47 22 91 26, Fax +33 (0)1.46.40.02.05, courriel : argos.films@wanadoo.fr ) ; Distribution : CulturesFrance (www.culturesfrance.com )<br \/>\nEtalon de Yennenga au FESPACO 1972, Prix de la critique internationale au Festival de Dinard 1972.<\/p>\n<h4 style=\"text-align: justify;\"><span style=\"color: #ff0000;\">Synopsis<\/span><\/h4>\n<p style=\"text-align: justify;\">Un croyant musulman, de retour de la Mecque, prend le titre de \u00ab El Hadj \u00bb. Mais, si cela lui a donn\u00e9 un titre, cela ne lui a pas donn\u00e9 la sagesse et la retenue : il ne se g\u00eane pas pour convoiter la jeune Satou, destin\u00e9e \u00e0 Garba. Celui-ci, furieux, n\u2019a plus qu\u2019\u00e0 quitter le village pour la ville. Mais un drame plus grave \u00e9clate : la seconde \u00e9pouse du Hadj, Gaika, n\u2019accepte pas l\u2019intruse et, pour emp\u00eacher le mariage, d\u00e9cide de la tuer au cours de la nuit pr\u00e9c\u00e9dant les noces.<br \/>\n\u00c0 travers ce film, Ganda d\u00e9nonce la polygamie mais aussi ceux qui d\u00e9tiennent ou pensent d\u00e9tenir d&rsquo;une mani\u00e8re ou d&rsquo;une autre le pouvoir.<\/p>\n<h4 style=\"text-align: justify;\"><span style=\"color: #ff0000;\">Le r\u00e9alisateur<\/span><\/h4>\n<p style=\"text-align: justify;\">N\u00e9 en 1935 \u00e0 Niamey (Niger), Oumarou Ganda s&rsquo;engage \u00e0 17 ans dans l&rsquo;arm\u00e9e fran\u00e7aise. Apr\u00e8s deux ans de guerre en Indochine, il part pour la C\u00f4te d&rsquo;Ivoire. C&rsquo;est l\u00e0 qu&rsquo;il rencontre Jean Rouch qui l\u2019emploie comme enqu\u00eateur statisticien. Du travail au cin\u00e9ma, le pas est vite franchi : Jean Rouch confiera \u00e0 Ganda le r\u00f4le principal de \u00ab Moi, un Noir \u00bb. C&rsquo;est le d\u00e9but d\u2019une carri\u00e8re cin\u00e9matographique. De retour au Niger, Oumarou Ganda suit une formation et se lance dans la r\u00e9alisation. \u00ab Cabascabo \u00bb (1968) est s\u00e9lectionn\u00e9 au Festival de Cannes 1969, pour la Semaine Internationale de la Critique. Deux ans apr\u00e8s, sort \u00ab Le wazzou polygame \u00bb. \u00ab L\u2019exil\u00e9 \u00bb (1980) sera le dernier long-m\u00e9trage d\u2019Oumarou Ganda qui meurt en 1981.<\/p>\n","protected":false},"excerpt":{"rendered":"<p>De Oumarou GANDA &#8211; 38 min &#8211; Niger &#8211; 1970 Fiction &#8211; couleur &#8211; DVD &#8211; version originale en djerma sous-titr\u00e9e en fran\u00e7ais &#8211; Sc\u00e9nario : Oumarou GANDA ; Images [&hellip;]<\/p>\n","protected":false},"author":1,"featured_media":0,"parent":26,"menu_order":0,"comment_status":"closed","ping_status":"closed","template":"","meta":{"footnotes":""},"class_list":["post-361","page","type-page","status-publish","hentry"],"jetpack_sharing_enabled":true,"jetpack_shortlink":"https:\/\/wp.me\/P7C6tF-5P","jetpack-related-posts":[{"id":513,"url":"https:\/\/asurb.com\/asurb3\/?page_id=513","url_meta":{"origin":361,"position":0},"title":"Programme 2009","author":"webmaster","date":"6 juin 2016","format":false,"excerpt":"Sommaire \u2022 S\u00e9ances ouvertes au public \u2022 S\u00e9ances r\u00e9serv\u00e9es aux scolaires \u2022 Membres du comit\u00e9 de parrainage \u2022 Remerciements \u2022 Pour se rendre sur les lieux \u2022 Les s\u00e9ances ouvertes au public Dimanche 15 novembre Soir\u00e9e Les pionniers du cin\u00e9ma nig\u00e9rien MJC Louise Michel - 94260 Fresnes 18h30 - BON\u2026","rel":"","context":"Article similaire","block_context":{"text":"Article similaire","link":""},"img":{"alt_text":"","src":"https:\/\/i0.wp.com\/asurb.com\/AsurB\/D_Images\/D_Gif_bl\/Blanc120.gif?resize=350%2C200&ssl=1","width":350,"height":200},"classes":[]},{"id":251,"url":"https:\/\/asurb.com\/asurb3\/?page_id=251","url_meta":{"origin":361,"position":1},"title":"Ke\u00efta, l&rsquo;h\u00e9ritage du griot","author":"webmaster","date":"4 juin 2016","format":false,"excerpt":"De Dani KOUYAT\u00c9 - 94 min - Burkina Faso - 1995 Fiction - couleur - 35mm - version originale en bambara (sous-titr\u00e9e en fran\u00e7ais) et fran\u00e7ais Sc\u00e9nario : Dani Kouyat\u00e9; Images : Robert Milli\u00e9 ; Montage : Zo\u00e9 Durouchoux ; Musique : Sotigui Kouyat\u00e9 ; Son : Pierre Mertens ;\u2026","rel":"","context":"Article similaire","block_context":{"text":"Article similaire","link":""},"img":{"alt_text":"Keita_Fiche","src":"https:\/\/i0.wp.com\/asurb.com\/asurb3\/wp-content\/uploads\/2016\/06\/Keita_Fiche.jpg?resize=350%2C200&ssl=1","width":350,"height":200},"classes":[]},{"id":535,"url":"https:\/\/asurb.com\/asurb3\/?page_id=535","url_meta":{"origin":361,"position":2},"title":"Programme 2010","author":"webmaster","date":"6 juin 2016","format":false,"excerpt":"Sommaire \u2022 S\u00e9ances ouvertes au public \u2022 S\u00e9ances scolaires \u2022 Partenaires \u2022 Membres du comit\u00e9 de parrainage \u2022 Remerciements \u2022 Pour se rendre sur les lieux \u2022 Les s\u00e9ances ouvertes au public Samedi 13 novembre Cin\u00e9ma La Pl\u00e9iade - 94230 Cachan 18h00 - L\u2019ABSENCE Long-m\u00e9trage de Mama KE\u00cfTA - 81\u2026","rel":"","context":"Article similaire","block_context":{"text":"Article similaire","link":""},"img":{"alt_text":"","src":"https:\/\/i0.wp.com\/asurb.com\/AsurB\/D_Images\/D_Gif_bl\/Blanc120.gif?resize=350%2C200&ssl=1","width":350,"height":200},"classes":[]},{"id":391,"url":"https:\/\/asurb.com\/asurb3\/?page_id=391","url_meta":{"origin":361,"position":3},"title":"Notre \u00e9trang\u00e8re","author":"webmaster","date":"5 juin 2016","format":false,"excerpt":"De Sarah BOUYAIN - 82 min \u2013 France, Burkina Faso \u2013 2010 Fiction - couleur - 35 mm - version originale en fran\u00e7ais et en dioula (quelques sc\u00e8nes) Sc\u00e9nario : Sarah BOUYAIN, Ga\u00eblle MAC\u00c9 ; Images : Nicolas GAURIN ; Montage : Pascale Chavance, Val\u00e9rie Loiseleux ; Musique : Sylvain\u2026","rel":"","context":"Article similaire","block_context":{"text":"Article similaire","link":""},"img":{"alt_text":"Etrangere2_Fiche","src":"https:\/\/i0.wp.com\/asurb.com\/asurb3\/wp-content\/uploads\/2016\/06\/Etrangere2_Fiche.jpg?resize=350%2C200&ssl=1","width":350,"height":200},"classes":[]},{"id":409,"url":"https:\/\/asurb.com\/asurb3\/?page_id=409","url_meta":{"origin":361,"position":4},"title":"Paris c&rsquo;est joli","author":"webmaster","date":"5 juin 2016","format":false,"excerpt":"De Inoussa OUSSEINI - 23 min - Niger - 1974 Fiction - couleur - DVD - version originale en fran\u00e7ais - Sc\u00e9nario : Inoussa Ousseini ; Images : G\u00e9rard de Battista ; Montage : Mireille Abramovici ; Musique : collection Bernard Surugue ; Son : Michel Faure ; Interpr\u00e9tation :\u2026","rel":"","context":"Article similaire","block_context":{"text":"Article similaire","link":""},"img":{"alt_text":"parisCJoli_Fiche","src":"https:\/\/i0.wp.com\/asurb.com\/asurb3\/wp-content\/uploads\/2016\/06\/parisCJoli_Fiche.jpg?resize=350%2C200&ssl=1","width":350,"height":200},"classes":[]},{"id":1002,"url":"https:\/\/asurb.com\/asurb3\/?page_id=1002","url_meta":{"origin":361,"position":5},"title":"L\u2019oeil du cyclone","author":"webmaster","date":"12 octobre 2016","format":false,"excerpt":"De S\u00e9kou TRAORE - Burkina Faso - 2015 De S\u00e9kou TRAORE - Burkina Faso \u2013 2015 \u2013 101 min \u2013 fiction \u2013 couleur \u2013 VO fran\u00e7ais \u2013 HD \/DCP\/ Blu-ray Sc\u00e9nario : Luis Marqu\u00e8s, Christophe Lemoine \u2013 Image\u00a0: Pascal Baillargeau \u2013 Son\u00a0: Siribi\u00e9 Lasina \u2013 Montage\u00a0: Isabelle Proust - Interpr\u00e9tation\u00a0:\u00a0Fargass\u2026","rel":"","context":"Article similaire","block_context":{"text":"Article similaire","link":""},"img":{"alt_text":"oeil-du-cyclone","src":"https:\/\/i0.wp.com\/asurb.com\/asurb3\/wp-content\/uploads\/2016\/10\/Oeil-du-cyclone-300x169.jpg?resize=350%2C200&ssl=1","width":350,"height":200},"classes":[]}],"_links":{"self":[{"href":"https:\/\/asurb.com\/asurb3\/index.php?rest_route=\/wp\/v2\/pages\/361","targetHints":{"allow":["GET"]}}],"collection":[{"href":"https:\/\/asurb.com\/asurb3\/index.php?rest_route=\/wp\/v2\/pages"}],"about":[{"href":"https:\/\/asurb.com\/asurb3\/index.php?rest_route=\/wp\/v2\/types\/page"}],"author":[{"embeddable":true,"href":"https:\/\/asurb.com\/asurb3\/index.php?rest_route=\/wp\/v2\/users\/1"}],"replies":[{"embeddable":true,"href":"https:\/\/asurb.com\/asurb3\/index.php?rest_route=%2Fwp%2Fv2%2Fcomments&post=361"}],"version-history":[{"count":1,"href":"https:\/\/asurb.com\/asurb3\/index.php?rest_route=\/wp\/v2\/pages\/361\/revisions"}],"predecessor-version":[{"id":363,"href":"https:\/\/asurb.com\/asurb3\/index.php?rest_route=\/wp\/v2\/pages\/361\/revisions\/363"}],"up":[{"embeddable":true,"href":"https:\/\/asurb.com\/asurb3\/index.php?rest_route=\/wp\/v2\/pages\/26"}],"wp:attachment":[{"href":"https:\/\/asurb.com\/asurb3\/index.php?rest_route=%2Fwp%2Fv2%2Fmedia&parent=361"}],"curies":[{"name":"wp","href":"https:\/\/api.w.org\/{rel}","templated":true}]}}