{"id":3745,"date":"2023-09-01T10:58:04","date_gmt":"2023-09-01T08:58:04","guid":{"rendered":"https:\/\/asurb.com\/asurb3\/?page_id=3745"},"modified":"2023-09-26T10:48:33","modified_gmt":"2023-09-26T08:48:33","slug":"ashkal-2","status":"publish","type":"page","link":"https:\/\/asurb.com\/asurb3\/?page_id=3745","title":{"rendered":"Father&rsquo;s day (Le jour du p\u00e8re)"},"content":{"rendered":"\n<p>De Kivu RUHORAHOZA &#8211; Rwanda \u2013 2022 \u2013 1h51 \u2013 fiction \u2013 couleur \u2013 VOSTF.<\/p>\n<p>Sc\u00e9nario : Kivu Ruhorahoza ; Images : Tat\u00e9 ; Montage : Kivu Ruhorahoza ; Musique : Michael Makembe\u00a0; Son : Eugene Safali, Jan Meinema\u00a0; D\u00e9cor\u00a0: Ricardo Sankara ; Costumes\u00a0: Sonia Uwimbabazi ;<br \/>Interpr\u00e9tation : M\u00e9diatrice Kayitesi (Zaninka), Aline Amike (Mukobwa), Yves Kijyana (Karara), Cedric Ishimwe (Kadogo), Andr\u00e9 Musagara (Mari de Zaninka), Elie Bigirimana (P\u00e8re de Mukobwa)<br \/>Production : Iyugi Productions, Kigali (Rwanda), +250 788 879791, iyugi(@)iyugi.com.<\/p>\n<p>S\u00e9lectionn\u00e9 au Festival de Berlin 2022 dans la section \u00ab\u00a0Rencontres\u00a0\u00bb.<br \/>Prix du meilleur long m\u00e9trage au FCAT (Festival de Cine Africano de Tarifa-Tanger) 2022 et prix des meilleures interpr\u00e9tations f\u00e9minine pour Mediatrice Kayitesi et masculine pour Cedric Ishimwe.<\/p>\n<p><strong><span style=\"color: #ff0000;\">Synopsis<\/span> <br \/><\/strong><\/p>\n<p>Dans le Rwanda d\u2019aujourd\u2019hui, le film d\u00e9roule trois histoires en parall\u00e8le. Une m\u00e8re, Zaninka, tente de faire face \u00e0 la perte de son fils tout en s\u2019\u00e9loignant de son mari qui n\u2019a jamais assum\u00e9 un quelconque r\u00f4le de p\u00e8re. Sous la f\u00e9rule d\u2019un p\u00e8re voleur de rue, Kadongo, un jeune enfant, fait l\u2019apprentissage d\u2019un monde de rapine et de violence. Une jeune femme, Mukobwa, h\u00e9site \u00e0 faire don d\u2019un poumon pour sauver son p\u00e8re dont le pass\u00e9 trouble ne cesse de l\u2019interroger.<\/p>\n<p>Ce film choral, \u00e0 la photographie remarquable et \u00e0 la mise en sc\u00e8ne sensible, d\u00e9voile la mise \u00e0 mal des relations intra-familiales et du patriarcat \u00e0 la suite du g\u00e9nocide de 1994. Mais les ultimes images annoncent la possibilit\u00e9 d\u2019une lib\u00e9ration et d\u2019une renaissance.<\/p>\n<p><span style=\"color: #ff0000;\"><strong>\u00a0<\/strong><strong>Le r\u00e9alisateur <\/strong><\/span><\/p>\n<p>Kivu RUHORAHOZA est n\u00e9 \u00e0 Kigali (Rwanda) en 1982. Apr\u00e8s des \u00e9tudes en Angleterre, il travailledans des \u00e9quipes de reporters au Rwanda pour la BBC ou CNN. Devenu assistant de production, il entame une carri\u00e8re de cin\u00e9aste avec des courts m\u00e9trages comme <em>Les \u00e9gar\u00e9s de l\u2019h\u00e9misph\u00e8re sud<\/em> (2009) et <em>Who we are <\/em>(2010). En 2011, il r\u00e9alise son premier long m\u00e9trage, <em>Mati\u00e8re grise<\/em>,une des premi\u00e8res productions rwandaises relatant le g\u00e9nocide de 1994. Le film est pr\u00e9sent\u00e9 dans de nombreux festivals\u00a0: Grand Prix du Festival du Film Francophone de T\u00fcbingen-Stuttgart (2012)\u00a0; Prix de la meilleure r\u00e9alisation au Festival Cine Africano de Cordoue (2012)\u00a0; Mention sp\u00e9ciale du jury au Festival du Film de Tribeca (2011). Suivent <em>Things of aimless wanderer<\/em> (2014), <em>Europa, based on a true story<\/em> (2019), <em>Visual anthropology and tourism of a romantic break-up<\/em> (2019).<\/p>\n","protected":false},"excerpt":{"rendered":"<p>De Kivu RUHORAHOZA &#8211; Rwanda \u2013 2022 \u2013 1h51 \u2013 fiction \u2013 couleur \u2013 VOSTF. Sc\u00e9nario : Kivu Ruhorahoza ; Images : Tat\u00e9 ; Montage : Kivu Ruhorahoza ; Musique [&hellip;]<\/p>\n","protected":false},"author":1,"featured_media":0,"parent":0,"menu_order":0,"comment_status":"closed","ping_status":"closed","template":"","meta":{"footnotes":""},"class_list":["post-3745","page","type-page","status-publish","hentry"],"jetpack_sharing_enabled":true,"jetpack_shortlink":"https:\/\/wp.me\/P7C6tF-Yp","jetpack-related-posts":[{"id":2584,"url":"https:\/\/asurb.com\/asurb3\/?page_id=2584","url_meta":{"origin":3745,"position":0},"title":"La Mis\u00e9ricorde de la jungle","author":"webmaster","date":"8 octobre 2019","format":false,"excerpt":"\u00a0La Mis\u00e9ricorde de la jungle De Jo\u00ebl Karekezi - Rwanda - 2018 - 91mn - fiction - couleur - VO swahili, fran\u00e7ais - STF. \u00c9talon d'or au Fespaco 2019 et 1er prix d'interpr\u00e9tation masculine pour Marc Zinga. \u00a0Sce\u0301nario\u00a0: Jo\u00ebl Karekezi, Casey Schroen, Aur\u00e9lien Bodinaux - 1er Assistant R\u00e9alisateur\u00a0: Kantamara Gahigiri\u2026","rel":"","context":"Article similaire","block_context":{"text":"Article similaire","link":""},"img":{"alt_text":"","src":"","width":0,"height":0},"classes":[]},{"id":3490,"url":"https:\/\/asurb.com\/asurb3\/?page_id=3490","url_meta":{"origin":3745,"position":1},"title":"Breaking Ground","author":"webmaster","date":"8 novembre 2022","format":false,"excerpt":"De In\u00e8s Girihirwe -Rwanda\u2013 2020 \u2013 13 min - fiction - VOSTF Ce court m\u00e9trage a \u00e9t\u00e9 projet\u00e9 et r\u00e9compens\u00e9 dans plusieurs festivals de par le monde\u00a0: au Festival International du Film de Seattle (Mention Sp\u00e9ciale du Jury), au Festival du court m\u00e9trage d\u2019Uppsala (Prix Ingmar Bergman), au Festival Cin\u00e9matographique\u2026","rel":"","context":"Article similaire","block_context":{"text":"Article similaire","link":""},"img":{"alt_text":"","src":"","width":0,"height":0},"classes":[]},{"id":188,"url":"https:\/\/asurb.com\/asurb3\/?page_id=188","url_meta":{"origin":3745,"position":2},"title":"C&rsquo;est dimanche","author":"webmaster","date":"4 juin 2016","format":false,"excerpt":"De Samir GUESMI - 30 min - Alg\u00e9rie\/France - 2008 Fiction - couleur - 35mm - version originale en fran\u00e7ais - Sc\u00e9nario : Samir Guesmi ; Images : Pascale Marin ; Montage : Pauline Dairou ; Musique : Shantel ; Son : Julien Sicart, Lo\u00efc Prian, C\u00e9dric Ilonnet I ;\u2026","rel":"","context":"Article similaire","block_context":{"text":"Article similaire","link":""},"img":{"alt_text":"C_Dimanche_Fiche","src":"https:\/\/i0.wp.com\/asurb.com\/asurb3\/wp-content\/uploads\/2016\/06\/C_Dimanche_Fiche.jpg?resize=350%2C200&ssl=1","width":350,"height":200},"classes":[]},{"id":288,"url":"https:\/\/asurb.com\/asurb3\/?page_id=288","url_meta":{"origin":3745,"position":3},"title":"La nuit de la v\u00e9rit\u00e9","author":"webmaster","date":"4 juin 2016","format":false,"excerpt":"De Fanta R\u00e9gina NACRO - 100 min - Burkina Faso - 2004 Fiction - couleur - 35mm - version originale en fran\u00e7ais, moor\u00e9 et dioula sous-titr\u00e9e en fan\u00e7ais Sc\u00e9nario : Marc Gautron, Fanta R\u00e9gina Nacro ; Images : Nara K\u00e9o Kosal ; Montage : Andr\u00e9e Davanture ; Musique : Troupe\u2026","rel":"","context":"Article similaire","block_context":{"text":"Article similaire","link":""},"img":{"alt_text":"Fanta_Regina_Nacro_Fiche","src":"https:\/\/i0.wp.com\/asurb.com\/asurb3\/wp-content\/uploads\/2016\/06\/Fanta_Regina_Nacro_Fiche.jpg?resize=350%2C200&ssl=1","width":350,"height":200},"classes":[]},{"id":801,"url":"https:\/\/asurb.com\/asurb3\/?page_id=801","url_meta":{"origin":3745,"position":4},"title":"Twaaga (Invincible)","author":"webmaster","date":"20 juin 2016","format":false,"excerpt":"De C\u00e9dric IDO\u00a0 - 30 min - Burkina Faso - 2013 - fiction - couleur - DCP -\u00a0 version originale en fran\u00e7ais Sc\u00e9nario : C\u00e9dric IDO - Image : Valentin VIGNET - Son: Jon GOC et Lassina SIRIBI\u00c9 - Montage : Samuel DAN\u00c9SI - D\u00e9cors : Papa Mahamoudou KOUYATE- Costumes\u2026","rel":"","context":"Article similaire","block_context":{"text":"Article similaire","link":""},"img":{"alt_text":"","src":"","width":0,"height":0},"classes":[]},{"id":997,"url":"https:\/\/asurb.com\/asurb3\/?page_id=997","url_meta":{"origin":3745,"position":5},"title":"L&rsquo;absence","author":"webmaster","date":"12 octobre 2016","format":false,"excerpt":"De Nad\u00e8ge Delwend\u00e9 NARE\u00a0\u2013 Burkina Faso \u2013 2015 \u00a0 De Nad\u00e8ge Delwend\u00e9 NARE \u2013 Burkina Faso \u2013 2015 \u2013 13 min \u2013 fiction \u2013 couleur \u2013 VO fran\u00e7ais. Production\u00a0: Africalia\/Isis \u2013 SE \u2013 01 BP 647- Ouagadougou 01 \u2013 Burkina Faso \u2013t\u00e9l\u00a0:00226\/25344086 \u2013 courriel\u00a0: isisse.international\u00e0gmail.com. Prix du Tremplin Jeunes R\u00e9alisateurs\u2026","rel":"","context":"Article similaire","block_context":{"text":"Article similaire","link":""},"img":{"alt_text":"","src":"","width":0,"height":0},"classes":[]}],"_links":{"self":[{"href":"https:\/\/asurb.com\/asurb3\/index.php?rest_route=\/wp\/v2\/pages\/3745","targetHints":{"allow":["GET"]}}],"collection":[{"href":"https:\/\/asurb.com\/asurb3\/index.php?rest_route=\/wp\/v2\/pages"}],"about":[{"href":"https:\/\/asurb.com\/asurb3\/index.php?rest_route=\/wp\/v2\/types\/page"}],"author":[{"embeddable":true,"href":"https:\/\/asurb.com\/asurb3\/index.php?rest_route=\/wp\/v2\/users\/1"}],"replies":[{"embeddable":true,"href":"https:\/\/asurb.com\/asurb3\/index.php?rest_route=%2Fwp%2Fv2%2Fcomments&post=3745"}],"version-history":[{"count":2,"href":"https:\/\/asurb.com\/asurb3\/index.php?rest_route=\/wp\/v2\/pages\/3745\/revisions"}],"predecessor-version":[{"id":3817,"href":"https:\/\/asurb.com\/asurb3\/index.php?rest_route=\/wp\/v2\/pages\/3745\/revisions\/3817"}],"wp:attachment":[{"href":"https:\/\/asurb.com\/asurb3\/index.php?rest_route=%2Fwp%2Fv2%2Fmedia&parent=3745"}],"curies":[{"name":"wp","href":"https:\/\/api.w.org\/{rel}","templated":true}]}}