{"id":3763,"date":"2023-09-06T19:00:35","date_gmt":"2023-09-06T17:00:35","guid":{"rendered":"https:\/\/asurb.com\/asurb3\/?page_id=3763"},"modified":"2023-10-16T16:53:28","modified_gmt":"2023-10-16T14:53:28","slug":"143-rue-du-desert-12","status":"publish","type":"page","link":"https:\/\/asurb.com\/asurb3\/?page_id=3763","title":{"rendered":"Asmak hamrae (Poissons rouges)"},"content":{"rendered":"<p>D\u2019Abdeslam KELAI &#8211; Maroc- 2022 &#8211; 90 min \u2013 fiction &#8211; VO arabe STF.<\/p>\n<p>Sc\u00e9nario&nbsp;: Abdeslam Kelai, Mohamed Lamouissi, Image&nbsp;: Ayoub Lamrani,&nbsp;: Son&nbsp;: Antonio Penalba, Musique&nbsp;: Richard Horowitz, Montage&nbsp;: Ilyasse Lakhmasse, Interpr\u00e9tation : Jalila Talemsi, Khalil Oubaaqa, Nisrine Erradi, Zakaria Atifi, Farida Bouazzaoui, Amine Ennaji, Production : Mouton Rouge Films, Nadacom Design Abdeslam Kelai, Abdessalam El Meftahi. Contact: <a href=\"mailto:abdeslamkelai@menara.ma\">abdeslamkelai@menara.ma<\/a><\/p>\n<p>Grand prix du long m\u00e9trage et double prix d\u2019interpr\u00e9tation f\u00e9minine pour&nbsp; Nisrine Erradi et Jalila Talemsi qui l\u2019obtient aussi au festival de T\u00e9touan et au festival de Tanger- Prix du meilleur sc\u00e9nario \u00e9galement \u00e0 Tanger- Cin\u00e9mas d\u2019Afrique Angers 2023 : Prix du public et Prix du jury jeunes.<\/p>\n<p><span style=\"color: #ff0000;\"><strong>Synopsis<\/strong><\/span><\/p>\n<p>Trois femmes, et trois histoires de souffrance, de lutte, de solidarit\u00e9 et d\u2019espoir Trois femmes durement touch\u00e9es par la vie, bloqu\u00e9es dans leur existence comme des poissons rouges dans leur bocal. Hayat sort de prison apr\u00e8s avoir purg\u00e9 une longue peine et retourne dans sa ville natale sans \u00eatre accept\u00e9e par sa famille. Elle rencontre Amal, qui travaille dans une usine de fruits, et qui prend en charge sa soeur Houda, sa cadette de deux ans, atteinte d\u2019un handicap tr\u00e8s s\u00e9v\u00e8re, sans aucune assistance. C\u2019est le courage et la force de ces trois femmes qui les poussent de l\u2019avant face \u00e0 l\u2019exclusion, l\u2019exploitation et la marginalisation.<\/p>\n<p>Ce film d\u00e9nonce tr\u00e8s concr\u00e8tement la cruaut\u00e9 des nombreuses injustices subies par les femmesdans leur vie quotidienne et il est parfois dur \u00e0 supporter mais on est touch\u00e9 par la sensibilit\u00e9 du r\u00e9alisateuren pleine empathie avec ses personnages, sans pathos excessif, avec d\u00e9licatesse. On sent sa proximit\u00e9 avec les actricesavec lesquelles il r\u00e9fl\u00e9chit en amont du tournage aux situations d\u00e9crites, qu\u2019il filme de pr\u00e8s, souvent avec une cam\u00e9ra port\u00e9e \u00e0 l\u2019\u00e9paule.A ses \u00ab&nbsp;h\u00e9ro\u00efnes de survie&nbsp;\u00bb, il accorde des moments de joie au milieu du malheur, et leur reconnait la capacit\u00e9 de ne pas succomber au m\u00e9pris qui \u00e9crase tant d\u2019\u00eatres sans d\u00e9fense, pauvres, femmes, enfants ou handicap\u00e9s. \u00ab&nbsp;Mon film cherche \u00e0 \u00e9mouvoir, dit Abdeslam Kelai, mais il s\u2019adresse surtout \u00e0 la conscience \u00e9veill\u00e9e des spectateurs.&nbsp;\u00bb<\/p>\n<h4 style=\"text-align: justify;\"><span style=\"color: #ff0000;\">Le r\u00e9alisateur<\/span><\/h4>\n<p>Abdeslam Kelai est un r\u00e9alisateur, sc\u00e9nariste et producteur marocain, n\u00e9 en 1969 \u00e0 Larache, petite ville c\u00f4ti\u00e8re d\u00e9laiss\u00e9e et marginalis\u00e9e, o\u00f9 il situe g\u00e9n\u00e9ralement les \u00e9v\u00e9nements de ses films.<br>Laur\u00e9at de l&rsquo;Institut National d&rsquo;Action Sociale, dipl\u00f4m\u00e9 en informatique de gestion et en r\u00e9alisation cin\u00e9ma, il a travaill\u00e9 dans le domaine social et humanitaire. Sa carri\u00e8re cin\u00e9matographique d\u00e9bute en 2003 avec son premier court m\u00e9trage <em>Journ\u00e9e heureuse. <\/em>Il r\u00e9alise plusieurs longs m\u00e9trages pour la t\u00e9l\u00e9vision<em>, <\/em>dont <em>La Dame de l&rsquo;aube <\/em>(Prix du meilleur t\u00e9l\u00e9film au Festival de T\u00e9l\u00e9vision d\u2019 Amman en Jordanie), puis, <em>Amour et col\u00e8re <\/em>et <em>Le Silence de la m\u00e9moire (<\/em>Grands Prix au Festival de T\u00e9l\u00e9vision de Mekn\u00e8s). Son premier long m\u00e9trage, <em>Malak,<\/em> sorti en 2012, est r\u00e9compens\u00e9 \u00e0 de nombreux festivals. <em>Poissons Rouges<\/em>(2022) est son deuxi\u00e8me long m\u00e9trage de cin\u00e9ma.<\/p>\n<p><em>Ce film a \u00e9t\u00e9 accompagn\u00e9 par les Ateliers de l\u2019Atlas, le programme initi\u00e9 en 2018 par le Festival international du film de Marrakech pour accompagner l\u2019\u00e9mergence d\u2019une nouvelle g\u00e9n\u00e9ration de cin\u00e9astes marocains, arabes et africains et cr\u00e9er un espace d\u2019\u00e9changes entre professionnels internationaux et talents r\u00e9gionaux.<\/em><\/p>\n\n","protected":false},"excerpt":{"rendered":"<p>D\u2019Abdeslam KELAI &#8211; Maroc- 2022 &#8211; 90 min \u2013 fiction &#8211; VO arabe STF. Sc\u00e9nario&nbsp;: Abdeslam Kelai, Mohamed Lamouissi, Image&nbsp;: Ayoub Lamrani,&nbsp;: Son&nbsp;: Antonio Penalba, Musique&nbsp;: Richard Horowitz, Montage&nbsp;: Ilyasse [&hellip;]<\/p>\n","protected":false},"author":1,"featured_media":0,"parent":26,"menu_order":0,"comment_status":"closed","ping_status":"closed","template":"","meta":{"footnotes":""},"class_list":["post-3763","page","type-page","status-publish","hentry"],"jetpack_sharing_enabled":true,"jetpack_shortlink":"https:\/\/wp.me\/P7C6tF-YH","jetpack-related-posts":[{"id":2823,"url":"https:\/\/asurb.com\/asurb3\/?page_id=2823","url_meta":{"origin":3763,"position":0},"title":"Adam","author":"webmaster","date":"10 ao\u00fbt 2020","format":false,"excerpt":"ADAM\u00a0 de Maryam Touzani , Maroc - 2019 - 98 min - fiction - couleur - VO arabe - STF. Sce\u0301nario\u00a0: Maryam Touzani, avec la collaboration de Nabil Ayouch\u00a0 - Assistant r\u00e9alisateur\u00a0: Ali Tahiri - Image\u00a0: Virginie Surdej \u2013 Cadre Adil Ayoub - Montage\u00a0:Julie Naas - Son\u00a0: Nassim Mounabbih -\u2026","rel":"","context":"Article similaire","block_context":{"text":"Article similaire","link":""},"img":{"alt_text":"","src":"","width":0,"height":0},"classes":[]},{"id":772,"url":"https:\/\/asurb.com\/asurb3\/?page_id=772","url_meta":{"origin":3763,"position":1},"title":"Quand ils dorment","author":"webmaster","date":"19 juin 2016","format":false,"excerpt":"De\u00a0 Maryam Touzani -\u00a0 17 min - Maroc -\u00a0 2011\u00a0 fiction -\u00a0 couleur - VO arabe STF -\u00a0 DVD Sc\u00e9nario : Myriam Touzani ;\u00a0 Image : Eric Devin ; Montage : Adil Mawadyi ; Son : Karim Ronda ; Interpr\u00e9tation : Nouhaila Ben Moumou, Mohamed Achab, Fatima Ezzahra El Jouhari,\u2026","rel":"","context":"Article similaire","block_context":{"text":"Article similaire","link":""},"img":{"alt_text":"","src":"","width":0,"height":0},"classes":[]},{"id":3745,"url":"https:\/\/asurb.com\/asurb3\/?page_id=3745","url_meta":{"origin":3763,"position":2},"title":"Father&rsquo;s day (Le jour du p\u00e8re)","author":"webmaster","date":"1 septembre 2023","format":false,"excerpt":"De Kivu RUHORAHOZA - Rwanda \u2013 2022 \u2013 1h51 \u2013 fiction \u2013 couleur \u2013 VOSTF. Sc\u00e9nario : Kivu Ruhorahoza ; Images : Tat\u00e9 ; Montage : Kivu Ruhorahoza ; Musique : Michael Makembe\u00a0; Son : Eugene Safali, Jan Meinema\u00a0; D\u00e9cor\u00a0: Ricardo Sankara ; Costumes\u00a0: Sonia Uwimbabazi ;Interpr\u00e9tation : M\u00e9diatrice Kayitesi\u2026","rel":"","context":"Article similaire","block_context":{"text":"Article similaire","link":""},"img":{"alt_text":"","src":"","width":0,"height":0},"classes":[]},{"id":3496,"url":"https:\/\/asurb.com\/asurb3\/?page_id=3496","url_meta":{"origin":3763,"position":3},"title":"Astel","author":"webmaster","date":"8 novembre 2022","format":false,"excerpt":"De Ramata Toulaye\u00a0 SY\u2013 S\u00e9n\u00e9gal - 2021 \u2013 24 min - fiction - VOSTF Prix du \u2018\u2019Share Her Journey \u2019\u2019 au Festival de Toronto 2021 \/ Prix Sp\u00e9cial du jury et Prix SACD de la meilleure premi\u00e8re \u0153uvre au Festival de Clermont-Ferrand 2022. Synopsis Nous sommes en octobre, c\u2019est la\u2026","rel":"","context":"Article similaire","block_context":{"text":"Article similaire","link":""},"img":{"alt_text":"","src":"","width":0,"height":0},"classes":[]},{"id":807,"url":"https:\/\/asurb.com\/asurb3\/?page_id=807","url_meta":{"origin":3763,"position":4},"title":"Zulu love letter (Lettre d&rsquo;amour zoulou)","author":"webmaster","date":"20 juin 2016","format":false,"excerpt":"De Ramadan Suleman - 105 -min- Afrique du Sud- 2004 - fiction - couleur - VO zoulou, anglais STF Scenario : Bhekizizwe Peterson et Ramadan Suleman ; Image : Manuel Teran ; Son : Jean Mallet ; Musique : Zim Ngqawana ; Montage : Jacques Comets ; Interpr\u00e9tation : Pamela\u2026","rel":"","context":"Article similaire","block_context":{"text":"Article similaire","link":""},"img":{"alt_text":"","src":"","width":0,"height":0},"classes":[]},{"id":3362,"url":"https:\/\/asurb.com\/asurb3\/?page_id=3362","url_meta":{"origin":3763,"position":5},"title":"Le bleu du caftan","author":"webmaster","date":"20 ao\u00fbt 2022","format":false,"excerpt":"De Maryam TOUZANI- Maroc - 2022 - 124 min - fiction \u2013 couleur- VO arabe STF Prix de la Critique Internationale (FIPRESCI) du Festival de Cannes 2022 dans la section Un Certain Regard. Sc\u00e9nario : Maryam Touzani en collaboration avec Nabil Ayouch \u2013 Image : Virginie Surdej \u2013 Son :\u2026","rel":"","context":"Article similaire","block_context":{"text":"Article similaire","link":""},"img":{"alt_text":"","src":"","width":0,"height":0},"classes":[]}],"_links":{"self":[{"href":"https:\/\/asurb.com\/asurb3\/index.php?rest_route=\/wp\/v2\/pages\/3763","targetHints":{"allow":["GET"]}}],"collection":[{"href":"https:\/\/asurb.com\/asurb3\/index.php?rest_route=\/wp\/v2\/pages"}],"about":[{"href":"https:\/\/asurb.com\/asurb3\/index.php?rest_route=\/wp\/v2\/types\/page"}],"author":[{"embeddable":true,"href":"https:\/\/asurb.com\/asurb3\/index.php?rest_route=\/wp\/v2\/users\/1"}],"replies":[{"embeddable":true,"href":"https:\/\/asurb.com\/asurb3\/index.php?rest_route=%2Fwp%2Fv2%2Fcomments&post=3763"}],"version-history":[{"count":2,"href":"https:\/\/asurb.com\/asurb3\/index.php?rest_route=\/wp\/v2\/pages\/3763\/revisions"}],"predecessor-version":[{"id":3851,"href":"https:\/\/asurb.com\/asurb3\/index.php?rest_route=\/wp\/v2\/pages\/3763\/revisions\/3851"}],"up":[{"embeddable":true,"href":"https:\/\/asurb.com\/asurb3\/index.php?rest_route=\/wp\/v2\/pages\/26"}],"wp:attachment":[{"href":"https:\/\/asurb.com\/asurb3\/index.php?rest_route=%2Fwp%2Fv2%2Fmedia&parent=3763"}],"curies":[{"name":"wp","href":"https:\/\/api.w.org\/{rel}","templated":true}]}}