{"id":3842,"date":"2023-10-15T15:17:08","date_gmt":"2023-10-15T13:17:08","guid":{"rendered":"https:\/\/asurb.com\/asurb3\/?page_id=3842"},"modified":"2023-11-26T11:53:23","modified_gmt":"2023-11-26T10:53:23","slug":"143-rue-du-desert-13","status":"publish","type":"page","link":"https:\/\/asurb.com\/asurb3\/?page_id=3842","title":{"rendered":"\u00c7a roule (Rihla)"},"content":{"rendered":"<p><strong>D<\/strong>e Jamil Najjar \u2013 Tunisie \u2013 2022 \u2013 25\u2032 \u2013 fiction<br \/>Propaganda Productions\u00a0 : Nejib BELKADHI &amp; Imed MARZOUK, producteurs 41, avenue habib bourguiba 2078 La Marsa TUNIS<span class=\"LrzXr\"> Tunisie &#8211; <\/span><span class=\"w8qArf\">T\u00e9l\u00e9phone : <\/span><span class=\"LrzXr zdqRlf kno-fv\"><span aria-label=\"Appeler le +216 71 744 815\">+216 71 744 815 <\/span><a href=\"https:\/\/www.google.com\/search?client=firefox-b-d&amp;q=propaganda+production+tunisie#\" data-dtype=\"d3ph\" data-local-attribute=\"d3ph\" data-ved=\"2ahUKEwjTgc6DkfiBAxUZVqQEHRkQDq0QkAgoAHoECDcQAg\"><span aria-label=\"Appeler le +216 71 744 815\">&#8211; http:\/\/www.propaganda-production.com<\/span><\/a><\/span><\/p>\n<h4 style=\"text-align: justify;\"><span style=\"color: #ff0000;\">Synopsis\u00a0<\/span><\/h4>\n<p>Habib embarque sa famille dans un voyage \u00e0 travers la Tunisie, \u00e0 destination de Zarzis r\u00e9gion natale de Habib, pour y passer tous ensemble les vacances d\u2019\u00e9t\u00e9. Il essaye d\u2019embellir l\u2019image de sa patrie et d\u2019enjoliver les p\u00e9rip\u00e9ties mais au fil de la travers\u00e9e en voiture ils vont \u00eatres confront\u00e9s \u00e0 des situations de plus en plus improbables.<\/p>\n<h4 style=\"text-align: justify;\"><span style=\"color: #ff0000;\">Le r\u00e9alisateur<\/span><\/h4>\n\n\n<p>Jamil Najjar est n\u00e9 \u00e0 La Goulette (Tunisie) en 1980.<\/p>\n<p>Il est dipl\u00f4m\u00e9 de l\u2019Institut Sup\u00e9rieur des Arts et Multim\u00e9dia de la Manouba, sp\u00e9cialit\u00e9 \u00e9criture r\u00e9alisation.<br \/>Il entame par la suite une carri\u00e8re d\u2019assistant r\u00e9alisateur et de directeur de casting sur plusieurs projets tunisiens et \u00e9trangers.<br \/>Il r\u00e9alise en 2003 son premier court-m\u00e9trage, <em>Hors jeu<\/em>, pour lequel il re\u00e7oit le Prix du jury au Festival du Film Amateur \u00e0 K\u00e9libia.<br \/>D\u2019autres courts m\u00e9trages suivent\u00a0: <em>No Hope<\/em>, puis <em>Coinc\u00e9<\/em> (2015). Ce dernier est prim\u00e9 dans plusieurs festivals nationaux et internationaux.<br \/>D\u2019une certaine mani\u00e8re il se sp\u00e9cialise naturellement dans la com\u00e9die o\u00f9 il ajoute avec justesse sa vision satirique critique\u00a0de sa soci\u00e9t\u00e9.<br \/><em>\u00c7a roule<\/em> est son dernier n\u00e9, un road trip palpitant\u00a0qui embarque le spectateur dans un petit voyage\u00a0riche en p\u00e9rip\u00e9ties et quiproquos.<br \/>Entre-temps, il a \u00e9t\u00e9 assistant-r\u00e9alisateur sur le film\u00a0<em>\u00c0 peine j\u2019ouvre les yeux<\/em>\u00a0(2015)\u00a0de Leyla Bouzid.<\/p>\n","protected":false},"excerpt":{"rendered":"<p>De Jamil Najjar \u2013 Tunisie \u2013 2022 \u2013 25\u2032 \u2013 fictionPropaganda Productions\u00a0 : Nejib BELKADHI &amp; Imed MARZOUK, producteurs 41, avenue habib bourguiba 2078 La Marsa TUNIS Tunisie &#8211; T\u00e9l\u00e9phone [&hellip;]<\/p>\n","protected":false},"author":1,"featured_media":0,"parent":26,"menu_order":0,"comment_status":"closed","ping_status":"closed","template":"","meta":{"footnotes":""},"class_list":["post-3842","page","type-page","status-publish","hentry"],"jetpack_sharing_enabled":true,"jetpack_shortlink":"https:\/\/wp.me\/P7C6tF-ZY","jetpack-related-posts":[{"id":1007,"url":"https:\/\/asurb.com\/asurb3\/?page_id=1007","url_meta":{"origin":3842,"position":0},"title":"Selma","author":"webmaster","date":"12 octobre 2016","format":false,"excerpt":"\u00a0De Mohamed BEN ATTIA - Tunisie \u2013 2013 De Mohamed BEN ATTIA - Tunisie \u2013 2013 -20 min \u2013 fiction \u2013 couleur - VO arabe STF Sc\u00e9nario\u00a0: Mohamed Ben Attia \u2013 Image\u00a0: Hazem Berrebah \u2013 Son\u00a0: Walid Ouerghi \u2013 Montage\u00a0: Selma Zeghidi \u2013 Interpr\u00e9tation\u00a0: Nejma Zeghidi , Rafiaa Boutekkine Belhoute,\u2026","rel":"","context":"Article similaire","block_context":{"text":"Article similaire","link":""},"img":{"alt_text":"","src":"","width":0,"height":0},"classes":[]},{"id":483,"url":"https:\/\/asurb.com\/asurb3\/?page_id=483","url_meta":{"origin":3842,"position":1},"title":"Vivre","author":"webmaster","date":"5 juin 2016","format":false,"excerpt":"De Walid TAYAA - 18 min - Tunisie - 2010 Fiction - couleur - DVD - version originale en arabe sous-titr\u00e9 en fran\u00e7ais Sc\u00e9nario : Walid Tayaa ; Image : Nabil Sa\u00efdi ; Montage : Imen Jiberi ; Son : Salma Thabet ; Interpr\u00e8te : Sondos Belhssan ; Production :\u2026","rel":"","context":"Article similaire","block_context":{"text":"Article similaire","link":""},"img":{"alt_text":"Vivre_Fiche","src":"https:\/\/i0.wp.com\/asurb.com\/asurb3\/wp-content\/uploads\/2016\/06\/Vivre_Fiche.jpg?resize=350%2C200&ssl=1","width":350,"height":200},"classes":[]},{"id":1905,"url":"https:\/\/asurb.com\/asurb3\/?page_id=1905","url_meta":{"origin":3842,"position":2},"title":"On est bien comme \u00e7a (Khallina hakka khir)","author":"webmaster","date":"29 novembre 2017","format":false,"excerpt":"De Mehdi M. BARSAOUI Tunisie \u2013 2016 \u2013 19 min \u2013 fiction \u2013 couleur \u2013 DCP \u2013 VO arabe ST fran\u00e7ais Sc\u00e9nario\u00a0: Mehdi M.Barsaoui - Image\u00a0: Sofian El Fani\u00a0- Montage\u00a0: Mehdi M. Barsaoui - Musique\u00a0: Kais Sellami - Son\u00a0: - D\u00e9cors\u00a0:\u00a0- Costumes\u00a0: Interpr\u00e9tation\u00a0: Nouri Bouzid, Youssef Mrabet, Sawsen Maalej Production\u00a0:\u2026","rel":"","context":"Article similaire","block_context":{"text":"Article similaire","link":""},"img":{"alt_text":"","src":"","width":0,"height":0},"classes":[]},{"id":2437,"url":"https:\/\/asurb.com\/asurb3\/?page_id=2437","url_meta":{"origin":3842,"position":3},"title":"Black Mamba","author":"webmaster","date":"5 juin 2019","format":false,"excerpt":"De Amel GUELLATY \u2013 Tunisie \u2013 2017 \u2013 20 min \u2013 fiction \u2013 couleur \u2013 VO arabe STF De Amel GUELLATY \u2013 Tunisie \u2013 2017 \u2013 20 min \u2013 fiction \u2013 couleur \u2013 VO arabe STF \u2013 Sc\u00e9nario\u00a0: Amel Guellaty \u2013 Image\u00a0: Ikbel Arafa \u2013 Musique\u00a0: Omar Aloulou - Montage\u2026","rel":"","context":"Article similaire","block_context":{"text":"Article similaire","link":""},"img":{"alt_text":"","src":"https:\/\/i0.wp.com\/asurb.com\/asurb3\/wp-content\/uploads\/2018\/10\/Black-mamba-225x300.jpg?resize=350%2C200&ssl=1","width":350,"height":200},"classes":[]},{"id":2597,"url":"https:\/\/asurb.com\/asurb3\/?page_id=2597","url_meta":{"origin":3842,"position":4},"title":"Les past\u00e8ques du cheikh","author":"webmaster","date":"9 octobre 2019","format":false,"excerpt":"LES PASTEQUES DU CHEIKH\u00a0 de Kaouther BEN HANIA - Tunisie \/ France \u2013 2018 \u2013 Fiction - 23 min - VOSTF R\u00e9alisatrice : Kaouther Ben Hania - Sc\u00e9nario : Kaouther Ben Hania - Montage : R\u00e9mi Dumas. Production\u00a0: Tanit Films - 61, rue Piat - 75020 Paris - Tel.06 82\u2026","rel":"","context":"Article similaire","block_context":{"text":"Article similaire","link":""},"img":{"alt_text":"","src":"","width":0,"height":0},"classes":[]},{"id":983,"url":"https:\/\/asurb.com\/asurb3\/?page_id=983","url_meta":{"origin":3842,"position":5},"title":"A peine j&rsquo;ouvre les yeux","author":"webmaster","date":"12 octobre 2016","format":false,"excerpt":"De Leyla Bouzid \u2013 Tunisie \u2013 2015 De Leyla Bouzid \u2013 Tunisie \u2013 .2015 \u2013 102 min \u2013 fiction \u2013 couleur - VO arabe tunisien STF - DCP Sc\u00e9nario : Leyla Bouzid et Marie-Sophie Chambon - Musique originale\u00a0: Khyam Allami - Dialogues : Ghassen Amami \u2013 Image : S\u00e9bastien Goepfert\u2026","rel":"","context":"Article similaire","block_context":{"text":"Article similaire","link":""},"img":{"alt_text":"a-peine-j-ouvre-les-yeux","src":"https:\/\/i0.wp.com\/asurb.com\/asurb3\/wp-content\/uploads\/2016\/10\/A-peine-j-ouvre-les-yeux-300x162.jpg?resize=350%2C200&ssl=1","width":350,"height":200},"classes":[]}],"_links":{"self":[{"href":"https:\/\/asurb.com\/asurb3\/index.php?rest_route=\/wp\/v2\/pages\/3842","targetHints":{"allow":["GET"]}}],"collection":[{"href":"https:\/\/asurb.com\/asurb3\/index.php?rest_route=\/wp\/v2\/pages"}],"about":[{"href":"https:\/\/asurb.com\/asurb3\/index.php?rest_route=\/wp\/v2\/types\/page"}],"author":[{"embeddable":true,"href":"https:\/\/asurb.com\/asurb3\/index.php?rest_route=\/wp\/v2\/users\/1"}],"replies":[{"embeddable":true,"href":"https:\/\/asurb.com\/asurb3\/index.php?rest_route=%2Fwp%2Fv2%2Fcomments&post=3842"}],"version-history":[{"count":3,"href":"https:\/\/asurb.com\/asurb3\/index.php?rest_route=\/wp\/v2\/pages\/3842\/revisions"}],"predecessor-version":[{"id":3906,"href":"https:\/\/asurb.com\/asurb3\/index.php?rest_route=\/wp\/v2\/pages\/3842\/revisions\/3906"}],"up":[{"embeddable":true,"href":"https:\/\/asurb.com\/asurb3\/index.php?rest_route=\/wp\/v2\/pages\/26"}],"wp:attachment":[{"href":"https:\/\/asurb.com\/asurb3\/index.php?rest_route=%2Fwp%2Fv2%2Fmedia&parent=3842"}],"curies":[{"name":"wp","href":"https:\/\/api.w.org\/{rel}","templated":true}]}}