{"id":3846,"date":"2023-10-15T15:28:08","date_gmt":"2023-10-15T13:28:08","guid":{"rendered":"https:\/\/asurb.com\/asurb3\/?page_id=3846"},"modified":"2023-11-26T11:50:42","modified_gmt":"2023-11-26T10:50:42","slug":"143-rue-du-desert-14","status":"publish","type":"page","link":"https:\/\/asurb.com\/asurb3\/?page_id=3846","title":{"rendered":"Kelasi"},"content":{"rendered":"<p>De Fransix Tenda Lomba \u2013 RDC \u2013 2021 \u2013 10\u2032 \u2013 documentaire<br \/>\nProduction \/ distribution : Atelier Graphoui &#8211; <a class=\"text-blanc\" href=\"http:\/\/www.graphoui.org\" target=\"_blank\" rel=\"noopener\">http:\/\/www.graphoui.org<\/a><br \/>\nBoulevard Emile Bockstaellaan 88 B-1020 Bruxelles\u00a0 Belgique &#8211; tel : 32 2 537 23 74<\/p>\n<p>Poulain de Bronze au FESPACO &#8211; Festival Panafricain du Cin\u00e9ma et de la T\u00e9l\u00e9vision de Ouagadougou 2023 &#8211; Ouagadougou (Burkina Faso) \u2022<\/p>\n<h4 style=\"text-align: justify;\"><span style=\"color: #ff0000;\">Synopsis\u00a0<\/span><\/h4>\n<p>Kelasi est une randonn\u00e9e historique, culturelle et socio-politique en rapport avec le syst\u00e8me \u00e9ducatif congolais au fil des ann\u00e9es. Un syst\u00e8me \u00e9maill\u00e9 par la volont\u00e9 politique, par le MPR parti-\u00c9tat, d\u2019une manipulation de la masse. Tourn\u00e9 avec plusieurs techniques d\u2019animation, le film raconte en travelling une journ\u00e9e d\u2019\u00e9cole au Congo \/ Za\u00efre. Un travail m\u00e9moriel et culturel qui laisse une porte ouverte \u00e0 l\u2019avenir pour l\u2019\u00e9ducation au Congo.<\/p>\n<h4 style=\"text-align: justify;\"><span style=\"color: #ff0000;\">Le r\u00e9alisateur<\/span><\/h4>\n<p>Fransix Tenda Lomba est un artiste visuel originaire de R.D. du Congo.<\/p>\n<p>Il vit \u00e0 Amsterdam. Sa pratique couvre le dessin, la peinture, la sculpture et la vid\u00e9o d&rsquo;animation.<br \/>\nDipl\u00f4m\u00e9 de l&rsquo;Acad\u00e9mie des Beaux-arts de Kinshasa en 2006, il est l&rsquo;un des principaux artistes de Kin Art Studio. Il vient de finir de sa r\u00e9sidence \u00e0 la prestigieuse Rijksakademie \u00e0 Amsterdam.<br \/>\nFransix travaille sur un projet de recherche intitul\u00e9 <em>Le choc est l\u00e0<\/em>, inspir\u00e9 du chocolat. Le double sens du titre fait r\u00e9f\u00e9rence aux chocs culturels, \u00e9conomiques, sociaux et g\u00e9opolitiques de la cha\u00eene du cacao, qu&rsquo;il retrace depuis les diff\u00e9rents lieux d&rsquo;origine du cacao jusqu&rsquo;au monde des consommateurs.<br \/>\nSur la base d\u2019archives, Il cr\u00e9e des dessins \u00e0 grande \u00e9chelle qui constituent la base de ses animations vid\u00e9o.<br \/>\nCes \u0153uvres racontent des histoires divergentes, mais profond\u00e9ment entrelac\u00e9es, sur le lien interhumain \u00e0 travers la production et la consommation de mati\u00e8res premi\u00e8res.<\/p>\n","protected":false},"excerpt":{"rendered":"<p>De Fransix Tenda Lomba \u2013 RDC \u2013 2021 \u2013 10\u2032 \u2013 documentaire Production \/ distribution : Atelier Graphoui &#8211; http:\/\/www.graphoui.org Boulevard Emile Bockstaellaan 88 B-1020 Bruxelles\u00a0 Belgique &#8211; tel : [&hellip;]<\/p>\n","protected":false},"author":1,"featured_media":0,"parent":26,"menu_order":0,"comment_status":"closed","ping_status":"closed","template":"","meta":{"footnotes":""},"class_list":["post-3846","page","type-page","status-publish","hentry"],"jetpack_sharing_enabled":true,"jetpack_shortlink":"https:\/\/wp.me\/P7C6tF-102","jetpack-related-posts":[{"id":401,"url":"https:\/\/asurb.com\/asurb3\/?page_id=401","url_meta":{"origin":3846,"position":0},"title":"Ouaga saga","author":"webmaster","date":"5 juin 2016","format":false,"excerpt":"De Dani KOUYAT\u00c9 \u2013 85 min \u2013 Burkina Faso \u2013 2004 \u2013 VF Fiction \u2013 couleur \u2013 Beta num \u2013 Version fran\u00e7aise Prix sp\u00e9cial \u00ab Graine de Baobab-Wand\u00e9 \u00bb au FESPACO* 2005 Sc\u00e9nario et dialogues : Michel Mifsud, Jean-Denis Berenbaum ; Image : Jean-Claude Schifrine ; Montage : Jean-Daniel Fernandez\u2026","rel":"","context":"Article similaire","block_context":{"text":"Article similaire","link":""},"img":{"alt_text":"OuagaSaga_Fiche","src":"https:\/\/i0.wp.com\/asurb.com\/asurb3\/wp-content\/uploads\/2016\/06\/OuagaSaga_Fiche.jpg?resize=350%2C200&ssl=1","width":350,"height":200},"classes":[]},{"id":3734,"url":"https:\/\/asurb.com\/asurb3\/?page_id=3734","url_meta":{"origin":3846,"position":1},"title":"Ashkal","author":"webmaster","date":"29 ao\u00fbt 2023","format":false,"excerpt":"De Youssef CHEBBI - Tunisie \u2013 2022 \u2013 1h31 \u2013 fiction \u2013 couleur \u2013 VOSTF. Sc\u00e9nario : Fran\u00e7ois-Michel Allegrini et Youssef Chebbi ; Images : HazemBerrabah ; Montage :Valentin F\u00e9ron ; Musique : Thomas Kuratli ; Son : Aymen Labidi, Waldir Xavier, Mathieu Nappez ; D\u00e9cor\u00a0: Malek Gnaoui;Interpr\u00e9tation\u00a0: Fatma Oussaifi\u2026","rel":"","context":"Article similaire","block_context":{"text":"Article similaire","link":""},"img":{"alt_text":"","src":"","width":0,"height":0},"classes":[]},{"id":692,"url":"https:\/\/asurb.com\/asurb3\/?page_id=692","url_meta":{"origin":3846,"position":2},"title":"La sir\u00e8ne de Faso Fani","author":"webmaster","date":"15 juin 2016","format":false,"excerpt":"De Michel K. ZONGO\u00a0 - 90\u00a0 min - Burkina Faso - 2015 - documentaire - VO STF - DCP Sc\u00e9nario : Michel K. Zongo - Image: Michel K. Zongo - Montage: Fran\u00e7ois Sculier - Son: Moumouni Jupiter Sodr\u00e9 - Musique originale: Smokey Production: Cin\u00e9doc films - Diam Production - Perfect\u2026","rel":"","context":"Article similaire","block_context":{"text":"Article similaire","link":""},"img":{"alt_text":"","src":"","width":0,"height":0},"classes":[]},{"id":412,"url":"https:\/\/asurb.com\/asurb3\/?page_id=412","url_meta":{"origin":3846,"position":3},"title":"Pi\u00e8ces d&rsquo;identit\u00e9s","author":"webmaster","date":"5 juin 2016","format":false,"excerpt":"De Mw\u00e9z\u00e9 Dieudonn\u00e9 NGANGURA \u2013 90 min \u2013 R\u00e9p. d\u00e9m. du Congo \u2013 1998 \u2013 VF Fiction \u2013 couleur \u2013 35 mm \u2013 version fran\u00e7aise Sc\u00e9nario : Mw\u00e9z\u00e9 Ngangura ; Adaptation : Yves Comte et Mw\u00e9z\u00e9 Ngangura ; Images : Jacques Besse ; Montage : France Duez ; Musique :\u2026","rel":"","context":"Article similaire","block_context":{"text":"Article similaire","link":""},"img":{"alt_text":"PiecesIdent_Fiche","src":"https:\/\/i0.wp.com\/asurb.com\/asurb3\/wp-content\/uploads\/2016\/06\/PiecesIdent_Fiche.jpg?resize=350%2C200&ssl=1","width":350,"height":200},"classes":[]},{"id":997,"url":"https:\/\/asurb.com\/asurb3\/?page_id=997","url_meta":{"origin":3846,"position":4},"title":"L&rsquo;absence","author":"webmaster","date":"12 octobre 2016","format":false,"excerpt":"De Nad\u00e8ge Delwend\u00e9 NARE\u00a0\u2013 Burkina Faso \u2013 2015 \u00a0 De Nad\u00e8ge Delwend\u00e9 NARE \u2013 Burkina Faso \u2013 2015 \u2013 13 min \u2013 fiction \u2013 couleur \u2013 VO fran\u00e7ais. Production\u00a0: Africalia\/Isis \u2013 SE \u2013 01 BP 647- Ouagadougou 01 \u2013 Burkina Faso \u2013t\u00e9l\u00a0:00226\/25344086 \u2013 courriel\u00a0: isisse.international\u00e0gmail.com. Prix du Tremplin Jeunes R\u00e9alisateurs\u2026","rel":"","context":"Article similaire","block_context":{"text":"Article similaire","link":""},"img":{"alt_text":"","src":"","width":0,"height":0},"classes":[]},{"id":466,"url":"https:\/\/asurb.com\/asurb3\/?page_id=466","url_meta":{"origin":3846,"position":5},"title":"U-Carmen","author":"webmaster","date":"5 juin 2016","format":false,"excerpt":"Afrique du Sud - 2005 - fiction - 20 min - couleur - VO parl\u00e9e et chant\u00e9e en xhosa STFR Ours d\u2019Or au Festival de Berlin en 2005 ; s\u00e9lectionn\u00e9 au FESPACO de Ouagadougou en 2007. Com\u00e9die musicale : adaptation de l\u2019op\u00e9ra \u00e9ponyme de Georges Bizet R\u00e9alisation : Mark Dornford-May\u2026","rel":"","context":"Article similaire","block_context":{"text":"Article similaire","link":""},"img":{"alt_text":"U-CARMEN_2_Fiche","src":"https:\/\/i0.wp.com\/asurb.com\/asurb3\/wp-content\/uploads\/2016\/06\/U-CARMEN_2_Fiche.jpg?resize=350%2C200&ssl=1","width":350,"height":200},"classes":[]}],"_links":{"self":[{"href":"https:\/\/asurb.com\/asurb3\/index.php?rest_route=\/wp\/v2\/pages\/3846","targetHints":{"allow":["GET"]}}],"collection":[{"href":"https:\/\/asurb.com\/asurb3\/index.php?rest_route=\/wp\/v2\/pages"}],"about":[{"href":"https:\/\/asurb.com\/asurb3\/index.php?rest_route=\/wp\/v2\/types\/page"}],"author":[{"embeddable":true,"href":"https:\/\/asurb.com\/asurb3\/index.php?rest_route=\/wp\/v2\/users\/1"}],"replies":[{"embeddable":true,"href":"https:\/\/asurb.com\/asurb3\/index.php?rest_route=%2Fwp%2Fv2%2Fcomments&post=3846"}],"version-history":[{"count":3,"href":"https:\/\/asurb.com\/asurb3\/index.php?rest_route=\/wp\/v2\/pages\/3846\/revisions"}],"predecessor-version":[{"id":3904,"href":"https:\/\/asurb.com\/asurb3\/index.php?rest_route=\/wp\/v2\/pages\/3846\/revisions\/3904"}],"up":[{"embeddable":true,"href":"https:\/\/asurb.com\/asurb3\/index.php?rest_route=\/wp\/v2\/pages\/26"}],"wp:attachment":[{"href":"https:\/\/asurb.com\/asurb3\/index.php?rest_route=%2Fwp%2Fv2%2Fmedia&parent=3846"}],"curies":[{"name":"wp","href":"https:\/\/api.w.org\/{rel}","templated":true}]}}