{"id":3866,"date":"2023-10-25T17:55:13","date_gmt":"2023-10-25T15:55:13","guid":{"rendered":"https:\/\/asurb.com\/asurb3\/?page_id=3866"},"modified":"2023-10-25T17:58:33","modified_gmt":"2023-10-25T15:58:33","slug":"ashkal-3","status":"publish","type":"page","link":"https:\/\/asurb.com\/asurb3\/?page_id=3866","title":{"rendered":"Amchilini (Choisis-moi)"},"content":{"rendered":"\n<p>De Allamine Kader KORA &#8211;\u00a0 Tchad, C\u00f4te-d&rsquo;Ivoire, France &#8211; 2023 &#8211; 69 minutes- Documentaire -VO arabe tchadien STF<\/p>\n<p>Sc\u00e9nario\u00a0: Allamine Kader Kora , Assistance de r\u00e9alisation\u00a0: MadjiyamLouange, M\u00e9lanie Nichakb\u00e9, Image :Aliou Thiam, H\u00e9l\u00e8ne Pot\u00e9 , Son : Christian Laotol Djedouboum, Montage :C\u00e9cile Boutain, Jean-Fran\u00e7ois Hautin, Mixage : Pierre-Emmanuel Guinois, \u00c9talonnage : Charles Dubouchet , Production\u00a0: Moussa Tidjani, Baptiste Brunner, \u00a0Production (structure) :Touma\u00ef Production<\/p>\n<p><em>S\u00e9lectionn\u00e9 en 2023 -en comp\u00e9tition officielle documentaire au FESPACO, -en comp\u00e9tition internationale au festival du film documentaire de Saint-Louis (S\u00e9n\u00e9gal)-au Panorama du Festival Cin\u00e9mas d&rsquo;Afrique \u00e0 Lausanne <\/em><\/p>\n<p><strong><span style=\"color: #ff0000;\">Synopsis<\/span> <br \/><\/strong><\/p>\n<p>Dans le canton de Boutefil aux portes du d\u00e9sert tchadien, l\u2019iman accuse les femmes c\u00e9libataires d\u2019\u00eatre \u00e0 l\u2019origine de la col\u00e8re divine qui s\u2019abat sur le village. Les chefs de villages d\u00e9cident d\u2019organiser une c\u00e9r\u00e9monie traditionnelle, l\u2019Amchilini, qui consiste \u00e0 obliger toutes les femmes non mari\u00e9es \u00e0 choisir un \u00e9poux. Mais des voix s\u2019\u00e9l\u00e8vent, surtout chez les jeunes filles, pour s\u2019opposer \u00e0 ce qu\u2019elles consid\u00e8rent comme une atteinte \u00e0 leur dignit\u00e9 et \u00e0 leur libert\u00e9. Elles revendiquent leurs droits d\u2019\u00e9galit\u00e9 et d\u2019autonomie par rapport aux hommes.<\/p>\n<p>\u00ab\u00a0Boutelfil est le village natal de Kader Allamine : il a l&rsquo;ancrage n\u00e9cessaire pour glisser sa cam\u00e9ra dans les r\u00e9unions de notables. Il capte la parole des hommes mais aussi celle des femmes qui parviennent \u00e0 s\u2019y incruster et usent d\u2019humour et d\u2019inventivit\u00e9 pour se faire entendre. Et il va les voir ensuite pour approfondir, t\u00e9moignant d&rsquo;un grand respect. C\u2019est savoureux et surtout d\u2019une profonde actualit\u00e9 : comment les hommes imposent une tradition qui leur est favorable, comment les femmes r\u00e9sistent pour d\u00e9velopper leur autonomie.Au fin fond du Tchad, malgr\u00e9 les limites de leur capacit\u00e9 d&rsquo;agir, l&rsquo;indocilit\u00e9 des femmes construit leur libert\u00e9.\u00a0\u00bb(Olivier Barlet)<\/p>\n<p>\u00a0<\/p>\n<p><span style=\"color: #ff0000;\"><strong>\u00a0<\/strong><strong>Le r\u00e9alisateur <\/strong><\/span><\/p>\n<p>Allamine Kader est un jeune r\u00e9alisateur tchadien dipl\u00f4m\u00e9 d\u2019un master 2 en r\u00e9alisation documentaire de cr\u00e9ation de l\u2019universit\u00e9 Gaston Berger de Saint- Louis, au S\u00e9n\u00e9gal. Apr\u00e8s quelques stages en Afrique et en Europe, il a r\u00e9alis\u00e9 plusieurs films documentaires s\u00e9lectionn\u00e9s dans des festivals en Afrique et en Europe. Apr\u00e8s <em>Faire le deuil<\/em> (2013) et <em>La Promesse du Biram<\/em> (2016), il r\u00e9alise <em>Amchillini<\/em>, en 2023, sur une pratique traditionnelle revivifi\u00e9e pour conjurer la s\u00e9cheresse.Il est formateur en r\u00e9alisation documentaire, membre de plusieurs jurys de festivals. Il a travaill\u00e9 \u00e0 la t\u00e9l\u00e9vision tchadienne de 2014 \u00e0 2020. Depuis juin 2023, il est repr\u00e9sentant des artistes tchadiens aupr\u00e8s de la HAMA (Haute Autorit\u00e9 des Medias et de l\u2019Audiovisuel).<\/p>\n","protected":false},"excerpt":{"rendered":"<p>De Allamine Kader KORA &#8211;\u00a0 Tchad, C\u00f4te-d&rsquo;Ivoire, France &#8211; 2023 &#8211; 69 minutes- Documentaire -VO arabe tchadien STF Sc\u00e9nario\u00a0: Allamine Kader Kora , Assistance de r\u00e9alisation\u00a0: MadjiyamLouange, M\u00e9lanie Nichakb\u00e9, Image [&hellip;]<\/p>\n","protected":false},"author":1,"featured_media":0,"parent":0,"menu_order":0,"comment_status":"closed","ping_status":"closed","template":"","meta":{"footnotes":""},"class_list":["post-3866","page","type-page","status-publish","hentry"],"jetpack_sharing_enabled":true,"jetpack_shortlink":"https:\/\/wp.me\/P7C6tF-10m","jetpack-related-posts":[{"id":3999,"url":"https:\/\/asurb.com\/asurb3\/?page_id=3999","url_meta":{"origin":3866,"position":0},"title":"L&rsquo;envoy\u00e9e de Dieu","author":"webmaster","date":"11 d\u00e9cembre 2023","format":false,"excerpt":"De Amina Abdoulaye Mamani - Niger\/Burkina Faso - 23 min - fiction -VOSTFEn comp\u00e9tition officielle au FESPACO 2023, ce court m\u00e9trage coproduit par Diam Production, Karekezi Film Production\u00a0et Tabou Production \u00a0a remport\u00e9 quatre prix sp\u00e9ciaux et une mention sp\u00e9ciale pour sa sensibilit\u00e9. Synopsis\u00a0 Le film retrace le parcours de Fatima,\u2026","rel":"","context":"Article similaire","block_context":{"text":"Article similaire","link":""},"img":{"alt_text":"","src":"","width":0,"height":0},"classes":[]},{"id":4601,"url":"https:\/\/asurb.com\/asurb3\/?page_id=4601","url_meta":{"origin":3866,"position":1},"title":"Takalayokos, les gardiennes du fleuve","author":"webmaster","date":"7 septembre 2025","format":false,"excerpt":"De Hassani\u00e9 Mahamat Ibrahim - Niger, Burkina Faso - 2024 - 13 min \u2013 Documentaire \u2013 VO STF \u00a0\u00c9criture et r\u00e9alisation :\u00a0 Hassani\u00e9 Mahamat IbrahimImage : Harouna Garba Zakari - Son : Amidou Ibrahim, Hassani\u00e9 Mahamat IbrahimMontage : Zady Befor - Musique originale : Aichatou Ali SoumailaProduction (structure) : HF\u2026","rel":"","context":"Article similaire","block_context":{"text":"Article similaire","link":""},"img":{"alt_text":"","src":"https:\/\/i0.wp.com\/asurb.com\/asurb3\/wp-content\/uploads\/2025\/10\/6C32A7FE0FB342C391AD387518316512-196x300.jpg?resize=350%2C200&ssl=1","width":350,"height":200},"classes":[]},{"id":198,"url":"https:\/\/asurb.com\/asurb3\/?page_id=198","url_meta":{"origin":3866,"position":2},"title":"Daratt ( saison s\u00e8che )","author":"webmaster","date":"4 juin 2016","format":false,"excerpt":"De Mahamat-Saleh HAROUN - 95 min -Tchad - 2006 - VF et arabe tchadien STF Fiction - couleur - 35mm - version fran\u00e7aise et arabe tchadien sous titr\u00e9e en fran\u00e7ais Sc\u00e9nario : Mahamat-Saleh Haroun ; Images : Abraham Hail\u00e9 Biru ; Montage : Marie-H\u00e9l\u00e8ne Dozo; Musique : Wasis Diop; Son:\u2026","rel":"","context":"Article similaire","block_context":{"text":"Article similaire","link":""},"img":{"alt_text":"Daratt_Fiche","src":"https:\/\/i0.wp.com\/asurb.com\/asurb3\/wp-content\/uploads\/2016\/06\/Daratt_Fiche.jpg?resize=350%2C200&ssl=1","width":350,"height":200},"classes":[]},{"id":305,"url":"https:\/\/asurb.com\/asurb3\/?page_id=305","url_meta":{"origin":3866,"position":3},"title":"La vie n&rsquo;est pas immobile","author":"webmaster","date":"4 juin 2016","format":false,"excerpt":"S\u00e9n\u00e9gal - 2011 - 54 min - documentaire - couleur - VOSTF R\u00e9alisation : Alassane Diago ; Image : Alassane Diago, Fabacary Coly ; Montage : Annie Waks ; Son : Alassane Diago, Adama Diarra ; Production : Corto Pacific, Inzo Ya Bizizi, Quizas Productions ; Distribution : Corto Pacific\u2026","rel":"","context":"Article similaire","block_context":{"text":"Article similaire","link":""},"img":{"alt_text":"la-vie-nest-pas_fiche","src":"https:\/\/i0.wp.com\/asurb.com\/asurb3\/wp-content\/uploads\/2016\/06\/la-vie-nest-pas_fiche.jpg?resize=350%2C200&ssl=1","width":350,"height":200},"classes":[]},{"id":989,"url":"https:\/\/asurb.com\/asurb3\/?page_id=989","url_meta":{"origin":3866,"position":4},"title":"Dans ma t\u00eate un rond-point","author":"webmaster","date":"12 octobre 2016","format":false,"excerpt":"De Hassen FERHANI \u00a0-\u00a0Alg\u00e9rie \u2013 2015 De Hassen FERHANI -\u00a0Alg\u00e9rie \u2013 2015 \u2013 100 min \u2013 documentaire - couleur \u2013 DCP - VOSTF. Image : Hassen Ferhani \u2013 Son\u00a0: Djamel Kerkar \u2013 Montage\u00a0: Narimane Mari, Hassen Ferhani, Corentin Doucet, Myriam Ay\u00e7aguer \u2013 Production\u00a0: Allers Retours Films, Centrale \u00c9lectrique \u2013 Distribution\u00a0:\u2026","rel":"","context":"Article similaire","block_context":{"text":"Article similaire","link":""},"img":{"alt_text":"rond-point","src":"https:\/\/i0.wp.com\/asurb.com\/asurb3\/wp-content\/uploads\/2016\/10\/rond-point-300x169.jpg?resize=350%2C200&ssl=1","width":350,"height":200},"classes":[]},{"id":1928,"url":"https:\/\/asurb.com\/asurb3\/?page_id=1928","url_meta":{"origin":3866,"position":5},"title":"Lettre \u00e0 Paxy","author":"webmaster","date":"29 novembre 2017","format":false,"excerpt":"De Tshoper KABAMBI RDC \u2013 2017 \u2013 13 min \u2013 documentaire \u2013 VO fran\u00e7ais\u00a0\u00a0\u00a0\u00a0\u00a0\u00a0\u00a0\u00a0\u00a0\u00a0\u00a0\u00a0\u00a0\u00a0\u00a0\u00a0\u00a0\u00a0\u00a0\u00a0\u00a0\u00a0\u00a0\u00a0\u00a0\u00a0\u00a0\u00a0\u00a0\u00a0\u00a0\u00a0\u00a0\u00a0\u00a0\u00a0\u00a0\u00a0\u00a0\u00a0\u00a0\u00a0\u00a0\u00a0\u00a0\u00a0\u00a0\u00a0\u00a0\u00a0\u00a0\u00a0\u00a0\u00a0\u00a0\u00a0\u00a0\u00a0\u00a0\u00a0\u00a0\u00a0\u00a0\u00a0\u00a0\u00a0\u00a0\u00a0\u00a0\u00a0\u00a0\u00a0\u00a0\u00a0\u00a0\u00a0\u00a0\u00a0\u00a0\u00a0\u00a0\u00a0\u00a0\u00a0\u00a0\u00a0\u00a0\u00a0\u00a0\u00a0\u00a0\u00a0\u00a0\u00a0\u00a0\u00a0\u00a0\u00a0\u00a0\u00a0\u00a0\u00a0\u00a0\u00a0\u00a0\u00a0\u00a0\u00a0\u00a0\u00a0\u00a0\u00a0\u00a0\u00a0 R\u00e9alisation et Production : Tshoper KABAMBI -Image : Jean Ahonto, Tshoper KABAMBI - Son : Tshoper kabambi -Montage : Tshoper KABAMBI -Musique : bande son libre \u2013 Bimpa production. Synopsis A toi ma petite fille bien\u2026","rel":"","context":"Article similaire","block_context":{"text":"Article similaire","link":""},"img":{"alt_text":"","src":"","width":0,"height":0},"classes":[]}],"_links":{"self":[{"href":"https:\/\/asurb.com\/asurb3\/index.php?rest_route=\/wp\/v2\/pages\/3866","targetHints":{"allow":["GET"]}}],"collection":[{"href":"https:\/\/asurb.com\/asurb3\/index.php?rest_route=\/wp\/v2\/pages"}],"about":[{"href":"https:\/\/asurb.com\/asurb3\/index.php?rest_route=\/wp\/v2\/types\/page"}],"author":[{"embeddable":true,"href":"https:\/\/asurb.com\/asurb3\/index.php?rest_route=\/wp\/v2\/users\/1"}],"replies":[{"embeddable":true,"href":"https:\/\/asurb.com\/asurb3\/index.php?rest_route=%2Fwp%2Fv2%2Fcomments&post=3866"}],"version-history":[{"count":2,"href":"https:\/\/asurb.com\/asurb3\/index.php?rest_route=\/wp\/v2\/pages\/3866\/revisions"}],"predecessor-version":[{"id":3869,"href":"https:\/\/asurb.com\/asurb3\/index.php?rest_route=\/wp\/v2\/pages\/3866\/revisions\/3869"}],"wp:attachment":[{"href":"https:\/\/asurb.com\/asurb3\/index.php?rest_route=%2Fwp%2Fv2%2Fmedia&parent=3866"}],"curies":[{"name":"wp","href":"https:\/\/api.w.org\/{rel}","templated":true}]}}