{"id":3922,"date":"2023-11-15T13:58:00","date_gmt":"2023-11-15T12:58:00","guid":{"rendered":"https:\/\/asurb.com\/asurb3\/?page_id=3922"},"modified":"2023-12-03T13:59:02","modified_gmt":"2023-12-03T12:59:02","slug":"bande-annonce-du-festival-2023","status":"publish","type":"page","link":"https:\/\/asurb.com\/asurb3\/?page_id=3922","title":{"rendered":"Bande annonce du festival 2023"},"content":{"rendered":"\n<div style=\"width: 900px;\" class=\"wp-video\"><!--[if lt IE 9]><script>document.createElement('video');<\/script><![endif]-->\n<video class=\"wp-video-shortcode\" id=\"video-3922-1\" width=\"900\" height=\"506\" preload=\"metadata\" controls=\"controls\"><source type=\"video\/mp4\" src=\"https:\/\/asurb.com\/asurb3\/wp-content\/uploads\/2023\/10\/2023-BA-cineregards-2_1.mp4?_=1\" \/><a href=\"https:\/\/asurb.com\/asurb3\/wp-content\/uploads\/2023\/10\/2023-BA-cineregards-2_1.mp4\">https:\/\/asurb.com\/asurb3\/wp-content\/uploads\/2023\/10\/2023-BA-cineregards-2_1.mp4<\/a><\/video><\/div>\n","protected":false},"excerpt":{"rendered":"","protected":false},"author":1,"featured_media":0,"parent":0,"menu_order":0,"comment_status":"closed","ping_status":"closed","template":"","meta":{"footnotes":""},"class_list":["post-3922","page","type-page","status-publish","hentry"],"jetpack_sharing_enabled":true,"jetpack_shortlink":"https:\/\/wp.me\/P7C6tF-11g","jetpack-related-posts":[{"id":203,"url":"https:\/\/asurb.com\/asurb3\/?page_id=203","url_meta":{"origin":3922,"position":0},"title":"Dirty laundry","author":"webmaster","date":"4 juin 2016","format":false,"excerpt":"Afrique du Sud - 2010 - fiction - 16 min - couleur - VO en afrikaans, anglais et zoulou STFR Prix du meilleur court-m\u00e9trage et prix du meilleur court-m\u00e9trage sud-africain au festival international de Durban (2011). Mention sp\u00e9ciale du jury lyc\u00e9ens au festival Cin\u00e9Sud (2012) R\u00e9alisation : Stephen Abbott Sc\u00e9nario\u2026","rel":"","context":"Article similaire","block_context":{"text":"Article similaire","link":""},"img":{"alt_text":"DIRTY-LAUNDRY_2_Fiche","src":"https:\/\/i0.wp.com\/asurb.com\/asurb3\/wp-content\/uploads\/2016\/06\/DIRTY-LAUNDRY_2_Fiche.jpg?resize=350%2C200&ssl=1","width":350,"height":200},"classes":[]},{"id":3846,"url":"https:\/\/asurb.com\/asurb3\/?page_id=3846","url_meta":{"origin":3922,"position":1},"title":"Kelasi","author":"webmaster","date":"15 octobre 2023","format":false,"excerpt":"De Fransix Tenda Lomba \u2013 RDC \u2013 2021 \u2013 10\u2032 \u2013 documentaire Production \/ distribution : Atelier Graphoui - http:\/\/www.graphoui.org Boulevard Emile Bockstaellaan 88 B-1020 Bruxelles\u00a0 Belgique - tel : 32 2 537 23 74 Poulain de Bronze au FESPACO - Festival Panafricain du Cin\u00e9ma et de la T\u00e9l\u00e9vision de\u2026","rel":"","context":"Article similaire","block_context":{"text":"Article similaire","link":""},"img":{"alt_text":"","src":"","width":0,"height":0},"classes":[]},{"id":432,"url":"https:\/\/asurb.com\/asurb3\/?page_id=432","url_meta":{"origin":3922,"position":2},"title":"Sauver Rama","author":"webmaster","date":"5 juin 2016","format":false,"excerpt":"De Tahirou Tass\u00e9r\u00e9 OU\u00c9DRAOGO - 15 min - 2009 - Burkina Faso Fiction - couleur - 35mm - version originale en fran\u00e7ais \u2013 fiction (drame) ; Sc\u00e9nario : Tahirou Tass\u00e9r\u00e9 Ou\u00e9draogo ; Image : Hugues Poulain ; Montage : Marie-Pierre Renend ; Musique : Hector Zazou ; Son : Issa\u2026","rel":"","context":"Article similaire","block_context":{"text":"Article similaire","link":""},"img":{"alt_text":"SauverRama_Fiche","src":"https:\/\/i0.wp.com\/asurb.com\/asurb3\/wp-content\/uploads\/2016\/06\/SauverRama_Fiche.jpg?resize=350%2C200&ssl=1","width":350,"height":200},"classes":[]},{"id":2573,"url":"https:\/\/asurb.com\/asurb3\/?page_id=2573","url_meta":{"origin":3922,"position":3},"title":"Mabata Bata","author":"webmaster","date":"8 octobre 2019","format":false,"excerpt":"Mabata Bata de Sol de Carvalho \u2013 Mozambique \u2013 2017 - 74 min \u2013 Fiction \u2013 VOSTF \u00a0Prix de la meilleure image et du meilleur montage au FESPACO 2019 Sc\u00e9nario : Sol de Carvalho, Jos\u00e9 Magro - Image : Jorge Quintela - Montage : Andr\u00e9 Guiomar - Son : Dinis\u2026","rel":"","context":"Article similaire","block_context":{"text":"Article similaire","link":""},"img":{"alt_text":"","src":"","width":0,"height":0},"classes":[]},{"id":4571,"url":"https:\/\/asurb.com\/asurb3\/?page_id=4571","url_meta":{"origin":3922,"position":4},"title":"Pie dan lo","author":"webmaster","date":"6 septembre 2025","format":false,"excerpt":"De KIM YIP TONG \u2013 France, Ile Maurice \u2013 2024 \u2013 14 min \u2013 animation \u2013 couleur- VO cr\u00e9ole mauricien STFR Fiche technique Ecriture\u00a0 et image : Kim Yip Tong.Son :\u00a0 Pierre Georges, Isseyen Sannassy Pily \u2013 Montage : Kim Yip Tong \u2013 Animation : Kim Yip Tong, P\u00e9n\u00e9lope Camus,\u2026","rel":"","context":"Article similaire","block_context":{"text":"Article similaire","link":""},"img":{"alt_text":"","src":"https:\/\/i0.wp.com\/asurb.com\/asurb3\/wp-content\/uploads\/2025\/10\/pie-dan-lo-212x300.jpg?resize=350%2C200&ssl=1","width":350,"height":200},"classes":[]},{"id":3250,"url":"https:\/\/asurb.com\/asurb3\/?page_id=3250","url_meta":{"origin":3922,"position":5},"title":"Machini","author":"webmaster","date":"12 janvier 2022","format":false,"excerpt":"De Frank MUKUNDAY, T\u00e9tshim TETSCHIN \u2013 RD Congo\/Belgique - 2019 -10 min -Animation\/documentaire \u2013 couleur \u2013 Sc\u00e9nario, Image, Animation\u00a0: Frank Mukunday, T\u00e9tshim T\u00e9tshim \u2013 Son\u00a0: Cyril Moss\u00e9 -Montage\u00a0: \u00a0Caroline Nugues-Bourchat, Frank Mukunday \u2013 Texte\u00a0: \u00a0Fiston Mwanza Mujila \u2013 Voix\u00a0: Vhan Olsen Dombo - Musique\u00a0: \u00a0Francesco Nchikala. \u00a0\u00a0\u00a0\u00a0\u00a0\u00a0\u00a0\u00a0Production\u00a0:Ellen Meiresonne (Atelier Graphoui),\u2026","rel":"","context":"Article similaire","block_context":{"text":"Article similaire","link":""},"img":{"alt_text":"","src":"","width":0,"height":0},"classes":[]}],"_links":{"self":[{"href":"https:\/\/asurb.com\/asurb3\/index.php?rest_route=\/wp\/v2\/pages\/3922","targetHints":{"allow":["GET"]}}],"collection":[{"href":"https:\/\/asurb.com\/asurb3\/index.php?rest_route=\/wp\/v2\/pages"}],"about":[{"href":"https:\/\/asurb.com\/asurb3\/index.php?rest_route=\/wp\/v2\/types\/page"}],"author":[{"embeddable":true,"href":"https:\/\/asurb.com\/asurb3\/index.php?rest_route=\/wp\/v2\/users\/1"}],"replies":[{"embeddable":true,"href":"https:\/\/asurb.com\/asurb3\/index.php?rest_route=%2Fwp%2Fv2%2Fcomments&post=3922"}],"version-history":[{"count":1,"href":"https:\/\/asurb.com\/asurb3\/index.php?rest_route=\/wp\/v2\/pages\/3922\/revisions"}],"predecessor-version":[{"id":3923,"href":"https:\/\/asurb.com\/asurb3\/index.php?rest_route=\/wp\/v2\/pages\/3922\/revisions\/3923"}],"wp:attachment":[{"href":"https:\/\/asurb.com\/asurb3\/index.php?rest_route=%2Fwp%2Fv2%2Fmedia&parent=3922"}],"curies":[{"name":"wp","href":"https:\/\/api.w.org\/{rel}","templated":true}]}}