{"id":3999,"date":"2023-12-11T09:32:04","date_gmt":"2023-12-11T08:32:04","guid":{"rendered":"https:\/\/asurb.com\/asurb3\/?page_id=3999"},"modified":"2023-12-11T09:32:04","modified_gmt":"2023-12-11T08:32:04","slug":"143-rue-du-desert-14-2","status":"publish","type":"page","link":"https:\/\/asurb.com\/asurb3\/?page_id=3999","title":{"rendered":"L&rsquo;envoy\u00e9e de Dieu"},"content":{"rendered":"\n<p>De Amina Abdoulaye Mamani &#8211; Niger\/Burkina Faso &#8211; 23 min &#8211; fiction -VOSTF<br>En comp\u00e9tition officielle au FESPACO 2023, ce court m\u00e9trage coproduit par Diam Production, Karekezi Film Production\u00a0et Tabou Production \u00a0a remport\u00e9 quatre prix sp\u00e9ciaux et une mention sp\u00e9ciale pour sa sensibilit\u00e9.<\/p>\n\n\n\n<h4 class=\"wp-block-heading\"><span style=\"color: #ff0000;\">Synopsis&nbsp;<\/span><\/h4>\n\n\n\n<p>Le film retrace le parcours de Fatima, une fille \u00e2g\u00e9e d\u2019une dizaine d\u2019ann\u00e9e, kidnapp\u00e9e par des terroristes et embrigad\u00e9e pour commettre sa premi\u00e8re et unique op\u00e9ration kamikaze sur un march\u00e9 o\u00f9 se trouve sa m\u00e8re. Mais s\u2019<strong>e<\/strong>st sans compter avec la force mentale de la jeune fille. <\/p>\n\n\n\n<h4 class=\"wp-block-heading\"><span style=\"color: #ff0000;\">La r\u00e9alisat<\/span>rice<\/h4>\n\n\n\n<p>Amina Abdoulaye MAMANI est r\u00e9alisatrice, sc\u00e9nariste et productrice. Sa passion pour le cin\u00e9ma l\u2019am\u00e8ne tr\u00e8s vite \u00e0 faire une formation au Forum Africain du Film Documentaire de Niamey en 2008.<br>En 2012, elle termine ses \u00e9tudes \u00e0 l\u2019IFTIC (Institut de Formation aux Techniques de l\u2019Information et de la Communisation) \u00e0 Niamey au Niger.<br><br>Amina Abdoulaye MAMANI d\u00e9bute au cin\u00e9ma avec son documentaire de fin d\u2019\u00e9tudes\u00a0<em>Hawan idi<\/em>\u00a0qui a remport\u00e9 le 1er prix du meilleur film documentaire des \u00e9coles au Fespaco 2013.<br>Elle multiplie alors stages et formations pour se construire une carri\u00e8re cin\u00e9matographique : T\u00e9l\u00e9 Sahel (au service production et r\u00e9alisation), Agence inter-m\u00e9dia au Niger et principalement chez Cinedoc films en France ou elle a pass\u00e9 un an pour une formation \u00e0 l\u2019\u00e9criture et \u00e0 la r\u00e9alisation de documentaire d\u2019auteur, d\u2019ou elle r\u00e9alise, \u00ab\u00a0Le silence des papiers\u00a0\u00bb, 26mn.<br>En 2018, apr\u00e8s un long travail de recherche, elle signe \u00ab\u00a0Sur les traces de Mamani Abdoulaye\u00a0\u00bb, son premier long m\u00e9trage documentaire (un film portrait de son p\u00e8re). S\u00e9lectionn\u00e9 \u00e0 une quinzaine de festivals internationaux, mention sp\u00e9ciale du jury au Festival International du Cin\u00e9ma Engag\u00e9 d\u2019Alger, Prix TV 5 du meilleur long m\u00e9trage au Festival Documentaire de Saint Louis\/S\u00e9n\u00e9gal. Ce film est \u00e9galement diffus\u00e9 dans des universit\u00e9s dans un cadre acad\u00e9mique : Africain Studies Centre Leiden University Pays-Bas, University of Toronto.<br>Elle co-produit le court-m\u00e9trage TAAJABONE (F. Batithily, Prix Annette Mbaye d\u2019Erneville \u00e0 Dakar court 2021), en tant que Productrice Associ\u00e9e.<br>En 2019, elle ach\u00e8ve une formation en production chez Cin\u00e9kap au S\u00e9n\u00e9gal et int\u00e8gre l\u2019\u00e9quipe de KOUDOUGOU Doc en 2020.<br><br><\/p>\n\n\n\n<p><br><\/p>\n","protected":false},"excerpt":{"rendered":"<p>De Amina Abdoulaye Mamani &#8211; Niger\/Burkina Faso &#8211; 23 min &#8211; fiction -VOSTFEn comp\u00e9tition officielle au FESPACO 2023, ce court m\u00e9trage coproduit par Diam Production, Karekezi Film Production\u00a0et Tabou Production [&hellip;]<\/p>\n","protected":false},"author":1,"featured_media":0,"parent":26,"menu_order":0,"comment_status":"closed","ping_status":"closed","template":"","meta":{"footnotes":""},"class_list":["post-3999","page","type-page","status-publish","hentry"],"jetpack_sharing_enabled":true,"jetpack_shortlink":"https:\/\/wp.me\/P7C6tF-12v","jetpack-related-posts":[{"id":4601,"url":"https:\/\/asurb.com\/asurb3\/?page_id=4601","url_meta":{"origin":3999,"position":0},"title":"Takalayokos, les gardiennes du fleuve","author":"webmaster","date":"7 septembre 2025","format":false,"excerpt":"De Hassani\u00e9 Mahamat Ibrahim - Niger, Burkina Faso - 2024 - 13 min \u2013 Documentaire \u2013 VO STF \u00a0\u00c9criture et r\u00e9alisation :\u00a0 Hassani\u00e9 Mahamat IbrahimImage : Harouna Garba Zakari - Son : Amidou Ibrahim, Hassani\u00e9 Mahamat IbrahimMontage : Zady Befor - Musique originale : Aichatou Ali SoumailaProduction (structure) : HF\u2026","rel":"","context":"Article similaire","block_context":{"text":"Article similaire","link":""},"img":{"alt_text":"","src":"https:\/\/i0.wp.com\/asurb.com\/asurb3\/wp-content\/uploads\/2025\/10\/6C32A7FE0FB342C391AD387518316512-196x300.jpg?resize=350%2C200&ssl=1","width":350,"height":200},"classes":[]},{"id":2514,"url":"https:\/\/asurb.com\/asurb3\/?page_id=2514","url_meta":{"origin":3999,"position":1},"title":"Duga (Les Charognards)","author":"webmaster","date":"18 septembre 2019","format":false,"excerpt":"De Abdoulaye DAO et Herv\u00e9 Eric LENGANI - Burkina Faso \u2013 2018 \u2013 95 min \u2013 fiction \u2013 couleur \u2013 DCP \u2013 VO STF Sc\u00e9nario : Guy D\u00e9sir\u00e9 Yam\u00e9ogo - Image : Paul Djibila, Alidou Badini,Hyacinthe Combary - Montage : Jean Constant Kabor\u00e9, B\u00e8de Modeste Ganafe-Mofedogna - Musique : Seydou\u2026","rel":"","context":"Article similaire","block_context":{"text":"Article similaire","link":""},"img":{"alt_text":"","src":"","width":0,"height":0},"classes":[]},{"id":678,"url":"https:\/\/asurb.com\/asurb3\/?page_id=678","url_meta":{"origin":3999,"position":2},"title":"Des \u00e9toiles","author":"webmaster","date":"15 juin 2016","format":false,"excerpt":"De Dyana GAYE - 88 min\u00a0 - S\u00e9n\u00e9gal\/France - 2013 - fiction - couleur - VO\u00a0 anglais,italien, wolof, fran\u00e7ais STF - DCP R\u00e9alisation Dyana GAYE. Sc\u00e9nario : C\u00e9cile Vargaftig et Dyana Gaye ; Image : Irina Lubtchansky ; Musique : Baptiste Bouquin ; Montage : Gwen Mallauran ; Interpr\u00e9tation :\u2026","rel":"","context":"Article similaire","block_context":{"text":"Article similaire","link":""},"img":{"alt_text":"","src":"","width":0,"height":0},"classes":[]},{"id":2847,"url":"https:\/\/asurb.com\/asurb3\/?page_id=2847","url_meta":{"origin":3999,"position":3},"title":"Rafiki","author":"webmaster","date":"12 ao\u00fbt 2020","format":false,"excerpt":"RAFIKI - De Wanuri KAHIU \u2013 Kenya \u2013 2018 - 82 min \u2013 fiction \u2013 couleur -VOSTF Sc\u00e9nario\u00a0: Jenna Cato Bass et Wanuri Kahiu \u00a0- Directeur de la photo\u00a0: Christopher Wessels - Montage\u00a0: Isabelle Dedieu et Ronelle Loots \u00a0\u2013 Interpr\u00e9tation\u00a0: Samantha Mugatsia, Sheila Munyiva, Jimmi Gathu, Nini Wacera, Dennis Musyoka\u2026","rel":"","context":"Article similaire","block_context":{"text":"Article similaire","link":""},"img":{"alt_text":"","src":"","width":0,"height":0},"classes":[]},{"id":2633,"url":"https:\/\/asurb.com\/asurb3\/?page_id=2633","url_meta":{"origin":3999,"position":4},"title":"Jusqu&rsquo;\u00e0 la fin des temps","author":"webmaster","date":"9 octobre 2019","format":false,"excerpt":"JUSQU\u2019A LA FIN DES TEMPS\u00a0 de Yasmine CHOUIKH \u2013 Alg\u00e9rie \u2013 2017 - 93 min - Fiction - Couleur \u2013 VO STF Sc\u00e9nario : Yasmine Chouikh - Image : Semcheddine Touzene - Son : Hamid Bouziane - Montage : Yamina Bachir - D\u00e9cors : Ayoub Kerkab - Costumes : Nawel\u2026","rel":"","context":"Article similaire","block_context":{"text":"Article similaire","link":""},"img":{"alt_text":"","src":"","width":0,"height":0},"classes":[]},{"id":663,"url":"https:\/\/asurb.com\/asurb3\/?page_id=663","url_meta":{"origin":3999,"position":5},"title":"Dix mille neuf cent quarante neuf (10949) femmes","author":"webmaster","date":"14 juin 2016","format":false,"excerpt":"De Nassima GUESSOUM - 75 min - Alg\u00e9rie - 2014 De Nassima GUESSOUM - Alg\u00e9rie - 2014 - 75 min - documentaire - couleur - DCP -\u00a0 version originale en fran\u00e7ais et en arabe sous-titr\u00e9e en fran\u00e7ais Sc\u00e9nario : Nassima GUESSOUM - Image : Houssem BOKHARI, Nassima GUESSOUM - Son:\u2026","rel":"","context":"Article similaire","block_context":{"text":"Article similaire","link":""},"img":{"alt_text":"","src":"","width":0,"height":0},"classes":[]}],"_links":{"self":[{"href":"https:\/\/asurb.com\/asurb3\/index.php?rest_route=\/wp\/v2\/pages\/3999","targetHints":{"allow":["GET"]}}],"collection":[{"href":"https:\/\/asurb.com\/asurb3\/index.php?rest_route=\/wp\/v2\/pages"}],"about":[{"href":"https:\/\/asurb.com\/asurb3\/index.php?rest_route=\/wp\/v2\/types\/page"}],"author":[{"embeddable":true,"href":"https:\/\/asurb.com\/asurb3\/index.php?rest_route=\/wp\/v2\/users\/1"}],"replies":[{"embeddable":true,"href":"https:\/\/asurb.com\/asurb3\/index.php?rest_route=%2Fwp%2Fv2%2Fcomments&post=3999"}],"version-history":[{"count":1,"href":"https:\/\/asurb.com\/asurb3\/index.php?rest_route=\/wp\/v2\/pages\/3999\/revisions"}],"predecessor-version":[{"id":4008,"href":"https:\/\/asurb.com\/asurb3\/index.php?rest_route=\/wp\/v2\/pages\/3999\/revisions\/4008"}],"up":[{"embeddable":true,"href":"https:\/\/asurb.com\/asurb3\/index.php?rest_route=\/wp\/v2\/pages\/26"}],"wp:attachment":[{"href":"https:\/\/asurb.com\/asurb3\/index.php?rest_route=%2Fwp%2Fv2%2Fmedia&parent=3999"}],"curies":[{"name":"wp","href":"https:\/\/api.w.org\/{rel}","templated":true}]}}