{"id":401,"date":"2016-06-05T16:08:29","date_gmt":"2016-06-05T14:08:29","guid":{"rendered":"http:\/\/www.test.asurb.com\/?page_id=401"},"modified":"2016-06-05T16:08:29","modified_gmt":"2016-06-05T14:08:29","slug":"ouaga-saga","status":"publish","type":"page","link":"https:\/\/asurb.com\/asurb3\/?page_id=401","title":{"rendered":"Ouaga saga"},"content":{"rendered":"<p style=\"text-align: justify;\"><a href=\"https:\/\/i0.wp.com\/asurb.com\/asurb3\/wp-content\/uploads\/2016\/06\/OuagaSaga_Fiche.jpg?ssl=1\"><img data-recalc-dims=\"1\" loading=\"lazy\" decoding=\"async\" data-attachment-id=\"402\" data-permalink=\"https:\/\/asurb.com\/asurb3\/?attachment_id=402\" data-orig-file=\"https:\/\/i0.wp.com\/asurb.com\/asurb3\/wp-content\/uploads\/2016\/06\/OuagaSaga_Fiche.jpg?fit=250%2C138&amp;ssl=1\" data-orig-size=\"250,138\" data-comments-opened=\"1\" data-image-meta=\"{&quot;aperture&quot;:&quot;0&quot;,&quot;credit&quot;:&quot;&quot;,&quot;camera&quot;:&quot;&quot;,&quot;caption&quot;:&quot;&quot;,&quot;created_timestamp&quot;:&quot;0&quot;,&quot;copyright&quot;:&quot;&quot;,&quot;focal_length&quot;:&quot;0&quot;,&quot;iso&quot;:&quot;0&quot;,&quot;shutter_speed&quot;:&quot;0&quot;,&quot;title&quot;:&quot;&quot;,&quot;orientation&quot;:&quot;0&quot;}\" data-image-title=\"OuagaSaga_Fiche\" data-image-description=\"\" data-image-caption=\"\" data-large-file=\"https:\/\/i0.wp.com\/asurb.com\/asurb3\/wp-content\/uploads\/2016\/06\/OuagaSaga_Fiche.jpg?fit=250%2C138&amp;ssl=1\" class=\"size-full wp-image-402 alignnone\" src=\"https:\/\/i0.wp.com\/asurb.com\/asurb3\/wp-content\/uploads\/2016\/06\/OuagaSaga_Fiche.jpg?resize=250%2C138&#038;ssl=1\" alt=\"OuagaSaga_Fiche\" width=\"250\" height=\"138\" \/><\/a><\/p>\n<p style=\"text-align: justify;\"><strong>De Dani KOUYAT\u00c9 \u2013 85 min \u2013 Burkina Faso \u2013 2004 \u2013 VF<\/strong><\/p>\n<p style=\"text-align: justify;\">Fiction \u2013 couleur \u2013 Beta num \u2013 Version fran\u00e7aise<br \/>\nPrix sp\u00e9cial \u00ab Graine de Baobab-Wand\u00e9 \u00bb au FESPACO* 2005<br \/>\nSc\u00e9nario et dialogues : Michel Mifsud, Jean-Denis Berenbaum ; Image : Jean-Claude Schifrine ; Montage : Jean-Daniel Fernandez ; Musique : Moctar Samba ; Son : Francis Baldos ; D\u00e9cors : Papa Kouyat\u00e9 ; Interpr\u00e9tation : Amidou Bonsa, S\u00e9bastien B\u00e9lem, Aguibou Sanou ; Production : PM Audiovisuel, Sah\u00e9lis, avec la contribution du Central National de la Cin\u00e9matographie, du Minist\u00e8re des Affaires Etrang\u00e8res et de l\u2019Agence Intergouvernementale de la Francophonie ;<br \/>\nDistribution : Agn\u00e8s Datin (t\u00e9l : 33 (0)1 55 20 12 24 ; courriel : agnesdatin@hotmail.com).<\/p>\n<p style=\"text-align: justify;\"><em>* Festival Panafricain du Cin\u00e9ma et de la t\u00e9l\u00e9vision qui se d\u00e9roule tous les 2 ans \u00e0 Ouagadougou (Burkina Faso)<\/em><\/p>\n<h4 style=\"text-align: justify;\"><span style=\"color: #ff0000;\">Synopsis<\/span><\/h4>\n<p style=\"text-align: justify;\">Ouagadougou, capitale du Burkina-Faso. Dans l\u2019un des quartiers d\u00e9munis de la ville, des jeunes tentent de survivre par tous les moyens : combines, larcins et petits boulots, tout est bon pour garder l\u2019espoir, et avec la plus grande ing\u00e9niosit\u00e9 ! Mais surtout, ils ne se d\u00e9partissent jamais de leur solidarit\u00e9, quel que soit le destin des uns et des autres.<br \/>\n\u00ab Ouaga Saga \u00bb est un conte moderne, un hommage \u00e0 la ville de Ouagadougou et \u00e0 ses habitants, \u00ab \u00e0 cet univers positif et jovial, la folie de vivre, l\u2019amour du cin\u00e9ma, l\u2019art du syst\u00e8me D comme d\u00e9brouille \u00bb affirme le r\u00e9alisateur Dani Kouyat\u00e9. C\u2019est une com\u00e9die au ton r\u00e9solument positif, travers\u00e9e \u00ab d\u2019effets sp\u00e9ciaux sublimes qui donnent une ambiance magique, un c\u00f4t\u00e9 de r\u00eave dans cette vie peu commune pour notre soci\u00e9t\u00e9 capitaliste \u00bb (Myriam Tacq, Objectifmag)<\/p>\n<h4 style=\"text-align: justify;\"><span style=\"color: #ff0000;\">Le r\u00e9alisateur<\/span><\/h4>\n<p style=\"text-align: justify;\">N\u00e9 \u00e0 Bobo Dioulasso le 4 juin 1961, Dani Kouyat\u00e9 est issu d\u2019une famille de griots, et se retrouve tr\u00e8s jeune en contact avec le monde du spectacle. Il fait des \u00e9tudes de cin\u00e9ma \u00e0 Ouagadougou, puis \u00e0 Paris o\u00f9 il est \u00e9galement dipl\u00f4m\u00e9 d\u2019anthropologie.<br \/>\nIl combine des activit\u00e9s au th\u00e9\u00e2tre tout d\u2019abord, o\u00f9 il est autant com\u00e9dien que metteur en sc\u00e8ne, conteur et musicien, en particulier dans le spectacle familial de son p\u00e8re \u00ab La Voix du Griot \u00bb ; puis il r\u00e9alise son premier court-m\u00e9trage \u00ab Bilakoro \u00bb en 1989. En 1995, c\u2019est son premier long, \u00ab Ke\u00efta ! L\u2019h\u00e9ritage du Griot \u00bb, un film \u00e0 la fois divertissant et p\u00e9dagogique sur la l\u00e9gende du fondateur de l\u2019Empire Mandingue, Soundjata Ke\u00efta. Il obtient de nombreuses r\u00e9compenses.<br \/>\nApr\u00e8s un passage par la t\u00e9l\u00e9vision et un retour au th\u00e9\u00e2tre, il d\u00e9cide de tourner son troisi\u00e8me long-m\u00e9trage, \u00ab Ouaga Saga \u00bb (2004), avec la technologie du num\u00e9rique.<\/p>\n","protected":false},"excerpt":{"rendered":"<p>De Dani KOUYAT\u00c9 \u2013 85 min \u2013 Burkina Faso \u2013 2004 \u2013 VF Fiction \u2013 couleur \u2013 Beta num \u2013 Version fran\u00e7aise Prix sp\u00e9cial \u00ab Graine de Baobab-Wand\u00e9 \u00bb au [&hellip;]<\/p>\n","protected":false},"author":1,"featured_media":0,"parent":26,"menu_order":0,"comment_status":"closed","ping_status":"closed","template":"","meta":{"footnotes":""},"class_list":["post-401","page","type-page","status-publish","hentry"],"jetpack_sharing_enabled":true,"jetpack_shortlink":"https:\/\/wp.me\/P7C6tF-6t","jetpack-related-posts":[{"id":251,"url":"https:\/\/asurb.com\/asurb3\/?page_id=251","url_meta":{"origin":401,"position":0},"title":"Ke\u00efta, l&rsquo;h\u00e9ritage du griot","author":"webmaster","date":"4 juin 2016","format":false,"excerpt":"De Dani KOUYAT\u00c9 - 94 min - Burkina Faso - 1995 Fiction - couleur - 35mm - version originale en bambara (sous-titr\u00e9e en fran\u00e7ais) et fran\u00e7ais Sc\u00e9nario : Dani Kouyat\u00e9; Images : Robert Milli\u00e9 ; Montage : Zo\u00e9 Durouchoux ; Musique : Sotigui Kouyat\u00e9 ; Son : Pierre Mertens ;\u2026","rel":"","context":"Article similaire","block_context":{"text":"Article similaire","link":""},"img":{"alt_text":"Keita_Fiche","src":"https:\/\/i0.wp.com\/asurb.com\/asurb3\/wp-content\/uploads\/2016\/06\/Keita_Fiche.jpg?resize=350%2C200&ssl=1","width":350,"height":200},"classes":[]},{"id":1010,"url":"https:\/\/asurb.com\/asurb3\/?page_id=1010","url_meta":{"origin":401,"position":1},"title":"Sia, le r\u00eave du python","author":"webmaster","date":"12 octobre 2016","format":false,"excerpt":"De Dani KOUYATE - Burkina Faso \u2013 2000 - 96min De Dani KOUYATE - Burkina Faso \u2013 2000 - 96min \u2013 drame \u00e9pique - couleur VO bambara STF \u2013 DVD. Sc\u00e9nario\u00a0: adaptation et dialogues de Dani Kouyat\u00e9 d\u2019apr\u00e8s une pi\u00e8ce de th\u00e9\u00e2tre de Moussa Diagana\u00a0 La l\u00e9gende du Wagadu (mythe\u2026","rel":"","context":"Article similaire","block_context":{"text":"Article similaire","link":""},"img":{"alt_text":"sia-le-reve-du-python","src":"https:\/\/i0.wp.com\/asurb.com\/asurb3\/wp-content\/uploads\/2016\/10\/sia-le-reve-du-python-300x196.jpg?resize=350%2C200&ssl=1","width":350,"height":200},"classes":[]},{"id":535,"url":"https:\/\/asurb.com\/asurb3\/?page_id=535","url_meta":{"origin":401,"position":2},"title":"Programme 2010","author":"webmaster","date":"6 juin 2016","format":false,"excerpt":"Sommaire \u2022 S\u00e9ances ouvertes au public \u2022 S\u00e9ances scolaires \u2022 Partenaires \u2022 Membres du comit\u00e9 de parrainage \u2022 Remerciements \u2022 Pour se rendre sur les lieux \u2022 Les s\u00e9ances ouvertes au public Samedi 13 novembre Cin\u00e9ma La Pl\u00e9iade - 94230 Cachan 18h00 - L\u2019ABSENCE Long-m\u00e9trage de Mama KE\u00cfTA - 81\u2026","rel":"","context":"Article similaire","block_context":{"text":"Article similaire","link":""},"img":{"alt_text":"","src":"https:\/\/i0.wp.com\/asurb.com\/AsurB\/D_Images\/D_Gif_bl\/Blanc120.gif?resize=350%2C200&ssl=1","width":350,"height":200},"classes":[]},{"id":232,"url":"https:\/\/asurb.com\/asurb3\/?page_id=232","url_meta":{"origin":401,"position":3},"title":"Humanitaire","author":"webmaster","date":"4 juin 2016","format":false,"excerpt":"De Adama ROAMBA \u2013 16 min \u2013 Burkina Faso \u2013 2006 \u2013 VF Fiction \u2013 couleur \u2013 35 mm \u2013 Version fran\u00e7aise Prix sp\u00e9cial Sant\u00e9 et S\u00e9curit\u00e9 au travail au FESPACO* 2007. Sc\u00e9nario : Adama Roamba ; Image : Paul Djibila ; Montage : Neomi de Fouchier ; Son :\u2026","rel":"","context":"Article similaire","block_context":{"text":"Article similaire","link":""},"img":{"alt_text":"Humanitaire_Fiche","src":"https:\/\/i0.wp.com\/asurb.com\/asurb3\/wp-content\/uploads\/2016\/06\/Humanitaire_Fiche.jpg?resize=350%2C200&ssl=1","width":350,"height":200},"classes":[]},{"id":4551,"url":"https:\/\/asurb.com\/asurb3\/?page_id=4551","url_meta":{"origin":401,"position":4},"title":"Katanga, la danse des scorpions","author":"webmaster","date":"2 septembre 2025","format":false,"excerpt":"De Dani Kouyat\u00e9 -Burkina Faso \u2013 2024 \u2013 113 min -fiction- noir et blanc- VO moor\u00e9 STF Fiche technique Sc\u00e9nario : Dani Kouyat\u00e9, inspir\u00e9 de \u00ab Macbeth \u00bb de W. Shakespeare \u2013 Image : Marc de Backer \u2013 Son : Halassane Sanfo \u2013 D\u00e9cors : | Mahamoudou Papa Kouyat\u00e9 \u00a0-\u2026","rel":"","context":"Article similaire","block_context":{"text":"Article similaire","link":""},"img":{"alt_text":"","src":"https:\/\/i0.wp.com\/asurb.com\/asurb3\/wp-content\/uploads\/2025\/10\/0919pemsx0919hc55145099b7773-225x300.jpg?resize=350%2C200&ssl=1","width":350,"height":200},"classes":[]},{"id":226,"url":"https:\/\/asurb.com\/asurb3\/?page_id=226","url_meta":{"origin":401,"position":5},"title":"Faro la reine des eaux","author":"webmaster","date":"4 juin 2016","format":false,"excerpt":"De Salif TRAOR\u00c9 \u2013 96 min \u2013 Mali \u2013 2007 \u2013 VOSTF Fiction \u2013 couleur \u2013 35 mm \u2013 Version originale en bambara, sous titr\u00e9e en fran\u00e7ais Ce film a fait l\u2019ouverture du FESPACO*, a \u00e9t\u00e9 s\u00e9lectionn\u00e9 au festival de Berlin (section forum) et au festival de Toronto en 2007.\u2026","rel":"","context":"Article similaire","block_context":{"text":"Article similaire","link":""},"img":{"alt_text":"Faro_Fiche","src":"https:\/\/i0.wp.com\/asurb.com\/asurb3\/wp-content\/uploads\/2016\/06\/Faro_Fiche.jpg?resize=350%2C200&ssl=1","width":350,"height":200},"classes":[]}],"_links":{"self":[{"href":"https:\/\/asurb.com\/asurb3\/index.php?rest_route=\/wp\/v2\/pages\/401","targetHints":{"allow":["GET"]}}],"collection":[{"href":"https:\/\/asurb.com\/asurb3\/index.php?rest_route=\/wp\/v2\/pages"}],"about":[{"href":"https:\/\/asurb.com\/asurb3\/index.php?rest_route=\/wp\/v2\/types\/page"}],"author":[{"embeddable":true,"href":"https:\/\/asurb.com\/asurb3\/index.php?rest_route=\/wp\/v2\/users\/1"}],"replies":[{"embeddable":true,"href":"https:\/\/asurb.com\/asurb3\/index.php?rest_route=%2Fwp%2Fv2%2Fcomments&post=401"}],"version-history":[{"count":1,"href":"https:\/\/asurb.com\/asurb3\/index.php?rest_route=\/wp\/v2\/pages\/401\/revisions"}],"predecessor-version":[{"id":403,"href":"https:\/\/asurb.com\/asurb3\/index.php?rest_route=\/wp\/v2\/pages\/401\/revisions\/403"}],"up":[{"embeddable":true,"href":"https:\/\/asurb.com\/asurb3\/index.php?rest_route=\/wp\/v2\/pages\/26"}],"wp:attachment":[{"href":"https:\/\/asurb.com\/asurb3\/index.php?rest_route=%2Fwp%2Fv2%2Fmedia&parent=401"}],"curies":[{"name":"wp","href":"https:\/\/api.w.org\/{rel}","templated":true}]}}