{"id":404,"date":"2016-06-05T16:13:31","date_gmt":"2016-06-05T14:13:31","guid":{"rendered":"http:\/\/www.test.asurb.com\/?page_id=404"},"modified":"2016-06-05T16:15:55","modified_gmt":"2016-06-05T14:15:55","slug":"ou-vas-tu-moshe","status":"publish","type":"page","link":"https:\/\/asurb.com\/asurb3\/?page_id=404","title":{"rendered":"Ou vas-tu Mosh\u00e9 ?"},"content":{"rendered":"<p style=\"text-align: justify;\"><a href=\"https:\/\/i0.wp.com\/asurb.com\/asurb3\/wp-content\/uploads\/2016\/06\/Moshe_Fiche2010.jpg?ssl=1\"><img data-recalc-dims=\"1\" loading=\"lazy\" decoding=\"async\" data-attachment-id=\"405\" data-permalink=\"https:\/\/asurb.com\/asurb3\/?attachment_id=405\" data-orig-file=\"https:\/\/i0.wp.com\/asurb.com\/asurb3\/wp-content\/uploads\/2016\/06\/Moshe_Fiche2010.jpg?fit=250%2C138&amp;ssl=1\" data-orig-size=\"250,138\" data-comments-opened=\"1\" data-image-meta=\"{&quot;aperture&quot;:&quot;0&quot;,&quot;credit&quot;:&quot;&quot;,&quot;camera&quot;:&quot;&quot;,&quot;caption&quot;:&quot;&quot;,&quot;created_timestamp&quot;:&quot;0&quot;,&quot;copyright&quot;:&quot;&quot;,&quot;focal_length&quot;:&quot;0&quot;,&quot;iso&quot;:&quot;0&quot;,&quot;shutter_speed&quot;:&quot;0&quot;,&quot;title&quot;:&quot;&quot;,&quot;orientation&quot;:&quot;0&quot;}\" data-image-title=\"Moshe_Fiche2010\" data-image-description=\"\" data-image-caption=\"\" data-large-file=\"https:\/\/i0.wp.com\/asurb.com\/asurb3\/wp-content\/uploads\/2016\/06\/Moshe_Fiche2010.jpg?fit=250%2C138&amp;ssl=1\" class=\"size-full wp-image-405 alignnone\" src=\"https:\/\/i0.wp.com\/asurb.com\/asurb3\/wp-content\/uploads\/2016\/06\/Moshe_Fiche2010.jpg?resize=250%2C138&#038;ssl=1\" alt=\"Moshe_Fiche2010\" width=\"250\" height=\"138\" \/><\/a><\/p>\n<p style=\"text-align: justify;\"><strong>De Hassan BENJELLOUN &#8211; 90 min &#8211; Maroc 2007<\/strong><\/p>\n<p style=\"text-align: justify;\">Fiction &#8211; com\u00e9die dramatique &#8211; couleur &#8211; 35mm &#8211; version originale en arabe marocain sous-titr\u00e9e en fran\u00e7ais.<br \/>\nSc\u00e9nario : Hassan Benjelloun ; Dialogues : Abdellah Chakin ; Image : Kamal Derkaoui ; Musique : Ned Bouhalassa ; Montage : Aube Foglia ; Son : Fawzi Thabet ; D\u00e9cor : Alaoui My Tayeb ; Interpr\u00e9tation : Simon Elbaz, Rim Shamou, Abdelkader Lofti, Hassan Essakalli, Mohamed Tsouli ; Production : Bentaqerla Maroc &#8211; Productions jeux d\u2019ombres Canada ; Producteurs : Hassan Benjelloun , Anne-Marie G\u00e9linas ; Distribution : Les films de l\u2019Atalante (19 rue du Tage , 75013 Paris ; +33 (0)3 20 81 02 14 ; courriel : filmsprog@gmail.com).<\/p>\n<h4 style=\"text-align: justify;\"><span style=\"color: #ff0000;\">Synopsis<\/span><\/h4>\n<p style=\"text-align: justify;\">Au d\u00e9but des ann\u00e9es 1960, apr\u00e8s l\u2019ind\u00e9pendance du Maroc et la mort de Mohamed V, les Juifs marocains, pouss\u00e9s par les organisations sionistes, quittent le pays pour se rendre en Isra\u00ebl. Le mouvement gagne la petite ville de B\u00e9jaad, non sans entra\u00eener perturbations et d\u00e9chirements au sein de la population. Mustapha qui vient de racheter l\u2019unique bar du bourg \u00e0 des Fran\u00e7ais, est fou d\u2019inqui\u00e9tude. En effet, la municipalit\u00e9 qui s\u2019appuie sur les religieux veut faire respecter l\u2019interdiction de vente d\u2019alcool et fermer le caf\u00e9. Une loi, pourtant, permet le maintien de l\u2019\u00e9tablissement tant qu\u2019il est fr\u00e9quent\u00e9 par ne serait-ce qu\u2019un non-musulman. Shlomo, lui, horloger et joueur de luth, h\u00e9site \u00e0 partir avec les autres Juifs, angoiss\u00e9 \u00e0 l\u2019id\u00e9e de quitter \u00e0 jamais sa terre natale et de perdre les amis avec lesquels il joue de la musique dans ce bar, lieu de rencontres conviviales des diff\u00e9rentes communaut\u00e9s. Partira-t-il ou non ? Le bar fermera-il ou non ?<br \/>\n\u00ab O\u00f9 vas-tu Mosh\u00e9 ? \u00bb est un film \u00e0 la fois divertissant et engag\u00e9 qui fait prendre conscience que la perte de la diversit\u00e9 de ses habitants peut entra\u00eener la r\u00e9gression d\u2019une soci\u00e9t\u00e9.<\/p>\n<h4 style=\"text-align: justify;\"><span style=\"color: #ff0000;\">Le r\u00e9alisateur<\/span><\/h4>\n<p style=\"text-align: justify;\">Hassan BENJELLOUN est n\u00e9 le 12 avril 1950 \u00e0 Settat au Maroc. Apr\u00e8s son enfance et sa scolarit\u00e9 au Maroc, il poursuit des \u00e9tudes de pharmacie \u00e0 Caen o\u00f9 il est dipl\u00f4m\u00e9 en 1976.<br \/>\nDe retour au Maroc pour son service civil \u00e0 la facult\u00e9 de m\u00e9decine de Casablanca, il s\u2019inscrit dans des clubs de cin\u00e9ma d\u2019art et essai. De 1976 \u00e0 1979, il r\u00e9alise des films et reportages m\u00e9dicaux. En 1980, revenu \u00e0 Paris, il suit des \u00e9tudes de r\u00e9alisation au Conservatoire Libre du Cin\u00e9ma (CLCF). En 1984, il retourne au Maroc o\u00f9 il cr\u00e9e avec d\u2019autres cin\u00e9astes marocains la \u00abSoci\u00e9t\u00e9 Film Maghreb\u00bb. Ils r\u00e9alisent de 1985 \u00e0 1990 des films institutionnels, documentaires et publicitaires. En 1989, il constitue, avec quatre autres r\u00e9alisateurs \u00able Groupement de Casablanca\u00bb qui r\u00e9alise cinq longs m\u00e9trages dont \u00abLa F\u00eate des Autres\u00bb, sa premi\u00e8re fiction. Celle-ci sera suivie de \u00ab Yarit \u00bb (1993), \u00ab Les Amis d\u2019hier \u00bb (1997), \u00ab Les L\u00e8vres du silence \u00bb (2000), \u00ab Jugement d\u2019une femme \u00bb (2001), \u00ab La Chambre noire \u00bb (2004). Apr\u00e8s \u00ab O\u00f9 vas-tu, Mosh\u00e9 \u00bb, il tourne en 2009 \u00ab Les oubli\u00e9s de l\u2019histoire \u00bb.<\/p>\n","protected":false},"excerpt":{"rendered":"<p>De Hassan BENJELLOUN &#8211; 90 min &#8211; Maroc 2007 Fiction &#8211; com\u00e9die dramatique &#8211; couleur &#8211; 35mm &#8211; version originale en arabe marocain sous-titr\u00e9e en fran\u00e7ais. Sc\u00e9nario : Hassan Benjelloun [&hellip;]<\/p>\n","protected":false},"author":1,"featured_media":0,"parent":26,"menu_order":0,"comment_status":"closed","ping_status":"closed","template":"","meta":{"footnotes":""},"class_list":["post-404","page","type-page","status-publish","hentry"],"jetpack_sharing_enabled":true,"jetpack_shortlink":"https:\/\/wp.me\/P7C6tF-6w","jetpack-related-posts":[{"id":667,"url":"https:\/\/asurb.com\/asurb3\/?page_id=667","url_meta":{"origin":404,"position":0},"title":"C&rsquo;est eux les chiens","author":"webmaster","date":"14 juin 2016","format":false,"excerpt":"De Hicham LASRI - 85 min - Maroc - 2013 Maroc - 2013 -1h25 - fiction - couleur - VO arabe ST fran\u00e7ais - DCP Sc\u00e9nario : Hicham Lasri ; Image : Ali Benjelloun ; Son : Aissam Elkhayat ; Montage : Safaa Baraka ; Interpr\u00e9tation : Hassan Badida,Yahya El\u2026","rel":"","context":"Article similaire","block_context":{"text":"Article similaire","link":""},"img":{"alt_text":"","src":"","width":0,"height":0},"classes":[]},{"id":535,"url":"https:\/\/asurb.com\/asurb3\/?page_id=535","url_meta":{"origin":404,"position":1},"title":"Programme 2010","author":"webmaster","date":"6 juin 2016","format":false,"excerpt":"Sommaire \u2022 S\u00e9ances ouvertes au public \u2022 S\u00e9ances scolaires \u2022 Partenaires \u2022 Membres du comit\u00e9 de parrainage \u2022 Remerciements \u2022 Pour se rendre sur les lieux \u2022 Les s\u00e9ances ouvertes au public Samedi 13 novembre Cin\u00e9ma La Pl\u00e9iade - 94230 Cachan 18h00 - L\u2019ABSENCE Long-m\u00e9trage de Mama KE\u00cfTA - 81\u2026","rel":"","context":"Article similaire","block_context":{"text":"Article similaire","link":""},"img":{"alt_text":"","src":"https:\/\/i0.wp.com\/asurb.com\/AsurB\/D_Images\/D_Gif_bl\/Blanc120.gif?resize=350%2C200&ssl=1","width":350,"height":200},"classes":[]},{"id":1922,"url":"https:\/\/asurb.com\/asurb3\/?page_id=1922","url_meta":{"origin":404,"position":2},"title":"Un ticket de cin\u00e9ma (Tikitat-A-Soulima )","author":"webmaster","date":"29 novembre 2017","format":false,"excerpt":"De Ayoub LAYOUSSIFI\u00a0 Maroc \u2013 2016 \u2013 29 min \u2013 fiction \u2013 couleur \u2013 DCP \u2013 Vo arabe STF Sc\u00e9nario\u00a0: Hadrien Krasker, Ayoub Layoussifi \u2013 Image\u00a0: Christophe Persoz \u2013 Montage\u00a0:\u00a0\u00a0 Matthieu Desport \u2013 Musique\u00a0: Hamid El Hadri, Mazagan Chaabi Groove (Groupe), Reda Tajamoute \u2013 Son\u00a0: Nassim El Mounabbih - Interpr\u00e9tation\u00a0:\u2026","rel":"","context":"Article similaire","block_context":{"text":"Article similaire","link":""},"img":{"alt_text":"","src":"","width":0,"height":0},"classes":[]},{"id":113,"url":"https:\/\/asurb.com\/asurb3\/?page_id=113","url_meta":{"origin":404,"position":3},"title":"Festival 2010","author":"webmaster","date":"3 juin 2016","format":false,"excerpt":"Du 13 au 27 novembre 2010, l'association Afrique sur Bi\u00e8vre organise la 4\u00e8me \u00e9dition du CINE REGARDS AFRICAINS \u2013 Films en Festival Dans quatre salles Cin\u00e9ma la Pl\u00e9iade - 94230 CACHAN Maison Pour Tous G\u00e9rard Philippe - 94800 VILLEJUIF MJC de Fresnes - 94260 FRESNES Espace municipal Jean Vilar -\u2026","rel":"","context":"Article similaire","block_context":{"text":"Article similaire","link":""},"img":{"alt_text":"","src":"","width":0,"height":0},"classes":[]},{"id":4559,"url":"https:\/\/asurb.com\/asurb3\/?page_id=4559","url_meta":{"origin":404,"position":4},"title":"Le lac bleu","author":"webmaster","date":"6 septembre 2025","format":false,"excerpt":"De Daoud ALOUAD-SYAD \u2013 Maroc \u2013 2024 \u2013 85min \u2013 fiction \u2013 VO arabe STF Fiche technique Sc\u00e9nario\u00a0: Daoud Aoulad-Syad, Adelmjid Seddati, El Houssain Chani \u2013Image\u00a0: Ali Benjelloun - Montage Tarik Amrani, Daoud Aoulad-Syad - Son\u00a0: Abdelaaziz Ghassine, Sara Kaddouri, - Musique\u00a0: Mourad Zdaidate -Costumes\u00a0: Assia Isma\u00efli \u2013Interpr\u00e9tation\u00a0: Mohamed Khouyi,\u2026","rel":"","context":"Article similaire","block_context":{"text":"Article similaire","link":""},"img":{"alt_text":"","src":"https:\/\/i0.wp.com\/asurb.com\/asurb3\/wp-content\/uploads\/2025\/10\/MV5BNDZlY2IwNTctYWVkZC00MGY2LWI3ZWEtNGY4NjQ2MjExODRhXkEyXkFqcGc%40._V1_FMjpg_UX1000_-212x300.jpg?resize=350%2C200&ssl=1","width":350,"height":200},"classes":[]},{"id":3379,"url":"https:\/\/asurb.com\/asurb3\/?page_id=3379","url_meta":{"origin":404,"position":5},"title":"Haut et fort","author":"webmaster","date":"21 ao\u00fbt 2022","format":false,"excerpt":"De Nabil AYOUCH \u2013 Maroc \u2013 2022 -101min- fiction - couleur - VO arabe STF -\u00a0 N\u00b0 de visa : 149.491\u00a0 - S\u00e9lection officielle au Festival de Cannes 2021 Sc\u00e9nario\u00a0: Nabil Ayouch avec la collaboration de Maryam Touzani\u2013 Image\u00a0: Virginie Surdeij, Amine Messadi \u2013 Son\u00a0: Samuel A\u00efchoun, Nassim El Mounabbih,\u2026","rel":"","context":"Article similaire","block_context":{"text":"Article similaire","link":""},"img":{"alt_text":"","src":"","width":0,"height":0},"classes":[]}],"_links":{"self":[{"href":"https:\/\/asurb.com\/asurb3\/index.php?rest_route=\/wp\/v2\/pages\/404","targetHints":{"allow":["GET"]}}],"collection":[{"href":"https:\/\/asurb.com\/asurb3\/index.php?rest_route=\/wp\/v2\/pages"}],"about":[{"href":"https:\/\/asurb.com\/asurb3\/index.php?rest_route=\/wp\/v2\/types\/page"}],"author":[{"embeddable":true,"href":"https:\/\/asurb.com\/asurb3\/index.php?rest_route=\/wp\/v2\/users\/1"}],"replies":[{"embeddable":true,"href":"https:\/\/asurb.com\/asurb3\/index.php?rest_route=%2Fwp%2Fv2%2Fcomments&post=404"}],"version-history":[{"count":2,"href":"https:\/\/asurb.com\/asurb3\/index.php?rest_route=\/wp\/v2\/pages\/404\/revisions"}],"predecessor-version":[{"id":408,"href":"https:\/\/asurb.com\/asurb3\/index.php?rest_route=\/wp\/v2\/pages\/404\/revisions\/408"}],"up":[{"embeddable":true,"href":"https:\/\/asurb.com\/asurb3\/index.php?rest_route=\/wp\/v2\/pages\/26"}],"wp:attachment":[{"href":"https:\/\/asurb.com\/asurb3\/index.php?rest_route=%2Fwp%2Fv2%2Fmedia&parent=404"}],"curies":[{"name":"wp","href":"https:\/\/api.w.org\/{rel}","templated":true}]}}