{"id":4096,"date":"2024-08-26T14:43:28","date_gmt":"2024-08-26T12:43:28","guid":{"rendered":"https:\/\/asurb.com\/asurb3\/?page_id=4096"},"modified":"2024-10-10T19:30:33","modified_gmt":"2024-10-10T17:30:33","slug":"ashkal-6","status":"publish","type":"page","link":"https:\/\/asurb.com\/asurb3\/?page_id=4096","title":{"rendered":"Harka"},"content":{"rendered":"\n<p>De Lotfy NATHAN -Tunisie -2022 -87 min \u2013 Fiction \u2013 VOSTF<img data-recalc-dims=\"1\" loading=\"lazy\" decoding=\"async\" data-attachment-id=\"4210\" data-permalink=\"https:\/\/asurb.com\/asurb3\/?attachment_id=4210\" data-orig-file=\"https:\/\/i0.wp.com\/asurb.com\/asurb3\/wp-content\/uploads\/2024\/10\/Harka-affiche-internet.jpg?fit=421%2C580&amp;ssl=1\" data-orig-size=\"421,580\" data-comments-opened=\"1\" data-image-meta=\"{&quot;aperture&quot;:&quot;0&quot;,&quot;credit&quot;:&quot;&quot;,&quot;camera&quot;:&quot;&quot;,&quot;caption&quot;:&quot;&quot;,&quot;created_timestamp&quot;:&quot;0&quot;,&quot;copyright&quot;:&quot;&quot;,&quot;focal_length&quot;:&quot;0&quot;,&quot;iso&quot;:&quot;0&quot;,&quot;shutter_speed&quot;:&quot;0&quot;,&quot;title&quot;:&quot;&quot;,&quot;orientation&quot;:&quot;0&quot;}\" data-image-title=\"Harka affiche internet\" data-image-description=\"\" data-image-caption=\"\" data-large-file=\"https:\/\/i0.wp.com\/asurb.com\/asurb3\/wp-content\/uploads\/2024\/10\/Harka-affiche-internet.jpg?fit=421%2C580&amp;ssl=1\" class=\" wp-image-4210 alignright\" src=\"https:\/\/i0.wp.com\/asurb.com\/asurb3\/wp-content\/uploads\/2024\/10\/Harka-affiche-internet.jpg?resize=189%2C260&#038;ssl=1\" alt=\"\" width=\"189\" height=\"260\" srcset=\"https:\/\/i0.wp.com\/asurb.com\/asurb3\/wp-content\/uploads\/2024\/10\/Harka-affiche-internet.jpg?resize=218%2C300&amp;ssl=1 218w, https:\/\/i0.wp.com\/asurb.com\/asurb3\/wp-content\/uploads\/2024\/10\/Harka-affiche-internet.jpg?resize=100%2C138&amp;ssl=1 100w, https:\/\/i0.wp.com\/asurb.com\/asurb3\/wp-content\/uploads\/2024\/10\/Harka-affiche-internet.jpg?w=421&amp;ssl=1 421w\" sizes=\"auto, (max-width: 189px) 100vw, 189px\" \/><\/p>\n<p>Festival de Cannes 2022 : prix de la meilleure performance dans la s\u00e9lection Un certain regard pour Adam Bessa<br \/>Festival international du film de Saint-Jean-de-Luz 2022 : prix d&rsquo;interpr\u00e9tation masculine pour Adam Bessa<\/p>\n<p>Sc\u00e9nario : Lotfy NATHAN &#8211; Image : Maximilian PITTNER &#8211; Son : Philippe DESCHAMPS, Bruno EHLINGER &#8211; Montage : Sophie CORRA, Thomas NILES &#8211; Musique : Eli KESZLER \u2013 Interpr\u00e9tation\u00a0: Adam BESSA, Salima MAATOUG, Najib ALLAGUI, \u00a0Ikbal HARBI , Khaled BRAHEM &#8211; Production : Julie VIEZ\u2013 Distribution\u00a0: Dulac Distribution, contact\u00a0:ejolivalt@dulacdistribution.com<\/p>\n<p><strong><span style=\"color: #ff0000;\">Synopsis<\/span> <br \/><\/strong><\/p>\n<p>Ali, jeune tunisien r\u00eavant d\u2019une vie meilleure, m\u00e8ne une existence solitaire, en vendant de l\u2019essence de contrebande au march\u00e9 noir. \u00c0 la mort de son p\u00e8re, il doit s\u2019occuper de ses deux s\u0153urs cadettes, livr\u00e9es \u00e0 elles-m\u00eames dans une maison dont elles seront bient\u00f4t expuls\u00e9es. Face \u00e0 cette soudaine responsabilit\u00e9 et aux injustices auxquelles il est confront\u00e9, Ali s\u2019\u00e9veille \u00e0 la col\u00e8re et \u00e0 la r\u00e9volte. Celle d\u2019une g\u00e9n\u00e9ration qui, plus de dix ans apr\u00e8s la r\u00e9volution, essaie toujours de se faire entendre.<\/p>\n<p><span style=\"background-color: #ffffff; color: #ff0000;\"><strong>Critiques de presse<\/strong><\/span><\/p>\n<p>Inspir\u00e9 de l\u2019histoire de Mohamed Bouazizi, dont l\u2019immolation en place publique amor\u00e7a la r\u00e9volution populaire tunisienne et le printemps arabe, ce premier long-m\u00e9trage pointe une col\u00e8re face \u00e0 la corruption qui gangr\u00e8ne (toujours) la Tunisie, d\u00e9note une po\u00e9sie visuelle et r\u00e9v\u00e8le un com\u00e9dien intense qu\u2019un sc\u00e9nario ch\u00e9tif contraint. L\u2019OBS<\/p>\n<p>\u00ab\u00a0Cette chronique tendue d\u2019un quotidien de d\u00e9brouille et d\u2019une r\u00e9volte criante \u2014 inspir\u00e9e de faits r\u00e9els \u2014 se meut en thriller fatal et pointe, avec une tragique acuit\u00e9, le d\u00e9sir d\u2019une g\u00e9n\u00e9ration de se faire entendre, dix ans apr\u00e8s la \u00ab r\u00e9volution de jasmin \u00bb et les printemps arabes. Dans le r\u00f4le principal, Adam Bessa offre un corps fi\u00e9vreux \u00e0 une mise en sc\u00e8ne imparable.\u00a0\u00bb Guillemette Odicino (Telerama)<\/p>\n<p>\u00ab Des images sur un paysage d\u00e9sertique sublime. Et la voix off d\u2019une jeune fille qui contredit la s\u00e9r\u00e9nit\u00e9 de ce panorama idyllique en \u00e9voquant des eaux pollu\u00e9es par le phosphate et un environnement gangren\u00e9 par la mis\u00e8re et l\u2019absence d\u2019espoir\u2026 Les premiers plans de Harka, un des meilleurs premiers films d\u00e9couverts cet automne, donnent le ton : cr\u00e9pusculaire et inqui\u00e9tant.<\/p>\n<p>Dans cette fiction scrupuleusement r\u00e9aliste, Lotfy Nathan, un r\u00e9alisateur am\u00e9ricain d\u2019origine \u00e9gyptienne, s\u2019int\u00e9resse au cas tristement ordinaire d&rsquo;Ali, un jeune Tunisien qui, pour survivre, vend de l\u2019essence de contrebande dans les rues et peut exercer son activit\u00e9 ill\u00e9gale en \u00e9change de bakchichs distribu\u00e9s \u00e0 des flics corrompus. La situation pr\u00e9caire de ce jeune homme s\u2019aggrave encore quand son p\u00e8re d\u00e9c\u00e8de, laissant derri\u00e8re lui des dettes en pagaille. Contraint de s\u2019occuper de ses deux s\u0153urs cadettes qui vivent dans une maison menac\u00e9e par la saisie, Ali doit amasser rapidement une importante somme d\u2019argent et accepte des missions \u00e0 haut risque \u00e0 la fronti\u00e8re entre la Tunisie et la Libye.<\/p>\n<p>Une d\u00e9cennie a pass\u00e9 depuis le \u00ab printemps arabe \u00bb en Tunisie et les r\u00eaves d\u2019une vie meilleure, peu \u00e0 peu, se sont \u00e9vanouis. Ali, comme tant d\u2019autres, esp\u00e8re vaguement pouvoir quitter son pays pour l\u2019Europe, mais, en attendant de r\u00e9unir la somme n\u00e9cessaire pour sauver ses s\u0153urs et organiser son d\u00e9part, il souffre mille maux entre son petit boulot de mis\u00e8re et sa douloureuse situation familiale. Ses visites \u00e0 son fr\u00e8re, qui travaille comme serveur dans une ville c\u00f4ti\u00e8re o\u00f9 se pressent les touristes en qu\u00eate d\u2019exotisme de pacotille, n\u2019arrangent rien et soulignent, s\u2019il en \u00e9tait besoin, sa condition mis\u00e9rable. Pris dans un terrible engrenage, Ali perd progressivement la raison et s\u2019enfonce dans une d\u00e9pression extr\u00eame. \u00ab Nous avons tous en t\u00eate la crise migratoire apr\u00e8s le printemps arabe entre 2010 et 2011 raconte Lotfy Nathan. De nombreux r\u00e9cits de migrants ont \u00e9t\u00e9 racont\u00e9s dans la d\u00e9cennie qui a suivi. Ce film se focalise sur ceux qui sont rest\u00e9s. \u00bb Ceux qui sont rest\u00e9s et qui doivent \u00ab composer \u00bb avec les r\u00e9alit\u00e9s am\u00e8res d\u2019un pays o\u00f9 la d\u00e9liquescence sociale et la corruption font des ravages.\u00a0\u00bb Marianne, 3\/11\/22. Olivier de Bruyn<\/p>\n<p><span style=\"color: #ff0000;\"><strong>\u00a0<\/strong><strong>Le r\u00e9alisateur <\/strong><\/span><\/p>\n<p>Lotfy Nathan est un r\u00e9alisateur, sc\u00e9nariste et producteur am\u00e9ricain d\u2019origine \u00e9gyptienne. Il est connu pour \u00ab\u00a012 O\u2019Clock Boys\u00a0\u00bb (2012, R\u00e9alisateur), Il a re\u00e7u en 2013 le prix de l\u2019Artiste \u00c9mergent d\u00e9cern\u00e9 par HBO pour son documentaire \u00ab\u00a012 O\u2019Clock Boys\u00a0\u00bb, qui a \u00e9t\u00e9 s\u00e9lectionn\u00e9 dans plus de 50 festivals dont Sundance .\u00a0 En 2015, Lotfy a \u00e9t\u00e9 laur\u00e9at de la Fondation Creative Capital et a particip\u00e9 \u00e0 une r\u00e9sidence de r\u00e9alisateur de la Fondation Cinereach. Il avait auparavant d\u00e9j\u00e0 \u00e9t\u00e9 laur\u00e9at du Fonds Garrett Scott, de la Fondation Peter Reed, du Fonds Grainger Marburg, et de la bourse IFP. <br \/>\u00ab\u00a0Harka\u00a0\u00bb (2022) est son premier long-m\u00e9trage de fiction, pour lequel il a particip\u00e9 \u00e0 l\u2019Atelier d\u2019\u00c9criture du Sundance Film Institute.<\/p>\n\n\n","protected":false},"excerpt":{"rendered":"<p>De Lotfy NATHAN -Tunisie -2022 -87 min \u2013 Fiction \u2013 VOSTF Festival de Cannes 2022 : prix de la meilleure performance dans la s\u00e9lection Un certain regard pour Adam BessaFestival [&hellip;]<\/p>\n","protected":false},"author":1,"featured_media":0,"parent":0,"menu_order":0,"comment_status":"closed","ping_status":"closed","template":"","meta":{"footnotes":""},"class_list":["post-4096","page","type-page","status-publish","hentry"],"jetpack_sharing_enabled":true,"jetpack_shortlink":"https:\/\/wp.me\/P7C6tF-144","jetpack-related-posts":[{"id":2823,"url":"https:\/\/asurb.com\/asurb3\/?page_id=2823","url_meta":{"origin":4096,"position":0},"title":"Adam","author":"webmaster","date":"10 ao\u00fbt 2020","format":false,"excerpt":"ADAM\u00a0 de Maryam Touzani , Maroc - 2019 - 98 min - fiction - couleur - VO arabe - STF. Sce\u0301nario\u00a0: Maryam Touzani, avec la collaboration de Nabil Ayouch\u00a0 - Assistant r\u00e9alisateur\u00a0: Ali Tahiri - Image\u00a0: Virginie Surdej \u2013 Cadre Adil Ayoub - Montage\u00a0:Julie Naas - Son\u00a0: Nassim Mounabbih -\u2026","rel":"","context":"Article similaire","block_context":{"text":"Article similaire","link":""},"img":{"alt_text":"","src":"","width":0,"height":0},"classes":[]},{"id":4118,"url":"https:\/\/asurb.com\/asurb3\/?page_id=4118","url_meta":{"origin":4096,"position":1},"title":"Paradis (The Village Next To Paradise)","author":"webmaster","date":"3 septembre 2024","format":false,"excerpt":"De Mo HARAWE - Somalie, Autriche, France, Allemagne - 2024 \u2013 133 min \u2013 Fiction \u2013 VO somali STFS\u00e9lectionn\u00e9 \u00e0 Un Certain Regard Festival de Cannes 2024 Fiche technique Sc\u00e9nario\u00a0: Mo Harawe -Image\u00a0: Mostafa El Kashef- Son\u00a0: Willis Abuto, Anne Gibourg, Guadalupe Cassius, Christophe Vingtrinier \u2013 montage\u00a0: Joana Scrinzi -\u2026","rel":"","context":"Article similaire","block_context":{"text":"Article similaire","link":""},"img":{"alt_text":"","src":"https:\/\/i0.wp.com\/asurb.com\/asurb3\/wp-content\/uploads\/2024\/10\/the-village-next-to-paradise-213x300.jpg?resize=350%2C200&ssl=1","width":350,"height":200},"classes":[]},{"id":2437,"url":"https:\/\/asurb.com\/asurb3\/?page_id=2437","url_meta":{"origin":4096,"position":2},"title":"Black Mamba","author":"webmaster","date":"5 juin 2019","format":false,"excerpt":"De Amel GUELLATY \u2013 Tunisie \u2013 2017 \u2013 20 min \u2013 fiction \u2013 couleur \u2013 VO arabe STF De Amel GUELLATY \u2013 Tunisie \u2013 2017 \u2013 20 min \u2013 fiction \u2013 couleur \u2013 VO arabe STF \u2013 Sc\u00e9nario\u00a0: Amel Guellaty \u2013 Image\u00a0: Ikbel Arafa \u2013 Musique\u00a0: Omar Aloulou - Montage\u2026","rel":"","context":"Article similaire","block_context":{"text":"Article similaire","link":""},"img":{"alt_text":"","src":"https:\/\/i0.wp.com\/asurb.com\/asurb3\/wp-content\/uploads\/2018\/10\/Black-mamba-225x300.jpg?resize=350%2C200&ssl=1","width":350,"height":200},"classes":[]},{"id":3749,"url":"https:\/\/asurb.com\/asurb3\/?page_id=3749","url_meta":{"origin":4096,"position":3},"title":"Les r\u00e9volt\u00e9s (Vuta n&rsquo;kutuve)","author":"webmaster","date":"4 septembre 2023","format":false,"excerpt":"De Amil SHIVJITanzanie \/ Afrique du Sud \/ Qatar \/ Allemagne, \u2013 2021 \u2013 1h32 \u2013 fiction \u2013 couleur \u2013 VO swahili\/anglais STF\u00a0\u00a0 Sc\u00e9nario\u00a0:AmilShivji, Jenna Bass, adaptation du roman en swahili d'AdamShafi.Interpr\u00e9tation\u00a0:Gudrun Columbus Mwanyika,IkhlasGafur Vora, Sitai Amina, Lukman Ali,Rashid Hemed,MaridhiaJafari,LihnaOnesmoProducteurs\u00a0:Steven Markovitz ,Tamsin Ranger AmilShivji.Contact\u00a0: Steven Markovitz, Big World CinemaT: +27\u2026","rel":"","context":"Article similaire","block_context":{"text":"Article similaire","link":""},"img":{"alt_text":"","src":"","width":0,"height":0},"classes":[]},{"id":795,"url":"https:\/\/asurb.com\/asurb3\/?page_id=795","url_meta":{"origin":4096,"position":4},"title":"Virgem Margarida","author":"webmaster","date":"20 juin 2016","format":false,"excerpt":"De Licinio AZEVEDO - 87 min - Mozambique - 2012\u00a0 fiction - couleur - Portugais STF. Sc\u00e9nario : Licinio Azevedo, Jacques Akchoti ; Images : Mario Masini\u00a0 ; Montage : Nadia Ben Rachid ; Musique : Moreira Chongui\u00e7a ; Son : Gita Cerveira, Branko Neskov ; Interpr\u00e9tation : Sumeia Maculuva,\u2026","rel":"","context":"Article similaire","block_context":{"text":"Article similaire","link":""},"img":{"alt_text":"","src":"","width":0,"height":0},"classes":[]},{"id":3745,"url":"https:\/\/asurb.com\/asurb3\/?page_id=3745","url_meta":{"origin":4096,"position":5},"title":"Father&rsquo;s day (Le jour du p\u00e8re)","author":"webmaster","date":"1 septembre 2023","format":false,"excerpt":"De Kivu RUHORAHOZA - Rwanda \u2013 2022 \u2013 1h51 \u2013 fiction \u2013 couleur \u2013 VOSTF. Sc\u00e9nario : Kivu Ruhorahoza ; Images : Tat\u00e9 ; Montage : Kivu Ruhorahoza ; Musique : Michael Makembe\u00a0; Son : Eugene Safali, Jan Meinema\u00a0; D\u00e9cor\u00a0: Ricardo Sankara ; Costumes\u00a0: Sonia Uwimbabazi ;Interpr\u00e9tation : M\u00e9diatrice Kayitesi\u2026","rel":"","context":"Article similaire","block_context":{"text":"Article similaire","link":""},"img":{"alt_text":"","src":"","width":0,"height":0},"classes":[]}],"_links":{"self":[{"href":"https:\/\/asurb.com\/asurb3\/index.php?rest_route=\/wp\/v2\/pages\/4096","targetHints":{"allow":["GET"]}}],"collection":[{"href":"https:\/\/asurb.com\/asurb3\/index.php?rest_route=\/wp\/v2\/pages"}],"about":[{"href":"https:\/\/asurb.com\/asurb3\/index.php?rest_route=\/wp\/v2\/types\/page"}],"author":[{"embeddable":true,"href":"https:\/\/asurb.com\/asurb3\/index.php?rest_route=\/wp\/v2\/users\/1"}],"replies":[{"embeddable":true,"href":"https:\/\/asurb.com\/asurb3\/index.php?rest_route=%2Fwp%2Fv2%2Fcomments&post=4096"}],"version-history":[{"count":2,"href":"https:\/\/asurb.com\/asurb3\/index.php?rest_route=\/wp\/v2\/pages\/4096\/revisions"}],"predecessor-version":[{"id":4211,"href":"https:\/\/asurb.com\/asurb3\/index.php?rest_route=\/wp\/v2\/pages\/4096\/revisions\/4211"}],"wp:attachment":[{"href":"https:\/\/asurb.com\/asurb3\/index.php?rest_route=%2Fwp%2Fv2%2Fmedia&parent=4096"}],"curies":[{"name":"wp","href":"https:\/\/api.w.org\/{rel}","templated":true}]}}