{"id":4103,"date":"2024-09-03T15:21:50","date_gmt":"2024-09-03T13:21:50","guid":{"rendered":"https:\/\/asurb.com\/asurb3\/?page_id=4103"},"modified":"2024-10-11T17:16:57","modified_gmt":"2024-10-11T15:16:57","slug":"a-peine-jouvre-les-yeux-6","status":"publish","type":"page","link":"https:\/\/asurb.com\/asurb3\/?page_id=4103","title":{"rendered":"Mambar Pierrette"},"content":{"rendered":"<p>De Rosine MBAKAM &#8211; Cameroun \/Belgique &#8211; 2023 \u2013 93 min \u2013 fiction \u2013 VOSTF<img data-recalc-dims=\"1\" loading=\"lazy\" decoding=\"async\" data-attachment-id=\"4212\" data-permalink=\"https:\/\/asurb.com\/asurb3\/?attachment_id=4212\" data-orig-file=\"https:\/\/i0.wp.com\/asurb.com\/asurb3\/wp-content\/uploads\/2024\/10\/Mambar-Pierrette.jpg?fit=1067%2C1600&amp;ssl=1\" data-orig-size=\"1067,1600\" data-comments-opened=\"1\" data-image-meta=\"{&quot;aperture&quot;:&quot;0&quot;,&quot;credit&quot;:&quot;&quot;,&quot;camera&quot;:&quot;&quot;,&quot;caption&quot;:&quot;&quot;,&quot;created_timestamp&quot;:&quot;0&quot;,&quot;copyright&quot;:&quot;&quot;,&quot;focal_length&quot;:&quot;0&quot;,&quot;iso&quot;:&quot;0&quot;,&quot;shutter_speed&quot;:&quot;0&quot;,&quot;title&quot;:&quot;&quot;,&quot;orientation&quot;:&quot;0&quot;}\" data-image-title=\"Mambar Pierrette\" data-image-description=\"\" data-image-caption=\"\" data-large-file=\"https:\/\/i0.wp.com\/asurb.com\/asurb3\/wp-content\/uploads\/2024\/10\/Mambar-Pierrette.jpg?fit=683%2C1024&amp;ssl=1\" class=\" wp-image-4212 alignright\" src=\"https:\/\/i0.wp.com\/asurb.com\/asurb3\/wp-content\/uploads\/2024\/10\/Mambar-Pierrette.jpg?resize=173%2C260&#038;ssl=1\" alt=\"\" width=\"173\" height=\"260\" srcset=\"https:\/\/i0.wp.com\/asurb.com\/asurb3\/wp-content\/uploads\/2024\/10\/Mambar-Pierrette.jpg?resize=200%2C300&amp;ssl=1 200w, https:\/\/i0.wp.com\/asurb.com\/asurb3\/wp-content\/uploads\/2024\/10\/Mambar-Pierrette.jpg?resize=683%2C1024&amp;ssl=1 683w, https:\/\/i0.wp.com\/asurb.com\/asurb3\/wp-content\/uploads\/2024\/10\/Mambar-Pierrette.jpg?resize=100%2C150&amp;ssl=1 100w, https:\/\/i0.wp.com\/asurb.com\/asurb3\/wp-content\/uploads\/2024\/10\/Mambar-Pierrette.jpg?resize=600%2C900&amp;ssl=1 600w, https:\/\/i0.wp.com\/asurb.com\/asurb3\/wp-content\/uploads\/2024\/10\/Mambar-Pierrette.jpg?resize=1024%2C1536&amp;ssl=1 1024w, https:\/\/i0.wp.com\/asurb.com\/asurb3\/wp-content\/uploads\/2024\/10\/Mambar-Pierrette.jpg?w=1067&amp;ssl=1 1067w\" sizes=\"auto, (max-width: 173px) 100vw, 173px\" \/><\/p>\n<p>S\u00e9lections en 2023\u00a0: Quinzaine des Cin\u00e9astes, Cannes (Comp\u00e9tition longs m\u00e9trages) &#8211; Rencontres Internationales du Documentaire de Montr\u00e9al (Comp\u00e9tition internationale longs m\u00e9trages).<\/p>\n<p><strong>Fiche technique<\/strong><\/p>\n<p>Sc\u00e9nario\u00a0: Rosine Mbakam \u00a0&#8211; Image\u00a0: Fiona Braillon \u2013 Son\u00a0: Lo\u00efc Villiot, Roger Mboupda, Aline Gavroy \u2013 D\u00e9cors\u00a0: Laurent Kamga \u2013 Montage\u00a0: Geoffroy Cernaix \u2013 Interpr\u00e9tation\u00a0: Pierrette Aboheu\u00a0, Karelle Kenmogne, C\u00e9cile Tchana, Fabrice Ndjeuthat \u2013 Production\u00a0:T\u00e2ndor Productions (Belgique), Geoffroy Cernaix, <a href=\"mailto:tandor.prod@gmail.com\">tandor.prod@gmail.com<\/a> &#8211; Distributeur : Singularis Films, 11 Rue Ren\u00e9 Villerm\u00e9, 75011 Paris, contact : antoine@singularis films.fr,\u00a0 tel : +33674837137.<\/p>\n<p>S\u00e9lections en 2023 : Quinzaine des Cin\u00e9astes, Cannes (Comp\u00e9tition longs m\u00e9trages) &#8211; Rencontres Internationales du Documentaire de Montr\u00e9al (Comp\u00e9tition internationale longs m\u00e9trages) &#8211; Festival International du Film Francophone de Namur et nombreux festivals internationaux.<\/p>\n<h4 style=\"text-align: justify;\"><span style=\"color: #ff0000;\">Synopsis\u00a0<\/span><\/h4>\n<p>Couturi\u00e8re dans son petit atelier de Douala, capitale \u00e9conomique du Cameroun, Pierrette \u00e9l\u00e8ve seule ses deux enfants, s\u2019occupe de sa m\u00e8re malade et enchaine les tenues \u00e0 confectionner en vue de la rentr\u00e9e scolaire, tout en tenant t\u00eate aux mauvaises payeuses et en pr\u00eatant une oreille compatissante aux soucis de ses clientes et de ses voisins. Habitu\u00e9e \u00e0 devoir faire face au jour le jour, elle doit n\u00e9anmoins encaisser coup sur coup un vol \u00e0 la tire et une inondation qui envahit sa maison comme son atelier.<\/p>\n<p>Entre documentaire et fiction, Rosine Mbakam tisse le portrait sensible d\u2019une travailleuse opini\u00e2tre qui oppose un visage impassible aux coups du sort qui s\u2019acharnent sur elle. Puisant dans son exp\u00e9rience de documentariste, et de sa connaissance du terrain, la r\u00e9alisatrice fait appel \u00e0 des acteurs non professionnel.le.s (Pierrette est sa cousine) pour d\u00e9crire au jour le jour par le menu leur vie de labeur, leur environnement \u00e9conomiquement pr\u00e9caire, et la dignit\u00e9 de son personnage principal.<\/p>\n<p>Tout comme Pierrette ne s\u2019apitoie pas sur elle-m\u00eame, le film refuse de s\u2019enliser dans le chagrin et le mis\u00e9rabilisme pour rendre hommage aux femmes battantes oblig\u00e9es de se d\u00e9brouiller sans l\u2019aide des hommes ni de services sociaux.<\/p>\n<h4 style=\"text-align: justify;\"><span style=\"color: #ff0000;\">La r\u00e9alisatrice<\/span><\/h4>\n<p>Rosine Montgo Mbakam, n\u00e9e au Cameroun en 1980, a grandi \u00e0 Yaound\u00e9 dans un quartier populaire qui a nourri son imaginaire de cin\u00e9aste. Apr\u00e8s une formation en \u00ab Reporter d\u2019images \u00bb et en audiovisuel \u00e0 Yaound\u00e9 de 2001 \u00e0 2004, elle travaille pour la cha\u00eene priv\u00e9e STV (Spectrum T\u00e9l\u00e9vision) \u00e0 Douala de 2004 \u00e0 2007, comme r\u00e9alisatrice et productrice. Elle int\u00e8gre ensuite l\u2019\u00e9cole de cin\u00e9ma l\u2019INSAS \u00e0 Bruxelles o\u00f9 son film de fin d\u2019\u00e9tudes <em>Tu seras mon alli\u00e9<\/em> sera tr\u00e8s remarqu\u00e9. Apr\u00e8s avoir fond\u00e9 sa propre soci\u00e9t\u00e9 T\u00e2ndor Productions, elle r\u00e9alise plusieurs courts et 4 longs m\u00e9trages documentaires <em>Les Deux Visages d\u2019une Femme Bamil\u00e9k\u00e9<\/em> (2016, pr\u00e9sent\u00e9 au FIFF 2017), <em>Chez Jolie Coiffure<\/em> (2018), <em>Les Pri\u00e8res de Delphine<\/em> (2021, s\u00e9lectionn\u00e9 au FIFF 2021) et <em>Prisme<\/em> (2021), tous s\u00e9lectionn\u00e9s dans les plus grands festivals internationaux. Elle est \u00e9galement enseignante et chercheuse au KASK \u00e0 Gand.<\/p>\n","protected":false},"excerpt":{"rendered":"<p>De Rosine MBAKAM &#8211; Cameroun \/Belgique &#8211; 2023 \u2013 93 min \u2013 fiction \u2013 VOSTF S\u00e9lections en 2023\u00a0: Quinzaine des Cin\u00e9astes, Cannes (Comp\u00e9tition longs m\u00e9trages) &#8211; Rencontres Internationales du Documentaire [&hellip;]<\/p>\n","protected":false},"author":1,"featured_media":0,"parent":26,"menu_order":0,"comment_status":"closed","ping_status":"closed","template":"","meta":{"footnotes":""},"class_list":["post-4103","page","type-page","status-publish","hentry"],"jetpack_sharing_enabled":true,"jetpack_shortlink":"https:\/\/wp.me\/P7C6tF-14b","jetpack-related-posts":[{"id":4338,"url":"https:\/\/asurb.com\/asurb3\/?page_id=4338","url_meta":{"origin":4103,"position":0},"title":"Jury du concours des longs m\u00e9trages 2024","author":"webmaster","date":"19 novembre 2024","format":false,"excerpt":"","rel":"","context":"Article similaire","block_context":{"text":"Article similaire","link":""},"img":{"alt_text":"","src":"https:\/\/i0.wp.com\/asurb.com\/asurb3\/wp-content\/uploads\/2024\/11\/Diapo-Jury-LM-2024-300x225.jpg?resize=350%2C200&ssl=1","width":350,"height":200},"classes":[]},{"id":3900,"url":"https:\/\/asurb.com\/asurb3\/?page_id=3900","url_meta":{"origin":4103,"position":1},"title":"Jury des longs-m\u00e9trages 2023","author":"webmaster","date":"24 novembre 2023","format":false,"excerpt":"Composition du jury qui attribue le prix \u00e0 un des longs-m\u00e9trages projet\u00e9s pendant le festival 2023 : Alassane DIAGO , r\u00e9alisateur Th\u00e9r\u00e8se-Marie DEFFONTAINES, journaliste, sp\u00e9cialiste du cin\u00e9ma africain Marie-Pomme CARTERET, monteuse Beno\u00eet de CHAUMONT, cin\u00e9ma La Tournelle - L'Ha\u00ff les Roses) S\u00e9bastien LE VAILLANT, cin\u00e9ma Jean Vilar - Arcueil","rel":"","context":"Article similaire","block_context":{"text":"Article similaire","link":""},"img":{"alt_text":"","src":"https:\/\/i0.wp.com\/asurb.com\/asurb3\/wp-content\/uploads\/2023\/11\/Diapo-Jury-LM-2023-VF-300x225.jpg?resize=350%2C200&ssl=1","width":350,"height":200},"classes":[]},{"id":4837,"url":"https:\/\/asurb.com\/asurb3\/?page_id=4837","url_meta":{"origin":4103,"position":2},"title":"Composition du jury pour le Prix des longs m\u00e9trages 2025","author":"webmaster","date":"14 novembre 2025","format":false,"excerpt":"Yolande Jos\u00e8phe (r\u00e9alisatrice) Marc Berman (com\u00e9dien) Bruno Henry (com\u00e9dien) Olivier Lorelle (sc\u00e9nariste)Pr\u00e9sident du jury Benoit de Chaumont (Cin\u00e9ma La Tournelle L'Hay les roses) Romane Camo (Cin\u00e9ma La Pl\u00e9iade Cachan) Thierry Vannenieuwembrouck (m\u00e9diath\u00e8que de Chevilly Larue)","rel":"","context":"Article similaire","block_context":{"text":"Article similaire","link":""},"img":{"alt_text":"","src":"https:\/\/i0.wp.com\/asurb.com\/asurb3\/wp-content\/uploads\/2025\/11\/Yolande-Josephe-T-284x300.jpg?resize=350%2C200&ssl=1","width":350,"height":200},"classes":[]},{"id":1047,"url":"https:\/\/asurb.com\/asurb3\/?page_id=1047","url_meta":{"origin":4103,"position":3},"title":"Un homme qui crie","author":"webmaster","date":"18 octobre 2016","format":false,"excerpt":"De Mahamat-Saleh HAROUN\u00a0Tchad \u2013 2010 De Mahamat-Saleh HAROUN\u00a0Tchad \u2013 2010 \u2013 92 min \u2013 fiction \u2013 couleur \u2013 35 mm \u2013 vo fran\u00e7ais, arabe ST fran\u00e7ais Sc\u00e9nario\u00a0: Mahamat-Saleh HAROUN\u00a0- Image\u00a0: Laurent BRUNET\u00a0- Montage\u00a0: Marie-H\u00e9l\u00e8ne DOZO\u00a0- Musique\u00a0: Wasis DIOP\u00a0- Son\u00a0: Dana FARZANEHPOUR\u00a0- D\u00e9cors\u00a0: Madeona LEDOUX\u00a0- Costumes\u00a0: C\u00e9line DELAIRE\u00a0Interpr\u00e9tation\u00a0: Youssouf DJAORO, Diouc\u2026","rel":"","context":"Article similaire","block_context":{"text":"Article similaire","link":""},"img":{"alt_text":"un-homme-qui-crie-95","src":"https:\/\/i0.wp.com\/asurb.com\/asurb3\/wp-content\/uploads\/2016\/10\/un-homme-qui-crie-95-300x200.jpg?resize=350%2C200&ssl=1","width":350,"height":200},"classes":[]},{"id":3548,"url":"https:\/\/asurb.com\/asurb3\/?page_id=3548","url_meta":{"origin":4103,"position":4},"title":"Jury du prix pour les longs m\u00e9trages projet\u00e9s pendant le festival 2022","author":"webmaster","date":"11 d\u00e9cembre 2022","format":false,"excerpt":"","rel":"","context":"Article similaire","block_context":{"text":"Article similaire","link":""},"img":{"alt_text":"","src":"https:\/\/i0.wp.com\/asurb.com\/asurb3\/wp-content\/uploads\/2022\/12\/Diapo-Jury-LM-2022-V2-1-300x225.jpg?resize=350%2C200&ssl=1","width":350,"height":200},"classes":[]},{"id":667,"url":"https:\/\/asurb.com\/asurb3\/?page_id=667","url_meta":{"origin":4103,"position":5},"title":"C&rsquo;est eux les chiens","author":"webmaster","date":"14 juin 2016","format":false,"excerpt":"De Hicham LASRI - 85 min - Maroc - 2013 Maroc - 2013 -1h25 - fiction - couleur - VO arabe ST fran\u00e7ais - DCP Sc\u00e9nario : Hicham Lasri ; Image : Ali Benjelloun ; Son : Aissam Elkhayat ; Montage : Safaa Baraka ; Interpr\u00e9tation : Hassan Badida,Yahya El\u2026","rel":"","context":"Article similaire","block_context":{"text":"Article similaire","link":""},"img":{"alt_text":"","src":"","width":0,"height":0},"classes":[]}],"_links":{"self":[{"href":"https:\/\/asurb.com\/asurb3\/index.php?rest_route=\/wp\/v2\/pages\/4103","targetHints":{"allow":["GET"]}}],"collection":[{"href":"https:\/\/asurb.com\/asurb3\/index.php?rest_route=\/wp\/v2\/pages"}],"about":[{"href":"https:\/\/asurb.com\/asurb3\/index.php?rest_route=\/wp\/v2\/types\/page"}],"author":[{"embeddable":true,"href":"https:\/\/asurb.com\/asurb3\/index.php?rest_route=\/wp\/v2\/users\/1"}],"replies":[{"embeddable":true,"href":"https:\/\/asurb.com\/asurb3\/index.php?rest_route=%2Fwp%2Fv2%2Fcomments&post=4103"}],"version-history":[{"count":2,"href":"https:\/\/asurb.com\/asurb3\/index.php?rest_route=\/wp\/v2\/pages\/4103\/revisions"}],"predecessor-version":[{"id":4213,"href":"https:\/\/asurb.com\/asurb3\/index.php?rest_route=\/wp\/v2\/pages\/4103\/revisions\/4213"}],"up":[{"embeddable":true,"href":"https:\/\/asurb.com\/asurb3\/index.php?rest_route=\/wp\/v2\/pages\/26"}],"wp:attachment":[{"href":"https:\/\/asurb.com\/asurb3\/index.php?rest_route=%2Fwp%2Fv2%2Fmedia&parent=4103"}],"curies":[{"name":"wp","href":"https:\/\/api.w.org\/{rel}","templated":true}]}}