{"id":4110,"date":"2024-09-03T15:39:49","date_gmt":"2024-09-03T13:39:49","guid":{"rendered":"https:\/\/asurb.com\/asurb3\/?page_id=4110"},"modified":"2024-10-11T17:29:31","modified_gmt":"2024-10-11T15:29:31","slug":"143-rue-du-desert-16","status":"publish","type":"page","link":"https:\/\/asurb.com\/asurb3\/?page_id=4110","title":{"rendered":"Omi Nobu (L&rsquo;homme nouveau)"},"content":{"rendered":"<p><img data-recalc-dims=\"1\" loading=\"lazy\" decoding=\"async\" data-attachment-id=\"4224\" data-permalink=\"https:\/\/asurb.com\/asurb3\/?attachment_id=4224\" data-orig-file=\"https:\/\/i0.wp.com\/asurb.com\/asurb3\/wp-content\/uploads\/2024\/10\/OmiNobu.jpg?fit=417%2C590&amp;ssl=1\" data-orig-size=\"417,590\" data-comments-opened=\"1\" data-image-meta=\"{&quot;aperture&quot;:&quot;0&quot;,&quot;credit&quot;:&quot;&quot;,&quot;camera&quot;:&quot;&quot;,&quot;caption&quot;:&quot;&quot;,&quot;created_timestamp&quot;:&quot;0&quot;,&quot;copyright&quot;:&quot;&quot;,&quot;focal_length&quot;:&quot;0&quot;,&quot;iso&quot;:&quot;0&quot;,&quot;shutter_speed&quot;:&quot;0&quot;,&quot;title&quot;:&quot;&quot;,&quot;orientation&quot;:&quot;0&quot;}\" data-image-title=\"OmiNobu\" data-image-description=\"\" data-image-caption=\"\" data-large-file=\"https:\/\/i0.wp.com\/asurb.com\/asurb3\/wp-content\/uploads\/2024\/10\/OmiNobu.jpg?fit=417%2C590&amp;ssl=1\" class=\" wp-image-4224 alignright\" src=\"https:\/\/i0.wp.com\/asurb.com\/asurb3\/wp-content\/uploads\/2024\/10\/OmiNobu.jpg?resize=184%2C260&#038;ssl=1\" alt=\"\" width=\"184\" height=\"260\" srcset=\"https:\/\/i0.wp.com\/asurb.com\/asurb3\/wp-content\/uploads\/2024\/10\/OmiNobu.jpg?resize=212%2C300&amp;ssl=1 212w, https:\/\/i0.wp.com\/asurb.com\/asurb3\/wp-content\/uploads\/2024\/10\/OmiNobu.jpg?resize=100%2C141&amp;ssl=1 100w, https:\/\/i0.wp.com\/asurb.com\/asurb3\/wp-content\/uploads\/2024\/10\/OmiNobu.jpg?w=417&amp;ssl=1 417w\" sizes=\"auto, (max-width: 184px) 100vw, 184px\" \/>De Carlos Yuri CEUNINCK &#8211; Cap Vert, France, Belgique, Soudan &#8211; 67 min \u2013 documentaire \u2013 couleur \u2013VOSTF<\/p>\n<p>Etalon d\u2019or du film documentaire au FESPACO 2023<\/p>\n<p><strong>Fiche technique<\/strong><\/p>\n<p>\u00c9criture : Carlos Yuri Ceuninck, Image : Arilson Almeida, Son : David Medina, \u00a0\u00a0\u00a0\u00a0Montage : Antoine Donnet, Musique originale : Henrique Silva, \u00c9talonnage :\u00a0 Peter Bernaers, Montage son : Virginie Messiaen, Production : Kori Kaxoru Films, Distribution : N\u00e9on Rouge Productions<\/p>\n<h4 style=\"text-align: justify;\"><span style=\"color: #ff0000;\">Synopsis\u00a0<\/span><\/h4>\n<p>Quirino, un homme de 76 ans, habite depuis plus de 30 ans dans un village abandonn\u00e9, au fond d\u2019une profonde vall\u00e9e, entre la mer et les montagnes<strong>. <\/strong>Au fil des heures de la journ\u00e9e, au long des jours et des semaines, la cam\u00e9ra suit le vieil homme occup\u00e9 \u00e0 ses activit\u00e9s quotidiennes, m\u00e9ticuleusement r\u00e9gl\u00e9es, dans une solitude accept\u00e9e et m\u00eame revendiqu\u00e9e. Les images superbes de la nature \u00e2pre et sauvage qui l\u2019enveloppe sur ce bord de mer escarp\u00e9 s\u2019accordent au personnage de cet ancien p\u00eacheur, simple et digne, et qui cultive dans le silence et la contemplation une forme de sagesse profonde. Il doit pourtant songer au terme in\u00e9luctable de sa vie.<strong>\u00a0 <\/strong>Un film magnifique, tant par la beaut\u00e9 des prises de vue que par l\u2019empathie du r\u00e9alisateur pour Quirino, qu\u2019il fait ressentir par les images plus que par des paroles et par l\u2019\u00e9coulement du temps dans la dur\u00e9e.<\/p>\n<h4 style=\"text-align: justify;\"><span style=\"color: #ff0000;\">Le r\u00e9alisateur<\/span><\/h4>\n<p>Moiti\u00e9 belge, moiti\u00e9 capverdien, Carlos Yuri Ceuninck est n\u00e9 en 1976, \u00e0 Santo Antao, dans les \u00eeles du Cap-Vert. Sa biographie est tr\u00e8s internationale : il a \u00e9tudi\u00e9 l\u2019histoire de l\u2019art et les langues \u00e9trang\u00e8res en Belgique, d\u2019o\u00f9 il est parti \u00e0 Oklahoma, aux \u00c9tats-Unis, pour \u00e9tudier l\u2019anglais et l\u2019anthropologie. Apr\u00e8s un atelier de cin\u00e9ma \u00e0 Melbourne, en Australie, il a commenc\u00e9 ses \u00e9tudes de cin\u00e9ma \u00e0 l\u2019EICTV (Escuela Internacional de Cine y Television) \u00e0 Cuba, en se sp\u00e9cialisant dans le documentaire. Bas\u00e9 \u00e0 Hoeilaart, en Belgique,il travaille comme ind\u00e9pendant en r\u00e9alisant et produisant des reportages au Cap-Vert pour Telesur (t\u00e9l\u00e9vision multi\u00e9tatique d\u2019Am\u00e9rique latine), en plus des divers projets personnels auxquels il participe. Il a r\u00e9alis\u00e9 plusieurs courts m\u00e9trages documentaires, notamment <em>\u00ab To Beef or Not to Beef, That is the Question on the Isle of Mu \u00bb (2004), <\/em>s\u00e9lectionn\u00e9 dans plusieurs festivals internationaux.<br \/><em>Omi Nobu<\/em> <em>\u00a0<\/em>est son premier long m\u00e9trage documentaire.<\/p>\n\n","protected":false},"excerpt":{"rendered":"<p>De Carlos Yuri CEUNINCK &#8211; Cap Vert, France, Belgique, Soudan &#8211; 67 min \u2013 documentaire \u2013 couleur \u2013VOSTF Etalon d\u2019or du film documentaire au FESPACO 2023 Fiche technique \u00c9criture : [&hellip;]<\/p>\n","protected":false},"author":1,"featured_media":0,"parent":26,"menu_order":0,"comment_status":"closed","ping_status":"closed","template":"","meta":{"footnotes":""},"class_list":["post-4110","page","type-page","status-publish","hentry"],"jetpack_sharing_enabled":true,"jetpack_shortlink":"https:\/\/wp.me\/P7C6tF-14i","jetpack-related-posts":[{"id":2511,"url":"https:\/\/asurb.com\/asurb3\/?page_id=2511","url_meta":{"origin":4110,"position":0},"title":"Amal","author":"webmaster","date":"18 septembre 2019","format":false,"excerpt":"AMAL\u00a0 de Mohamed SIAM - \u00c9gypte 2017 de Mohamed SIAM - \u00c9gypte, Liban, Allemagne, France, Norv\u00e8ge, Danemark, Qatar - 2017-\u00a0 83mn \u2013 documentaire - VO arabe STF. Grand prix aux JCC 2018 -Prix jeune public au Sheffield Doc Fest 2018 \u2013 Prix des droits humains au Fida Doc Agadir 2018Projet\u00a0:\u2026","rel":"","context":"Article similaire","block_context":{"text":"Article similaire","link":""},"img":{"alt_text":"","src":"","width":0,"height":0},"classes":[]},{"id":1860,"url":"https:\/\/asurb.com\/asurb3\/?page_id=1860","url_meta":{"origin":4110,"position":1},"title":"Zaineb n&rsquo;aime pas la neige","author":"webmaster","date":"29 novembre 2017","format":false,"excerpt":"De Kaouther BEN HANIA Tunisie \u2013 2016 -94 min \u2013 documentaire \u2013 couleur \u2013 VO arabe ST fran\u00e7ais \u2013 DCP R\u00e9alisation \u2013 Sc\u00e9nario -Image \u2013 Son\u00a0: Kaouther Ben Hania \u2013 Montage : Samuel Lajus- Interpr\u00e9tation :\u00a0Zaineb Khelifi, Wijdene Hamdi -\u00a0 Production\u00a0:\u00a0Cin\u00e9t\u00e9lfilms. Distribution \u00e0 l\u2019\u00e9tranger\u00a0:\u00a0AUTLOOK\u00a0Filmsales GmbH (Youn Ji) \u2013 Tanit d\u2019Or\u2026","rel":"","context":"Article similaire","block_context":{"text":"Article similaire","link":""},"img":{"alt_text":"","src":"","width":0,"height":0},"classes":[]},{"id":2591,"url":"https:\/\/asurb.com\/asurb3\/?page_id=2591","url_meta":{"origin":4110,"position":2},"title":"Le loup d&rsquo;or de Balol\u00e9","author":"webmaster","date":"9 octobre 2019","format":false,"excerpt":"De A\u00efcha BORO LETERRIER - Burkina Faso \u2013 2018 \u2013 75 min \u2013 documentaire \u2013 couleur \u2013 DCP \u2013 VO STF Etalon d\u2019or du documentaire au FESPACO (Festival Panafricain du cin\u00e9ma et de la t\u00e9l\u00e9vision de Ouagadougou) 2019 Image : Nathan Guillaumey, Sero\u00e9 Billa \u2013 Montage\u00a0: H\u00e9lo\u00efse Pawolida - Musique\u2026","rel":"","context":"Article similaire","block_context":{"text":"Article similaire","link":""},"img":{"alt_text":"","src":"","width":0,"height":0},"classes":[]},{"id":989,"url":"https:\/\/asurb.com\/asurb3\/?page_id=989","url_meta":{"origin":4110,"position":3},"title":"Dans ma t\u00eate un rond-point","author":"webmaster","date":"12 octobre 2016","format":false,"excerpt":"De Hassen FERHANI \u00a0-\u00a0Alg\u00e9rie \u2013 2015 De Hassen FERHANI -\u00a0Alg\u00e9rie \u2013 2015 \u2013 100 min \u2013 documentaire - couleur \u2013 DCP - VOSTF. Image : Hassen Ferhani \u2013 Son\u00a0: Djamel Kerkar \u2013 Montage\u00a0: Narimane Mari, Hassen Ferhani, Corentin Doucet, Myriam Ay\u00e7aguer \u2013 Production\u00a0: Allers Retours Films, Centrale \u00c9lectrique \u2013 Distribution\u00a0:\u2026","rel":"","context":"Article similaire","block_context":{"text":"Article similaire","link":""},"img":{"alt_text":"rond-point","src":"https:\/\/i0.wp.com\/asurb.com\/asurb3\/wp-content\/uploads\/2016\/10\/rond-point-300x169.jpg?resize=350%2C200&ssl=1","width":350,"height":200},"classes":[]},{"id":1047,"url":"https:\/\/asurb.com\/asurb3\/?page_id=1047","url_meta":{"origin":4110,"position":4},"title":"Un homme qui crie","author":"webmaster","date":"18 octobre 2016","format":false,"excerpt":"De Mahamat-Saleh HAROUN\u00a0Tchad \u2013 2010 De Mahamat-Saleh HAROUN\u00a0Tchad \u2013 2010 \u2013 92 min \u2013 fiction \u2013 couleur \u2013 35 mm \u2013 vo fran\u00e7ais, arabe ST fran\u00e7ais Sc\u00e9nario\u00a0: Mahamat-Saleh HAROUN\u00a0- Image\u00a0: Laurent BRUNET\u00a0- Montage\u00a0: Marie-H\u00e9l\u00e8ne DOZO\u00a0- Musique\u00a0: Wasis DIOP\u00a0- Son\u00a0: Dana FARZANEHPOUR\u00a0- D\u00e9cors\u00a0: Madeona LEDOUX\u00a0- Costumes\u00a0: C\u00e9line DELAIRE\u00a0Interpr\u00e9tation\u00a0: Youssouf DJAORO, Diouc\u2026","rel":"","context":"Article similaire","block_context":{"text":"Article similaire","link":""},"img":{"alt_text":"un-homme-qui-crie-95","src":"https:\/\/i0.wp.com\/asurb.com\/asurb3\/wp-content\/uploads\/2016\/10\/un-homme-qui-crie-95-300x200.jpg?resize=350%2C200&ssl=1","width":350,"height":200},"classes":[]},{"id":2594,"url":"https:\/\/asurb.com\/asurb3\/?page_id=2594","url_meta":{"origin":4110,"position":5},"title":"La belle et la meute","author":"webmaster","date":"9 octobre 2019","format":false,"excerpt":"La belle et la meute de Kaouther BEN HANIA - Tunisie - France - Liban - Norv\u00e8ge, 2017, Fiction - 95 min - Couleur \u2013 VO arabe STF Sc\u00e9nario\u00a0: Kaouther Ben Hania - Image\u00a0: J\u00e9r\u00f4me Alm\u00e9ras\u00a0- Montage\u00a0: Nadia Ben Rachid\u00a0- Musique originale\u00a0: Amine Bouhafa- D\u00e9cors\u00a0: Moncef Hakouna - Costumes\u00a0: Nedra\u2026","rel":"","context":"Article similaire","block_context":{"text":"Article similaire","link":""},"img":{"alt_text":"","src":"","width":0,"height":0},"classes":[]}],"_links":{"self":[{"href":"https:\/\/asurb.com\/asurb3\/index.php?rest_route=\/wp\/v2\/pages\/4110","targetHints":{"allow":["GET"]}}],"collection":[{"href":"https:\/\/asurb.com\/asurb3\/index.php?rest_route=\/wp\/v2\/pages"}],"about":[{"href":"https:\/\/asurb.com\/asurb3\/index.php?rest_route=\/wp\/v2\/types\/page"}],"author":[{"embeddable":true,"href":"https:\/\/asurb.com\/asurb3\/index.php?rest_route=\/wp\/v2\/users\/1"}],"replies":[{"embeddable":true,"href":"https:\/\/asurb.com\/asurb3\/index.php?rest_route=%2Fwp%2Fv2%2Fcomments&post=4110"}],"version-history":[{"count":6,"href":"https:\/\/asurb.com\/asurb3\/index.php?rest_route=\/wp\/v2\/pages\/4110\/revisions"}],"predecessor-version":[{"id":4225,"href":"https:\/\/asurb.com\/asurb3\/index.php?rest_route=\/wp\/v2\/pages\/4110\/revisions\/4225"}],"up":[{"embeddable":true,"href":"https:\/\/asurb.com\/asurb3\/index.php?rest_route=\/wp\/v2\/pages\/26"}],"wp:attachment":[{"href":"https:\/\/asurb.com\/asurb3\/index.php?rest_route=%2Fwp%2Fv2%2Fmedia&parent=4110"}],"curies":[{"name":"wp","href":"https:\/\/api.w.org\/{rel}","templated":true}]}}